{"id":12,"date":"2019-09-19T14:04:31","date_gmt":"2019-09-19T12:04:31","guid":{"rendered":"https:\/\/blogsaverroes.juntadeandalucia.es\/1492unnuevomundo\/?page_id=12"},"modified":"2019-09-25T07:58:35","modified_gmt":"2019-09-25T05:58:35","slug":"normativa","status":"publish","type":"page","link":"https:\/\/blogsaverroes.juntadeandalucia.es\/1492unnuevomundo\/normativa\/","title":{"rendered":"Normativa"},"content":{"rendered":"<!--themify_builder_content-->\n<div id=\"themify_builder_content-12\" data-postid=\"12\" class=\"themify_builder_content themify_builder_content-12 themify_builder tf_clear\">\n                    <div  data-lazy=\"1\" class=\"module_row themify_builder_row tb_0rui842 tb_first tf_w\">\n                        <div class=\"row_inner col_align_top tb_col_count_1 tf_box tf_rel\">\n                        <div  data-lazy=\"1\" class=\"module_column tb-column col-full tb_find843 first\">\n                    <!-- module text -->\n<div  class=\"module module-text tb_208756   \" data-lazy=\"1\">\n        <div  class=\"tb_text_wrap\">\n        <p style=\\\"text-align: center;\\\"><a href=\\\"https:\/\/blogsaverroes.juntadeandalucia.es\/1492unnuevomundo\/files\/2019\/09\/Instruccion-de-24-de-septiembre-de-2019_1492_unnuevomundo.pdf\\\" target=\\\"_blank\\\" rel=\\\"noopener\\\"><strong>Instrucci\u00f3n de 24 de septiembre de 2019, de la Direcci\u00f3n General de Formaci\u00f3n del Profesorado e Innovaci\u00f3n Educativa, para el desarrollo del Programa 1492: Un nuevo mundo, en los centros docentes de la Comunidad Andaluza.<\/strong><\/a><\/p>    <\/div>\n<\/div>\n<!-- \/module text -->        <\/div>\n                        <\/div>\n        <\/div>\n        <\/div>\n<!--\/themify_builder_content-->&nbsp;<\/p>","protected":false},"excerpt":{"rendered":"<p>Instrucci\u00f3n de 24 de septiembre de 2019, de la Direcci\u00f3n General de Formaci\u00f3n del Profesorado e Innovaci\u00f3n Educativa, para el desarrollo del Programa 1492: Un nuevo mundo, en los centros docentes de la Comunidad Andaluza. &nbsp;<\/p>\n","protected":false},"author":1124,"featured_media":0,"parent":0,"menu_order":0,"comment_status":"closed","ping_status":"closed","template":"","meta":{"ngg_post_thumbnail":0,"footnotes":""},"aioseo_notices":[],"_links":{"self":[{"href":"https:\/\/blogsaverroes.juntadeandalucia.es\/1492unnuevomundo\/wp-json\/wp\/v2\/pages\/12"}],"collection":[{"href":"https:\/\/blogsaverroes.juntadeandalucia.es\/1492unnuevomundo\/wp-json\/wp\/v2\/pages"}],"about":[{"href":"https:\/\/blogsaverroes.juntadeandalucia.es\/1492unnuevomundo\/wp-json\/wp\/v2\/types\/page"}],"author":[{"embeddable":true,"href":"https:\/\/blogsaverroes.juntadeandalucia.es\/1492unnuevomundo\/wp-json\/wp\/v2\/users\/1124"}],"replies":[{"embeddable":true,"href":"https:\/\/blogsaverroes.juntadeandalucia.es\/1492unnuevomundo\/wp-json\/wp\/v2\/comments?post=12"}],"version-history":[{"count":24,"href":"https:\/\/blogsaverroes.juntadeandalucia.es\/1492unnuevomundo\/wp-json\/wp\/v2\/pages\/12\/revisions"}],"predecessor-version":[{"id":511,"href":"https:\/\/blogsaverroes.juntadeandalucia.es\/1492unnuevomundo\/wp-json\/wp\/v2\/pages\/12\/revisions\/511"}],"wp:attachment":[{"href":"https:\/\/blogsaverroes.juntadeandalucia.es\/1492unnuevomundo\/wp-json\/wp\/v2\/media?parent=12"}],"curies":[{"name":"wp","href":"https:\/\/api.w.org\/{rel}","templated":true}]}}