{"id":34,"date":"2019-09-20T08:23:10","date_gmt":"2019-09-20T06:23:10","guid":{"rendered":"https:\/\/blogsaverroes.juntadeandalucia.es\/1492unnuevomundo\/?page_id=34"},"modified":"2019-09-24T16:14:08","modified_gmt":"2019-09-24T14:14:08","slug":"inicio","status":"publish","type":"page","link":"https:\/\/blogsaverroes.juntadeandalucia.es\/1492unnuevomundo\/","title":{"rendered":"Inicio"},"content":{"rendered":"<!--themify_builder_content-->\n<div id=\"themify_builder_content-34\" data-postid=\"34\" class=\"themify_builder_content themify_builder_content-34 themify_builder tf_clear\">\n                    <div  data-css_id=\"eg0x847\" data-lazy=\"1\" class=\"module_row themify_builder_row fullwidth tb_eg0x847 tb_first tf_w\">\n                        <div class=\"row_inner col_align_top tb_col_count_1 tf_box tf_rel\">\n                        <div  data-lazy=\"1\" class=\"module_column tb-column col-full tb_skab848 first\">\n                    <div  class=\"module themify_builder_slider_wrap tf_clearfix module-slider tb_koho753  slider-overlay themify_builder_slider_vertical slide-image-fullwidth hide-mobile\" data-lazy=\"1\">\n        <div class=\"themify_builder_slider tf_carousel tf_swiper-container tf_rel tf_overflow\" data-lazy=\"1\"        data-visible=\"1\"\n        data-tab-visible=\"\"\n        data-mob-visible=\"0\"\n        data-scroll=\"1\"\n                    data-nav_out=\"1\"\n                        data-speed=\"normal\"\n        data-wrapvar=\"0\"\n        data-slider_nav=\"1\"\n        data-pager=\"0\"\n        data-effect=\"scroll\" \n        data-height=\"variable\"\n        data-css_url=\"https:\/\/blogsaverroes.juntadeandalucia.es\/1492unnuevomundo\/wp-content\/themes\/themify-ultra\/themify\/themify-builder\/css\/modules\/sliders\/carousel,https:\/\/blogsaverroes.juntadeandalucia.es\/1492unnuevomundo\/wp-content\/themes\/themify-ultra\/themify\/themify-builder\/css\/modules\/sliders\/slider\"\n                    >\n        <div class=\"tf_swiper-wrapper tf_lazy tf_rel tf_w tf_h tf_textc\">\n                         <div class=\"tf_swiper-slide\">            <div class=\"slide-inner-wrap\" style=\"margin-left:0px;margin-right:0px;\">\n                                    <div class=\"tf_rel tf_lazy slide-image\">\n                                                                            <img src=\"data:image\/svg+xml,%3Csvg%20xmlns=%27http:\/\/www.w3.org\/2000\/svg%27%20width='1600'%20height='600'%20viewBox=%270%200%201600%20600%27%3E%3C\/svg%3E\" loading=\"lazy\" data-lazy=\"1\" data-tf-not-load=\"1\" style=\"background:linear-gradient(to right,#0e0000 25%,#2a0700 25% 50%,#855711 50% 75%,#95661f 75%),linear-gradient(to right,#7c4e0c 25%,#220301 25% 50%,#fefec3 50% 75%,#8e5f19 75%),linear-gradient(to right,#3a1500 25%,#b18037 25% 50%,#fee99e 50% 75%,#492000 75%),linear-gradient(to right,#2c0c00 25%,#110000 25% 50%,#2f0b00 50% 75%,#2e0b00 75%)\" decoding=\"async\" data-tf-src=\"https:\/\/blogsaverroes.juntadeandalucia.es\/1492unnuevomundo\/files\/2019\/09\/1-escalado-sepia-1024x384-1600x600.png\" width=\"1600\" height=\"600\" class=\"tf_svg_lazy wp-post-image wp-image-414\" title=\"1-escalado-sepia\" alt=\"1-escalado-sepia\" data-tf-srcset=\"https:\/\/blogsaverroes.juntadeandalucia.es\/1492unnuevomundo\/files\/2019\/09\/1-escalado-sepia.png 1600w, https:\/\/blogsaverroes.juntadeandalucia.es\/1492unnuevomundo\/files\/2019\/09\/1-escalado-sepia-300x113.png 300w, https:\/\/blogsaverroes.juntadeandalucia.es\/1492unnuevomundo\/files\/2019\/09\/1-escalado-sepia-768x288.png 768w, https:\/\/blogsaverroes.juntadeandalucia.es\/1492unnuevomundo\/files\/2019\/09\/1-escalado-sepia-1024x384.png 1024w, https:\/\/blogsaverroes.juntadeandalucia.es\/1492unnuevomundo\/files\/2019\/09\/1-escalado-sepia-24x9.png 24w, https:\/\/blogsaverroes.juntadeandalucia.es\/1492unnuevomundo\/files\/2019\/09\/1-escalado-sepia-36x14.png 36w, https:\/\/blogsaverroes.juntadeandalucia.es\/1492unnuevomundo\/files\/2019\/09\/1-escalado-sepia-48x18.png 48w\" data-tf-sizes=\"(max-width: 1600px) 100vw, 1600px\" \/><noscript><img loading=\"lazy\" decoding=\"async\" data-tf-not-load data-no-script src=\"https:\/\/blogsaverroes.juntadeandalucia.es\/1492unnuevomundo\/files\/2019\/09\/1-escalado-sepia-1024x384-1600x600.png\" width=\"1600\" height=\"600\" class=\"wp-post-image wp-image-414\" title=\"1-escalado-sepia\" alt=\"1-escalado-sepia\" srcset=\"https:\/\/blogsaverroes.juntadeandalucia.es\/1492unnuevomundo\/files\/2019\/09\/1-escalado-sepia.png 1600w, https:\/\/blogsaverroes.juntadeandalucia.es\/1492unnuevomundo\/files\/2019\/09\/1-escalado-sepia-300x113.png 300w, https:\/\/blogsaverroes.juntadeandalucia.es\/1492unnuevomundo\/files\/2019\/09\/1-escalado-sepia-768x288.png 768w, https:\/\/blogsaverroes.juntadeandalucia.es\/1492unnuevomundo\/files\/2019\/09\/1-escalado-sepia-1024x384.png 1024w, https:\/\/blogsaverroes.juntadeandalucia.es\/1492unnuevomundo\/files\/2019\/09\/1-escalado-sepia-24x9.png 24w, https:\/\/blogsaverroes.juntadeandalucia.es\/1492unnuevomundo\/files\/2019\/09\/1-escalado-sepia-36x14.png 36w, https:\/\/blogsaverroes.juntadeandalucia.es\/1492unnuevomundo\/files\/2019\/09\/1-escalado-sepia-48x18.png 48w\" sizes=\"(max-width: 1600px) 100vw, 1600px\" \/><\/noscript>                                            <\/div>\n                \n                                    <div class=\"slide-content tb_text_wrap\">\n                        \n                                                    <div>Este espacio web nace con la intenci\u00f3n de dotar de herramientas que faciliten y apoyen a los centros educativos en el desarrollo del programa 1492: Un Nuevo mundo.\n\n\u00a1Buen viaje!\n<\/div>\n                                            <\/div>\n                            <\/div>\n        <\/div>                     <div class=\"tf_swiper-slide\" style=\"content-visibility:hidden\">            <div class=\"slide-inner-wrap\" style=\"margin-left:0px;margin-right:0px;\">\n                                    <div class=\"tf_rel tf_lazy slide-image\">\n                                                                            <img src=\"data:image\/svg+xml,%3Csvg%20xmlns=%27http:\/\/www.w3.org\/2000\/svg%27%20width='1600'%20height='600'%20viewBox=%270%200%201600%20600%27%3E%3C\/svg%3E\" loading=\"lazy\" data-lazy=\"1\" data-tf-not-load=\"1\" style=\"background:linear-gradient(to right,#fed980 25%,#db9e40 25% 50%,#fed379 50% 75%,#fecf74 75%),linear-gradient(to right,#fefaa3 25%,#fef79e 25% 50%,#d79638 50% 75%,#e2a646 75%),linear-gradient(to right,#fec86c 25%,#fef79c 25% 50%,#cb8b2d 50% 75%,#feda81 75%),linear-gradient(to right,#feea90 25%,#fed77d 25% 50%,#fee087 50% 75%,#fcc76b 75%)\" decoding=\"async\" data-tf-src=\"https:\/\/blogsaverroes.juntadeandalucia.es\/1492unnuevomundo\/files\/2019\/09\/2-escalado-sepia-1024x384-1600x600.png\" width=\"1600\" height=\"600\" class=\"tf_svg_lazy wp-post-image wp-image-415\" title=\"2-escalado-sepia\" alt=\"2-escalado-sepia\" data-tf-srcset=\"https:\/\/blogsaverroes.juntadeandalucia.es\/1492unnuevomundo\/files\/2019\/09\/2-escalado-sepia.png 1600w, https:\/\/blogsaverroes.juntadeandalucia.es\/1492unnuevomundo\/files\/2019\/09\/2-escalado-sepia-300x113.png 300w, https:\/\/blogsaverroes.juntadeandalucia.es\/1492unnuevomundo\/files\/2019\/09\/2-escalado-sepia-768x288.png 768w, https:\/\/blogsaverroes.juntadeandalucia.es\/1492unnuevomundo\/files\/2019\/09\/2-escalado-sepia-1024x384.png 1024w, https:\/\/blogsaverroes.juntadeandalucia.es\/1492unnuevomundo\/files\/2019\/09\/2-escalado-sepia-24x9.png 24w, https:\/\/blogsaverroes.juntadeandalucia.es\/1492unnuevomundo\/files\/2019\/09\/2-escalado-sepia-36x14.png 36w, https:\/\/blogsaverroes.juntadeandalucia.es\/1492unnuevomundo\/files\/2019\/09\/2-escalado-sepia-48x18.png 48w\" data-tf-sizes=\"(max-width: 1600px) 100vw, 1600px\" \/><noscript><img loading=\"lazy\" decoding=\"async\" data-tf-not-load data-no-script src=\"https:\/\/blogsaverroes.juntadeandalucia.es\/1492unnuevomundo\/files\/2019\/09\/2-escalado-sepia-1024x384-1600x600.png\" width=\"1600\" height=\"600\" class=\"wp-post-image wp-image-415\" title=\"2-escalado-sepia\" alt=\"2-escalado-sepia\" srcset=\"https:\/\/blogsaverroes.juntadeandalucia.es\/1492unnuevomundo\/files\/2019\/09\/2-escalado-sepia.png 1600w, https:\/\/blogsaverroes.juntadeandalucia.es\/1492unnuevomundo\/files\/2019\/09\/2-escalado-sepia-300x113.png 300w, https:\/\/blogsaverroes.juntadeandalucia.es\/1492unnuevomundo\/files\/2019\/09\/2-escalado-sepia-768x288.png 768w, https:\/\/blogsaverroes.juntadeandalucia.es\/1492unnuevomundo\/files\/2019\/09\/2-escalado-sepia-1024x384.png 1024w, https:\/\/blogsaverroes.juntadeandalucia.es\/1492unnuevomundo\/files\/2019\/09\/2-escalado-sepia-24x9.png 24w, https:\/\/blogsaverroes.juntadeandalucia.es\/1492unnuevomundo\/files\/2019\/09\/2-escalado-sepia-36x14.png 36w, https:\/\/blogsaverroes.juntadeandalucia.es\/1492unnuevomundo\/files\/2019\/09\/2-escalado-sepia-48x18.png 48w\" sizes=\"(max-width: 1600px) 100vw, 1600px\" \/><\/noscript>                                            <\/div>\n                \n                                    <div class=\"slide-content tb_text_wrap\">\n                        \n                                                    <div>El 12 de octubre de 1492, a las 2 de la ma\u00f1ana, el marinero Rodrigo de Triana lanz\u00f3 el ansiado grito de \u201cTierra\u201d. Conclu\u00eda as\u00ed la expedici\u00f3n que, liderada por Cristobal Col\u00f3n, hab\u00eda partido 71 d\u00edas antes del puerto de Palos de la Frontera. El descubrimiento de este nuevo territorio supuso un cambio irreversible en la historia de Europa y de Am\u00e9rica, marcando el inicio de la Edad Moderna.\n<\/div>\n                                            <\/div>\n                            <\/div>\n        <\/div>                     <div class=\"tf_swiper-slide\" style=\"content-visibility:hidden\">            <div class=\"slide-inner-wrap\" style=\"margin-left:0px;margin-right:0px;\">\n                                    <div class=\"tf_rel tf_lazy slide-image\">\n                                                                            <img src=\"data:image\/svg+xml,%3Csvg%20xmlns=%27http:\/\/www.w3.org\/2000\/svg%27%20width='1600'%20height='600'%20viewBox=%270%200%201600%20600%27%3E%3C\/svg%3E\" loading=\"lazy\" data-lazy=\"1\" data-tf-not-load=\"1\" style=\"background:linear-gradient(to right,#a37025 25%,#fcca7d 25% 50%,#ae7a2d 50% 75%,#facd80 75%),linear-gradient(to right,#e2ad5f 25%,#fee196 25% 50%,#c69346 50% 75%,#9a681d 75%),linear-gradient(to right,#fee296 25%,#e0ac5e 25% 50%,#bd8c3e 50% 75%,#a3712e 75%),linear-gradient(to right,#fee599 25%,#c08c3c 25% 50%,#643909 50% 75%,#f6d286 75%)\" decoding=\"async\" data-tf-src=\"https:\/\/blogsaverroes.juntadeandalucia.es\/1492unnuevomundo\/files\/2019\/09\/3-escalado-sepia-1024x384-1600x600.png\" width=\"1600\" height=\"600\" class=\"tf_svg_lazy wp-post-image wp-image-416\" title=\"3-escalado-sepia\" alt=\"3-escalado-sepia\" data-tf-srcset=\"https:\/\/blogsaverroes.juntadeandalucia.es\/1492unnuevomundo\/files\/2019\/09\/3-escalado-sepia.png 1600w, https:\/\/blogsaverroes.juntadeandalucia.es\/1492unnuevomundo\/files\/2019\/09\/3-escalado-sepia-300x113.png 300w, https:\/\/blogsaverroes.juntadeandalucia.es\/1492unnuevomundo\/files\/2019\/09\/3-escalado-sepia-768x288.png 768w, https:\/\/blogsaverroes.juntadeandalucia.es\/1492unnuevomundo\/files\/2019\/09\/3-escalado-sepia-1024x384.png 1024w, https:\/\/blogsaverroes.juntadeandalucia.es\/1492unnuevomundo\/files\/2019\/09\/3-escalado-sepia-24x9.png 24w, https:\/\/blogsaverroes.juntadeandalucia.es\/1492unnuevomundo\/files\/2019\/09\/3-escalado-sepia-36x14.png 36w, https:\/\/blogsaverroes.juntadeandalucia.es\/1492unnuevomundo\/files\/2019\/09\/3-escalado-sepia-48x18.png 48w\" data-tf-sizes=\"(max-width: 1600px) 100vw, 1600px\" \/><noscript><img loading=\"lazy\" decoding=\"async\" data-tf-not-load data-no-script src=\"https:\/\/blogsaverroes.juntadeandalucia.es\/1492unnuevomundo\/files\/2019\/09\/3-escalado-sepia-1024x384-1600x600.png\" width=\"1600\" height=\"600\" class=\"wp-post-image wp-image-416\" title=\"3-escalado-sepia\" alt=\"3-escalado-sepia\" srcset=\"https:\/\/blogsaverroes.juntadeandalucia.es\/1492unnuevomundo\/files\/2019\/09\/3-escalado-sepia.png 1600w, https:\/\/blogsaverroes.juntadeandalucia.es\/1492unnuevomundo\/files\/2019\/09\/3-escalado-sepia-300x113.png 300w, https:\/\/blogsaverroes.juntadeandalucia.es\/1492unnuevomundo\/files\/2019\/09\/3-escalado-sepia-768x288.png 768w, https:\/\/blogsaverroes.juntadeandalucia.es\/1492unnuevomundo\/files\/2019\/09\/3-escalado-sepia-1024x384.png 1024w, https:\/\/blogsaverroes.juntadeandalucia.es\/1492unnuevomundo\/files\/2019\/09\/3-escalado-sepia-24x9.png 24w, https:\/\/blogsaverroes.juntadeandalucia.es\/1492unnuevomundo\/files\/2019\/09\/3-escalado-sepia-36x14.png 36w, https:\/\/blogsaverroes.juntadeandalucia.es\/1492unnuevomundo\/files\/2019\/09\/3-escalado-sepia-48x18.png 48w\" sizes=\"(max-width: 1600px) 100vw, 1600px\" \/><\/noscript>                                            <\/div>\n                \n                                    <div class=\"slide-content tb_text_wrap\">\n                        \n                                                    <div>Con la finalidad de poner en valor y reflexionar sobre la enorme influencia que estos hechos han tenido en la historia, la sociedad y la cultura europea, espa\u00f1ola y andaluza as\u00ed como la de reforzar la admiraci\u00f3n mutua y los v\u00ednculos de convivencia y respeto construidos tras siglos de historia y lengua compartidas con Hispanoam\u00e9rica, se considera necesaria su inclusi\u00f3n en el calendario de celebraci\u00f3n de los centros docentes de Andaluc\u00eda.<\/div>\n                                            <\/div>\n                            <\/div>\n        <\/div>            <\/div>\n    <\/div>\n<\/div>\n        <\/div>\n                        <\/div>\n        <\/div>\n                        <div  data-lazy=\"1\" class=\"module_row themify_builder_row tb_qz1t453 tf_w\">\n                        <div class=\"row_inner col_align_top tb_col_count_3 tf_box tf_rel\">\n                        <div  data-lazy=\"1\" class=\"module_column tb-column col3-1 tb_pslw454 first\">\n                    <!-- module feature -->\n<div  class=\"module module-feature tb_q32i637 with-chart layout-icon-top size-small \" data-layout-mobile=\"icon-top\" data-layout-desktop=\"icon-top\" data-lazy=\"1\">\n        <div class=\"module-feature-image tf_textc tf_rel\">\n                            <a href=\"https:\/\/blogsaverroes.juntadeandalucia.es\/1492unnuevomundo\/navegamos\/\" aria-label=\"Navegamos\">\n                        <span class=\"module-feature-chart-html5 tf_box tf_rel tf_inline_b\">\n                                    <svg class=\"tf_abs tf_w tf_h\">\n                    <circle class=\"tb_feature_fill\" r=\"calc(50% - 1.50px)\" cx=\"50%\" cy=\"50%\" stroke-width=\"3\"\/>\n                    <circle class=\"tb_feature_stroke\" r=\"calc(50% - 1.50px)\" cx=\"50%\" cy=\"50%\" stroke=\"#000000\" stroke-width=\"3\" data-progress=\"100\" stroke-dasharray=\"0,10000\"\/>\n                                        <\/svg>\n                                <span class=\"chart-html5-circle tf_w tf_h\">\n                                            <em class=\"module-feature-icon tf_rel\" style=\"color:#000000\"><svg  class=\"tf_fa tf-fas-ship\" aria-hidden=\"true\"><use href=\"#tf-fas-ship\"><\/use><\/svg><\/em>\n                                    <\/span>\n\n                \n            <\/span>\n                        <\/a>\n            <\/div>\n    <div class=\"module-feature-content tf_textc\">\n                    <h3 class=\"module-feature-title\">\n                            <a href=\"https:\/\/blogsaverroes.juntadeandalucia.es\/1492unnuevomundo\/navegamos\/\" aria-label=\"Navegamos\">Navegamos<\/a>\n                        <\/h3>\n                    <div class=\"tb_text_wrap\">\n            <p>Levadas anclas, nos echamos a la mar.&nbsp; Os proponemos una serie de enlaces de inter\u00e9s, que facilitar\u00e1n la planificaci\u00f3n y programaci\u00f3n de actividades de aula.<\/p>        <\/div>\n    <\/div>\n<\/div>\n<!-- \/module feature -->\n        <\/div>\n                    <div  data-lazy=\"1\" class=\"module_column tb-column col3-1 tb_0ip732\">\n                    <!-- module feature -->\n<div  class=\"module module-feature tb_papt907 with-chart layout-icon-top size-small \" data-layout-mobile=\"icon-top\" data-layout-desktop=\"icon-top\" data-lazy=\"1\">\n        <div class=\"module-feature-image tf_textc tf_rel\">\n                            <a href=\"https:\/\/blogsaverroes.juntadeandalucia.es\/1492unnuevomundo\/ficha-de-actividades\" aria-label=\"Hacemos\">\n                        <span class=\"module-feature-chart-html5 tf_box tf_rel tf_inline_b\">\n                                    <svg class=\"tf_abs tf_w tf_h\">\n                    <circle class=\"tb_feature_fill\" r=\"calc(50% - 1.50px)\" cx=\"50%\" cy=\"50%\" stroke-width=\"3\"\/>\n                    <circle class=\"tb_feature_stroke\" r=\"calc(50% - 1.50px)\" cx=\"50%\" cy=\"50%\" stroke=\"#000000\" stroke-width=\"3\" data-progress=\"100\" stroke-dasharray=\"0,10000\"\/>\n                                        <\/svg>\n                                <span class=\"chart-html5-circle tf_w tf_h\">\n                                            <em class=\"module-feature-icon tf_rel\" style=\"color:#000000\"><svg  class=\"tf_fa tf-fas-marker\" aria-hidden=\"true\"><use href=\"#tf-fas-marker\"><\/use><\/svg><\/em>\n                                    <\/span>\n\n                \n            <\/span>\n                        <\/a>\n            <\/div>\n    <div class=\"module-feature-content tf_textc\">\n                    <h3 class=\"module-feature-title\">\n                            <a href=\"https:\/\/blogsaverroes.juntadeandalucia.es\/1492unnuevomundo\/ficha-de-actividades\" aria-label=\"Hacemos\">Hacemos<\/a>\n                        <\/h3>\n                    <div class=\"tb_text_wrap\">\n            <p>\u00a1Hemos llegado a buen puerto! Es el momento de llevar al aula la fascinante aventura de Crist\u00f3bal Col\u00f3n y su tropa.<\/p>        <\/div>\n    <\/div>\n<\/div>\n<!-- \/module feature -->\n        <\/div>\n                    <div  data-lazy=\"1\" class=\"module_column tb-column col3-1 tb_dj7w32 last\">\n                    <!-- module feature -->\n<div  class=\"module module-feature tb_n3jx73 with-chart layout-icon-top size-small \" data-layout-mobile=\"icon-top\" data-layout-desktop=\"icon-top\" data-lazy=\"1\">\n        <div class=\"module-feature-image tf_textc tf_rel\">\n                            <a href=\"https:\/\/blogsaverroes.juntadeandalucia.es\/1492unnuevomundo\/normativa\/\" aria-label=\"Normativa\">\n                        <span class=\"module-feature-chart-html5 tf_box tf_rel tf_inline_b\">\n                                    <svg class=\"tf_abs tf_w tf_h\">\n                    <circle class=\"tb_feature_fill\" r=\"calc(50% - 1.50px)\" cx=\"50%\" cy=\"50%\" stroke-width=\"3\"\/>\n                    <circle class=\"tb_feature_stroke\" r=\"calc(50% - 1.50px)\" cx=\"50%\" cy=\"50%\" stroke=\"#000000\" stroke-width=\"3\" data-progress=\"100\" stroke-dasharray=\"0,10000\"\/>\n                                        <\/svg>\n                                <span class=\"chart-html5-circle tf_w tf_h\">\n                                            <em class=\"module-feature-icon tf_rel\" style=\"color:#000000\"><svg  class=\"tf_fa tf-fas-book-open\" aria-hidden=\"true\"><use href=\"#tf-fas-book-open\"><\/use><\/svg><\/em>\n                                    <\/span>\n\n                \n            <\/span>\n                        <\/a>\n            <\/div>\n    <div class=\"module-feature-content tf_textc\">\n                    <h3 class=\"module-feature-title\">\n                            <a href=\"https:\/\/blogsaverroes.juntadeandalucia.es\/1492unnuevomundo\/normativa\/\" aria-label=\"Normativa\">Normativa<\/a>\n                        <\/h3>\n                    <div class=\"tb_text_wrap\">\n            <p>Instrucci\u00f3n de 24 de septiembre de 2019, de la Direcci\u00f3n General de Formaci\u00f3n del Profesorado e Innovaci\u00f3n Educativa, para el desarrollo del Programa 1492: UN NUEVO MUNDO, en los centros docentes de la Comunidad Andaluza.<\/p>        <\/div>\n    <\/div>\n<\/div>\n<!-- \/module feature -->\n        <\/div>\n                        <\/div>\n        <\/div>\n        <\/div>\n<!--\/themify_builder_content-->&nbsp;<\/p>\n<p>&nbsp;<\/p>","protected":false},"excerpt":{"rendered":"<p>Este espacio web nace con la intenci\u00f3n de dotar de herramientas que faciliten y apoyen a los centros educativos en el desarrollo del programa 1492: Un Nuevo mundo. \u00a1Buen viaje! El 12 de octubre de 1492, a las 2 de la ma\u00f1ana, el marinero Rodrigo de Triana lanz\u00f3 el ansiado grito de \u201cTierra\u201d. Conclu\u00eda as\u00ed [&hellip;]<\/p>\n","protected":false},"author":7684,"featured_media":0,"parent":0,"menu_order":0,"comment_status":"closed","ping_status":"closed","template":"","meta":{"ngg_post_thumbnail":0,"footnotes":""},"aioseo_notices":[],"_links":{"self":[{"href":"https:\/\/blogsaverroes.juntadeandalucia.es\/1492unnuevomundo\/wp-json\/wp\/v2\/pages\/34"}],"collection":[{"href":"https:\/\/blogsaverroes.juntadeandalucia.es\/1492unnuevomundo\/wp-json\/wp\/v2\/pages"}],"about":[{"href":"https:\/\/blogsaverroes.juntadeandalucia.es\/1492unnuevomundo\/wp-json\/wp\/v2\/types\/page"}],"author":[{"embeddable":true,"href":"https:\/\/blogsaverroes.juntadeandalucia.es\/1492unnuevomundo\/wp-json\/wp\/v2\/users\/7684"}],"replies":[{"embeddable":true,"href":"https:\/\/blogsaverroes.juntadeandalucia.es\/1492unnuevomundo\/wp-json\/wp\/v2\/comments?post=34"}],"version-history":[{"count":112,"href":"https:\/\/blogsaverroes.juntadeandalucia.es\/1492unnuevomundo\/wp-json\/wp\/v2\/pages\/34\/revisions"}],"predecessor-version":[{"id":501,"href":"https:\/\/blogsaverroes.juntadeandalucia.es\/1492unnuevomundo\/wp-json\/wp\/v2\/pages\/34\/revisions\/501"}],"wp:attachment":[{"href":"https:\/\/blogsaverroes.juntadeandalucia.es\/1492unnuevomundo\/wp-json\/wp\/v2\/media?parent=34"}],"curies":[{"name":"wp","href":"https:\/\/api.w.org\/{rel}","templated":true}]}}