{"id":2,"date":"2024-10-13T19:14:00","date_gmt":"2024-10-13T17:14:00","guid":{"rendered":"https:\/\/blogsaverroes.juntadeandalucia.es\/1bachilleratotico\/?page_id=2"},"modified":"2024-12-06T20:22:45","modified_gmt":"2024-12-06T19:22:45","slug":"pagina-ejemplo","status":"publish","type":"page","link":"https:\/\/blogsaverroes.juntadeandalucia.es\/1bachilleratotico\/","title":{"rendered":"Inicio"},"content":{"rendered":"<p><a href=\"https:\/\/blogsaverroes.juntadeandalucia.es\/ieslasfuentezuelas\/\"><img loading=\"lazy\" decoding=\"async\" class=\"wp-image-53 alignleft\" src=\"https:\/\/blogsaverroes.juntadeandalucia.es\/1bachilleratotico\/files\/2024\/12\/cropped-cropped-73jjb5ag_400x400.jpg\" alt=\"IES Las Fuentezuelas\" width=\"127\" height=\"127\" srcset=\"https:\/\/blogsaverroes.juntadeandalucia.es\/1bachilleratotico\/files\/2024\/12\/cropped-cropped-73jjb5ag_400x400.jpg 250w, https:\/\/blogsaverroes.juntadeandalucia.es\/1bachilleratotico\/files\/2024\/12\/cropped-cropped-73jjb5ag_400x400-150x150.jpg 150w, https:\/\/blogsaverroes.juntadeandalucia.es\/1bachilleratotico\/files\/2024\/12\/cropped-cropped-73jjb5ag_400x400-100x100.jpg 100w\" sizes=\"(max-width: 127px) 100vw, 127px\" \/><\/a><\/p>\n<div class=\"flex max-w-full flex-col flex-grow\">\n<div class=\"min-h-8 text-message flex w-full flex-col items-end gap-2 whitespace-normal break-words [.text-message+&amp;]:mt-5\" dir=\"auto\" data-message-author-role=\"assistant\" data-message-id=\"1d93fceb-1a3b-42d3-bf45-b776bdd1bbcb\" data-message-model-slug=\"gpt-4o\">\n<div class=\"flex w-full flex-col gap-1 empty:hidden first:pt-[3px]\">\n<div class=\"markdown prose w-full break-words dark:prose-invert light\">\n<p><strong>La materia de Tecnolog\u00edas de la Informaci\u00f3n y la Comunicaci\u00f3n (TIC) en 1\u00ba de Bachillerato<\/strong> tiene como objetivo preparar al alumnado para desenvolverse en un entorno tecnol\u00f3gico cambiante. M\u00e1s all\u00e1 de aprender a usar herramientas digitales, que podr\u00edan quedar obsoletas r\u00e1pidamente, es fundamental adquirir conocimientos, habilidades y actitudes que permitan un aprendizaje continuo a lo largo de la vida. Esto les ayudar\u00e1 a adaptarse de manera flexible a las necesidades que surjan en el \u00e1mbito de las tecnolog\u00edas de la informaci\u00f3n.<\/p>\n<p>En esta asignatura, tambi\u00e9n se ense\u00f1a a crear materiales inform\u00e1ticos, como programas y aplicaciones, tanto para ordenadores como para dispositivos m\u00f3viles, desarrollando capacidades pr\u00e1cticas muy \u00fatiles para el futuro.<\/p>\n<p>Adem\u00e1s, la materia busca consolidar aspectos tecnol\u00f3gicos clave que resultan esenciales para dos grandes objetivos: incorporarse al mundo laboral con una buena base tecnol\u00f3gica o continuar estudios superiores en cualquier \u00e1rea. Esto hace que TIC sea una asignatura de gran valor para el desarrollo personal y profesional del alumnado.<\/p>\n<\/div>\n<\/div>\n<\/div>\n<\/div>\n<p><!--more--><\/p>\n","protected":false},"excerpt":{"rendered":"<p>La materia de Tecnolog\u00edas de la Informaci\u00f3n y la Comunicaci\u00f3n (TIC) en 1\u00ba de Bachillerato tiene como objetivo preparar al alumnado para desenvolverse en un entorno tecnol\u00f3gico cambiante. M\u00e1s all\u00e1 de aprender a usar herramientas digitales, que podr\u00edan quedar obsoletas r\u00e1pidamente, es fundamental adquirir conocimientos, habilidades y actitudes que permitan un aprendizaje continuo a lo [&hellip;]<\/p>\n","protected":false},"author":20074,"featured_media":0,"parent":0,"menu_order":0,"comment_status":"closed","ping_status":"open","template":"","meta":{"footnotes":""},"aioseo_notices":[],"_links":{"self":[{"href":"https:\/\/blogsaverroes.juntadeandalucia.es\/1bachilleratotico\/wp-json\/wp\/v2\/pages\/2"}],"collection":[{"href":"https:\/\/blogsaverroes.juntadeandalucia.es\/1bachilleratotico\/wp-json\/wp\/v2\/pages"}],"about":[{"href":"https:\/\/blogsaverroes.juntadeandalucia.es\/1bachilleratotico\/wp-json\/wp\/v2\/types\/page"}],"author":[{"embeddable":true,"href":"https:\/\/blogsaverroes.juntadeandalucia.es\/1bachilleratotico\/wp-json\/wp\/v2\/users\/20074"}],"replies":[{"embeddable":true,"href":"https:\/\/blogsaverroes.juntadeandalucia.es\/1bachilleratotico\/wp-json\/wp\/v2\/comments?post=2"}],"version-history":[{"count":8,"href":"https:\/\/blogsaverroes.juntadeandalucia.es\/1bachilleratotico\/wp-json\/wp\/v2\/pages\/2\/revisions"}],"predecessor-version":[{"id":74,"href":"https:\/\/blogsaverroes.juntadeandalucia.es\/1bachilleratotico\/wp-json\/wp\/v2\/pages\/2\/revisions\/74"}],"wp:attachment":[{"href":"https:\/\/blogsaverroes.juntadeandalucia.es\/1bachilleratotico\/wp-json\/wp\/v2\/media?parent=2"}],"curies":[{"name":"wp","href":"https:\/\/api.w.org\/{rel}","templated":true}]}}