{"id":5,"date":"2024-12-06T09:15:55","date_gmt":"2024-12-06T08:15:55","guid":{"rendered":"https:\/\/blogsaverroes.juntadeandalucia.es\/1bachilleratotico\/?page_id=5"},"modified":"2024-12-06T09:15:55","modified_gmt":"2024-12-06T08:15:55","slug":"quien-soy","status":"publish","type":"page","link":"https:\/\/blogsaverroes.juntadeandalucia.es\/1bachilleratotico\/quien-soy\/","title":{"rendered":"\u00bfQui\u00e9n soy?"},"content":{"rendered":"<p><span style=\"font-weight: 300\">Soy Nany, ingeniera inform\u00e1tica y profesora apasionada de la inform\u00e1tica desde el a\u00f1o 2000. Trabajo para la Consejer\u00eda de Educaci\u00f3n y Ciencia (<a href=\"https:\/\/blogsaverroes.juntadeandalucia.es\/ieslasfuentezuelas\/\" target=\"_blank\" rel=\"noopener\">IES Las Fuentezuelas<\/a>), donde he tenido la oportunidad de impartir materias t\u00e9cnicas como <\/span><span style=\"font-weight: 400\">Gesti\u00f3n de Bases de Datos<\/span><span style=\"font-weight: 300\"> (MySQL, modelo relacional, entidad-relaci\u00f3n, etc.), <\/span><span style=\"font-weight: 400\">Lenguajes de Marcas y Sistemas de Gesti\u00f3n de la Informaci\u00f3n<\/span><span style=\"font-weight: 300\"> (HTML, CSS, XML, JSON, entre otros), <\/span><span style=\"font-weight: 400\">Digitalizaci\u00f3n<\/span><span style=\"font-weight: 300\">, y <\/span><span style=\"font-weight: 400\">Tecnolog\u00eda de la Informaci\u00f3n y la Comunicaci\u00f3n<\/span><span style=\"font-weight: 300\">.<\/span><!--more--><\/p>\n<p><span style=\"font-weight: 300\">Adem\u00e1s, participo activamente en proyectos innovadores como <\/span><span style=\"font-weight: 400\">MOST<\/span><span style=\"font-weight: 300\"> de la <a href=\"https:\/\/novaciencia.es\/most-el-proyecto-de-la-uja-que-ha-implicado-a-alumnos-de-instituto-en-dar-soluciones-para-el-reto-ambiental\/\" target=\"_blank\" rel=\"noopener\">Universidad de Ja\u00e9n<\/a>, contribuyendo al avance del sector tecnol\u00f3gico y educativo. Como profesional comprometida, me mantengo en constante aprendizaje y actualizaci\u00f3n para ofrecer lo mejor a mi alumnado.<\/span><\/p>\n","protected":false},"excerpt":{"rendered":"<p>Soy Nany, ingeniera inform\u00e1tica y profesora apasionada de la inform\u00e1tica desde el a\u00f1o 2000. Trabajo para la Consejer\u00eda de Educaci\u00f3n y Ciencia (IES Las Fuentezuelas), donde he tenido la oportunidad de impartir materias t\u00e9cnicas como Gesti\u00f3n de Bases de Datos (MySQL, modelo relacional, entidad-relaci\u00f3n, etc.), Lenguajes de Marcas y Sistemas de Gesti\u00f3n de la Informaci\u00f3n [&hellip;]<\/p>\n","protected":false},"author":20074,"featured_media":0,"parent":0,"menu_order":0,"comment_status":"closed","ping_status":"closed","template":"","meta":{"footnotes":""},"aioseo_notices":[],"_links":{"self":[{"href":"https:\/\/blogsaverroes.juntadeandalucia.es\/1bachilleratotico\/wp-json\/wp\/v2\/pages\/5"}],"collection":[{"href":"https:\/\/blogsaverroes.juntadeandalucia.es\/1bachilleratotico\/wp-json\/wp\/v2\/pages"}],"about":[{"href":"https:\/\/blogsaverroes.juntadeandalucia.es\/1bachilleratotico\/wp-json\/wp\/v2\/types\/page"}],"author":[{"embeddable":true,"href":"https:\/\/blogsaverroes.juntadeandalucia.es\/1bachilleratotico\/wp-json\/wp\/v2\/users\/20074"}],"replies":[{"embeddable":true,"href":"https:\/\/blogsaverroes.juntadeandalucia.es\/1bachilleratotico\/wp-json\/wp\/v2\/comments?post=5"}],"version-history":[{"count":3,"href":"https:\/\/blogsaverroes.juntadeandalucia.es\/1bachilleratotico\/wp-json\/wp\/v2\/pages\/5\/revisions"}],"predecessor-version":[{"id":20,"href":"https:\/\/blogsaverroes.juntadeandalucia.es\/1bachilleratotico\/wp-json\/wp\/v2\/pages\/5\/revisions\/20"}],"wp:attachment":[{"href":"https:\/\/blogsaverroes.juntadeandalucia.es\/1bachilleratotico\/wp-json\/wp\/v2\/media?parent=5"}],"curies":[{"name":"wp","href":"https:\/\/api.w.org\/{rel}","templated":true}]}}