{"id":20,"date":"2020-11-20T15:44:52","date_gmt":"2020-11-20T15:44:52","guid":{"rendered":"https:\/\/blogsaverroes.juntadeandalucia.es\/21002513tde\/?page_id=20"},"modified":"2023-11-07T16:45:24","modified_gmt":"2023-11-07T16:45:24","slug":"contactar","status":"publish","type":"page","link":"https:\/\/blogsaverroes.juntadeandalucia.es\/21002513tde\/contactar\/","title":{"rendered":"Contactar"},"content":{"rendered":"<p>Si desea contactar con nosotros, lo puede hacer a trav\u00e9s de la siguiente direcci\u00f3n de correo 21003505.edu@juntadeandalucia.es&nbsp; o llamando al n\u00famero 959 410 025<\/p>\n<p>CEIP Manuel P\u00e9rez<\/p>\n<p>Bollullos Par del Condado 21710 Huelva<\/p>\n<p>c\/ Nerva, 2<\/p>\n<p>Horario de atenci\u00f3n al p\u00fablico: De lunes a viernes de 9 00 a 14 00.<\/p>\n<p>Intentaremos contestarle a la mayor brevedad posible.<\/p>\n<!--themify_builder_content-->\n<div id=\"themify_builder_content-20\" data-postid=\"20\" class=\"themify_builder_content themify_builder_content-20 themify_builder tf_clear\">\n    <\/div>\n<!--\/themify_builder_content-->\n","protected":false},"excerpt":{"rendered":"<p>Si desea contactar con nosotros, lo puede hacer a trav\u00e9s de la siguiente direcci\u00f3n de correo 21003505.edu@juntadeandalucia.es&nbsp; o llamando al n\u00famero 959 410 025 CEIP Manuel P\u00e9rez Bollullos Par del Condado 21710 Huelva c\/ Nerva, 2 Horario de atenci\u00f3n al p\u00fablico: De lunes a viernes de 9 00 a 14 00. Intentaremos contestarle a la [&hellip;]<\/p>\n","protected":false},"author":9485,"featured_media":0,"parent":0,"menu_order":1,"comment_status":"closed","ping_status":"closed","template":"","meta":{"ngg_post_thumbnail":0,"footnotes":""},"aioseo_notices":[],"_links":{"self":[{"href":"https:\/\/blogsaverroes.juntadeandalucia.es\/21002513tde\/wp-json\/wp\/v2\/pages\/20"}],"collection":[{"href":"https:\/\/blogsaverroes.juntadeandalucia.es\/21002513tde\/wp-json\/wp\/v2\/pages"}],"about":[{"href":"https:\/\/blogsaverroes.juntadeandalucia.es\/21002513tde\/wp-json\/wp\/v2\/types\/page"}],"author":[{"embeddable":true,"href":"https:\/\/blogsaverroes.juntadeandalucia.es\/21002513tde\/wp-json\/wp\/v2\/users\/9485"}],"replies":[{"embeddable":true,"href":"https:\/\/blogsaverroes.juntadeandalucia.es\/21002513tde\/wp-json\/wp\/v2\/comments?post=20"}],"version-history":[{"count":7,"href":"https:\/\/blogsaverroes.juntadeandalucia.es\/21002513tde\/wp-json\/wp\/v2\/pages\/20\/revisions"}],"predecessor-version":[{"id":180,"href":"https:\/\/blogsaverroes.juntadeandalucia.es\/21002513tde\/wp-json\/wp\/v2\/pages\/20\/revisions\/180"}],"wp:attachment":[{"href":"https:\/\/blogsaverroes.juntadeandalucia.es\/21002513tde\/wp-json\/wp\/v2\/media?parent=20"}],"curies":[{"name":"wp","href":"https:\/\/api.w.org\/{rel}","templated":true}]}}