{"id":184,"date":"2021-01-18T18:45:36","date_gmt":"2021-01-18T18:45:36","guid":{"rendered":"https:\/\/blogsaverroes.juntadeandalucia.es\/2bachccss\/?page_id=184"},"modified":"2021-04-09T11:20:22","modified_gmt":"2021-04-09T11:20:22","slug":"ejercicios-pevau-bloque-a-algebra","status":"publish","type":"page","link":"https:\/\/blogsaverroes.juntadeandalucia.es\/2bachccss\/ejercicios-pevau-bloque-a-algebra\/","title":{"rendered":"EJERCICIOS PEVAU BLOQUE A: \u00c1lgebra"},"content":{"rendered":"<p><strong>Ejercicios preparatorios:<\/strong><\/p>\n<p><a href=\"https:\/\/blogsaverroes.juntadeandalucia.es\/2bachccss\/files\/2021\/03\/selectividad-matrices.pdf\"><img loading=\"lazy\" decoding=\"async\" class=\"alignnone wp-image-40 aligncenter\" src=\"https:\/\/blogsaverroes.juntadeandalucia.es\/2bachccss\/files\/2020\/09\/768px-Adobe_Acrobat_PDF_158878.svg_-150x150.png\" alt=\"\" width=\"75\" height=\"75\" srcset=\"https:\/\/blogsaverroes.juntadeandalucia.es\/2bachccss\/files\/2020\/09\/768px-Adobe_Acrobat_PDF_158878.svg_-150x150.png 150w, https:\/\/blogsaverroes.juntadeandalucia.es\/2bachccss\/files\/2020\/09\/768px-Adobe_Acrobat_PDF_158878.svg_-100x100.png 100w, https:\/\/blogsaverroes.juntadeandalucia.es\/2bachccss\/files\/2020\/09\/768px-Adobe_Acrobat_PDF_158878.svg_-80x80.png 80w, https:\/\/blogsaverroes.juntadeandalucia.es\/2bachccss\/files\/2020\/09\/768px-Adobe_Acrobat_PDF_158878.svg_-320x320.png 320w, https:\/\/blogsaverroes.juntadeandalucia.es\/2bachccss\/files\/2020\/09\/768px-Adobe_Acrobat_PDF_158878.svg_-24x24.png 24w, https:\/\/blogsaverroes.juntadeandalucia.es\/2bachccss\/files\/2020\/09\/768px-Adobe_Acrobat_PDF_158878.svg_-36x36.png 36w, https:\/\/blogsaverroes.juntadeandalucia.es\/2bachccss\/files\/2020\/09\/768px-Adobe_Acrobat_PDF_158878.svg_-48x48.png 48w\" sizes=\"(max-width: 75px) 100vw, 75px\" \/><\/a><\/p>\n<p style=\"text-align: center\">Relaci\u00f3n de matrices y determinantes<\/p>\n<p><a href=\"https:\/\/blogsaverroes.juntadeandalucia.es\/2bachccss\/files\/2021\/04\/programacion-lineal.pdf\"><img loading=\"lazy\" decoding=\"async\" class=\"alignnone wp-image-40 aligncenter\" src=\"https:\/\/blogsaverroes.juntadeandalucia.es\/2bachccss\/files\/2020\/09\/768px-Adobe_Acrobat_PDF_158878.svg_-150x150.png\" alt=\"\" width=\"75\" height=\"75\" srcset=\"https:\/\/blogsaverroes.juntadeandalucia.es\/2bachccss\/files\/2020\/09\/768px-Adobe_Acrobat_PDF_158878.svg_-150x150.png 150w, https:\/\/blogsaverroes.juntadeandalucia.es\/2bachccss\/files\/2020\/09\/768px-Adobe_Acrobat_PDF_158878.svg_-100x100.png 100w, https:\/\/blogsaverroes.juntadeandalucia.es\/2bachccss\/files\/2020\/09\/768px-Adobe_Acrobat_PDF_158878.svg_-80x80.png 80w, https:\/\/blogsaverroes.juntadeandalucia.es\/2bachccss\/files\/2020\/09\/768px-Adobe_Acrobat_PDF_158878.svg_-320x320.png 320w, https:\/\/blogsaverroes.juntadeandalucia.es\/2bachccss\/files\/2020\/09\/768px-Adobe_Acrobat_PDF_158878.svg_-24x24.png 24w, https:\/\/blogsaverroes.juntadeandalucia.es\/2bachccss\/files\/2020\/09\/768px-Adobe_Acrobat_PDF_158878.svg_-36x36.png 36w, https:\/\/blogsaverroes.juntadeandalucia.es\/2bachccss\/files\/2020\/09\/768px-Adobe_Acrobat_PDF_158878.svg_-48x48.png 48w\" sizes=\"(max-width: 75px) 100vw, 75px\" \/><\/a><\/p>\n<p style=\"text-align: center\">Relaci\u00f3n de programaci\u00f3n lineal<\/p>\n<p>&nbsp;<\/p>\n<p><strong>Ejercicios resueltos de a\u00f1os anteriores:<\/strong><\/p>\n<ul>\n<li><a href=\"https:\/\/www.emestrada.org\/archivos\/sociales\/ejercicios-sociales\/matrices-y-determinantes-ejercicios-sociales\/\">Matrices y determinantes<\/a><\/li>\n<li><a href=\"https:\/\/www.emestrada.org\/archivos\/sociales\/ejercicios-sociales\/programacion-lineal\/\">Programaci\u00f3n lineal<\/a><\/li>\n<\/ul>\n","protected":false},"excerpt":{"rendered":"<p>Ejercicios preparatorios: Relaci\u00f3n de matrices y determinantes Relaci\u00f3n de programaci\u00f3n lineal &nbsp; Ejercicios resueltos de a\u00f1os anteriores: Matrices y determinantes Programaci\u00f3n lineal<\/p>\n","protected":false},"author":10606,"featured_media":0,"parent":0,"menu_order":0,"comment_status":"closed","ping_status":"closed","template":"","meta":{"ngg_post_thumbnail":0,"footnotes":""},"aioseo_notices":[],"_links":{"self":[{"href":"https:\/\/blogsaverroes.juntadeandalucia.es\/2bachccss\/wp-json\/wp\/v2\/pages\/184"}],"collection":[{"href":"https:\/\/blogsaverroes.juntadeandalucia.es\/2bachccss\/wp-json\/wp\/v2\/pages"}],"about":[{"href":"https:\/\/blogsaverroes.juntadeandalucia.es\/2bachccss\/wp-json\/wp\/v2\/types\/page"}],"author":[{"embeddable":true,"href":"https:\/\/blogsaverroes.juntadeandalucia.es\/2bachccss\/wp-json\/wp\/v2\/users\/10606"}],"replies":[{"embeddable":true,"href":"https:\/\/blogsaverroes.juntadeandalucia.es\/2bachccss\/wp-json\/wp\/v2\/comments?post=184"}],"version-history":[{"count":5,"href":"https:\/\/blogsaverroes.juntadeandalucia.es\/2bachccss\/wp-json\/wp\/v2\/pages\/184\/revisions"}],"predecessor-version":[{"id":375,"href":"https:\/\/blogsaverroes.juntadeandalucia.es\/2bachccss\/wp-json\/wp\/v2\/pages\/184\/revisions\/375"}],"wp:attachment":[{"href":"https:\/\/blogsaverroes.juntadeandalucia.es\/2bachccss\/wp-json\/wp\/v2\/media?parent=184"}],"curies":[{"name":"wp","href":"https:\/\/api.w.org\/{rel}","templated":true}]}}