{"id":102,"date":"2021-10-08T11:01:33","date_gmt":"2021-10-08T11:01:33","guid":{"rendered":"https:\/\/blogsaverroes.juntadeandalucia.es\/3033dea\/?page_id=102"},"modified":"2021-10-13T12:29:07","modified_gmt":"2021-10-13T12:29:07","slug":"medidas-de-atencion","status":"publish","type":"page","link":"https:\/\/blogsaverroes.juntadeandalucia.es\/3033dea\/medidas-de-atencion\/","title":{"rendered":"MEDIDAS DE ATENCI\u00d3N"},"content":{"rendered":"<p>Lo sentimos, esta p\u00e1gina A\u00daN est\u00e1 en construcci\u00f3n.<\/p>\n<figure id=\"attachment_139\" aria-describedby=\"caption-attachment-139\" style=\"width: 300px\" class=\"wp-caption aligncenter\"><img loading=\"lazy\" decoding=\"async\" class=\"size-medium wp-image-139\" src=\"https:\/\/blogsaverroes.juntadeandalucia.es\/3033dea\/files\/2021\/10\/maintenance-g1c4052ed7_1920-300x200.png\" alt=\"\" width=\"300\" height=\"200\" srcset=\"https:\/\/blogsaverroes.juntadeandalucia.es\/3033dea\/files\/2021\/10\/maintenance-g1c4052ed7_1920-300x200.png 300w, https:\/\/blogsaverroes.juntadeandalucia.es\/3033dea\/files\/2021\/10\/maintenance-g1c4052ed7_1920-1024x683.png 1024w, https:\/\/blogsaverroes.juntadeandalucia.es\/3033dea\/files\/2021\/10\/maintenance-g1c4052ed7_1920-768x512.png 768w, https:\/\/blogsaverroes.juntadeandalucia.es\/3033dea\/files\/2021\/10\/maintenance-g1c4052ed7_1920-1536x1024.png 1536w, https:\/\/blogsaverroes.juntadeandalucia.es\/3033dea\/files\/2021\/10\/maintenance-g1c4052ed7_1920.png 1920w\" sizes=\"(max-width: 300px) 100vw, 300px\" \/><figcaption id=\"caption-attachment-139\" class=\"wp-caption-text\">Cortes\u00eda de Gerd Altmann en Pixabay<\/figcaption><\/figure>\n","protected":false},"excerpt":{"rendered":"<p>Lo sentimos, esta p\u00e1gina A\u00daN est\u00e1 en construcci\u00f3n.<\/p>\n","protected":false},"author":13590,"featured_media":0,"parent":0,"menu_order":0,"comment_status":"closed","ping_status":"closed","template":"","meta":{"ngg_post_thumbnail":0,"footnotes":""},"aioseo_notices":[],"_links":{"self":[{"href":"https:\/\/blogsaverroes.juntadeandalucia.es\/3033dea\/wp-json\/wp\/v2\/pages\/102"}],"collection":[{"href":"https:\/\/blogsaverroes.juntadeandalucia.es\/3033dea\/wp-json\/wp\/v2\/pages"}],"about":[{"href":"https:\/\/blogsaverroes.juntadeandalucia.es\/3033dea\/wp-json\/wp\/v2\/types\/page"}],"author":[{"embeddable":true,"href":"https:\/\/blogsaverroes.juntadeandalucia.es\/3033dea\/wp-json\/wp\/v2\/users\/13590"}],"replies":[{"embeddable":true,"href":"https:\/\/blogsaverroes.juntadeandalucia.es\/3033dea\/wp-json\/wp\/v2\/comments?post=102"}],"version-history":[{"count":2,"href":"https:\/\/blogsaverroes.juntadeandalucia.es\/3033dea\/wp-json\/wp\/v2\/pages\/102\/revisions"}],"predecessor-version":[{"id":190,"href":"https:\/\/blogsaverroes.juntadeandalucia.es\/3033dea\/wp-json\/wp\/v2\/pages\/102\/revisions\/190"}],"wp:attachment":[{"href":"https:\/\/blogsaverroes.juntadeandalucia.es\/3033dea\/wp-json\/wp\/v2\/media?parent=102"}],"curies":[{"name":"wp","href":"https:\/\/api.w.org\/{rel}","templated":true}]}}