{"id":104,"date":"2021-10-08T11:02:29","date_gmt":"2021-10-08T11:02:29","guid":{"rendered":"https:\/\/blogsaverroes.juntadeandalucia.es\/3033dea\/?page_id=104"},"modified":"2021-11-02T12:02:12","modified_gmt":"2021-11-02T12:02:12","slug":"aclaraciones-terminologicas","status":"publish","type":"page","link":"https:\/\/blogsaverroes.juntadeandalucia.es\/3033dea\/aclaraciones-terminologicas\/","title":{"rendered":"ACLARACIONES TERMINOL\u00d3GICAS"},"content":{"rendered":"<p><span style=\"font-size: 14pt;color: #333399\"><strong><span style=\"font-family: verdana, geneva, sans-serif\">MUCHO M\u00c1S QUE DISLEXIA&#8230;<\/span><\/strong><\/span><\/p>\n<p><span style=\"font-family: verdana, geneva, sans-serif\">Las <em>Instrucciones de 8 de marzo de 2017, de la Direcci\u00f3n general de participaci\u00f3n y equidad, por las que se actualiza el protocolo de detecci\u00f3n, identificaci\u00f3n del alumnado con necesidades espec\u00edficas de apoyo educativo y organizaci\u00f3n de la respuesta educativa<\/em> recoge la siguiente conceptualizaci\u00f3n y clasificaci\u00f3n del ALUMNADO CON DIFICULTADES DE APRENDIZAJE:<\/span><\/p>\n<p>\u200b<span style=\"font-size: 14pt\"><strong><span style=\"font-family: verdana, geneva, sans-serif;color: #993366\">PRESENTA:<\/span><\/strong><\/span><\/p>\n<ul>\n<li><span style=\"font-family: verdana, geneva, sans-serif\">EN EDUCACI\u00d3N INFANTIL: Desfase curricular en el ritmo de aprendizaje y desarrollo que implica una atenci\u00f3n m\u00e1s personalizada en relaci\u00f3n con lo establecido en el Proyecto Educativo del Centro.<\/span><\/li>\n<li><span style=\"font-family: verdana, geneva, sans-serif\">EN EDUCACI\u00d3N PRIMARIA: Desfase curricular de al menos un curso en relaci\u00f3n con lo establecido en el Proyecto Educativo del Centro.<\/span><\/li>\n<li><span style=\"font-family: verdana, geneva, sans-serif\">EN EDUCACI\u00d3N SECUNDARIA: Desfase curricular de al menos dos cursos en relaci\u00f3n con lo establecido en el Proyecto Educativo del Centro.<\/span><\/li>\n<li><span style=\"font-family: verdana, geneva, sans-serif\"><strong>Retrasos significativos en los procesos de lectura, escritura, c\u00e1lculo, expresi\u00f3n o comprensi\u00f3n<\/strong>.<\/span><\/li>\n<\/ul>\n<p><span style=\"font-family: verdana, geneva, sans-serif;color: #993366;font-size: 14pt\"><strong>REQUIERE<\/strong><\/span><\/p>\n<ul>\n<li><span style=\"font-family: verdana, geneva, sans-serif\"><strong>Atenci\u00f3n educativa diferente a la ordinaria<\/strong> -por un per\u00edodo de escolarizaci\u00f3n o a lo largo de toda ella- por presentar <strong>des\u00f3rdenes significativos en los procesos cognitivos b\u00e1sicos implicados en los procesos de aprendizaje, que interfieren significativamente en el rendimiento escolar y en las actividades de la vida cotidiana<\/strong> del alumno o alumna.<\/span><\/li>\n<\/ul>\n<p><span style=\"font-family: verdana, geneva, sans-serif;color: #993366;font-size: 14pt\"><strong>FACTORES DE EXCLUSI\u00d3N<\/strong><\/span><\/p>\n<p><span style=\"font-family: verdana, geneva, sans-serif\">Estos des\u00f3rdenes significativos no vienen determinados por:<\/span><\/p>\n<ul>\n<li><span style=\"font-family: verdana, geneva, sans-serif\">Discapacidad intelectual<\/span><\/li>\n<li><span style=\"font-family: verdana, geneva, sans-serif\">Discapacidad sensorial<\/span><\/li>\n<li><span style=\"font-family: verdana, geneva, sans-serif\">Discapacidad mot\u00f3rica<\/span><\/li>\n<li><span style=\"font-family: verdana, geneva, sans-serif\">Trastorno emocional grave<\/span><\/li>\n<li><span style=\"font-family: verdana, geneva, sans-serif\">Falta de oportunidades para el aprendizaje<\/span><\/li>\n<li><span style=\"font-family: verdana, geneva, sans-serif\">Factores socioculturales<\/span>\n<ul>\n<li><span style=\"font-family: verdana, geneva, sans-serif\"><em><strong>Pueden presentarse simult\u00e1neamente, pero no son el resultado de estas condiciones.<\/strong><\/em><\/span><\/li>\n<\/ul>\n<\/li>\n<\/ul>\n<p><span style=\"font-family: verdana, geneva, sans-serif;font-size: 14pt\"><strong><span style=\"color: #993366\">CLASIFICACI\u00d3N<\/span><\/strong><\/span><\/p>\n<p style=\"text-align: right\"><span style=\"font-size: 10pt;font-family: 'book antiqua', palatino, serif\"><span style=\"color: #333399\">(Para acceder a <strong>m\u00e1s informaci\u00f3n<\/strong>&nbsp;de cada una de las categor\u00edas clasificatorias, <\/span><span style=\"color: #333399\">pulsa sobre el c\u00edrculo que aparece junto a ellas)<\/span><\/span><\/p>\n<table style=\"border-collapse: collapse;width: 100%;height: 424px\">\n<tbody>\n<tr style=\"height: 157px\">\n<td style=\"width: 15.088%;height: 157px\">&nbsp;<\/p>\n<p><a href=\"https:\/\/blogsaverroes.juntadeandalucia.es\/3033dea\/dificultades-especificas-de-aprendizaje\/\" target=\"_blank\" rel=\"noopener noreferrer\"><img loading=\"lazy\" decoding=\"async\" class=\"wp-image-405 aligncenter\" src=\"https:\/\/blogsaverroes.juntadeandalucia.es\/3033dea\/files\/2021\/10\/boton-gris-ruido.png\" alt=\"\" width=\"78\" height=\"77\" srcset=\"https:\/\/blogsaverroes.juntadeandalucia.es\/3033dea\/files\/2021\/10\/boton-gris-ruido.png 287w, https:\/\/blogsaverroes.juntadeandalucia.es\/3033dea\/files\/2021\/10\/boton-gris-ruido-150x150.png 150w\" sizes=\"(max-width: 78px) 100vw, 78px\" \/><\/a><\/td>\n<td style=\"width: 84.912%;height: 157px\">\n<ul>\n<li><span style=\"font-family: verdana, geneva, sans-serif\">Dificultad Espec\u00edfica de Aprendizaje<\/span>\n<ul>\n<li><span style=\"font-family: verdana, geneva, sans-serif\">Dificultad espec\u00edfica en el aprendizaje de la lectura o Dislexia<\/span><\/li>\n<li><span style=\"font-family: verdana, geneva, sans-serif\">Dificultad espec\u00edfica en el aprendizaje de la escritura &#8211; Disgraf\u00eda<\/span><\/li>\n<li><span style=\"font-family: verdana, geneva, sans-serif\">Dificultad espec\u00edfica en el aprendizaje de la escritura &#8211; Disortograf\u00eda<\/span><\/li>\n<li><span style=\"font-family: verdana, geneva, sans-serif\">Dificultad en el aprendizaje del c\u00e1lculo o Discalculia<\/span><\/li>\n<\/ul>\n<\/li>\n<\/ul>\n<\/td>\n<\/tr>\n<tr style=\"height: 99px\">\n<td style=\"width: 15.088%;height: 99px\"><a href=\"https:\/\/blogsaverroes.juntadeandalucia.es\/3033dea\/dificultades-de-aprendizaje-por-retraso-en-el-lenguaje\/\" target=\"_blank\" rel=\"noopener noreferrer\"><img loading=\"lazy\" decoding=\"async\" class=\"wp-image-402 aligncenter\" src=\"https:\/\/blogsaverroes.juntadeandalucia.es\/3033dea\/files\/2021\/10\/boton-rojo-ruido.png\" alt=\"\" width=\"78\" height=\"75\"><\/a><\/td>\n<td style=\"width: 84.912%;height: 99px\">\n<ul>\n<li><span style=\"font-family: verdana, geneva, sans-serif\">Dificultad de Aprendizaje por Retraso en el Lenguaje<\/span><\/li>\n<\/ul>\n<\/td>\n<\/tr>\n<tr style=\"height: 80px\">\n<td style=\"width: 15.088%;height: 80px\"><a href=\"https:\/\/blogsaverroes.juntadeandalucia.es\/3033dea\/dificultades-de-aprendizaje-por-capacidad-intelectual-limite\/\" target=\"_blank\" rel=\"noopener noreferrer\"><img loading=\"lazy\" decoding=\"async\" class=\"wp-image-405 aligncenter\" src=\"https:\/\/blogsaverroes.juntadeandalucia.es\/3033dea\/files\/2021\/10\/boton-gris-ruido.png\" alt=\"\" width=\"78\" height=\"76\"><\/a><\/td>\n<td style=\"width: 84.912%;height: 80px\">\n<ul>\n<li><span style=\"font-family: verdana, geneva, sans-serif\">Dificultad de Aprendizaje por Capacidad Intelectual L\u00edmite<\/span><\/li>\n<\/ul>\n<\/td>\n<\/tr>\n<tr style=\"height: 88px\">\n<td style=\"width: 15.088%;height: 88px\"><a href=\"https:\/\/blogsaverroes.juntadeandalucia.es\/3033dea\/dificultades-de-aprendizaje-derivadas-de-trastorno-por-deficit-de-atencion-con-o-sin-hiperactividad\/\" target=\"_blank\" rel=\"noopener noreferrer\"><img loading=\"lazy\" decoding=\"async\" class=\"wp-image-402 aligncenter\" src=\"https:\/\/blogsaverroes.juntadeandalucia.es\/3033dea\/files\/2021\/10\/boton-rojo-ruido.png\" alt=\"\" width=\"78\" height=\"75\"><\/a><\/td>\n<td style=\"width: 84.912%;height: 88px\">\n<ul>\n<li><span style=\"font-family: verdana, geneva, sans-serif\">Dificultades del Aprendizaje derivadas de Trastorno por D\u00e9ficit de Atenci\u00f3n con o sin Hiperactividad<\/span><\/li>\n<\/ul>\n<\/td>\n<\/tr>\n<\/tbody>\n<\/table>\n<p>&nbsp;<\/p>\n<p>&nbsp;<\/p>\n","protected":false},"excerpt":{"rendered":"<p>MUCHO M\u00c1S QUE DISLEXIA&#8230; Las Instrucciones de 8 de marzo de 2017, de la Direcci\u00f3n general de participaci\u00f3n y equidad, por las que se actualiza&hellip;<\/p>\n","protected":false},"author":13590,"featured_media":0,"parent":0,"menu_order":0,"comment_status":"closed","ping_status":"closed","template":"","meta":{"ngg_post_thumbnail":0,"footnotes":""},"aioseo_notices":[],"_links":{"self":[{"href":"https:\/\/blogsaverroes.juntadeandalucia.es\/3033dea\/wp-json\/wp\/v2\/pages\/104"}],"collection":[{"href":"https:\/\/blogsaverroes.juntadeandalucia.es\/3033dea\/wp-json\/wp\/v2\/pages"}],"about":[{"href":"https:\/\/blogsaverroes.juntadeandalucia.es\/3033dea\/wp-json\/wp\/v2\/types\/page"}],"author":[{"embeddable":true,"href":"https:\/\/blogsaverroes.juntadeandalucia.es\/3033dea\/wp-json\/wp\/v2\/users\/13590"}],"replies":[{"embeddable":true,"href":"https:\/\/blogsaverroes.juntadeandalucia.es\/3033dea\/wp-json\/wp\/v2\/comments?post=104"}],"version-history":[{"count":16,"href":"https:\/\/blogsaverroes.juntadeandalucia.es\/3033dea\/wp-json\/wp\/v2\/pages\/104\/revisions"}],"predecessor-version":[{"id":517,"href":"https:\/\/blogsaverroes.juntadeandalucia.es\/3033dea\/wp-json\/wp\/v2\/pages\/104\/revisions\/517"}],"wp:attachment":[{"href":"https:\/\/blogsaverroes.juntadeandalucia.es\/3033dea\/wp-json\/wp\/v2\/media?parent=104"}],"curies":[{"name":"wp","href":"https:\/\/api.w.org\/{rel}","templated":true}]}}