{"id":106,"date":"2021-10-08T11:03:11","date_gmt":"2021-10-08T11:03:11","guid":{"rendered":"https:\/\/blogsaverroes.juntadeandalucia.es\/3033dea\/?page_id=106"},"modified":"2021-10-20T15:47:54","modified_gmt":"2021-10-20T15:47:54","slug":"solicitud-eoee-dea","status":"publish","type":"page","link":"https:\/\/blogsaverroes.juntadeandalucia.es\/3033dea\/solicitud-eoee-dea\/","title":{"rendered":"Solicitud EOEE DEA"},"content":{"rendered":"<p><span style=\"font-family: tahoma, arial, helvetica, sans-serif\">Desde el curso pasado es necesario realizar una solicitud oficial a trav\u00e9s de S\u00e9neca para que podamos intervenir con el alumnado. En la siguiente infograf\u00eda pod\u00e9is encontrar una visi\u00f3n simplificada del procedimiento para realizarla.<\/span><\/p>\n<p>&nbsp;<\/p>\n<p><a href=\"https:\/\/drive.google.com\/file\/d\/1erD_hlLvi4M6I4d6-YJ9Lo3PgQH3TojT\/view?usp=sharing\" target=\"_blank\" rel=\"noopener noreferrer\"><img loading=\"lazy\" decoding=\"async\" class=\"wp-image-274 aligncenter\" src=\"https:\/\/blogsaverroes.juntadeandalucia.es\/3033dea\/files\/2021\/10\/sOLICITUD-EOEE-1-1-120x300.png\" alt=\"\" width=\"364\" height=\"910\" srcset=\"https:\/\/blogsaverroes.juntadeandalucia.es\/3033dea\/files\/2021\/10\/sOLICITUD-EOEE-1-1-120x300.png 120w, https:\/\/blogsaverroes.juntadeandalucia.es\/3033dea\/files\/2021\/10\/sOLICITUD-EOEE-1-1-410x1024.png 410w, https:\/\/blogsaverroes.juntadeandalucia.es\/3033dea\/files\/2021\/10\/sOLICITUD-EOEE-1-1-768x1920.png 768w, https:\/\/blogsaverroes.juntadeandalucia.es\/3033dea\/files\/2021\/10\/sOLICITUD-EOEE-1-1-614x1536.png 614w, https:\/\/blogsaverroes.juntadeandalucia.es\/3033dea\/files\/2021\/10\/sOLICITUD-EOEE-1-1.png 800w\" sizes=\"(max-width: 364px) 100vw, 364px\" \/><\/a><\/p>\n<p><span style=\"font-family: tahoma, arial, helvetica, sans-serif\">No obstante, por si necesit\u00e1is contactar conmigo de manera urgente estos son mis datos:<\/span><\/p>\n<p><span style=\"font-family: tahoma, arial, helvetica, sans-serif\">Manuela Cebral Franco<\/span><\/p>\n<ul>\n<li><span style=\"font-family: tahoma, arial, helvetica, sans-serif\">Tlfno: 671533682<\/span><\/li>\n<li><span style=\"font-family: tahoma, arial, helvetica, sans-serif\">email: <\/span>\n<ul>\n<li><span style=\"font-family: tahoma, arial, helvetica, sans-serif\">manuela.cebral.franco.edu@juntadeandalucia.es<\/span><\/li>\n<li><span style=\"font-family: tahoma, arial, helvetica, sans-serif\">eoecebral@gmail.com<\/span><\/li>\n<\/ul>\n<\/li>\n<\/ul>\n","protected":false},"excerpt":{"rendered":"<p>Desde el curso pasado es necesario realizar una solicitud oficial a trav\u00e9s de S\u00e9neca para que podamos intervenir con el alumnado. En la siguiente infograf\u00eda&hellip;<\/p>\n","protected":false},"author":13590,"featured_media":0,"parent":0,"menu_order":0,"comment_status":"closed","ping_status":"closed","template":"","meta":{"ngg_post_thumbnail":0,"footnotes":""},"aioseo_notices":[],"_links":{"self":[{"href":"https:\/\/blogsaverroes.juntadeandalucia.es\/3033dea\/wp-json\/wp\/v2\/pages\/106"}],"collection":[{"href":"https:\/\/blogsaverroes.juntadeandalucia.es\/3033dea\/wp-json\/wp\/v2\/pages"}],"about":[{"href":"https:\/\/blogsaverroes.juntadeandalucia.es\/3033dea\/wp-json\/wp\/v2\/types\/page"}],"author":[{"embeddable":true,"href":"https:\/\/blogsaverroes.juntadeandalucia.es\/3033dea\/wp-json\/wp\/v2\/users\/13590"}],"replies":[{"embeddable":true,"href":"https:\/\/blogsaverroes.juntadeandalucia.es\/3033dea\/wp-json\/wp\/v2\/comments?post=106"}],"version-history":[{"count":4,"href":"https:\/\/blogsaverroes.juntadeandalucia.es\/3033dea\/wp-json\/wp\/v2\/pages\/106\/revisions"}],"predecessor-version":[{"id":275,"href":"https:\/\/blogsaverroes.juntadeandalucia.es\/3033dea\/wp-json\/wp\/v2\/pages\/106\/revisions\/275"}],"wp:attachment":[{"href":"https:\/\/blogsaverroes.juntadeandalucia.es\/3033dea\/wp-json\/wp\/v2\/media?parent=106"}],"curies":[{"name":"wp","href":"https:\/\/api.w.org\/{rel}","templated":true}]}}