{"id":356,"date":"2021-10-21T13:20:59","date_gmt":"2021-10-21T13:20:59","guid":{"rendered":"https:\/\/blogsaverroes.juntadeandalucia.es\/3033dea\/?page_id=356"},"modified":"2022-03-29T08:18:39","modified_gmt":"2022-03-29T08:18:39","slug":"profesorado-2","status":"publish","type":"page","link":"https:\/\/blogsaverroes.juntadeandalucia.es\/3033dea\/profesorado-2\/","title":{"rendered":"Profesorado"},"content":{"rendered":"<table style=\"border-collapse: collapse;width: 100%\">\n<tbody>\n<tr>\n<td style=\"width: 25%\"><a href=\"https:\/\/blogsaverroes.juntadeandalucia.es\/3033dea\/educacion-infantil-profesorado\/\" target=\"_blank\" rel=\"noopener noreferrer\"><img loading=\"lazy\" decoding=\"async\" class=\"alignnone size-full wp-image-286\" src=\"https:\/\/blogsaverroes.juntadeandalucia.es\/3033dea\/files\/2021\/10\/kid-g59b0ff73e_1920-300x225-des.jpg\" alt=\"\" width=\"300\" height=\"225\"><\/a><\/td>\n<td style=\"width: 25%\"><a href=\"https:\/\/blogsaverroes.juntadeandalucia.es\/3033dea\/educacion-primaria-profesorado\/\" target=\"_blank\" rel=\"noopener noreferrer\"><img loading=\"lazy\" decoding=\"async\" class=\"alignnone size-full wp-image-287\" src=\"https:\/\/blogsaverroes.juntadeandalucia.es\/3033dea\/files\/2021\/10\/book-g438245e94_1920-300x206-dist.jpg\" alt=\"\" width=\"300\" height=\"206\"><\/a><\/td>\n<td style=\"width: 25%\"><a href=\"https:\/\/blogsaverroes.juntadeandalucia.es\/3033dea\/educacion-secundaria-profesorado\/\" target=\"_blank\" rel=\"noopener noreferrer\"><img loading=\"lazy\" decoding=\"async\" class=\"alignnone size-full wp-image-288\" src=\"https:\/\/blogsaverroes.juntadeandalucia.es\/3033dea\/files\/2021\/10\/couple-g4554eb2de_1920-300x200-dis.jpg\" alt=\"\" width=\"300\" height=\"200\"><\/a><\/td>\n<td style=\"width: 25%\"><a href=\"https:\/\/blogsaverroes.juntadeandalucia.es\/3033dea\/ensenanzas-post-obligatorias-profesorado\/\" target=\"_blank\" rel=\"noopener noreferrer\"><img loading=\"lazy\" decoding=\"async\" class=\"alignnone size-full wp-image-289\" src=\"https:\/\/blogsaverroes.juntadeandalucia.es\/3033dea\/files\/2021\/10\/people-g5e9bc7635_1920-300x200-dis.jpg\" alt=\"\" width=\"300\" height=\"200\"><\/a><\/td>\n<\/tr>\n<tr>\n<td style=\"width: 25%;text-align: center\"><span style=\"font-size: 10pt\"><strong><span style=\"font-family: tahoma, arial, helvetica, sans-serif;color: #d43b3b\">EDUCACI\u00d3N INFANTIL<\/span><\/strong><\/span><\/td>\n<td style=\"width: 25%;text-align: center\"><span style=\"font-size: 10pt\"><strong><span style=\"font-family: tahoma, arial, helvetica, sans-serif;color: #d43b3b\">EDUCACI\u00d3N PRIMARIA<\/span><\/strong><\/span><\/td>\n<td style=\"width: 25%;text-align: center\"><span style=\"font-size: 10pt\"><strong><span style=\"font-family: tahoma, arial, helvetica, sans-serif;color: #d43b3b\">ESO<\/span><\/strong><\/span><\/td>\n<td style=\"width: 25%;text-align: center\"><span style=\"font-size: 10pt\"><strong><span style=\"font-family: tahoma, arial, helvetica, sans-serif;color: #d43b3b\">POST-OBLIGATORIAS<\/span><\/strong><\/span><\/td>\n<\/tr>\n<\/tbody>\n<\/table>\n<p style=\"text-align: center\">&nbsp;<\/p>\n<table class=\" aligncenter\" style=\"border-collapse: collapse;width: 45.9293%\">\n<tbody>\n<tr>\n<td style=\"width: 13.4859%;text-align: center\"><span style=\"color: #3366ff\"><strong><span style=\"font-family: 'comic sans ms', sans-serif\">Orientaciones actuaci\u00f3n alumnado con dificultades en lectura y escritura<\/span><\/strong><\/span><\/td>\n<td style=\"width: 20.9662%\"><a href=\"https:\/\/drive.google.com\/file\/d\/1sYR6gROkwKiW0_3Tkt1jr2I__QqcfwKa\/view?usp=sharing\" target=\"_blank\" rel=\"noopener noreferrer\"><img loading=\"lazy\" decoding=\"async\" class=\" wp-image-606 alignnone\" src=\"https:\/\/blogsaverroes.juntadeandalucia.es\/3033dea\/files\/2022\/03\/homework-g0fa51c449_1920-300x200.jpg\" alt=\"\" width=\"171\" height=\"113\" srcset=\"https:\/\/blogsaverroes.juntadeandalucia.es\/3033dea\/files\/2022\/03\/homework-g0fa51c449_1920-300x200.jpg 300w, https:\/\/blogsaverroes.juntadeandalucia.es\/3033dea\/files\/2022\/03\/homework-g0fa51c449_1920-1024x683.jpg 1024w, https:\/\/blogsaverroes.juntadeandalucia.es\/3033dea\/files\/2022\/03\/homework-g0fa51c449_1920-768x512.jpg 768w, https:\/\/blogsaverroes.juntadeandalucia.es\/3033dea\/files\/2022\/03\/homework-g0fa51c449_1920-1536x1024.jpg 1536w, https:\/\/blogsaverroes.juntadeandalucia.es\/3033dea\/files\/2022\/03\/homework-g0fa51c449_1920.jpg 1920w\" sizes=\"(max-width: 171px) 100vw, 171px\" \/><\/a><\/td>\n<\/tr>\n<\/tbody>\n<\/table>\n<p style=\"text-align: center\">&nbsp;<\/p>\n<p style=\"text-align: left\"><span style=\"font-family: verdana, geneva, sans-serif\">El profesorado es el primer y principal agente que interviene con el alumnado, con todo el alumnado, d\u00eda a d\u00eda.<\/span><\/p>\n<p><span style=\"font-family: verdana, geneva, sans-serif\">A trav\u00e9s de esta p\u00e1gina intentamos poner a vuestro alcance herramientas para facilitar esta labor cuando ten\u00e9is que intervenir con alumnado que presenta Dificultades Espec\u00edficas de Aprendizaje (DEA). Adem\u00e1s, sois los primeros que pod\u00e9is observar como un alumno o alumna est\u00e1 empezando a presentar algunos de estos problemas, por eso tambi\u00e9n pod\u00e9is encontrar instrumentos e informaci\u00f3n sencilla que os ayude en la posible detecci\u00f3n&nbsp; e identificaci\u00f3n de las mismas.<\/span><\/p>\n<p><span style=\"font-family: tahoma, arial, helvetica, sans-serif\"><span style=\"font-family: verdana, geneva, sans-serif\">No todas las etapas de la ense\u00f1anza son iguales, por eso os ofrecemos estos elementos especificando a qu\u00e9 momento de la escolarizaci\u00f3n del alumnado se dirigen.<\/span><br \/>\n<\/span><\/p>\n<p>&nbsp;<\/p>\n","protected":false},"excerpt":{"rendered":"<p>EDUCACI\u00d3N INFANTIL EDUCACI\u00d3N PRIMARIA ESO POST-OBLIGATORIAS &nbsp; Orientaciones actuaci\u00f3n alumnado con dificultades en lectura y escritura &nbsp; El profesorado es el primer y principal agente&hellip;<\/p>\n","protected":false},"author":13590,"featured_media":0,"parent":0,"menu_order":0,"comment_status":"closed","ping_status":"closed","template":"","meta":{"ngg_post_thumbnail":0,"footnotes":""},"aioseo_notices":[],"_links":{"self":[{"href":"https:\/\/blogsaverroes.juntadeandalucia.es\/3033dea\/wp-json\/wp\/v2\/pages\/356"}],"collection":[{"href":"https:\/\/blogsaverroes.juntadeandalucia.es\/3033dea\/wp-json\/wp\/v2\/pages"}],"about":[{"href":"https:\/\/blogsaverroes.juntadeandalucia.es\/3033dea\/wp-json\/wp\/v2\/types\/page"}],"author":[{"embeddable":true,"href":"https:\/\/blogsaverroes.juntadeandalucia.es\/3033dea\/wp-json\/wp\/v2\/users\/13590"}],"replies":[{"embeddable":true,"href":"https:\/\/blogsaverroes.juntadeandalucia.es\/3033dea\/wp-json\/wp\/v2\/comments?post=356"}],"version-history":[{"count":13,"href":"https:\/\/blogsaverroes.juntadeandalucia.es\/3033dea\/wp-json\/wp\/v2\/pages\/356\/revisions"}],"predecessor-version":[{"id":630,"href":"https:\/\/blogsaverroes.juntadeandalucia.es\/3033dea\/wp-json\/wp\/v2\/pages\/356\/revisions\/630"}],"wp:attachment":[{"href":"https:\/\/blogsaverroes.juntadeandalucia.es\/3033dea\/wp-json\/wp\/v2\/media?parent=356"}],"curies":[{"name":"wp","href":"https:\/\/api.w.org\/{rel}","templated":true}]}}