{"id":361,"date":"2021-10-21T13:24:51","date_gmt":"2021-10-21T13:24:51","guid":{"rendered":"https:\/\/blogsaverroes.juntadeandalucia.es\/3033dea\/?page_id=361"},"modified":"2021-11-02T17:46:15","modified_gmt":"2021-11-02T17:46:15","slug":"orientadors-2","status":"publish","type":"page","link":"https:\/\/blogsaverroes.juntadeandalucia.es\/3033dea\/orientadors-2\/","title":{"rendered":"Orientador@s"},"content":{"rendered":"<table style=\"border-collapse: collapse;width: 100%\">\n<tbody>\n<tr>\n<td style=\"width: 25%\"><a href=\"https:\/\/blogsaverroes.juntadeandalucia.es\/3033dea\/educacion-infantil-orientadors\/\" target=\"_blank\" rel=\"noopener noreferrer\"><img loading=\"lazy\" decoding=\"async\" class=\"alignnone size-full wp-image-286\" src=\"https:\/\/blogsaverroes.juntadeandalucia.es\/3033dea\/files\/2021\/10\/kid-g59b0ff73e_1920-300x225-des.jpg\" alt=\"\" width=\"300\" height=\"225\"><\/a><\/td>\n<td style=\"width: 25%\"><a href=\"https:\/\/blogsaverroes.juntadeandalucia.es\/3033dea\/educacion-primaria-orientadors\/\" target=\"_blank\" rel=\"noopener noreferrer\"><img loading=\"lazy\" decoding=\"async\" class=\"alignnone size-full wp-image-287\" src=\"https:\/\/blogsaverroes.juntadeandalucia.es\/3033dea\/files\/2021\/10\/book-g438245e94_1920-300x206-dist.jpg\" alt=\"\" width=\"300\" height=\"206\"><\/a><\/td>\n<td style=\"width: 25%\"><a href=\"https:\/\/blogsaverroes.juntadeandalucia.es\/3033dea\/educacion-secundaria-orientadors\/\" target=\"_blank\" rel=\"noopener noreferrer\"><img loading=\"lazy\" decoding=\"async\" class=\"alignnone size-full wp-image-288\" src=\"https:\/\/blogsaverroes.juntadeandalucia.es\/3033dea\/files\/2021\/10\/couple-g4554eb2de_1920-300x200-dis.jpg\" alt=\"\" width=\"300\" height=\"200\"><\/a><\/td>\n<td style=\"width: 25%\"><a href=\"https:\/\/blogsaverroes.juntadeandalucia.es\/3033dea\/ensenanzas-post-obligatorias-profesorado\/\" target=\"_blank\" rel=\"noopener noreferrer\"><img loading=\"lazy\" decoding=\"async\" class=\"alignnone size-full wp-image-289\" src=\"https:\/\/blogsaverroes.juntadeandalucia.es\/3033dea\/files\/2021\/10\/people-g5e9bc7635_1920-300x200-dis.jpg\" alt=\"\" width=\"300\" height=\"200\"><\/a><\/td>\n<\/tr>\n<tr>\n<td style=\"width: 25%;text-align: center\"><span style=\"font-size: 10pt;font-family: tahoma, arial, helvetica, sans-serif\"><strong><span style=\"color: #d12828\">EDUCACI\u00d3N INFANTIL<\/span><\/strong><\/span><\/td>\n<td style=\"width: 25%;text-align: center\"><span style=\"font-size: 10pt;font-family: tahoma, arial, helvetica, sans-serif\"><strong><span style=\"color: #d12828\">EDUCACI\u00d3N PRIMARIA<\/span><\/strong><\/span><\/td>\n<td style=\"width: 25%;text-align: center\"><span style=\"font-size: 10pt;font-family: tahoma, arial, helvetica, sans-serif\"><strong><span style=\"color: #d12828\">ESO<\/span><\/strong><\/span><\/td>\n<td style=\"width: 25%;text-align: center\"><span style=\"font-size: 10pt;font-family: tahoma, arial, helvetica, sans-serif\"><strong><span style=\"color: #d12828\">POST-OBLIGATORIAS<\/span><\/strong><\/span><\/td>\n<\/tr>\n<\/tbody>\n<\/table>\n<p><span style=\"font-family: verdana, geneva, sans-serif\">La labor de los Orientador@s es fundamental. Somos la piedra angular que&nbsp; asesora en PREVENCI\u00d3N de dificultades, colaboramos para que la DETECCI\u00d3N que se haya podido producir por parte del profesorado, la familia o alg\u00fan agente externo, se transforme en una INTERVENCI\u00d3N eficaz para atender al alumnado que presenta Dificultades de Aprendizaje. Somos, adem\u00e1s, el veh\u00edculo que permitir\u00e1 que esta detecci\u00f3n se concrete en una EVALUACI\u00d3N que quede plasmada en el sistema de gesti\u00f3n de la orientaci\u00f3n de S\u00e9neca, que posibilitar\u00e1 que el alumno siga siendo atendido de la manera m\u00e1s adecuada a lo largo&nbsp; de todas las etapas de su escolarizaci\u00f3n, aunque se traslade de Centro.<\/span><\/p>\n<p><a href=\"https:\/\/blogsaverroes.juntadeandalucia.es\/3033dea\/files\/2021\/10\/Proceso-actuaci\u00f3n-crop-1.jpg\"><img loading=\"lazy\" decoding=\"async\" class=\"wp-image-278 aligncenter\" src=\"https:\/\/blogsaverroes.juntadeandalucia.es\/3033dea\/files\/2021\/10\/Proceso-actuaci\u00f3n-crop-1-300x101.jpg\" alt=\"\" width=\"490\" height=\"165\" srcset=\"https:\/\/blogsaverroes.juntadeandalucia.es\/3033dea\/files\/2021\/10\/Proceso-actuaci\u00f3n-crop-1-300x101.jpg 300w, https:\/\/blogsaverroes.juntadeandalucia.es\/3033dea\/files\/2021\/10\/Proceso-actuaci\u00f3n-crop-1-768x259.jpg 768w, https:\/\/blogsaverroes.juntadeandalucia.es\/3033dea\/files\/2021\/10\/Proceso-actuaci\u00f3n-crop-1.jpg 888w\" sizes=\"(max-width: 490px) 100vw, 490px\" \/><\/a><\/p>\n<p>\u200b<\/p>\n<table style=\"border-collapse: collapse;width: 100%\">\n<tbody>\n<tr>\n<td style=\"width: 33.3333%\"><a href=\"https:\/\/blogsaverroes.juntadeandalucia.es\/3033dea\/solicitud-eoee-dea\/\" target=\"_blank\" rel=\"noopener noreferrer\"><img loading=\"lazy\" decoding=\"async\" class=\"wp-image-393 aligncenter\" src=\"https:\/\/blogsaverroes.juntadeandalucia.es\/3033dea\/files\/2021\/10\/laptop-g7f62ebf90_1920-300x201.jpg\" alt=\"\" width=\"185\" height=\"124\" srcset=\"https:\/\/blogsaverroes.juntadeandalucia.es\/3033dea\/files\/2021\/10\/laptop-g7f62ebf90_1920-300x201.jpg 300w, https:\/\/blogsaverroes.juntadeandalucia.es\/3033dea\/files\/2021\/10\/laptop-g7f62ebf90_1920-1024x685.jpg 1024w, https:\/\/blogsaverroes.juntadeandalucia.es\/3033dea\/files\/2021\/10\/laptop-g7f62ebf90_1920-768x514.jpg 768w, https:\/\/blogsaverroes.juntadeandalucia.es\/3033dea\/files\/2021\/10\/laptop-g7f62ebf90_1920-1536x1027.jpg 1536w, https:\/\/blogsaverroes.juntadeandalucia.es\/3033dea\/files\/2021\/10\/laptop-g7f62ebf90_1920.jpg 1920w\" sizes=\"(max-width: 185px) 100vw, 185px\" \/><\/a><\/td>\n<td style=\"width: 33.3333%\"><a href=\"https:\/\/blogsaverroes.juntadeandalucia.es\/3033dea\/medidas-de-atencion\/\" target=\"_blank\" rel=\"noopener noreferrer\"><img loading=\"lazy\" decoding=\"async\" class=\"wp-image-394 aligncenter\" src=\"https:\/\/blogsaverroes.juntadeandalucia.es\/3033dea\/files\/2021\/10\/lens-gb0f9f06e1_1920-300x212.jpg\" alt=\"\" width=\"171\" height=\"120\" srcset=\"https:\/\/blogsaverroes.juntadeandalucia.es\/3033dea\/files\/2021\/10\/lens-gb0f9f06e1_1920-300x212.jpg 300w, https:\/\/blogsaverroes.juntadeandalucia.es\/3033dea\/files\/2021\/10\/lens-gb0f9f06e1_1920-1024x724.jpg 1024w, https:\/\/blogsaverroes.juntadeandalucia.es\/3033dea\/files\/2021\/10\/lens-gb0f9f06e1_1920-768x543.jpg 768w, https:\/\/blogsaverroes.juntadeandalucia.es\/3033dea\/files\/2021\/10\/lens-gb0f9f06e1_1920-1536x1086.jpg 1536w, https:\/\/blogsaverroes.juntadeandalucia.es\/3033dea\/files\/2021\/10\/lens-gb0f9f06e1_1920.jpg 1920w\" sizes=\"(max-width: 171px) 100vw, 171px\" \/><\/a><\/td>\n<td style=\"width: 33.3333%\"><a href=\"https:\/\/blogsaverroes.juntadeandalucia.es\/3033dea\/aclaraciones-terminologicas\/\" target=\"_blank\" rel=\"noopener noreferrer\"><img loading=\"lazy\" decoding=\"async\" class=\"wp-image-396 aligncenter\" src=\"https:\/\/blogsaverroes.juntadeandalucia.es\/3033dea\/files\/2021\/10\/network-gbb93e3b08_1920-crop-300x210.jpg\" alt=\"\" width=\"174\" height=\"122\" srcset=\"https:\/\/blogsaverroes.juntadeandalucia.es\/3033dea\/files\/2021\/10\/network-gbb93e3b08_1920-crop-300x210.jpg 300w, https:\/\/blogsaverroes.juntadeandalucia.es\/3033dea\/files\/2021\/10\/network-gbb93e3b08_1920-crop-1024x716.jpg 1024w, https:\/\/blogsaverroes.juntadeandalucia.es\/3033dea\/files\/2021\/10\/network-gbb93e3b08_1920-crop-768x537.jpg 768w, https:\/\/blogsaverroes.juntadeandalucia.es\/3033dea\/files\/2021\/10\/network-gbb93e3b08_1920-crop.jpg 1110w\" sizes=\"(max-width: 174px) 100vw, 174px\" \/><\/a><\/td>\n<\/tr>\n<tr>\n<td style=\"width: 33.3333%;text-align: center\"><span style=\"font-family: 'trebuchet ms', geneva, sans-serif;font-size: 12pt;color: #26ab68\"><strong>SOLICITUD INTERVENCI\u00d3N EOE Especializado DIA<\/strong><\/span><\/td>\n<td style=\"width: 33.3333%;text-align: center\"><span style=\"font-family: 'trebuchet ms', geneva, sans-serif;font-size: 12pt;color: #26ab68\"><strong>MEDIDAS DE ATENCI\u00d3N<\/strong><\/span><\/td>\n<td style=\"width: 33.3333%;text-align: center\"><span style=\"font-family: 'trebuchet ms', geneva, sans-serif;font-size: 12pt;color: #26ab68\"><strong>ACLARARACIONES TERMINOL\u00d3GICAS<\/strong><\/span><\/td>\n<\/tr>\n<\/tbody>\n<\/table>\n","protected":false},"excerpt":{"rendered":"<p>EDUCACI\u00d3N INFANTIL EDUCACI\u00d3N PRIMARIA ESO POST-OBLIGATORIAS La labor de los Orientador@s es fundamental. Somos la piedra angular que&nbsp; asesora en PREVENCI\u00d3N de dificultades, colaboramos para&hellip;<\/p>\n","protected":false},"author":13590,"featured_media":0,"parent":0,"menu_order":0,"comment_status":"closed","ping_status":"closed","template":"","meta":{"ngg_post_thumbnail":0,"footnotes":""},"aioseo_notices":[],"_links":{"self":[{"href":"https:\/\/blogsaverroes.juntadeandalucia.es\/3033dea\/wp-json\/wp\/v2\/pages\/361"}],"collection":[{"href":"https:\/\/blogsaverroes.juntadeandalucia.es\/3033dea\/wp-json\/wp\/v2\/pages"}],"about":[{"href":"https:\/\/blogsaverroes.juntadeandalucia.es\/3033dea\/wp-json\/wp\/v2\/types\/page"}],"author":[{"embeddable":true,"href":"https:\/\/blogsaverroes.juntadeandalucia.es\/3033dea\/wp-json\/wp\/v2\/users\/13590"}],"replies":[{"embeddable":true,"href":"https:\/\/blogsaverroes.juntadeandalucia.es\/3033dea\/wp-json\/wp\/v2\/comments?post=361"}],"version-history":[{"count":10,"href":"https:\/\/blogsaverroes.juntadeandalucia.es\/3033dea\/wp-json\/wp\/v2\/pages\/361\/revisions"}],"predecessor-version":[{"id":519,"href":"https:\/\/blogsaverroes.juntadeandalucia.es\/3033dea\/wp-json\/wp\/v2\/pages\/361\/revisions\/519"}],"wp:attachment":[{"href":"https:\/\/blogsaverroes.juntadeandalucia.es\/3033dea\/wp-json\/wp\/v2\/media?parent=361"}],"curies":[{"name":"wp","href":"https:\/\/api.w.org\/{rel}","templated":true}]}}