{"id":365,"date":"2021-10-21T13:26:29","date_gmt":"2021-10-21T13:26:29","guid":{"rendered":"https:\/\/blogsaverroes.juntadeandalucia.es\/3033dea\/?page_id=365"},"modified":"2022-03-29T08:27:29","modified_gmt":"2022-03-29T08:27:29","slug":"familia-2","status":"publish","type":"page","link":"https:\/\/blogsaverroes.juntadeandalucia.es\/3033dea\/familia-2\/","title":{"rendered":"Familia"},"content":{"rendered":"<p>En esta p\u00e1gina pretendemos proporcionar a las familias informaci\u00f3n que os permita una aproximaci\u00f3n, sin sobresaltos, a las dificultades de aprendizaje que puedan presentar vuestros hijos e hijas,&nbsp; solventar vuestras dudas y ofreceros pautas de actuaci\u00f3n.<\/p>\n<p>&nbsp;Si pinch\u00e1is sobre las im\u00e1genes tendr\u00e9is acceso a propuestas para trabajar en casa con vuestros hijos e hijas.&nbsp;<\/p>\n<table style=\"border-collapse: collapse;width: 100%\">\n<tbody>\n<tr>\n<td style=\"width: 33.3333%\"><a href=\"https:\/\/view.genial.ly\/6188dfe2686d960de34fa0fe\/presentation-familias-tel-vs-rl\" target=\"_blank\" rel=\"noopener noreferrer\"><img loading=\"lazy\" decoding=\"async\" class=\"size-medium wp-image-546 aligncenter\" src=\"https:\/\/blogsaverroes.juntadeandalucia.es\/3033dea\/files\/2021\/12\/mother-g5e0e4b1aa_1920-199x300.jpg\" alt=\"\" width=\"199\" height=\"300\" srcset=\"https:\/\/blogsaverroes.juntadeandalucia.es\/3033dea\/files\/2021\/12\/mother-g5e0e4b1aa_1920-199x300.jpg 199w, https:\/\/blogsaverroes.juntadeandalucia.es\/3033dea\/files\/2021\/12\/mother-g5e0e4b1aa_1920-678x1024.jpg 678w, https:\/\/blogsaverroes.juntadeandalucia.es\/3033dea\/files\/2021\/12\/mother-g5e0e4b1aa_1920-768x1159.jpg 768w, https:\/\/blogsaverroes.juntadeandalucia.es\/3033dea\/files\/2021\/12\/mother-g5e0e4b1aa_1920-1018x1536.jpg 1018w, https:\/\/blogsaverroes.juntadeandalucia.es\/3033dea\/files\/2021\/12\/mother-g5e0e4b1aa_1920.jpg 1272w\" sizes=\"(max-width: 199px) 100vw, 199px\" \/><\/a><\/td>\n<td style=\"width: 33.3333%\"><a href=\"https:\/\/blogsaverroes.juntadeandalucia.es\/3033dea\/familia-lectoescritura\/\" target=\"_blank\" rel=\"noopener noreferrer\"><img loading=\"lazy\" decoding=\"async\" class=\"size-medium wp-image-547 aligncenter\" src=\"https:\/\/blogsaverroes.juntadeandalucia.es\/3033dea\/files\/2021\/12\/books-g5da7146b0_1920-300x199.jpg\" alt=\"\" width=\"300\" height=\"199\" srcset=\"https:\/\/blogsaverroes.juntadeandalucia.es\/3033dea\/files\/2021\/12\/books-g5da7146b0_1920-300x199.jpg 300w, https:\/\/blogsaverroes.juntadeandalucia.es\/3033dea\/files\/2021\/12\/books-g5da7146b0_1920-1024x678.jpg 1024w, https:\/\/blogsaverroes.juntadeandalucia.es\/3033dea\/files\/2021\/12\/books-g5da7146b0_1920-768x508.jpg 768w, https:\/\/blogsaverroes.juntadeandalucia.es\/3033dea\/files\/2021\/12\/books-g5da7146b0_1920-1536x1017.jpg 1536w, https:\/\/blogsaverroes.juntadeandalucia.es\/3033dea\/files\/2021\/12\/books-g5da7146b0_1920.jpg 1920w\" sizes=\"(max-width: 300px) 100vw, 300px\" \/><\/a><\/td>\n<td style=\"width: 33.3333%\"><a href=\"https:\/\/blogsaverroes.juntadeandalucia.es\/3033dea\/files\/2021\/12\/father-g5a4ec3122_1920.jpg\"><img loading=\"lazy\" decoding=\"async\" class=\"size-medium wp-image-548 aligncenter\" src=\"https:\/\/blogsaverroes.juntadeandalucia.es\/3033dea\/files\/2021\/12\/father-g5a4ec3122_1920-300x200.jpg\" alt=\"\" width=\"300\" height=\"200\" srcset=\"https:\/\/blogsaverroes.juntadeandalucia.es\/3033dea\/files\/2021\/12\/father-g5a4ec3122_1920-300x200.jpg 300w, https:\/\/blogsaverroes.juntadeandalucia.es\/3033dea\/files\/2021\/12\/father-g5a4ec3122_1920-1024x683.jpg 1024w, https:\/\/blogsaverroes.juntadeandalucia.es\/3033dea\/files\/2021\/12\/father-g5a4ec3122_1920-768x512.jpg 768w, https:\/\/blogsaverroes.juntadeandalucia.es\/3033dea\/files\/2021\/12\/father-g5a4ec3122_1920-1536x1024.jpg 1536w, https:\/\/blogsaverroes.juntadeandalucia.es\/3033dea\/files\/2021\/12\/father-g5a4ec3122_1920.jpg 1920w\" sizes=\"(max-width: 300px) 100vw, 300px\" \/><\/a><\/td>\n<\/tr>\n<tr>\n<td style=\"width: 33.3333%;text-align: center\"><span style=\"color: #993366;font-size: 14pt\"><strong><span style=\"font-family: verdana, geneva, sans-serif\">LENGUAJE<\/span><\/strong><\/span><\/td>\n<td style=\"width: 33.3333%;text-align: center\"><span style=\"color: #993366;font-size: 14pt\"><strong><span style=\"font-family: verdana, geneva, sans-serif\">LECTOESCRITURA<\/span><\/strong><\/span><\/td>\n<td style=\"width: 33.3333%;text-align: center\"><span style=\"color: #993366;font-size: 14pt\"><strong><span style=\"font-family: verdana, geneva, sans-serif\">DIFICULTADES<\/span><\/strong><\/span><\/td>\n<\/tr>\n<\/tbody>\n<\/table>\n","protected":false},"excerpt":{"rendered":"<p>En esta p\u00e1gina pretendemos proporcionar a las familias informaci\u00f3n que os permita una aproximaci\u00f3n, sin sobresaltos, a las dificultades de aprendizaje que puedan presentar vuestros&hellip;<\/p>\n","protected":false},"author":13590,"featured_media":0,"parent":0,"menu_order":0,"comment_status":"closed","ping_status":"closed","template":"","meta":{"ngg_post_thumbnail":0,"footnotes":""},"aioseo_notices":[],"_links":{"self":[{"href":"https:\/\/blogsaverroes.juntadeandalucia.es\/3033dea\/wp-json\/wp\/v2\/pages\/365"}],"collection":[{"href":"https:\/\/blogsaverroes.juntadeandalucia.es\/3033dea\/wp-json\/wp\/v2\/pages"}],"about":[{"href":"https:\/\/blogsaverroes.juntadeandalucia.es\/3033dea\/wp-json\/wp\/v2\/types\/page"}],"author":[{"embeddable":true,"href":"https:\/\/blogsaverroes.juntadeandalucia.es\/3033dea\/wp-json\/wp\/v2\/users\/13590"}],"replies":[{"embeddable":true,"href":"https:\/\/blogsaverroes.juntadeandalucia.es\/3033dea\/wp-json\/wp\/v2\/comments?post=365"}],"version-history":[{"count":11,"href":"https:\/\/blogsaverroes.juntadeandalucia.es\/3033dea\/wp-json\/wp\/v2\/pages\/365\/revisions"}],"predecessor-version":[{"id":625,"href":"https:\/\/blogsaverroes.juntadeandalucia.es\/3033dea\/wp-json\/wp\/v2\/pages\/365\/revisions\/625"}],"wp:attachment":[{"href":"https:\/\/blogsaverroes.juntadeandalucia.es\/3033dea\/wp-json\/wp\/v2\/media?parent=365"}],"curies":[{"name":"wp","href":"https:\/\/api.w.org\/{rel}","templated":true}]}}