{"id":80,"date":"2021-10-08T10:46:29","date_gmt":"2021-10-08T10:46:29","guid":{"rendered":"https:\/\/blogsaverroes.juntadeandalucia.es\/3033dea\/?page_id=80"},"modified":"2023-09-13T09:40:09","modified_gmt":"2023-09-13T09:40:09","slug":"educacion-primaria-profesorado","status":"publish","type":"page","link":"https:\/\/blogsaverroes.juntadeandalucia.es\/3033dea\/educacion-primaria-profesorado\/","title":{"rendered":"EDUCACI\u00d3N PRIMARIA"},"content":{"rendered":"<p>\u200b<\/p>\n<table style=\"border-collapse: collapse;width: 100%\">\n<tbody>\n<tr>\n<td style=\"width: 25%\"><a href=\"https:\/\/blogsaverroes.juntadeandalucia.es\/3033dea\/files\/2022\/03\/dislexia.jpg\"><img loading=\"lazy\" decoding=\"async\" class=\"alignnone size-medium wp-image-585\" src=\"https:\/\/blogsaverroes.juntadeandalucia.es\/3033dea\/files\/2022\/03\/dislexia-300x95.jpg\" alt=\"\" width=\"300\" height=\"95\" srcset=\"https:\/\/blogsaverroes.juntadeandalucia.es\/3033dea\/files\/2022\/03\/dislexia-300x95.jpg 300w, https:\/\/blogsaverroes.juntadeandalucia.es\/3033dea\/files\/2022\/03\/dislexia.jpg 434w\" sizes=\"(max-width: 300px) 100vw, 300px\" \/><\/a><\/td>\n<td style=\"width: 25%\"><a href=\"https:\/\/blogsaverroes.juntadeandalucia.es\/3033dea\/files\/2022\/03\/esctarena-d.jpg\"><img loading=\"lazy\" decoding=\"async\" class=\"alignnone size-medium wp-image-588\" src=\"https:\/\/blogsaverroes.juntadeandalucia.es\/3033dea\/files\/2022\/03\/esctarena-d-300x202.jpg\" alt=\"\" width=\"300\" height=\"202\" srcset=\"https:\/\/blogsaverroes.juntadeandalucia.es\/3033dea\/files\/2022\/03\/esctarena-d-300x202.jpg 300w, https:\/\/blogsaverroes.juntadeandalucia.es\/3033dea\/files\/2022\/03\/esctarena-d.jpg 449w\" sizes=\"(max-width: 300px) 100vw, 300px\" \/><\/a><\/td>\n<td style=\"width: 25%\"><a href=\"https:\/\/blogsaverroes.juntadeandalucia.es\/3033dea\/files\/2022\/03\/pencil-g2e9e7617e_1920.jpg\"><img loading=\"lazy\" decoding=\"async\" class=\"alignnone size-medium wp-image-587\" src=\"https:\/\/blogsaverroes.juntadeandalucia.es\/3033dea\/files\/2022\/03\/pencil-g2e9e7617e_1920-300x182.jpg\" alt=\"\" width=\"300\" height=\"182\" srcset=\"https:\/\/blogsaverroes.juntadeandalucia.es\/3033dea\/files\/2022\/03\/pencil-g2e9e7617e_1920-300x182.jpg 300w, https:\/\/blogsaverroes.juntadeandalucia.es\/3033dea\/files\/2022\/03\/pencil-g2e9e7617e_1920-1024x620.jpg 1024w, https:\/\/blogsaverroes.juntadeandalucia.es\/3033dea\/files\/2022\/03\/pencil-g2e9e7617e_1920-768x465.jpg 768w, https:\/\/blogsaverroes.juntadeandalucia.es\/3033dea\/files\/2022\/03\/pencil-g2e9e7617e_1920-1536x930.jpg 1536w, https:\/\/blogsaverroes.juntadeandalucia.es\/3033dea\/files\/2022\/03\/pencil-g2e9e7617e_1920.jpg 1920w\" sizes=\"(max-width: 300px) 100vw, 300px\" \/><\/a><\/td>\n<td style=\"width: 25%\"><a href=\"https:\/\/blogsaverroes.juntadeandalucia.es\/3033dea\/files\/2022\/03\/discalculia.jpg\"><img loading=\"lazy\" decoding=\"async\" class=\"alignnone size-medium wp-image-589\" src=\"https:\/\/blogsaverroes.juntadeandalucia.es\/3033dea\/files\/2022\/03\/discalculia-300x207.jpg\" alt=\"\" width=\"300\" height=\"207\" srcset=\"https:\/\/blogsaverroes.juntadeandalucia.es\/3033dea\/files\/2022\/03\/discalculia-300x207.jpg 300w, https:\/\/blogsaverroes.juntadeandalucia.es\/3033dea\/files\/2022\/03\/discalculia-1024x708.jpg 1024w, https:\/\/blogsaverroes.juntadeandalucia.es\/3033dea\/files\/2022\/03\/discalculia-768x531.jpg 768w, https:\/\/blogsaverroes.juntadeandalucia.es\/3033dea\/files\/2022\/03\/discalculia-1536x1062.jpg 1536w, https:\/\/blogsaverroes.juntadeandalucia.es\/3033dea\/files\/2022\/03\/discalculia.jpg 1920w\" sizes=\"(max-width: 300px) 100vw, 300px\" \/><\/a><\/td>\n<\/tr>\n<tr>\n<td style=\"width: 25%;text-align: center\"><span style=\"font-size: 14pt;color: #ff6600\">Dislexia<\/span><\/td>\n<td style=\"width: 25%;text-align: center\"><span style=\"font-size: 14pt;color: #ff6600\">Disgraf\u00eda<\/span><\/td>\n<td style=\"width: 25%;text-align: center\"><span style=\"font-size: 14pt;color: #ff6600\">Disortograf\u00eda<\/span><\/td>\n<td style=\"width: 25%;text-align: center\"><span style=\"font-size: 14pt;color: #ff6600\">Discalculia<\/span><\/td>\n<\/tr>\n<tr>\n<td style=\"width: 25%\"><a href=\"https:\/\/view.genial.ly\/61a4a43ae71f0c0dfeba191e\/presentation-dia-rl-profesorado\" target=\"_blank\" rel=\"noopener noreferrer\"><img loading=\"lazy\" decoding=\"async\" class=\"alignnone size-medium wp-image-590\" src=\"https:\/\/blogsaverroes.juntadeandalucia.es\/3033dea\/files\/2022\/03\/retraso-lenguaje-300x198.jpg\" alt=\"\" width=\"300\" height=\"198\" srcset=\"https:\/\/blogsaverroes.juntadeandalucia.es\/3033dea\/files\/2022\/03\/retraso-lenguaje-300x198.jpg 300w, https:\/\/blogsaverroes.juntadeandalucia.es\/3033dea\/files\/2022\/03\/retraso-lenguaje-1024x676.jpg 1024w, https:\/\/blogsaverroes.juntadeandalucia.es\/3033dea\/files\/2022\/03\/retraso-lenguaje-768x507.jpg 768w, https:\/\/blogsaverroes.juntadeandalucia.es\/3033dea\/files\/2022\/03\/retraso-lenguaje-1536x1014.jpg 1536w, https:\/\/blogsaverroes.juntadeandalucia.es\/3033dea\/files\/2022\/03\/retraso-lenguaje.jpg 1920w\" sizes=\"(max-width: 300px) 100vw, 300px\" \/><\/a><\/td>\n<td style=\"width: 25%\"><a href=\"https:\/\/blogsaverroes.juntadeandalucia.es\/3033dea\/files\/2022\/03\/cerebro.png\"><img loading=\"lazy\" decoding=\"async\" class=\"alignnone size-medium wp-image-591\" src=\"https:\/\/blogsaverroes.juntadeandalucia.es\/3033dea\/files\/2022\/03\/cerebro-300x255.png\" alt=\"\" width=\"300\" height=\"255\" srcset=\"https:\/\/blogsaverroes.juntadeandalucia.es\/3033dea\/files\/2022\/03\/cerebro-300x255.png 300w, https:\/\/blogsaverroes.juntadeandalucia.es\/3033dea\/files\/2022\/03\/cerebro-1024x872.png 1024w, https:\/\/blogsaverroes.juntadeandalucia.es\/3033dea\/files\/2022\/03\/cerebro-768x654.png 768w, https:\/\/blogsaverroes.juntadeandalucia.es\/3033dea\/files\/2022\/03\/cerebro.png 1280w\" sizes=\"(max-width: 300px) 100vw, 300px\" \/><\/a><\/td>\n<td style=\"width: 25%\"><a href=\"https:\/\/blogsaverroes.juntadeandalucia.es\/3033dea\/files\/2022\/03\/tdah3.jpg\"><img loading=\"lazy\" decoding=\"async\" class=\"alignnone size-medium wp-image-592\" src=\"https:\/\/blogsaverroes.juntadeandalucia.es\/3033dea\/files\/2022\/03\/tdah3-300x200.jpg\" alt=\"\" width=\"300\" height=\"200\" srcset=\"https:\/\/blogsaverroes.juntadeandalucia.es\/3033dea\/files\/2022\/03\/tdah3-300x200.jpg 300w, https:\/\/blogsaverroes.juntadeandalucia.es\/3033dea\/files\/2022\/03\/tdah3-1024x683.jpg 1024w, https:\/\/blogsaverroes.juntadeandalucia.es\/3033dea\/files\/2022\/03\/tdah3-768x512.jpg 768w, https:\/\/blogsaverroes.juntadeandalucia.es\/3033dea\/files\/2022\/03\/tdah3-1536x1024.jpg 1536w, https:\/\/blogsaverroes.juntadeandalucia.es\/3033dea\/files\/2022\/03\/tdah3.jpg 1920w\" sizes=\"(max-width: 300px) 100vw, 300px\" \/><\/a><\/td>\n<td style=\"width: 25%\">&nbsp;<\/td>\n<\/tr>\n<tr>\n<td style=\"width: 25%;text-align: center\"><span style=\"font-size: 14pt;color: #ff6600\">DIA por Retraso en el Lenguaje<\/span><\/td>\n<td style=\"width: 25%;text-align: center\"><span style=\"font-size: 14pt;color: #ff6600\">DIA por Capacidad Intelectual L\u00edmite<\/span><\/td>\n<td style=\"width: 25%;text-align: center\"><span style=\"font-size: 14pt;color: #ff6600\">DIA derivadas de TDA-H<\/span><\/td>\n<td style=\"width: 25%\">&nbsp;<\/td>\n<\/tr>\n<\/tbody>\n<\/table>\n<p><span style=\"font-size: 18pt\"><strong>OTROS ASPECTOS DE INTER\u00c9S<\/strong><\/span><\/p>\n<table style=\"border-collapse: collapse;width: 100%\">\n<tbody>\n<tr>\n<td style=\"width: 25%\"><a href=\"https:\/\/drive.google.com\/file\/d\/1J8mw8tG50mBSd48kY5XVqtBqE6pGYm-b\/view?usp=sharing\" target=\"_blank\" rel=\"noopener noreferrer\"><img loading=\"lazy\" decoding=\"async\" class=\"alignnone size-medium wp-image-584\" src=\"https:\/\/blogsaverroes.juntadeandalucia.es\/3033dea\/files\/2022\/03\/woman-g2cdabcdd1_1920-300x200.jpg\" alt=\"\" width=\"300\" height=\"200\" srcset=\"https:\/\/blogsaverroes.juntadeandalucia.es\/3033dea\/files\/2022\/03\/woman-g2cdabcdd1_1920-300x200.jpg 300w, https:\/\/blogsaverroes.juntadeandalucia.es\/3033dea\/files\/2022\/03\/woman-g2cdabcdd1_1920-1024x683.jpg 1024w, https:\/\/blogsaverroes.juntadeandalucia.es\/3033dea\/files\/2022\/03\/woman-g2cdabcdd1_1920-768x512.jpg 768w, https:\/\/blogsaverroes.juntadeandalucia.es\/3033dea\/files\/2022\/03\/woman-g2cdabcdd1_1920-1536x1024.jpg 1536w, https:\/\/blogsaverroes.juntadeandalucia.es\/3033dea\/files\/2022\/03\/woman-g2cdabcdd1_1920.jpg 1920w\" sizes=\"(max-width: 300px) 100vw, 300px\" \/><\/a><\/td>\n<td style=\"width: 25%\">&nbsp;<\/td>\n<td style=\"width: 25%\">&nbsp;<\/td>\n<td style=\"width: 25%\">&nbsp;<\/td>\n<\/tr>\n<tr>\n<td style=\"width: 25%;text-align: center\"><span style=\"font-family: verdana, geneva, sans-serif;font-size: 14pt;color: #33cccc\">Tareas escolares<\/span><\/td>\n<td style=\"width: 25%\">&nbsp;<\/td>\n<td style=\"width: 25%\">&nbsp;<\/td>\n<td style=\"width: 25%\">&nbsp;<\/td>\n<\/tr>\n<\/tbody>\n<\/table>\n<p>&nbsp;<\/p>\n","protected":false},"excerpt":{"rendered":"<p>\u200b Dislexia Disgraf\u00eda Disortograf\u00eda Discalculia &nbsp; DIA por Retraso en el Lenguaje DIA por Capacidad Intelectual L\u00edmite DIA derivadas de TDA-H &nbsp; OTROS ASPECTOS DE&hellip;<\/p>\n","protected":false},"author":13590,"featured_media":0,"parent":0,"menu_order":0,"comment_status":"closed","ping_status":"closed","template":"","meta":{"ngg_post_thumbnail":0,"footnotes":""},"aioseo_notices":[],"_links":{"self":[{"href":"https:\/\/blogsaverroes.juntadeandalucia.es\/3033dea\/wp-json\/wp\/v2\/pages\/80"}],"collection":[{"href":"https:\/\/blogsaverroes.juntadeandalucia.es\/3033dea\/wp-json\/wp\/v2\/pages"}],"about":[{"href":"https:\/\/blogsaverroes.juntadeandalucia.es\/3033dea\/wp-json\/wp\/v2\/types\/page"}],"author":[{"embeddable":true,"href":"https:\/\/blogsaverroes.juntadeandalucia.es\/3033dea\/wp-json\/wp\/v2\/users\/13590"}],"replies":[{"embeddable":true,"href":"https:\/\/blogsaverroes.juntadeandalucia.es\/3033dea\/wp-json\/wp\/v2\/comments?post=80"}],"version-history":[{"count":10,"href":"https:\/\/blogsaverroes.juntadeandalucia.es\/3033dea\/wp-json\/wp\/v2\/pages\/80\/revisions"}],"predecessor-version":[{"id":715,"href":"https:\/\/blogsaverroes.juntadeandalucia.es\/3033dea\/wp-json\/wp\/v2\/pages\/80\/revisions\/715"}],"wp:attachment":[{"href":"https:\/\/blogsaverroes.juntadeandalucia.es\/3033dea\/wp-json\/wp\/v2\/media?parent=80"}],"curies":[{"name":"wp","href":"https:\/\/api.w.org\/{rel}","templated":true}]}}