{"id":94,"date":"2021-10-08T10:59:36","date_gmt":"2021-10-08T10:59:36","guid":{"rendered":"https:\/\/blogsaverroes.juntadeandalucia.es\/3033dea\/?page_id=94"},"modified":"2022-10-07T10:52:19","modified_gmt":"2022-10-07T10:52:19","slug":"educacion-infantil-orientadors","status":"publish","type":"page","link":"https:\/\/blogsaverroes.juntadeandalucia.es\/3033dea\/educacion-infantil-orientadors\/","title":{"rendered":"EDUCACI\u00d3N INFANTIL (orientador@s)"},"content":{"rendered":"<p><span style=\"font-family: verdana, geneva, sans-serif\">En este Genially ten\u00e9is el acceso a las diferentes p\u00e1ginas con la informaci\u00f3n del proceso de intervenci\u00f3n con el alumnado de Educaci\u00f3n Infantil <em><span style=\"font-size: 12pt\">(pulsad sobre los dibujos y los elementos interactivos para poder acceder)<\/span><\/em><\/span><\/p>\n<p>&nbsp;<\/p>\n<div style=\"width: 100%\">\n<div style=\"padding-bottom: 62.70%;padding-top: 0;height: 0\"><iframe loading=\"lazy\" src=\"https:\/\/view.genial.ly\/616f014f40c0ce0de3b63d16\" width=\"689\" height=\"432\" frameborder=\"0\" scrolling=\"yes\"><\/iframe><\/div>\n<\/div>\n","protected":false},"excerpt":{"rendered":"<p>En este Genially ten\u00e9is el acceso a las diferentes p\u00e1ginas con la informaci\u00f3n del proceso de intervenci\u00f3n con el alumnado de Educaci\u00f3n Infantil (pulsad sobre&hellip;<\/p>\n","protected":false},"author":13590,"featured_media":0,"parent":0,"menu_order":0,"comment_status":"closed","ping_status":"closed","template":"","meta":{"ngg_post_thumbnail":0,"footnotes":""},"aioseo_notices":[],"_links":{"self":[{"href":"https:\/\/blogsaverroes.juntadeandalucia.es\/3033dea\/wp-json\/wp\/v2\/pages\/94"}],"collection":[{"href":"https:\/\/blogsaverroes.juntadeandalucia.es\/3033dea\/wp-json\/wp\/v2\/pages"}],"about":[{"href":"https:\/\/blogsaverroes.juntadeandalucia.es\/3033dea\/wp-json\/wp\/v2\/types\/page"}],"author":[{"embeddable":true,"href":"https:\/\/blogsaverroes.juntadeandalucia.es\/3033dea\/wp-json\/wp\/v2\/users\/13590"}],"replies":[{"embeddable":true,"href":"https:\/\/blogsaverroes.juntadeandalucia.es\/3033dea\/wp-json\/wp\/v2\/comments?post=94"}],"version-history":[{"count":8,"href":"https:\/\/blogsaverroes.juntadeandalucia.es\/3033dea\/wp-json\/wp\/v2\/pages\/94\/revisions"}],"predecessor-version":[{"id":683,"href":"https:\/\/blogsaverroes.juntadeandalucia.es\/3033dea\/wp-json\/wp\/v2\/pages\/94\/revisions\/683"}],"wp:attachment":[{"href":"https:\/\/blogsaverroes.juntadeandalucia.es\/3033dea\/wp-json\/wp\/v2\/media?parent=94"}],"curies":[{"name":"wp","href":"https:\/\/api.w.org\/{rel}","templated":true}]}}