{"id":11,"date":"2022-10-24T12:44:21","date_gmt":"2022-10-24T12:44:21","guid":{"rendered":"https:\/\/blogsaverroes.juntadeandalucia.es\/5cprimaria\/?page_id=11"},"modified":"2022-10-24T12:44:21","modified_gmt":"2022-10-24T12:44:21","slug":"quien-soy","status":"publish","type":"page","link":"https:\/\/blogsaverroes.juntadeandalucia.es\/5cprimaria\/quien-soy\/","title":{"rendered":"\u00bfQui\u00e9n soy?"},"content":{"rendered":"<p>Mi nombre es Juan Manuel, soy maestro de Educaci\u00f3n Primaria desde hace m\u00e1s 15 a\u00f1os. Mi ilusi\u00f3n por mi trabajo y las ganas de innovar me han llevado a formarme en metodolog\u00edas activas como el ABP (Aprendizaje basado en Proyectos) siendo este blog el mejor medio para compartir mi experiencia y trabajo.<\/p>\n","protected":false},"excerpt":{"rendered":"<p>Mi nombre es Juan Manuel, soy maestro de Educaci\u00f3n Primaria desde hace m\u00e1s 15 a\u00f1os. Mi ilusi\u00f3n por mi trabajo y las ganas de innovar me han llevado a formarme en metodolog\u00edas activas como&#46;&#46;&#46;<\/p>\n","protected":false},"author":15873,"featured_media":0,"parent":0,"menu_order":0,"comment_status":"closed","ping_status":"closed","template":"","meta":{"ngg_post_thumbnail":0,"footnotes":""},"aioseo_notices":[],"_links":{"self":[{"href":"https:\/\/blogsaverroes.juntadeandalucia.es\/5cprimaria\/wp-json\/wp\/v2\/pages\/11"}],"collection":[{"href":"https:\/\/blogsaverroes.juntadeandalucia.es\/5cprimaria\/wp-json\/wp\/v2\/pages"}],"about":[{"href":"https:\/\/blogsaverroes.juntadeandalucia.es\/5cprimaria\/wp-json\/wp\/v2\/types\/page"}],"author":[{"embeddable":true,"href":"https:\/\/blogsaverroes.juntadeandalucia.es\/5cprimaria\/wp-json\/wp\/v2\/users\/15873"}],"replies":[{"embeddable":true,"href":"https:\/\/blogsaverroes.juntadeandalucia.es\/5cprimaria\/wp-json\/wp\/v2\/comments?post=11"}],"version-history":[{"count":1,"href":"https:\/\/blogsaverroes.juntadeandalucia.es\/5cprimaria\/wp-json\/wp\/v2\/pages\/11\/revisions"}],"predecessor-version":[{"id":12,"href":"https:\/\/blogsaverroes.juntadeandalucia.es\/5cprimaria\/wp-json\/wp\/v2\/pages\/11\/revisions\/12"}],"wp:attachment":[{"href":"https:\/\/blogsaverroes.juntadeandalucia.es\/5cprimaria\/wp-json\/wp\/v2\/media?parent=11"}],"curies":[{"name":"wp","href":"https:\/\/api.w.org\/{rel}","templated":true}]}}