{"id":1026,"date":"2023-10-04T06:03:54","date_gmt":"2023-10-04T04:03:54","guid":{"rendered":"https:\/\/blogsaverroes.juntadeandalucia.es\/abelam\/?page_id=1026"},"modified":"2023-10-04T06:04:31","modified_gmt":"2023-10-04T04:04:31","slug":"sc1","status":"publish","type":"page","link":"https:\/\/blogsaverroes.juntadeandalucia.es\/abelam\/curso-2023-2024\/gh4\/sc1\/","title":{"rendered":"SC1"},"content":{"rendered":"<p><strong>SECUENCIA 1: EL GRAN CAMBIO<\/strong><\/p>\n<figure id=\"attachment_1027\" aria-describedby=\"caption-attachment-1027\" style=\"width: 300px\" class=\"wp-caption alignleft\"><img loading=\"lazy\" decoding=\"async\" class=\"size-medium wp-image-1027\" src=\"https:\/\/blogsaverroes.juntadeandalucia.es\/abelam\/files\/2023\/10\/B1_TURNER_LLUVIA_-VAPOR-Y-VELOCIDAD_jpg-300x220.jpg\" alt=\"\" width=\"300\" height=\"220\" srcset=\"https:\/\/blogsaverroes.juntadeandalucia.es\/abelam\/files\/2023\/10\/B1_TURNER_LLUVIA_-VAPOR-Y-VELOCIDAD_jpg-300x220.jpg 300w, https:\/\/blogsaverroes.juntadeandalucia.es\/abelam\/files\/2023\/10\/B1_TURNER_LLUVIA_-VAPOR-Y-VELOCIDAD_jpg-768x564.jpg 768w, https:\/\/blogsaverroes.juntadeandalucia.es\/abelam\/files\/2023\/10\/B1_TURNER_LLUVIA_-VAPOR-Y-VELOCIDAD_jpg.jpg 800w\" sizes=\"(max-width: 300px) 100vw, 300px\" \/><figcaption id=\"caption-attachment-1027\" class=\"wp-caption-text\">Turner: Lluvia, vapor y velocidad.<\/figcaption><\/figure>\n<p>Comenzamos el curso de Historia Contempor\u00e1nea atendiendo al cambio de era hist\u00f3rica que supuso el paso del Antiguo R\u00e9gimen a la sociedad de clases actual. Las revoluciones liberales e industrial supusieron grandes transformaciones en nuestra forma de vivir. Los sistemas pol\u00edticos que hoy vivimos, as\u00ed como las bases de nuestra econom\u00eda se encuentran en estos procesos hist\u00f3ricos a los que nos acercaremos mediante diferentes actividades: Elaboraci\u00f3n de s\u00edntesis, de composiciones, participaci\u00f3n en debates, juegos de rol y entrevistas a personajes hist\u00f3ricos.<\/p>\n<p><a href=\"https:\/\/drive.google.com\/file\/d\/1FRoSnB-pF_PS9n0GtLsUPjbQ-vaEVlmC\/view?usp=drive_link\" target=\"_blank\" rel=\"noopener noreferrer\">Tarea 1. Cuadro resumen.<\/a><\/p>\n<p><a href=\"https:\/\/drive.google.com\/file\/d\/12KOomSx99BczN-47JPMrJQ3hGoj_HE-B\/view?usp=drive_link\" target=\"_blank\" rel=\"noopener noreferrer\">Tarea 2. Participaci\u00f3n en debates.<\/a><\/p>\n<p><a href=\"https:\/\/drive.google.com\/file\/d\/1EodhAngBCp4pjtf49KgFV-7uYLvjORg-\/view?usp=drive_link\" target=\"_blank\" rel=\"noopener noreferrer\">Tarea 3. Entrevista a personajes hist\u00f3ricos.<\/a><\/p>\n<p><a href=\"https:\/\/drive.google.com\/file\/d\/1ZehY4iASyqZLEd5ShSJn_SKz9U-NG45y\/view?usp=drive_link\" target=\"_blank\" rel=\"noopener noreferrer\">Tarea 4. Composici\u00f3n escrita.<\/a><\/p>\n<p><a href=\"https:\/\/drive.google.com\/file\/d\/19MUYYVmPBdzvGRKw3TmDHfbHOzPXnQHf\/view?usp=drive_link\" target=\"_blank\" rel=\"noopener noreferrer\">Tarea 5. Rol Play ambientada en la Revoluci\u00f3n Industrial.<\/a><\/p>\n<p><a href=\"https:\/\/drive.google.com\/file\/d\/12MXtciwm03pGRDOaGNogUOMWXpXf1vSG\/view?usp=drive_link\" target=\"_blank\" rel=\"noopener noreferrer\">Recursos.<\/a><\/p>\n<p><a href=\"https:\/\/drive.google.com\/file\/d\/1Gu_yLonCZCZgd-h2SOg8ALWyGYkRQv6n\/view?usp=drive_link\" target=\"_blank\" rel=\"noopener noreferrer\">Cuestionario de Evaluaci\u00f3n.<\/a><\/p>\n","protected":false},"excerpt":{"rendered":"<p>SECUENCIA 1: EL GRAN CAMBIO Comenzamos el curso de Historia Contempor\u00e1nea atendiendo al cambio de era hist\u00f3rica que supuso el paso del Antiguo R\u00e9gimen a la sociedad de clases actual. Las revoluciones liberales e industrial supusieron grandes transformaciones en nuestra forma de vivir. Los sistemas pol\u00edticos que hoy vivimos, as\u00ed como las bases de nuestra &hellip; <a href=\"https:\/\/blogsaverroes.juntadeandalucia.es\/abelam\/curso-2023-2024\/gh4\/sc1\/\" class=\"more-link\">Seguir leyendo <span class=\"screen-reader-text\">SC1<\/span> <span class=\"meta-nav\">&rarr;<\/span><\/a><\/p>\n","protected":false},"author":12632,"featured_media":0,"parent":975,"menu_order":0,"comment_status":"closed","ping_status":"closed","template":"","meta":{"ngg_post_thumbnail":0,"footnotes":""},"aioseo_notices":[],"_links":{"self":[{"href":"https:\/\/blogsaverroes.juntadeandalucia.es\/abelam\/wp-json\/wp\/v2\/pages\/1026"}],"collection":[{"href":"https:\/\/blogsaverroes.juntadeandalucia.es\/abelam\/wp-json\/wp\/v2\/pages"}],"about":[{"href":"https:\/\/blogsaverroes.juntadeandalucia.es\/abelam\/wp-json\/wp\/v2\/types\/page"}],"author":[{"embeddable":true,"href":"https:\/\/blogsaverroes.juntadeandalucia.es\/abelam\/wp-json\/wp\/v2\/users\/12632"}],"replies":[{"embeddable":true,"href":"https:\/\/blogsaverroes.juntadeandalucia.es\/abelam\/wp-json\/wp\/v2\/comments?post=1026"}],"version-history":[{"count":2,"href":"https:\/\/blogsaverroes.juntadeandalucia.es\/abelam\/wp-json\/wp\/v2\/pages\/1026\/revisions"}],"predecessor-version":[{"id":1029,"href":"https:\/\/blogsaverroes.juntadeandalucia.es\/abelam\/wp-json\/wp\/v2\/pages\/1026\/revisions\/1029"}],"up":[{"embeddable":true,"href":"https:\/\/blogsaverroes.juntadeandalucia.es\/abelam\/wp-json\/wp\/v2\/pages\/975"}],"wp:attachment":[{"href":"https:\/\/blogsaverroes.juntadeandalucia.es\/abelam\/wp-json\/wp\/v2\/media?parent=1026"}],"curies":[{"name":"wp","href":"https:\/\/api.w.org\/{rel}","templated":true}]}}