{"id":1076,"date":"2023-11-11T09:51:26","date_gmt":"2023-11-11T07:51:26","guid":{"rendered":"https:\/\/blogsaverroes.juntadeandalucia.es\/abelam\/?page_id=1076"},"modified":"2023-11-11T09:51:26","modified_gmt":"2023-11-11T07:51:26","slug":"sc2","status":"publish","type":"page","link":"https:\/\/blogsaverroes.juntadeandalucia.es\/abelam\/curso-2023-2024\/hmc\/sc2\/","title":{"rendered":"SC2"},"content":{"rendered":"<p><strong>LA SOCIEDAD DEL SIGLO XIX<\/strong><\/p>\n<figure id=\"attachment_1077\" aria-describedby=\"caption-attachment-1077\" style=\"width: 299px\" class=\"wp-caption alignleft\"><img loading=\"lazy\" decoding=\"async\" class=\" wp-image-1077\" src=\"https:\/\/blogsaverroes.juntadeandalucia.es\/abelam\/files\/2023\/11\/B9_DELACROIX_LA-LIBERTAD-GUIANDO-AL-PUEBLO_1830_jpg.jpg\" alt=\"\" width=\"299\" height=\"234\" srcset=\"https:\/\/blogsaverroes.juntadeandalucia.es\/abelam\/files\/2023\/11\/B9_DELACROIX_LA-LIBERTAD-GUIANDO-AL-PUEBLO_1830_jpg.jpg 800w, https:\/\/blogsaverroes.juntadeandalucia.es\/abelam\/files\/2023\/11\/B9_DELACROIX_LA-LIBERTAD-GUIANDO-AL-PUEBLO_1830_jpg-300x235.jpg 300w, https:\/\/blogsaverroes.juntadeandalucia.es\/abelam\/files\/2023\/11\/B9_DELACROIX_LA-LIBERTAD-GUIANDO-AL-PUEBLO_1830_jpg-768x601.jpg 768w\" sizes=\"(max-width: 299px) 100vw, 299px\" \/><figcaption id=\"caption-attachment-1077\" class=\"wp-caption-text\">La Libertad guiando al pueblo (E. Delacroix)<\/figcaption><\/figure>\n<p dir=\"ltr\">En esta segunda secuencia nos sumergimos en el estudio hist\u00f3rico de la sociedad europea que se configura tras el final del Antiguo R\u00e9gimen. As\u00ed, estudiaremos la Restauraci\u00f3n del Absolutismo por parte del Congreso de Viena, las respuestas revolucionarias de 1820, 1830 y 1848 como secuelas de la Revoluci\u00f3n Francesa y la articulaci\u00f3n de las ideolog\u00edas liberal y nacionalista que cuajan en las unificaciones de los estados de Italia y Alemania. Seguidamente, atenderemos a la historia social y exploraremos c\u00f3mo estas revoluciones pol\u00edticas junto con la industrial transformaron profundamente las formas de vida, dando lugar a una nueva sociedad y culturas caracterizadas por lo masivo. Y tambi\u00e9n veremos como de esas condiciones de vida emergen nuevos movimientos sociales e ideolog\u00edas, ser\u00e1 el momento de estudiar el nacimiento de los sindicatos, el socialismo, el comunismo, el anarquismo y el feminismo.&nbsp;<\/p>\n<p dir=\"ltr\">Todo esto lo estudiaremos a trav\u00e9s de la realizaci\u00f3n de esquemas y s\u00edntesis, exposiciones orales, composiciones de textos y debates.<\/p>\n<div class=\"d-flex flex-column flex-md-row w-100 align-self-start\">\n<div class=\"activity-instance d-flex flex-column\">\n<div class=\"activitytitle media  modtype_assign position-relative align-self-start\">\n<div class=\"media-body align-self-center\">\n<div class=\"activityname\"><span class=\"inplaceeditable inplaceeditable-text\" data-inplaceeditable=\"1\" data-component=\"core_course\" data-itemtype=\"activityname\" data-itemid=\"411749\" data-value=\"Tarea 1. Esquema\" data-editlabel=\"Nuevo nombre para actividad Tarea 1. Esquema\" data-type=\"text\" data-options=\"\"> <a class=\" aalink stretched-link\" href=\"https:\/\/drive.google.com\/file\/d\/1hd0oBlSwx14hi0-QM0hZTCGq9uynhn5y\/view?usp=drive_link\" target=\"_blank\" rel=\"noopener noreferrer\"> <span class=\"instancename\">Tarea 1. Esquema <\/span> <\/a> <i class=\"icon fa fa-pencil fa-fw \" title=\"Editar t\u00edtulo\" aria-label=\"Editar t\u00edtulo\"><\/i> <\/span><\/div>\n<\/div>\n<\/div>\n<\/div>\n<div class=\"activity-info mt-1 mt-md-0\">\n<div class=\"activity-information\" data-region=\"activity-information\" data-activityname=\"Tarea 1. Esquema\">&nbsp;<\/div>\n<\/div>\n<\/div>\n<div class=\"activity-actions align-self-start\">\n<div class=\"cm_action_menu actions\" data-cmid=\"411749\">\n<div id=\"action-menu-2\" class=\"action-menu moodle-actionmenu section-cm-edit-actions commands\" data-enhance=\"moodle-core-actionmenu\" data-owner=\"#module-411749\">\n<div class=\"activityname\"><span class=\"inplaceeditable inplaceeditable-text\" data-inplaceeditable=\"1\" data-component=\"core_course\" data-itemtype=\"activityname\" data-itemid=\"411750\" data-value=\"Tarea 1. Temas, fechas y personas de las exposiciones\" data-editlabel=\"Nuevo nombre para actividad Tarea 1. Temas, fechas y personas de las exposiciones\" data-type=\"text\" data-options=\"\"><a class=\" aalink stretched-link\" href=\"https:\/\/docs.google.com\/document\/d\/1qGKm4PAMOfrcEyDtprt6Fk-SiNJyPKtLnblSQazbSmA\/edit?usp=drive_link\" target=\"_blank\" rel=\"noopener noreferrer\"><span class=\"instancename\">Tarea 1. Temas, fechas y personas de las exposiciones<\/span> <\/a> <\/span><\/div>\n<\/div>\n<\/div>\n<\/div>\n<div class=\"activity-item \" data-activityname=\"Tarea 1. Temas, fechas y personas de las exposiciones\">\n<div class=\"activity-basis d-flex align-items-center\">\n<div class=\"d-flex flex-column flex-md-row w-100 align-self-start\">\n<div class=\"activity-info mt-1 mt-md-0\">&nbsp;<\/div>\n<\/div>\n<\/div>\n<\/div>\n<div class=\"activity-item \" data-activityname=\"Tarea 2. Cuaderno de clase.\">\n<div class=\"activity-basis d-flex align-items-center\">\n<div class=\"d-flex flex-column flex-md-row w-100 align-self-start\">\n<div class=\"activity-instance d-flex flex-column\">\n<div class=\"activitytitle media  modtype_assign position-relative align-self-start\">\n<div class=\"media-body align-self-center\">\n<div class=\"activityname\"><span class=\"inplaceeditable inplaceeditable-text\" data-inplaceeditable=\"1\" data-component=\"core_course\" data-itemtype=\"activityname\" data-itemid=\"411753\" data-value=\"Tarea 2. Cuaderno de clase.\" data-editlabel=\"Nuevo nombre para actividad Tarea 2. Cuaderno de clase.\" data-type=\"text\" data-options=\"\"> <a class=\" aalink stretched-link\" href=\"https:\/\/drive.google.com\/file\/d\/1eOUKt887kHM5nM3j1VWhZaSVpgYQuHq7\/view?usp=drive_link\" target=\"_blank\" rel=\"noopener noreferrer\"> <span class=\"instancename\">Tarea 2. Cuaderno de clase. <\/span> <\/a> <i class=\"icon fa fa-pencil fa-fw \" title=\"Editar t\u00edtulo\" aria-label=\"Editar t\u00edtulo\"><\/i> <\/span><\/div>\n<\/div>\n<\/div>\n<\/div>\n<div class=\"activity-info mt-1 mt-md-0\">\n<div class=\"activity-information\" data-region=\"activity-information\" data-activityname=\"Tarea 2. Cuaderno de clase.\">&nbsp;<\/div>\n<\/div>\n<\/div>\n<\/div>\n<\/div>\n<div class=\"activity-item \" data-activityname=\"Tarea 3. Composici\u00f3n\">\n<div class=\"activity-basis d-flex align-items-center\">\n<div class=\"d-flex flex-column flex-md-row w-100 align-self-start\">\n<div class=\"activity-instance d-flex flex-column\">\n<div class=\"activitytitle media  modtype_assign position-relative align-self-start\">\n<div class=\"media-body align-self-center\">\n<div class=\"activityname\"><span class=\"inplaceeditable inplaceeditable-text\" data-inplaceeditable=\"1\" data-component=\"core_course\" data-itemtype=\"activityname\" data-itemid=\"411754\" data-value=\"Tarea 3. Composici\u00f3n\" data-editlabel=\"Nuevo nombre para actividad Tarea 3. Composici\u00f3n\" data-type=\"text\" data-options=\"\"> <a class=\" aalink stretched-link\" href=\"https:\/\/drive.google.com\/file\/d\/1K9sAYfLCjCAKZCaIg4P8JnnCfd-18Urf\/view?usp=drive_link\" target=\"_blank\" rel=\"noopener noreferrer\"> <span class=\"instancename\">Tarea 3. Composici\u00f3n <\/span> <\/a> <i class=\"icon fa fa-pencil fa-fw \" title=\"Editar t\u00edtulo\" aria-label=\"Editar t\u00edtulo\"><\/i> <\/span><\/div>\n<\/div>\n<\/div>\n<\/div>\n<div class=\"activity-info mt-1 mt-md-0\">\n<div class=\"activity-information\" data-region=\"activity-information\" data-activityname=\"Tarea 3. Composici\u00f3n\">&nbsp;<\/div>\n<\/div>\n<\/div>\n<\/div>\n<\/div>\n<div class=\"activity-item \" data-activityname=\"Tarea 4. Participaci\u00f3n en debates\">\n<div class=\"activity-basis d-flex align-items-center\">\n<div class=\"d-flex flex-column flex-md-row w-100 align-self-start\">\n<div class=\"activity-instance d-flex flex-column\">\n<div class=\"activitytitle media  modtype_url position-relative align-self-start\">\n<div class=\"media-body align-self-center\">\n<div class=\"activityname\"><span class=\"inplaceeditable inplaceeditable-text\" data-inplaceeditable=\"1\" data-component=\"core_course\" data-itemtype=\"activityname\" data-itemid=\"411755\" data-value=\"Tarea 4. Participaci\u00f3n en debates\" data-editlabel=\"Nuevo nombre para actividad Tarea 4. Participaci\u00f3n en debates\" data-type=\"text\" data-options=\"\"> <a class=\" aalink stretched-link\" href=\"https:\/\/drive.google.com\/file\/d\/1QbnjepG6aDZjvwWpT9mbtkGPg9xGqeSw\/view?usp=drive_link\" target=\"_blank\" rel=\"noopener noreferrer\"> <span class=\"instancename\">Tarea 4. Participaci\u00f3n en debates<\/span> <\/a> <\/span><\/div>\n<\/div>\n<\/div>\n<\/div>\n<div class=\"activity-info mt-1 mt-md-0\">\n<div class=\"activity-information\" data-region=\"activity-information\" data-activityname=\"Tarea 4. Participaci\u00f3n en debates\">&nbsp;<\/div>\n<\/div>\n<\/div>\n<\/div>\n<\/div>\n<div class=\"activity-item \" data-activityname=\"Documentos de inter\u00e9s\">\n<div class=\"activity-basis d-flex align-items-center\">\n<div class=\"d-flex flex-column flex-md-row w-100 align-self-start\">\n<div class=\"activity-instance d-flex flex-column\">\n<div class=\"activitytitle media  modtype_url position-relative align-self-start\">\n<div class=\"media-body align-self-center\">\n<div class=\"activityname\"><span class=\"inplaceeditable inplaceeditable-text\" data-inplaceeditable=\"1\" data-component=\"core_course\" data-itemtype=\"activityname\" data-itemid=\"411761\" data-value=\"Documentos de inter\u00e9s\" data-editlabel=\"Nuevo nombre para actividad Documentos de inter\u00e9s\" data-type=\"text\" data-options=\"\"> <a class=\" aalink stretched-link\" href=\"https:\/\/drive.google.com\/drive\/folders\/1aZ4Ouge1m9_6ImUUHCOWvE4EH6UfQoHM?usp=drive_link\" target=\"_blank\" rel=\"noopener noreferrer\"> <span class=\"instancename\">Documentos de inter\u00e9s<\/span> <\/a> <\/span><\/div>\n<\/div>\n<\/div>\n<\/div>\n<div class=\"activity-info mt-1 mt-md-0\">\n<div class=\"activity-information\" data-region=\"activity-information\" data-activityname=\"Documentos de inter\u00e9s\">&nbsp;<\/div>\n<\/div>\n<\/div>\n<\/div>\n<\/div>\n<div class=\"activity-item \" data-activityname=\"Recursos complementarios\">\n<div class=\"activity-basis d-flex align-items-center\">\n<div class=\"d-flex flex-column flex-md-row w-100 align-self-start\">\n<div class=\"activity-instance d-flex flex-column\">\n<div class=\"activitytitle media  modtype_url position-relative align-self-start\">\n<div class=\"media-body align-self-center\">\n<div class=\"activityname\"><span class=\"inplaceeditable inplaceeditable-text\" data-inplaceeditable=\"1\" data-component=\"core_course\" data-itemtype=\"activityname\" data-itemid=\"411752\" data-value=\"Recursos complementarios\" data-editlabel=\"Nuevo nombre para actividad Recursos complementarios\" data-type=\"text\" data-options=\"\"> <a class=\" aalink stretched-link\" href=\"https:\/\/drive.google.com\/file\/d\/1IBw13GFt5tlr2YB83V9r77PCPOJvmu57\/view?usp=drive_link\" target=\"_blank\" rel=\"noopener noreferrer\"> <span class=\"instancename\">Recursos complementarios<\/span> <\/a> <\/span><\/div>\n<\/div>\n<\/div>\n<\/div>\n<div class=\"activity-info mt-1 mt-md-0\">\n<div class=\"activity-information\" data-region=\"activity-information\" data-activityname=\"Recursos complementarios\">&nbsp;<\/div>\n<\/div>\n<\/div>\n<div class=\"activity-actions align-self-start\">\n<div class=\"cm_action_menu actions\" data-cmid=\"411752\">\n<div id=\"action-menu-8\" class=\"action-menu moodle-actionmenu section-cm-edit-actions commands\" data-enhance=\"moodle-core-actionmenu\" data-owner=\"#module-411752\">\n<div id=\"action-menu-8-menubar\" class=\"menubar d-flex \">\n<div class=\"dropdown\"><span class=\"inplaceeditable inplaceeditable-text\" data-inplaceeditable=\"1\" data-component=\"core_course\" data-itemtype=\"activityname\" data-itemid=\"411751\" data-value=\"Cuestionario de evaluaci\u00f3n de la secuencia 2\" data-editlabel=\"Nuevo nombre para actividad Cuestionario de evaluaci\u00f3n de la secuencia 2\" data-type=\"text\" data-options=\"\"><a class=\" aalink stretched-link\" href=\"https:\/\/drive.google.com\/file\/d\/1lPVSwQYnFbruy47BgFrCtnqiPsOn5EtZ\/view?usp=drive_link\" target=\"_blank\" rel=\"noopener noreferrer\"><span class=\"instancename\">Cuestionario de evaluaci\u00f3n de la secuencia 2&nbsp;<\/span> <\/a> <\/span><\/div>\n<\/div>\n<\/div>\n<\/div>\n<\/div>\n<\/div>\n<\/div>\n<div class=\"activity-item \" data-activityname=\"Recursos complementarios\">\n<div class=\"activity-basis d-flex align-items-center\">\n<div class=\"activity-actions align-self-start\">\n<div class=\"cm_action_menu actions\" data-cmid=\"411751\">\n<div id=\"action-menu-9\" class=\"action-menu moodle-actionmenu section-cm-edit-actions commands\" data-enhance=\"moodle-core-actionmenu\" data-owner=\"#module-411751\">&nbsp;<\/div>\n<\/div>\n<\/div>\n<\/div>\n<\/div>\n<p>&nbsp;<\/p>\n","protected":false},"excerpt":{"rendered":"<p>LA SOCIEDAD DEL SIGLO XIX En esta segunda secuencia nos sumergimos en el estudio hist\u00f3rico de la sociedad europea que se configura tras el final del Antiguo R\u00e9gimen. As\u00ed, estudiaremos la Restauraci\u00f3n del Absolutismo por parte del Congreso de Viena, las respuestas revolucionarias de 1820, 1830 y 1848 como secuelas de la Revoluci\u00f3n Francesa y &hellip; <a href=\"https:\/\/blogsaverroes.juntadeandalucia.es\/abelam\/curso-2023-2024\/hmc\/sc2\/\" class=\"more-link\">Seguir leyendo <span class=\"screen-reader-text\">SC2<\/span> <span class=\"meta-nav\">&rarr;<\/span><\/a><\/p>\n","protected":false},"author":12632,"featured_media":0,"parent":980,"menu_order":0,"comment_status":"closed","ping_status":"closed","template":"","meta":{"ngg_post_thumbnail":0,"footnotes":""},"aioseo_notices":[],"_links":{"self":[{"href":"https:\/\/blogsaverroes.juntadeandalucia.es\/abelam\/wp-json\/wp\/v2\/pages\/1076"}],"collection":[{"href":"https:\/\/blogsaverroes.juntadeandalucia.es\/abelam\/wp-json\/wp\/v2\/pages"}],"about":[{"href":"https:\/\/blogsaverroes.juntadeandalucia.es\/abelam\/wp-json\/wp\/v2\/types\/page"}],"author":[{"embeddable":true,"href":"https:\/\/blogsaverroes.juntadeandalucia.es\/abelam\/wp-json\/wp\/v2\/users\/12632"}],"replies":[{"embeddable":true,"href":"https:\/\/blogsaverroes.juntadeandalucia.es\/abelam\/wp-json\/wp\/v2\/comments?post=1076"}],"version-history":[{"count":2,"href":"https:\/\/blogsaverroes.juntadeandalucia.es\/abelam\/wp-json\/wp\/v2\/pages\/1076\/revisions"}],"predecessor-version":[{"id":1425,"href":"https:\/\/blogsaverroes.juntadeandalucia.es\/abelam\/wp-json\/wp\/v2\/pages\/1076\/revisions\/1425"}],"up":[{"embeddable":true,"href":"https:\/\/blogsaverroes.juntadeandalucia.es\/abelam\/wp-json\/wp\/v2\/pages\/980"}],"wp:attachment":[{"href":"https:\/\/blogsaverroes.juntadeandalucia.es\/abelam\/wp-json\/wp\/v2\/media?parent=1076"}],"curies":[{"name":"wp","href":"https:\/\/api.w.org\/{rel}","templated":true}]}}