{"id":1090,"date":"2023-12-09T09:49:09","date_gmt":"2023-12-09T07:49:09","guid":{"rendered":"https:\/\/blogsaverroes.juntadeandalucia.es\/abelam\/?page_id=1090"},"modified":"2024-09-10T08:03:27","modified_gmt":"2024-09-10T06:03:27","slug":"3gh-sc2","status":"publish","type":"page","link":"https:\/\/blogsaverroes.juntadeandalucia.es\/abelam\/curso-2023-2024\/gh3\/3gh-sc2\/","title":{"rendered":"3GH.SC2"},"content":{"rendered":"<p><strong>SECUENCIA 2. LO QUE MUEVE EL MUNDO<\/strong><\/p>\n<figure id=\"attachment_1091\" aria-describedby=\"caption-attachment-1091\" style=\"width: 211px\" class=\"wp-caption alignleft\"><img loading=\"lazy\" decoding=\"async\" class=\"size-medium wp-image-1091\" src=\"https:\/\/blogsaverroes.juntadeandalucia.es\/abelam\/files\/2023\/12\/miguel-brieva-dinero-211x300.jpg\" alt=\"\" width=\"211\" height=\"300\" srcset=\"https:\/\/blogsaverroes.juntadeandalucia.es\/abelam\/files\/2023\/12\/miguel-brieva-dinero-211x300.jpg 211w, https:\/\/blogsaverroes.juntadeandalucia.es\/abelam\/files\/2023\/12\/miguel-brieva-dinero.jpg 350w\" sizes=\"(max-width: 211px) 100vw, 211px\" \/><figcaption id=\"caption-attachment-1091\" class=\"wp-caption-text\">Portada de la revista Dinero, por Miguel Brieva.<\/figcaption><\/figure>\n<p dir=\"ltr\">En el segundo trimestre de nuestro curso abordamos, tras adquirir las bases y rudimentos de la materia en la primera evaluaci\u00f3n, el estudio de la Geograf\u00eda econ\u00f3mica. As\u00ed, veremos los distintos factores de la actividad econ\u00f3mica as\u00ed como distintas maneras de organizarse \u00e9stos y su proceso de globalizaci\u00f3n en las \u00faltimas d\u00e9cadas. Luego nos acercaremos al conocimiento de los diferentes sectores productivos (primario, secundario y terciario) para tratar de ver c\u00f3mo se materializan en productos concretos de nuestra vida cotidiana.&nbsp;<\/p>\n<p dir=\"ltr\">La metodolog\u00eda de la secuencia seguir\u00e1 teniendo un cariz activo y competencial, as\u00ed, adem\u00e1s de atender a nuestra actitud en clase y a nuestros h\u00e1bitos de trabajo (mediante la revisi\u00f3n de la libreta el 8 de febrero), analizaremos la relevancia de ciertos pa\u00edses en la econom\u00eda mundial (Tarea 1. Informe pa\u00eds), debatiremos sobre algunos dilemas presentes en la actualizada (Tarea 2. Debates) y seguiremos la pista de los materiales, procesos, relaciones y residuos que hay alrededor de algunos productos de uso cotidiano (Tarea 3. Traza de productos). Tras todo esto, esperamos llegar al final del trimestre con mayor conocimiento y conciencia de c\u00f3mo se mueve el mundo y de nuestro papel en ello.&nbsp;<\/p>\n<p dir=\"ltr\"><a href=\"https:\/\/drive.google.com\/file\/d\/1mg3RhwyFZHs8ha_iY2oyqTquJkOYnAnj\/view?usp=drive_link\" target=\"_blank\" rel=\"noopener noreferrer\">Tarea 1. Informe de pa\u00eds<\/a>.<\/p>\n<p><a href=\"https:\/\/docs.google.com\/document\/d\/1maINRrUEkxTEpek0VyBeLlMrcsc-gNOqC4pxFuJv8uI\/edit?usp=drive_link\" target=\"_blank\" rel=\"noopener noreferrer\">Tarea 1, Ficha de pa\u00eds<\/a>.<\/p>\n<p dir=\"ltr\"><a href=\"https:\/\/drive.google.com\/file\/d\/1wsEHdWA7c3PTmQ9vnQ9iWUo8CTnX6juJ\/view?usp=drive_link\" target=\"_blank\" rel=\"noopener noreferrer\">Tarea 2. Participaci\u00f3n en los debates<\/a>.<\/p>\n<p dir=\"ltr\"><a href=\"https:\/\/drive.google.com\/file\/d\/1sZV9xavHKuP4Z64mScJhafO8x5eQUHrH\/view?usp=drive_link\" target=\"_blank\" rel=\"noopener noreferrer\">Tarea 3. Traza de un producto<\/a>.<\/p>\n<p dir=\"ltr\"><a href=\"https:\/\/drive.google.com\/file\/d\/1JW2nzGsckDIMbmaIJHy3bV-W3ArY3Ycd\/view?usp=drive_link\" target=\"_blank\" rel=\"noopener noreferrer\">Dossier de recursos.<\/a><\/p>\n<p dir=\"ltr\"><a href=\"https:\/\/drive.google.com\/file\/d\/1jmgMG6sB8rWW3va_As30mVXR5cXV17v7\/view\" target=\"_blank\" rel=\"noopener noreferrer\">Dossier cartographique<\/a>.<\/p>\n<p dir=\"ltr\"><a href=\"https:\/\/docs.google.com\/document\/d\/1pWeQxsUJbOLhmF_kTDEY67sXkbKbcV8TJXzKHJP7-6g\/edit?usp=drive_link\" target=\"_blank\" rel=\"noopener noreferrer\">Cuestionario de evaluaci\u00f3n<\/a>.<\/p>\n","protected":false},"excerpt":{"rendered":"<p>SECUENCIA 2. LO QUE MUEVE EL MUNDO En el segundo trimestre de nuestro curso abordamos, tras adquirir las bases y rudimentos de la materia en la primera evaluaci\u00f3n, el estudio de la Geograf\u00eda econ\u00f3mica. As\u00ed, veremos los distintos factores de la actividad econ\u00f3mica as\u00ed como distintas maneras de organizarse \u00e9stos y su proceso de globalizaci\u00f3n &hellip; <a href=\"https:\/\/blogsaverroes.juntadeandalucia.es\/abelam\/curso-2023-2024\/gh3\/3gh-sc2\/\" class=\"more-link\">Seguir leyendo <span class=\"screen-reader-text\">3GH.SC2<\/span> <span class=\"meta-nav\">&rarr;<\/span><\/a><\/p>\n","protected":false},"author":12632,"featured_media":0,"parent":962,"menu_order":0,"comment_status":"closed","ping_status":"closed","template":"","meta":{"ngg_post_thumbnail":0,"footnotes":""},"aioseo_notices":[],"_links":{"self":[{"href":"https:\/\/blogsaverroes.juntadeandalucia.es\/abelam\/wp-json\/wp\/v2\/pages\/1090"}],"collection":[{"href":"https:\/\/blogsaverroes.juntadeandalucia.es\/abelam\/wp-json\/wp\/v2\/pages"}],"about":[{"href":"https:\/\/blogsaverroes.juntadeandalucia.es\/abelam\/wp-json\/wp\/v2\/types\/page"}],"author":[{"embeddable":true,"href":"https:\/\/blogsaverroes.juntadeandalucia.es\/abelam\/wp-json\/wp\/v2\/users\/12632"}],"replies":[{"embeddable":true,"href":"https:\/\/blogsaverroes.juntadeandalucia.es\/abelam\/wp-json\/wp\/v2\/comments?post=1090"}],"version-history":[{"count":1,"href":"https:\/\/blogsaverroes.juntadeandalucia.es\/abelam\/wp-json\/wp\/v2\/pages\/1090\/revisions"}],"predecessor-version":[{"id":1092,"href":"https:\/\/blogsaverroes.juntadeandalucia.es\/abelam\/wp-json\/wp\/v2\/pages\/1090\/revisions\/1092"}],"up":[{"embeddable":true,"href":"https:\/\/blogsaverroes.juntadeandalucia.es\/abelam\/wp-json\/wp\/v2\/pages\/962"}],"wp:attachment":[{"href":"https:\/\/blogsaverroes.juntadeandalucia.es\/abelam\/wp-json\/wp\/v2\/media?parent=1090"}],"curies":[{"name":"wp","href":"https:\/\/api.w.org\/{rel}","templated":true}]}}