{"id":1110,"date":"2023-12-17T19:56:16","date_gmt":"2023-12-17T17:56:16","guid":{"rendered":"https:\/\/blogsaverroes.juntadeandalucia.es\/abelam\/?page_id=1110"},"modified":"2024-09-10T08:06:53","modified_gmt":"2024-09-10T06:06:53","slug":"1hmcsc3","status":"publish","type":"page","link":"https:\/\/blogsaverroes.juntadeandalucia.es\/abelam\/curso-2023-2024\/hmc\/1hmcsc3\/","title":{"rendered":"1HMCSC3"},"content":{"rendered":"<p><strong>SC3. Imperios coloniales y Primera Guerra Mundial<\/strong><\/p>\n<figure id=\"attachment_1111\" aria-describedby=\"caption-attachment-1111\" style=\"width: 300px\" class=\"wp-caption alignleft\"><img loading=\"lazy\" decoding=\"async\" class=\"size-medium wp-image-1111\" src=\"https:\/\/blogsaverroes.juntadeandalucia.es\/abelam\/files\/2023\/12\/Captura-de-pantalla-de-2023-12-14-09-30-00-300x160.png\" alt=\"\" width=\"300\" height=\"160\" srcset=\"https:\/\/blogsaverroes.juntadeandalucia.es\/abelam\/files\/2023\/12\/Captura-de-pantalla-de-2023-12-14-09-30-00-300x160.png 300w, https:\/\/blogsaverroes.juntadeandalucia.es\/abelam\/files\/2023\/12\/Captura-de-pantalla-de-2023-12-14-09-30-00-768x410.png 768w, https:\/\/blogsaverroes.juntadeandalucia.es\/abelam\/files\/2023\/12\/Captura-de-pantalla-de-2023-12-14-09-30-00.png 965w\" sizes=\"(max-width: 300px) 100vw, 300px\" \/><figcaption id=\"caption-attachment-1111\" class=\"wp-caption-text\">Barron Collier. Patriotic Series #2.<\/figcaption><\/figure>\n<p>Comenzamos el segundo trimestre del curso con el estudio de dos elementos hist\u00f3ricos que a\u00fan hoy determinan poderosamente nuestras vidas: La formaci\u00f3n de imperios coloniales por parte de las grandes potencias industrializadas y el nuevo modelo de conflicto b\u00e9lico del siglo XX basado en la industrializaci\u00f3n de la guerra y la movilizaci\u00f3n total de la sociedad. As\u00ed, el Imperialismo colonial y la Primera Guerra mundial ser\u00e1n los dos grandes ep\u00edgrafes de esta secuencia.&nbsp;<\/p>\n<p dir=\"ltr\">Para ello realizaremos varias tareas que nos har\u00e1n investigar, identificar, reconoces, relacionar y argumentar como: exposiciones orales, realizaci\u00f3n de esquemas y ejercicios, debates y composiciones escritas. Adem\u00e1s, abrimos la oportunidad formal de contribuir al tema con trabajos voluntarios que redundar\u00e1n en todo el grupo y, por supuesto, en la calificaci\u00f3n final.&nbsp;<\/p>\n<div class=\"d-flex flex-column flex-md-row w-100 align-self-start\">\n<div class=\"activity-instance d-flex flex-column\">\n<div class=\"activitytitle media modtype_assign position-relative align-self-start\">\n<div class=\"media-body align-self-center\">\n<div class=\"activityname\"><span class=\"inplaceeditable inplaceeditable-text\" data-inplaceeditable=\"1\" data-component=\"core_course\" data-itemtype=\"activityname\" data-itemid=\"456696\" data-value=\"Tarea 1. Exposici\u00f3n de esquema\" data-editlabel=\"Nuevo nombre para actividad Tarea 1. Exposici\u00f3n de esquema\" data-type=\"text\" data-options=\"\"> <a class=\" aalink stretched-link\" href=\"https:\/\/drive.google.com\/file\/d\/1eYyiR0xgVlbcASqfQsVH52ope8lww2sO\/view?usp=drive_link\" target=\"_blank\" rel=\"noopener noreferrer\"> <span class=\"instancename\">Tarea 1. Exposici\u00f3n de esquema <\/span> <\/a> <i class=\"icon fa fa-pencil fa-fw \" title=\"Editar t\u00edtulo\" aria-label=\"Editar t\u00edtulo\"><\/i> <\/span><\/div>\n<\/div>\n<\/div>\n<\/div>\n<div class=\"activity-info mt-1 mt-md-0\">\n<div class=\"activity-information\" data-region=\"activity-information\" data-activityname=\"Tarea 1. Exposici\u00f3n de esquema\">&nbsp;<\/div>\n<\/div>\n<\/div>\n<div class=\"activity-item \" data-activityname=\"Tarea 1. Exposiciones, fechas y ponentes\">\n<div class=\"activity-basis d-flex align-items-center\">\n<div class=\"d-flex flex-column flex-md-row w-100 align-self-start\">\n<div class=\"activity-instance d-flex flex-column\">\n<div class=\"activitytitle media modtype_url position-relative align-self-start\">\n<div class=\"media-body align-self-center\">\n<div class=\"activityname\"><span class=\"inplaceeditable inplaceeditable-text\" data-inplaceeditable=\"1\" data-component=\"core_course\" data-itemtype=\"activityname\" data-itemid=\"456704\" data-value=\"Tarea 1. Exposiciones, fechas y ponentes\" data-editlabel=\"Nuevo nombre para actividad Tarea 1. Exposiciones, fechas y ponentes\" data-type=\"text\" data-options=\"\"> <a class=\" aalink stretched-link\" href=\"https:\/\/docs.google.com\/document\/d\/1qGKm4PAMOfrcEyDtprt6Fk-SiNJyPKtLnblSQazbSmA\/edit?usp=drive_link\" target=\"_blank\" rel=\"noopener noreferrer\"> <span class=\"instancename\">Tarea 1. Exposiciones, fechas y ponentes<\/span> <\/a> <\/span><\/div>\n<\/div>\n<\/div>\n<\/div>\n<div class=\"activity-info mt-1 mt-md-0\">\n<div class=\"activity-information\" data-region=\"activity-information\" data-activityname=\"Tarea 1. Exposiciones, fechas y ponentes\">&nbsp;<\/div>\n<\/div>\n<\/div>\n<\/div>\n<\/div>\n<div class=\"activity-item \" data-activityname=\"Tarea 2. Cuaderno de clase\">\n<div class=\"activity-basis d-flex align-items-center\">\n<div class=\"d-flex flex-column flex-md-row w-100 align-self-start\">\n<div class=\"activity-instance d-flex flex-column\">\n<div class=\"activitytitle media modtype_assign position-relative align-self-start\">\n<div class=\"media-body align-self-center\">\n<div class=\"activityname\"><span class=\"inplaceeditable inplaceeditable-text\" data-inplaceeditable=\"1\" data-component=\"core_course\" data-itemtype=\"activityname\" data-itemid=\"456701\" data-value=\"Tarea 2. Cuaderno de clase\" data-editlabel=\"Nuevo nombre para actividad Tarea 2. Cuaderno de clase\" data-type=\"text\" data-options=\"\"> <a class=\" aalink stretched-link\" href=\"https:\/\/drive.google.com\/file\/d\/1ZInBwvbB8zQzZJEpDmNnH65q4EdmV3Gm\/view?usp=drive_link\" target=\"_blank\" rel=\"noopener noreferrer\"> <span class=\"instancename\">Tarea 2. Cuaderno de clase <\/span> <\/a> <i class=\"icon fa fa-pencil fa-fw \" title=\"Editar t\u00edtulo\" aria-label=\"Editar t\u00edtulo\"><\/i> <\/span><\/div>\n<\/div>\n<\/div>\n<\/div>\n<\/div>\n<\/div>\n<\/div>\n<div class=\"activity-item \" data-activityname=\"Tarea 2. Cuaderno de clase\">\n<div class=\"activity-basis d-flex align-items-center\">\n<div class=\"d-flex flex-column flex-md-row w-100 align-self-start\">\n<div class=\"activity-instance d-flex flex-column\">\n<div class=\"activitytitle media modtype_url position-relative align-self-start\">\n<div class=\"media-body align-self-center\">\n<div>&nbsp;<\/div>\n<div class=\"activityname\"><span class=\"inplaceeditable inplaceeditable-text\" data-inplaceeditable=\"1\" data-component=\"core_course\" data-itemtype=\"activityname\" data-itemid=\"456705\" data-value=\"Tarea 3. Participaci\u00f3n en debates.\" data-editlabel=\"Nuevo nombre para actividad Tarea 3. Participaci\u00f3n en debates.\" data-type=\"text\" data-options=\"\"> <a class=\" aalink stretched-link\" href=\"https:\/\/drive.google.com\/file\/d\/1cDc7CHF7I3gvIi4mwZ4tzw_1Mujp1M1H\/view?usp=drive_link\" target=\"_blank\" rel=\"noopener noreferrer\"> <span class=\"instancename\">Tarea 3. Participaci\u00f3n en debates.&nbsp;<\/span> <\/a> <\/span><\/div>\n<\/div>\n<\/div>\n<\/div>\n<\/div>\n<div class=\"activity-actions align-self-start\">\n<div class=\"cm_action_menu actions\" data-cmid=\"456705\">\n<div id=\"action-menu-5\" class=\"action-menu moodle-actionmenu section-cm-edit-actions commands\" data-enhance=\"moodle-core-actionmenu\" data-owner=\"#module-456705\">&nbsp;<\/div>\n<\/div>\n<\/div>\n<\/div>\n<\/div>\n<div class=\"activity-item \" data-activityname=\"Tarea 3. Participaci\u00f3n en debates.\">\n<div class=\"activity-basis d-flex align-items-center\">\n<div class=\"activity-actions align-self-start\">\n<div class=\"cm_action_menu actions\" data-cmid=\"456705\">\n<div id=\"action-menu-5\" class=\"action-menu moodle-actionmenu section-cm-edit-actions commands\" data-enhance=\"moodle-core-actionmenu\" data-owner=\"#module-456705\">\n<div id=\"action-menu-5-menubar\" class=\"menubar d-flex \">\n<div class=\"dropdown\"><span class=\"inplaceeditable inplaceeditable-text\" data-inplaceeditable=\"1\" data-component=\"core_course\" data-itemtype=\"activityname\" data-itemid=\"456712\" data-value=\"Tarea 4. Composici\u00f3n\" data-editlabel=\"Nuevo nombre para actividad Tarea 4. Composici\u00f3n\" data-type=\"text\" data-options=\"\"><a class=\" aalink stretched-link\" href=\"https:\/\/drive.google.com\/file\/d\/1K9sAYfLCjCAKZCaIg4P8JnnCfd-18Urf\/view\" target=\"_blank\" rel=\"noopener noreferrer\"><span class=\"instancename\">Tarea 4. Composici\u00f3n<\/span> <\/a> <\/span><\/div>\n<\/div>\n<\/div>\n<\/div>\n<\/div>\n<\/div>\n<div class=\"activity-basis d-flex align-items-center\">\n<div class=\"activity-actions align-self-start\">\n<div class=\"cm_action_menu actions\" data-cmid=\"456712\">\n<div id=\"action-menu-8\" class=\"action-menu moodle-actionmenu section-cm-edit-actions commands\" data-enhance=\"moodle-core-actionmenu\" data-owner=\"#module-456712\">&nbsp;<\/div>\n<\/div>\n<\/div>\n<\/div>\n<\/div>\n<div class=\"activity-item \" data-activityname=\"Tareas voluntarias\">\n<div class=\"activity-basis d-flex align-items-center\">\n<div class=\"d-flex flex-column flex-md-row w-100 align-self-start\">\n<div class=\"activity-instance d-flex flex-column\">\n<div class=\"activitytitle media modtype_url position-relative align-self-start\">\n<div class=\"media-body align-self-center\">\n<div class=\"activityname\"><span class=\"inplaceeditable inplaceeditable-text\" data-inplaceeditable=\"1\" data-component=\"core_course\" data-itemtype=\"activityname\" data-itemid=\"456714\" data-value=\"Tareas voluntarias\" data-editlabel=\"Nuevo nombre para actividad Tareas voluntarias\" data-type=\"text\" data-options=\"\"> <a class=\" aalink stretched-link\" href=\"https:\/\/drive.google.com\/file\/d\/1YOyeK1f3Pb4l-LMnHRZz49ipBrLdAeQO\/view?usp=drive_link\" target=\"_blank\" rel=\"noopener noreferrer\"> <span class=\"instancename\">Tareas voluntarias<\/span> <\/a> <\/span><\/div>\n<\/div>\n<\/div>\n<\/div>\n<div class=\"activity-info mt-1 mt-md-0\">\n<div class=\"activity-information\" data-region=\"activity-information\" data-activityname=\"Tareas voluntarias\">&nbsp;<\/div>\n<\/div>\n<\/div>\n<\/div>\n<\/div>\n<div class=\"activity-item \" data-activityname=\"Carpeta de documentos\">\n<div class=\"activity-basis d-flex align-items-center\">\n<div class=\"d-flex flex-column flex-md-row w-100 align-self-start\">\n<div class=\"activity-instance d-flex flex-column\">\n<div class=\"activitytitle media modtype_url position-relative align-self-start\">\n<div class=\"media-body align-self-center\">\n<div class=\"activityname\"><span class=\"inplaceeditable inplaceeditable-text\" data-inplaceeditable=\"1\" data-component=\"core_course\" data-itemtype=\"activityname\" data-itemid=\"456716\" data-value=\"Carpeta de documentos\" data-editlabel=\"Nuevo nombre para actividad Carpeta de documentos\" data-type=\"text\" data-options=\"\"> <a class=\" aalink stretched-link\" href=\"https:\/\/drive.google.com\/drive\/folders\/1InMdBcHDXgCvHO2V6vHB4uOWBwQ1gFU9?usp=drive_link\" target=\"_blank\" rel=\"noopener noreferrer\"> <span class=\"instancename\">Carpeta de documentos<\/span> <\/a> <\/span><\/div>\n<\/div>\n<\/div>\n<\/div>\n<div class=\"activity-info mt-1 mt-md-0\">\n<div class=\"activity-information\" data-region=\"activity-information\" data-activityname=\"Carpeta de documentos\">&nbsp;<\/div>\n<\/div>\n<\/div>\n<\/div>\n<\/div>\n<div class=\"activity-item \" data-activityname=\"Recursos complementarios\">\n<div class=\"activity-basis d-flex align-items-center\">\n<div class=\"d-flex flex-column flex-md-row w-100 align-self-start\">\n<div class=\"activity-instance d-flex flex-column\">\n<div class=\"activitytitle media modtype_url position-relative align-self-start\">\n<div class=\"media-body align-self-center\">\n<div class=\"activityname\"><span class=\"inplaceeditable inplaceeditable-text\" data-inplaceeditable=\"1\" data-component=\"core_course\" data-itemtype=\"activityname\" data-itemid=\"456717\" data-value=\"Recursos complementarios\" data-editlabel=\"Nuevo nombre para actividad Recursos complementarios\" data-type=\"text\" data-options=\"\"> <a class=\" aalink stretched-link\" href=\"https:\/\/drive.google.com\/file\/d\/1YVa5aOfZSO2V2y90GWasmhTCw_hw7Su1\/view?usp=drive_link\" target=\"_blank\" rel=\"noopener noreferrer\"> <span class=\"instancename\">Recursos complementarios<\/span> <\/a> <\/span><\/div>\n<\/div>\n<\/div>\n<\/div>\n<div class=\"activity-info mt-1 mt-md-0\">\n<div class=\"activity-information\" data-region=\"activity-information\" data-activityname=\"Recursos complementarios\">&nbsp;<\/div>\n<\/div>\n<\/div>\n<\/div>\n<\/div>\n<div class=\"activity-item \" data-activityname=\"HMCSC3. Encuesta de evaluaci\u00f3n\">\n<div class=\"activity-basis d-flex align-items-center\">\n<div class=\"d-flex flex-column flex-md-row w-100 align-self-start\">\n<div class=\"activity-instance d-flex flex-column\">\n<div class=\"activitytitle media modtype_questionnaire position-relative align-self-start\">\n<div class=\"media-body align-self-center\">\n<div class=\"activityname\"><span class=\"inplaceeditable inplaceeditable-text\" data-inplaceeditable=\"1\" data-component=\"core_course\" data-itemtype=\"activityname\" data-itemid=\"456721\" data-value=\"HMCSC3. Encuesta de evaluaci\u00f3n\" data-editlabel=\"Nuevo nombre para actividad HMCSC3. Encuesta de evaluaci\u00f3n\" data-type=\"text\" data-options=\"\"><a class=\" aalink stretched-link\" href=\"https:\/\/drive.google.com\/file\/d\/1jPxFgju0H3dpKDQt3GOUryLE4ZgSsflU\/view?usp=drive_link\" target=\"_blank\" rel=\"noopener noreferrer\"><span class=\"instancename\">Encuesta de evaluaci\u00f3n <\/span> <\/a> <i class=\"icon fa fa-pencil fa-fw \" title=\"Editar t\u00edtulo\" aria-label=\"Editar t\u00edtulo\"><\/i> <\/span><\/div>\n<\/div>\n<\/div>\n<\/div>\n<\/div>\n<\/div>\n<\/div>\n","protected":false},"excerpt":{"rendered":"<p>SC3. Imperios coloniales y Primera Guerra Mundial Comenzamos el segundo trimestre del curso con el estudio de dos elementos hist\u00f3ricos que a\u00fan hoy determinan poderosamente nuestras vidas: La formaci\u00f3n de imperios coloniales por parte de las grandes potencias industrializadas y el nuevo modelo de conflicto b\u00e9lico del siglo XX basado en la industrializaci\u00f3n de la &hellip; <a href=\"https:\/\/blogsaverroes.juntadeandalucia.es\/abelam\/curso-2023-2024\/hmc\/1hmcsc3\/\" class=\"more-link\">Seguir leyendo <span class=\"screen-reader-text\">1HMCSC3<\/span> <span class=\"meta-nav\">&rarr;<\/span><\/a><\/p>\n","protected":false},"author":12632,"featured_media":0,"parent":980,"menu_order":0,"comment_status":"closed","ping_status":"closed","template":"","meta":{"ngg_post_thumbnail":0,"footnotes":""},"aioseo_notices":[],"_links":{"self":[{"href":"https:\/\/blogsaverroes.juntadeandalucia.es\/abelam\/wp-json\/wp\/v2\/pages\/1110"}],"collection":[{"href":"https:\/\/blogsaverroes.juntadeandalucia.es\/abelam\/wp-json\/wp\/v2\/pages"}],"about":[{"href":"https:\/\/blogsaverroes.juntadeandalucia.es\/abelam\/wp-json\/wp\/v2\/types\/page"}],"author":[{"embeddable":true,"href":"https:\/\/blogsaverroes.juntadeandalucia.es\/abelam\/wp-json\/wp\/v2\/users\/12632"}],"replies":[{"embeddable":true,"href":"https:\/\/blogsaverroes.juntadeandalucia.es\/abelam\/wp-json\/wp\/v2\/comments?post=1110"}],"version-history":[{"count":2,"href":"https:\/\/blogsaverroes.juntadeandalucia.es\/abelam\/wp-json\/wp\/v2\/pages\/1110\/revisions"}],"predecessor-version":[{"id":1113,"href":"https:\/\/blogsaverroes.juntadeandalucia.es\/abelam\/wp-json\/wp\/v2\/pages\/1110\/revisions\/1113"}],"up":[{"embeddable":true,"href":"https:\/\/blogsaverroes.juntadeandalucia.es\/abelam\/wp-json\/wp\/v2\/pages\/980"}],"wp:attachment":[{"href":"https:\/\/blogsaverroes.juntadeandalucia.es\/abelam\/wp-json\/wp\/v2\/media?parent=1110"}],"curies":[{"name":"wp","href":"https:\/\/api.w.org\/{rel}","templated":true}]}}