{"id":1240,"date":"2024-03-25T19:21:12","date_gmt":"2024-03-25T17:21:12","guid":{"rendered":"https:\/\/blogsaverroes.juntadeandalucia.es\/abelam\/?page_id=1240"},"modified":"2024-03-25T19:21:12","modified_gmt":"2024-03-25T17:21:12","slug":"sc5","status":"publish","type":"page","link":"https:\/\/blogsaverroes.juntadeandalucia.es\/abelam\/curso-2023-2024\/hmc\/sc5\/","title":{"rendered":"SC5"},"content":{"rendered":"<p>SECUENCIA 5: GUERRA FR\u00cdA, DESCOLONIZACI\u00d3N HASTA EL MUNDO ACTUAL.<\/p>\n<figure id=\"attachment_1241\" aria-describedby=\"caption-attachment-1241\" style=\"width: 262px\" class=\"wp-caption alignleft\"><img loading=\"lazy\" decoding=\"async\" class=\"size-medium wp-image-1241\" src=\"https:\/\/blogsaverroes.juntadeandalucia.es\/abelam\/files\/2024\/03\/A.-Warhol.-Mao-Zedong-262x300.jpg\" alt=\"\" width=\"262\" height=\"300\" srcset=\"https:\/\/blogsaverroes.juntadeandalucia.es\/abelam\/files\/2024\/03\/A.-Warhol.-Mao-Zedong-262x300.jpg 262w, https:\/\/blogsaverroes.juntadeandalucia.es\/abelam\/files\/2024\/03\/A.-Warhol.-Mao-Zedong.jpg 442w\" sizes=\"(max-width: 262px) 100vw, 262px\" \/><figcaption id=\"caption-attachment-1241\" class=\"wp-caption-text\">Mao Zedong, por Andy Warhol.<\/figcaption><\/figure>\n<p dir=\"ltr\">Abordamos la 5\u00aa secuencia del curso con el estudio de los principales procesos hist\u00f3ricos de la segunda mitad del siglo XX: La divisi\u00f3n del mundo en dos bloques ideol\u00f3gico-militares resultantes de los vencedores de la Segunda Guerra mundial y la emergencia de un Tercer Mundo producto de los procesos de descolonizaci\u00f3n de los imperios europeos.<\/p>\n<p dir=\"ltr\">Veremos los grandes conceptos y tambi\u00e9n c\u00f3mo \u00e9stos no corresponden a realidades puras sino que establecen l\u00edneas generales que, por lo general, se salen de la norma, var\u00edan, se contradicen o se mezclan. Esto es, tambi\u00e9n, parte de la disciplina pensamiento en las ciencias sociales.<\/p>\n<p dir=\"ltr\">Esta ser\u00e1 la \u00faltima secuencia que abordaremos con las herramientas que hemos utilizado durante el curso (exposiciones orales, realizaci\u00f3n de esquemas, participaci\u00f3n en debates y realizaci\u00f3n de composiciones) para, en la 6\u00aa secuencia, abordar el mundo actual, resultante y continuador de los procesos hist\u00f3ricos del siglo XX, a trav\u00e9s de la organizaci\u00f3n de debates en clase.<\/p>\n<div class=\"d-flex flex-column flex-md-row w-100 align-self-start\">\n<div class=\"activity-instance d-flex flex-column\">\n<div class=\"activitytitle media modtype_assign position-relative align-self-start\">\n<div class=\"media-body align-self-center\">\n<div class=\"activityname\"><span class=\"inplaceeditable inplaceeditable-text\" data-inplaceeditable=\"1\" data-component=\"core_course\" data-itemtype=\"activityname\" data-itemid=\"456696\" data-value=\"Tarea 1. Exposici\u00f3n de esquema\" data-editlabel=\"Nuevo nombre para actividad Tarea 1. Exposici\u00f3n de esquema\" data-type=\"text\" data-options=\"\"><a class=\" aalink stretched-link\" href=\"https:\/\/drive.google.com\/file\/d\/1eYyiR0xgVlbcASqfQsVH52ope8lww2sO\/view?usp=drive_link\" target=\"_blank\" rel=\"noopener noreferrer\"><span class=\"instancename\">Tarea 1. Exposici\u00f3n de esquema<\/span><\/a>. <\/span><\/div>\n<\/div>\n<\/div>\n<\/div>\n<div class=\"activity-info mt-1 mt-md-0\">&nbsp;<\/div>\n<\/div>\n<div class=\"activity-item \" data-activityname=\"Tarea 2. Cuaderno de clase\">\n<div class=\"activity-basis d-flex align-items-center\">\n<div class=\"d-flex flex-column flex-md-row w-100 align-self-start\">\n<div class=\"activity-instance d-flex flex-column\">\n<div class=\"activitytitle media modtype_assign position-relative align-self-start\">\n<div class=\"media-body align-self-center\">\n<div class=\"activityname\"><span class=\"inplaceeditable inplaceeditable-text\" data-inplaceeditable=\"1\" data-component=\"core_course\" data-itemtype=\"activityname\" data-itemid=\"456701\" data-value=\"Tarea 2. Cuaderno de clase\" data-editlabel=\"Nuevo nombre para actividad Tarea 2. Cuaderno de clase\" data-type=\"text\" data-options=\"\"><br \/>\n<a class=\" aalink stretched-link\" href=\"https:\/\/drive.google.com\/file\/d\/1ZInBwvbB8zQzZJEpDmNnH65q4EdmV3Gm\/view?usp=drive_link\" target=\"_blank\" rel=\"noopener noreferrer\"> <span class=\"instancename\">Tarea 2. Cuaderno de clase.<\/span> <\/a> <\/span><\/div>\n<\/div>\n<\/div>\n<\/div>\n<\/div>\n<\/div>\n<\/div>\n<div class=\"activity-item \" data-activityname=\"Tarea 2. Cuaderno de clase\">\n<div class=\"activity-basis d-flex align-items-center\">\n<div class=\"d-flex flex-column flex-md-row w-100 align-self-start\">\n<div class=\"activity-instance d-flex flex-column\">\n<div class=\"activitytitle media modtype_url position-relative align-self-start\">\n<div class=\"media-body align-self-center\">\n<div>&nbsp;<\/div>\n<div class=\"activityname\"><a href=\"https:\/\/drive.google.com\/file\/d\/1mq_4l0iQ2KomhEnYETjBel_hcN5rzEVE\/view?usp=drive_link\" target=\"_blank\" rel=\"noopener noreferrer\"><span class=\"inplaceeditable inplaceeditable-text\" data-inplaceeditable=\"1\" data-component=\"core_course\" data-itemtype=\"activityname\" data-itemid=\"456705\" data-value=\"Tarea 3. Participaci\u00f3n en debates.\" data-editlabel=\"Nuevo nombre para actividad Tarea 3. Participaci\u00f3n en debates.\" data-type=\"text\" data-options=\"\"> <span class=\"instancename\">Tarea 3. Participaci\u00f3n en debates.&nbsp;<\/span> <\/span><\/a><\/div>\n<\/div>\n<\/div>\n<\/div>\n<\/div>\n<div class=\"activity-actions align-self-start\">\n<div class=\"cm_action_menu actions\" data-cmid=\"456705\">\n<div id=\"action-menu-5\" class=\"action-menu moodle-actionmenu section-cm-edit-actions commands\" data-enhance=\"moodle-core-actionmenu\" data-owner=\"#module-456705\">&nbsp;<\/div>\n<\/div>\n<\/div>\n<\/div>\n<\/div>\n<div class=\"activity-item \" data-activityname=\"Tarea 3. Participaci\u00f3n en debates.\">\n<div class=\"activity-basis d-flex align-items-center\">\n<div class=\"activity-actions align-self-start\">\n<div class=\"cm_action_menu actions\" data-cmid=\"456705\">\n<div id=\"action-menu-5\" class=\"action-menu moodle-actionmenu section-cm-edit-actions commands\" data-enhance=\"moodle-core-actionmenu\" data-owner=\"#module-456705\">\n<div id=\"action-menu-5-menubar\" class=\"menubar d-flex \">\n<div class=\"dropdown\"><span class=\"inplaceeditable inplaceeditable-text\" data-inplaceeditable=\"1\" data-component=\"core_course\" data-itemtype=\"activityname\" data-itemid=\"456712\" data-value=\"Tarea 4. Composici\u00f3n\" data-editlabel=\"Nuevo nombre para actividad Tarea 4. Composici\u00f3n\" data-type=\"text\" data-options=\"\"><a class=\" aalink stretched-link\" href=\"https:\/\/drive.google.com\/file\/d\/1K9sAYfLCjCAKZCaIg4P8JnnCfd-18Urf\/view\" target=\"_blank\" rel=\"noopener noreferrer\"><span class=\"instancename\">Tarea 4. Composici\u00f3n.<\/span> <\/a> <\/span><\/div>\n<\/div>\n<\/div>\n<\/div>\n<\/div>\n<\/div>\n<div class=\"activity-basis d-flex align-items-center\">\n<div class=\"activity-actions align-self-start\">\n<div class=\"cm_action_menu actions\" data-cmid=\"456712\">\n<div id=\"action-menu-8\" class=\"action-menu moodle-actionmenu section-cm-edit-actions commands\" data-enhance=\"moodle-core-actionmenu\" data-owner=\"#module-456712\">&nbsp;<\/div>\n<\/div>\n<\/div>\n<\/div>\n<\/div>\n<div class=\"activity-item \" data-activityname=\"Tareas voluntarias\">\n<div class=\"activity-basis d-flex align-items-center\">\n<div class=\"d-flex flex-column flex-md-row w-100 align-self-start\">\n<div class=\"activity-instance d-flex flex-column\">\n<div class=\"activitytitle media modtype_url position-relative align-self-start\">\n<div class=\"media-body align-self-center\">\n<div class=\"activityname\"><a href=\"https:\/\/drive.google.com\/file\/d\/1jVmbm4J1Vw12mxvEJpXlN0vVpXfUkAwz\/view?usp=drive_link\" target=\"_blank\" rel=\"noopener noreferrer\"><span class=\"inplaceeditable inplaceeditable-text\" data-inplaceeditable=\"1\" data-component=\"core_course\" data-itemtype=\"activityname\" data-itemid=\"456714\" data-value=\"Tareas voluntarias\" data-editlabel=\"Nuevo nombre para actividad Tareas voluntarias\" data-type=\"text\" data-options=\"\"> <span class=\"instancename\">Tareas voluntarias: Glosario<\/span> <\/span><\/a><\/div>\n<\/div>\n<\/div>\n<\/div>\n<div class=\"activity-info mt-1 mt-md-0\">\n<div class=\"activity-information\" data-region=\"activity-information\" data-activityname=\"Tareas voluntarias\">&nbsp;<\/div>\n<\/div>\n<\/div>\n<\/div>\n<\/div>\n<div class=\"activity-item \" data-activityname=\"Recursos complementarios\">\n<div class=\"activity-basis d-flex align-items-center\">\n<div class=\"d-flex flex-column flex-md-row w-100 align-self-start\">\n<div class=\"activity-instance d-flex flex-column\">\n<div class=\"activitytitle media modtype_url position-relative align-self-start\">\n<div class=\"media-body align-self-center\">\n<div class=\"activityname\"><a href=\"https:\/\/drive.google.com\/file\/d\/13ZwD-OWcC7DeJFlTVcGgOel0qyixWDCC\/view?usp=sharing\" target=\"_blank\" rel=\"noopener noreferrer\"><span class=\"inplaceeditable inplaceeditable-text\" data-inplaceeditable=\"1\" data-component=\"core_course\" data-itemtype=\"activityname\" data-itemid=\"456717\" data-value=\"Recursos complementarios\" data-editlabel=\"Nuevo nombre para actividad Recursos complementarios\" data-type=\"text\" data-options=\"\"> <span class=\"instancename\">Recursos complementarios<\/span> <\/span><\/a><\/div>\n<\/div>\n<\/div>\n<\/div>\n<\/div>\n<\/div>\n<\/div>\n","protected":false},"excerpt":{"rendered":"<p>SECUENCIA 5: GUERRA FR\u00cdA, DESCOLONIZACI\u00d3N HASTA EL MUNDO ACTUAL. Abordamos la 5\u00aa secuencia del curso con el estudio de los principales procesos hist\u00f3ricos de la segunda mitad del siglo XX: La divisi\u00f3n del mundo en dos bloques ideol\u00f3gico-militares resultantes de los vencedores de la Segunda Guerra mundial y la emergencia de un Tercer Mundo producto &hellip; <a href=\"https:\/\/blogsaverroes.juntadeandalucia.es\/abelam\/curso-2023-2024\/hmc\/sc5\/\" class=\"more-link\">Seguir leyendo <span class=\"screen-reader-text\">SC5<\/span> <span class=\"meta-nav\">&rarr;<\/span><\/a><\/p>\n","protected":false},"author":12632,"featured_media":0,"parent":980,"menu_order":0,"comment_status":"closed","ping_status":"closed","template":"","meta":{"ngg_post_thumbnail":0,"footnotes":""},"aioseo_notices":[],"_links":{"self":[{"href":"https:\/\/blogsaverroes.juntadeandalucia.es\/abelam\/wp-json\/wp\/v2\/pages\/1240"}],"collection":[{"href":"https:\/\/blogsaverroes.juntadeandalucia.es\/abelam\/wp-json\/wp\/v2\/pages"}],"about":[{"href":"https:\/\/blogsaverroes.juntadeandalucia.es\/abelam\/wp-json\/wp\/v2\/types\/page"}],"author":[{"embeddable":true,"href":"https:\/\/blogsaverroes.juntadeandalucia.es\/abelam\/wp-json\/wp\/v2\/users\/12632"}],"replies":[{"embeddable":true,"href":"https:\/\/blogsaverroes.juntadeandalucia.es\/abelam\/wp-json\/wp\/v2\/comments?post=1240"}],"version-history":[{"count":1,"href":"https:\/\/blogsaverroes.juntadeandalucia.es\/abelam\/wp-json\/wp\/v2\/pages\/1240\/revisions"}],"predecessor-version":[{"id":1242,"href":"https:\/\/blogsaverroes.juntadeandalucia.es\/abelam\/wp-json\/wp\/v2\/pages\/1240\/revisions\/1242"}],"up":[{"embeddable":true,"href":"https:\/\/blogsaverroes.juntadeandalucia.es\/abelam\/wp-json\/wp\/v2\/pages\/980"}],"wp:attachment":[{"href":"https:\/\/blogsaverroes.juntadeandalucia.es\/abelam\/wp-json\/wp\/v2\/media?parent=1240"}],"curies":[{"name":"wp","href":"https:\/\/api.w.org\/{rel}","templated":true}]}}