{"id":1347,"date":"2024-09-10T08:13:20","date_gmt":"2024-09-10T06:13:20","guid":{"rendered":"https:\/\/blogsaverroes.juntadeandalucia.es\/abelam\/?page_id=1347"},"modified":"2024-12-27T10:33:51","modified_gmt":"2024-12-27T08:33:51","slug":"4gh-2024-2025","status":"publish","type":"page","link":"https:\/\/blogsaverroes.juntadeandalucia.es\/abelam\/cursos-anteriores\/curso-2024-2025\/4gh-2024-2025\/","title":{"rendered":"4GH"},"content":{"rendered":"<p><strong>GEOGRAF\u00cdA E HISTORIA 4\u00ba DE ESO. CURSO 2024-25.<\/strong><\/p>\n<figure id=\"attachment_873\" aria-describedby=\"caption-attachment-873\" style=\"width: 512px\" class=\"wp-caption alignleft\"><img loading=\"lazy\" decoding=\"async\" class=\"size-full wp-image-873\" src=\"https:\/\/blogsaverroes.juntadeandalucia.es\/abelam\/files\/2023\/04\/FFHnEbsX0AI37uK.png\" alt=\"\" width=\"512\" height=\"315\" srcset=\"https:\/\/blogsaverroes.juntadeandalucia.es\/abelam\/files\/2023\/04\/FFHnEbsX0AI37uK.png 512w, https:\/\/blogsaverroes.juntadeandalucia.es\/abelam\/files\/2023\/04\/FFHnEbsX0AI37uK-300x185.png 300w\" sizes=\"(max-width: 512px) 100vw, 512px\" \/><figcaption id=\"caption-attachment-873\" class=\"wp-caption-text\">Fotograma de \u00abLa Commune\u00bb, de Peter Watkins.<\/figcaption><\/figure>\n<p dir=\"ltr\">El curso de Geograf\u00eda e Historia de 4\u00ba de la ESO es una aproximaci\u00f3n a la Historia contempor\u00e1nea, En el primer trimestre estudiaremos el gran salto hist\u00f3rico del Antiguo R\u00e9gimen a la sociedad de clases en el siglo XIX a trav\u00e9s de las transformaciones producidas por las revoluciones liberales y la revoluci\u00f3n industrial. En el segundo trimestre veremos como los excesos de la nueva sociedad capitalista llevaron al planeta entero a dos guerras mundiales y un mundo bipolar tras \u00e9stas. En el \u00faltimo trimestre repasaremos los procesos y hechos m\u00e1s relevantes de las \u00faltimas d\u00e9cadas y trataremos de identificar los principales retos del mundo de hoy.<\/p>\n<p dir=\"ltr\">La metodolog\u00eda del curso ser\u00e1, eminentemente, pr\u00e1ctica. Si bien todas las secuencias contar\u00e1n con sesiones te\u00f3ricas dedicadas al estudio de conceptos y t\u00e9cnicas de trabajo, la mayor parte del tiempo estar\u00e1 protagonizada por la realizaci\u00f3n de tareas, tanto individuales como en equipo, con las que movilizar esos aprendizajes: peque\u00f1as investigaciones, exposiciones, composici\u00f3n de textos, realizaci\u00f3n de informes o la participaci\u00f3n de debates ser\u00e1n algunas de estas tareas.<\/p>\n<p dir=\"ltr\"><a href=\"https:\/\/drive.google.com\/file\/d\/1pNQ-7XZBe7E-tLsRtwRgKgv525hglPrY\/view?usp=drive_link\" target=\"_blank\" rel=\"noopener\">Normativa<\/a><\/p>\n<p dir=\"ltr\"><a href=\"https:\/\/drive.google.com\/file\/d\/1fJA52_e9igZE0xVNqIkUKUndhzTA2Emx\/view?usp=drive_link\" target=\"_blank\" rel=\"noopener\">Metolodolog\u00eda<\/a><\/p>\n<p dir=\"ltr\"><a href=\"https:\/\/blogsaverroes.juntadeandalucia.es\/abelam\/curso-2024-2025\/4gh-2024-2025\/4ghsc0\/\">Secuencia 0. Evaluaci\u00f3n inicial y presentaci\u00f3n<\/a><\/p>\n<p dir=\"ltr\"><a href=\"https:\/\/blogsaverroes.juntadeandalucia.es\/abelam\/curso-2024-2025\/4gh-2024-2025\/sc1\/\">Secuencia 1. El Gran Cambio<\/a><\/p>\n<p dir=\"ltr\"><a href=\"https:\/\/blogsaverroes.juntadeandalucia.es\/abelam\/curso-2023-2024\/gh4\/4ghsc2-la-historia-en-marcha\/\" target=\"_blank\" rel=\"noopener\">Secuencia 2. La Historia en marcha<\/a><\/p>\n","protected":false},"excerpt":{"rendered":"<p>GEOGRAF\u00cdA E HISTORIA 4\u00ba DE ESO. CURSO 2024-25. El curso de Geograf\u00eda e Historia de 4\u00ba de la ESO es una aproximaci\u00f3n a la Historia contempor\u00e1nea, En el primer trimestre estudiaremos el gran salto hist\u00f3rico del Antiguo R\u00e9gimen a la sociedad de clases en el siglo XIX a trav\u00e9s de las transformaciones producidas por las &hellip; <a href=\"https:\/\/blogsaverroes.juntadeandalucia.es\/abelam\/cursos-anteriores\/curso-2024-2025\/4gh-2024-2025\/\" class=\"more-link\">Seguir leyendo <span class=\"screen-reader-text\">4GH<\/span> <span class=\"meta-nav\">&rarr;<\/span><\/a><\/p>\n","protected":false},"author":12632,"featured_media":0,"parent":1343,"menu_order":0,"comment_status":"closed","ping_status":"closed","template":"","meta":{"ngg_post_thumbnail":0,"footnotes":""},"aioseo_notices":[],"_links":{"self":[{"href":"https:\/\/blogsaverroes.juntadeandalucia.es\/abelam\/wp-json\/wp\/v2\/pages\/1347"}],"collection":[{"href":"https:\/\/blogsaverroes.juntadeandalucia.es\/abelam\/wp-json\/wp\/v2\/pages"}],"about":[{"href":"https:\/\/blogsaverroes.juntadeandalucia.es\/abelam\/wp-json\/wp\/v2\/types\/page"}],"author":[{"embeddable":true,"href":"https:\/\/blogsaverroes.juntadeandalucia.es\/abelam\/wp-json\/wp\/v2\/users\/12632"}],"replies":[{"embeddable":true,"href":"https:\/\/blogsaverroes.juntadeandalucia.es\/abelam\/wp-json\/wp\/v2\/comments?post=1347"}],"version-history":[{"count":7,"href":"https:\/\/blogsaverroes.juntadeandalucia.es\/abelam\/wp-json\/wp\/v2\/pages\/1347\/revisions"}],"predecessor-version":[{"id":1513,"href":"https:\/\/blogsaverroes.juntadeandalucia.es\/abelam\/wp-json\/wp\/v2\/pages\/1347\/revisions\/1513"}],"up":[{"embeddable":true,"href":"https:\/\/blogsaverroes.juntadeandalucia.es\/abelam\/wp-json\/wp\/v2\/pages\/1343"}],"wp:attachment":[{"href":"https:\/\/blogsaverroes.juntadeandalucia.es\/abelam\/wp-json\/wp\/v2\/media?parent=1347"}],"curies":[{"name":"wp","href":"https:\/\/api.w.org\/{rel}","templated":true}]}}