{"id":180,"date":"2021-09-13T09:58:48","date_gmt":"2021-09-13T07:58:48","guid":{"rendered":"https:\/\/blogsaverroes.juntadeandalucia.es\/abelam\/?page_id=180"},"modified":"2025-10-12T07:31:28","modified_gmt":"2025-10-12T05:31:28","slug":"herramientas-comunes","status":"publish","type":"page","link":"https:\/\/blogsaverroes.juntadeandalucia.es\/abelam\/herramientas-comunes\/","title":{"rendered":"Herramientas"},"content":{"rendered":"<div class=\"mYVXT\">\n<div class=\"LS81yb VICjCf\">\n<div class=\"hJDwNd-AhqUyc-uQSCkd purZT-AhqUyc-II5mzb pSzOP-AhqUyc-qWD73c JNdkSc\">\n<div class=\"JNdkSc-SmKAyb\">\n<div class=\"\">\n<div class=\"oKdM2c Kzv0Me\">\n<div id=\"h.6f2b12e62a0e3441_10\" class=\"hJDwNd-AhqUyc-uQSCkd jXK9ad D2fZ2 OjCsFc wHaque GNzUNc\">\n<div class=\"jXK9ad-SmKAyb\">\n<div class=\"tyJCtd mGzaTb baZpAe\">\n<p>Aqu\u00ed tienes disponible herramientas de uso com\u00fan en las asignaturas que trabajo.<\/p>\n<\/div>\n<\/div>\n<\/div>\n<\/div>\n<table style=\"border-collapse: collapse;width: 127.426%;height: 237px\">\n<tbody>\n<tr>\n<td style=\"width: 26.9868%\"><a href=\"https:\/\/drive.google.com\/file\/d\/1mZdJ3pHP03wQy4jNCRH1wq9q06VQ8_FE\/view?usp=sharing\" target=\"_blank\" rel=\"noopener\">Contextualizaci\u00f3n hist\u00f3rica<\/a>.<\/td>\n<td style=\"width: 30.1206%;height: 21px\"><a href=\"https:\/\/drive.google.com\/file\/d\/1k6w74gZ0HDl0QN5apo5V62QXJDFUt88m\/view?usp=sharing\" target=\"_blank\" rel=\"noopener\"><span class=\" aw5Odc\">Realizar esquemas.<\/span><\/a><\/td>\n<td style=\"width: 38.0795%\"><a href=\"https:\/\/drive.google.com\/file\/d\/1JK5cok7fx48TzGvNl8vv3H1o3fkD1p5g\/view\" target=\"_blank\" rel=\"noopener noreferrer\">H\u00e1bito de estudio<\/a>.<\/td>\n<\/tr>\n<tr>\n<td style=\"width: 26.9868%\"><a href=\"https:\/\/drive.google.com\/file\/d\/1gwQu3c-IgJgw8w2WcXyi2aodUdDiGpZP\/view?usp=sharing\" target=\"_blank\" rel=\"noopener\">Comentario de texto hist\u00f3rico<\/a>.<\/td>\n<td style=\"width: 30.1206%\"><span class=\" aw5Odc\"><a class=\"XqQF9c\" href=\"https:\/\/drive.google.com\/file\/d\/1okSRFWX8rZrRk_JjWSPk7MAKc24C65KU\/view\" target=\"_blank\" rel=\"noopener noreferrer\">C\u00f3mo realizar un trabajo de investigaci\u00f3n.<\/a><\/span><\/td>\n<td style=\"width: 38.0795%\"><a href=\"https:\/\/drive.google.com\/file\/d\/1vCGZMvHnN8svnwDB12HOhpKTbTIF0k9_\/view\" target=\"_blank\" rel=\"noopener noreferrer\">T\u00e9cnicas de estudio<\/a>.<\/td>\n<\/tr>\n<tr>\n<td style=\"width: 26.9868%\"><a href=\"https:\/\/drive.google.com\/file\/d\/183a6wp44mKB5IV11aM_gMj6FqIc8mH8q\/view?usp=sharing\" target=\"_blank\" rel=\"noopener\">Comentario de mapa hist\u00f3rico<\/a>.<\/td>\n<td style=\"width: 30.1206%\"><span class=\" aw5Odc\"><a class=\"XqQF9c\" href=\"https:\/\/drive.google.com\/file\/d\/1Uda6fKJZNYHzpAzXds5KXvO-wNUv4SAG\/view\" target=\"_blank\" rel=\"noopener noreferrer\">C\u00f3mo redactar un texto expositivo.<\/a><\/span><\/td>\n<td style=\"width: 38.0795%\"><span class=\" aw5Odc\"><a class=\"XqQF9c\" href=\"https:\/\/drive.google.com\/file\/d\/1vCisFLqGJUHvHGWoHiENOQBlA17fv2OO\/view\" target=\"_blank\" rel=\"noopener noreferrer\">El trabajo en equipo.<\/a><\/span><\/td>\n<\/tr>\n<tr>\n<td style=\"width: 26.9868%\"><a href=\"https:\/\/drive.google.com\/file\/d\/16k6weOGufvlKxDecTpGTv3PFIKKWDHBl\/view?usp=drive_link\" target=\"_blank\" rel=\"noopener\">Comentar una obra de arte<\/a>.<\/td>\n<td style=\"width: 30.1206%\"><span class=\" aw5Odc\"><a class=\"XqQF9c\" href=\"https:\/\/drive.google.com\/file\/d\/1kn_Dv2Dt98HR3mfDgYSpNbQJr_LY-YEm\/view?usp=sharing\" target=\"_blank\" rel=\"noopener noreferrer\">C\u00f3mo elaborar presentaciones.<\/a><\/span><\/td>\n<td style=\"width: 38.0795%\"><span class=\" aw5Odc\"><a class=\"XqQF9c\" href=\"https:\/\/drive.google.com\/file\/d\/1LGn2IT-i_miyA_ibugbjR5m41q_b1bDQ\/view\" target=\"_blank\" rel=\"noopener noreferrer\">Cuaderno de trabajo en equipo.<\/a><\/span><\/td>\n<\/tr>\n<tr>\n<td style=\"width: 26.9868%\"><a href=\"https:\/\/drive.google.com\/file\/d\/1ehe0MF8iuDUSBWoMVdBxq7oRl_rf7D65\/view?usp=sharing\" target=\"_blank\" rel=\"noopener\">Comentario de un gr\u00e1fico<\/a>.<\/td>\n<td style=\"width: 30.1206%\"><span class=\" aw5Odc\"><a class=\"XqQF9c\" href=\"https:\/\/drive.google.com\/file\/d\/1wzyiQ6BKZM2gFoXwc-LPDxbzejwmQNAg\/view\" target=\"_blank\" rel=\"noopener noreferrer\">C\u00f3mo hacer una buena redacci\u00f3n<\/a><\/span>.<\/td>\n<td style=\"width: 38.0795%\"><span class=\" aw5Odc\"><a class=\"XqQF9c\" href=\"https:\/\/drive.google.com\/file\/d\/1tsycuwCxPC1L_lPUJ-Ec-9AkOIiQ7mWG\/view?usp=sharing\" target=\"_blank\" rel=\"noopener noreferrer\">Ficha de comentario de pel\u00edculas de Geograf\u00eda.<\/a><\/span><\/td>\n<\/tr>\n<tr>\n<td style=\"width: 26.9868%\"><a href=\"https:\/\/drive.google.com\/file\/d\/1k_kTEjWAqre8kiaIyLobcK_ulfhw7Jd0\/view?usp=sharing\" target=\"_blank\" rel=\"noopener\">Comentario de una pir\u00e1mide de poblaci\u00f3n<\/a>.<\/td>\n<td style=\"width: 30.1206%\"><span class=\" aw5Odc\"><a class=\"XqQF9c\" href=\"https:\/\/drive.google.com\/file\/d\/1Dy8P6mKUQItnqfeApQafUFHgFZRTtM2C\/view\" target=\"_blank\" rel=\"noopener noreferrer\">C\u00f3mo hablar en p\u00fablico<\/a><\/span>.<\/td>\n<td style=\"width: 38.0795%\"><span class=\" aw5Odc\"><a class=\"XqQF9c\" href=\"https:\/\/drive.google.com\/file\/d\/10zcqXosExEhxjSaM1BX4NPSMBVBuN2nE\/view\" target=\"_blank\" rel=\"noopener noreferrer\">Ficha de comentario de pel\u00edculas de Historia<\/a><\/span>.<\/td>\n<\/tr>\n<tr>\n<td style=\"width: 26.9868%\"><a href=\"https:\/\/drive.google.com\/file\/d\/1EczvicLIu8_-1CkzqAoO3WKruiB-Z7Bl\/view?usp=sharing\" target=\"_blank\" rel=\"noopener\">Comentario de un plano urbano<\/a>.<\/td>\n<td style=\"width: 30.1206%;height: 18px\"><a href=\"https:\/\/drive.google.com\/file\/d\/147ZlaJnI1sBEVgB_kLw84D3MW3qbutM6\/view?usp=sharing\" target=\"_blank\" rel=\"noopener\">Modelo t\u00e9cnico de composici\u00f3n<\/a><\/td>\n<td style=\"width: 38.0795%\"><span class=\" aw5Odc\"><a class=\"XqQF9c\" href=\"https:\/\/drive.google.com\/file\/d\/1HaPGZqqX02dNmHWoF4JcBQXNaZnkmEmt\/view\" target=\"_blank\" rel=\"noopener noreferrer\">Ficha de comentario de libros<\/a><\/span>.<\/td>\n<\/tr>\n<\/tbody>\n<\/table>\n<\/div>\n<\/div>\n<\/div>\n<\/div>\n<\/div>\n","protected":false},"excerpt":{"rendered":"<p>Aqu\u00ed tienes disponible herramientas de uso com\u00fan en las asignaturas que trabajo. Contextualizaci\u00f3n hist\u00f3rica. Realizar esquemas. H\u00e1bito de estudio. Comentario de texto hist\u00f3rico. C\u00f3mo realizar un trabajo de investigaci\u00f3n. T\u00e9cnicas de estudio. Comentario de mapa hist\u00f3rico. C\u00f3mo redactar un texto expositivo. El trabajo en equipo. Comentar una obra de arte. C\u00f3mo elaborar presentaciones. Cuaderno de &hellip; <a href=\"https:\/\/blogsaverroes.juntadeandalucia.es\/abelam\/herramientas-comunes\/\" class=\"more-link\">Seguir leyendo <span class=\"screen-reader-text\">Herramientas<\/span> <span class=\"meta-nav\">&rarr;<\/span><\/a><\/p>\n","protected":false},"author":12632,"featured_media":0,"parent":0,"menu_order":0,"comment_status":"closed","ping_status":"closed","template":"","meta":{"ngg_post_thumbnail":0,"footnotes":""},"aioseo_notices":[],"_links":{"self":[{"href":"https:\/\/blogsaverroes.juntadeandalucia.es\/abelam\/wp-json\/wp\/v2\/pages\/180"}],"collection":[{"href":"https:\/\/blogsaverroes.juntadeandalucia.es\/abelam\/wp-json\/wp\/v2\/pages"}],"about":[{"href":"https:\/\/blogsaverroes.juntadeandalucia.es\/abelam\/wp-json\/wp\/v2\/types\/page"}],"author":[{"embeddable":true,"href":"https:\/\/blogsaverroes.juntadeandalucia.es\/abelam\/wp-json\/wp\/v2\/users\/12632"}],"replies":[{"embeddable":true,"href":"https:\/\/blogsaverroes.juntadeandalucia.es\/abelam\/wp-json\/wp\/v2\/comments?post=180"}],"version-history":[{"count":14,"href":"https:\/\/blogsaverroes.juntadeandalucia.es\/abelam\/wp-json\/wp\/v2\/pages\/180\/revisions"}],"predecessor-version":[{"id":1594,"href":"https:\/\/blogsaverroes.juntadeandalucia.es\/abelam\/wp-json\/wp\/v2\/pages\/180\/revisions\/1594"}],"wp:attachment":[{"href":"https:\/\/blogsaverroes.juntadeandalucia.es\/abelam\/wp-json\/wp\/v2\/media?parent=180"}],"curies":[{"name":"wp","href":"https:\/\/api.w.org\/{rel}","templated":true}]}}