{"id":249,"date":"2021-09-26T12:03:19","date_gmt":"2021-09-26T10:03:19","guid":{"rendered":"https:\/\/blogsaverroes.juntadeandalucia.es\/abelam\/?page_id=249"},"modified":"2024-09-10T08:00:12","modified_gmt":"2024-09-10T06:00:12","slug":"sc1","status":"publish","type":"page","link":"https:\/\/blogsaverroes.juntadeandalucia.es\/abelam\/curso-2021-2022\/comunicacion-y-sociedad-i\/sc1\/","title":{"rendered":"SC1. Nos comunicamos"},"content":{"rendered":"<p><strong>Secuencia 1. Nos comunicamos.<\/strong><\/p>\n<div id=\"yui_3_17_2_1_1632650320426_574\">\n<figure id=\"attachment_250\" aria-describedby=\"caption-attachment-250\" style=\"width: 300px\" class=\"wp-caption alignleft\"><img loading=\"lazy\" decoding=\"async\" class=\"size-medium wp-image-250\" src=\"https:\/\/blogsaverroes.juntadeandalucia.es\/abelam\/files\/2021\/09\/Escribir-300x160.jpg\" alt=\"\" width=\"300\" height=\"160\" srcset=\"https:\/\/blogsaverroes.juntadeandalucia.es\/abelam\/files\/2021\/09\/Escribir-300x160.jpg 300w, https:\/\/blogsaverroes.juntadeandalucia.es\/abelam\/files\/2021\/09\/Escribir-1024x547.jpg 1024w, https:\/\/blogsaverroes.juntadeandalucia.es\/abelam\/files\/2021\/09\/Escribir-768x410.jpg 768w, https:\/\/blogsaverroes.juntadeandalucia.es\/abelam\/files\/2021\/09\/Escribir-1536x820.jpg 1536w, https:\/\/blogsaverroes.juntadeandalucia.es\/abelam\/files\/2021\/09\/Escribir.jpg 1790w\" sizes=\"(max-width: 300px) 100vw, 300px\" \/><figcaption id=\"caption-attachment-250\" class=\"wp-caption-text\">Fotograma de la pel\u00edcula \u00abLos santos inocentes\u00bb, de Mario Camus, inspirada en la novela hom\u00f3nima de Miguel Delibes.<\/figcaption><\/figure>\n<p>En esta secuencia did\u00e1ctica comenzaremos a practicar con lo que ser\u00e1n nuestras principales herramientas de trabajo durante el curso, fundamentalmente herramientas de comunicaci\u00f3n: entender lo que leemos, escribir lo que pensamos, trabajar en equipo y utilizar las TIC con fines educativos. Para ello, realizaremos tres tareas: Una lectura de de un breve texto narrativo, la escritura de un breve texto de opini\u00f3n personal y su env\u00edo por correo, y el acceso a nuestro usuario de la plataforma educativa Moodle.<\/p>\n<\/div>\n<p id=\"yui_3_17_2_1_1632650320426_584\" dir=\"ltr\">Con todo esto pretendemos poner las bases instrumentales de lo que ser\u00e1 el tratamiento de los contenidos de Geograf\u00eda, Historia, Arte y Literatura a lo largo del curso. Y como complemento, ya de paso, conoceremos la figura de Miguel Delibes, escritor del siglo XX que no corresponde en el temario pero cuya obra utilizaremos en varias actividades de esta secuencia y nos abrir\u00e1 tantas puertas a la comprensi\u00f3n y cuidado del mundo que nos rodea.&nbsp;<\/p>\n<p dir=\"ltr\">Para todo esto ser\u00e1n \u00fatiles los siguientes documentos:<\/p>\n<ul>\n<li id=\"module-195190\" class=\"activity url modtype_url \">\n<div>\n<div class=\"mod-indent-outer w-100\">\n<div class=\"activityinstance\"><span class=\"instancename\"><a href=\"https:\/\/drive.google.com\/file\/d\/1vCisFLqGJUHvHGWoHiENOQBlA17fv2OO\/view\" target=\"_blank\" rel=\"noopener noreferrer\">El trabajo en equipo<\/a>. <\/span><\/div>\n<\/div>\n<\/div>\n<\/li>\n<li id=\"module-195192\" class=\"activity url modtype_url \">\n<div>\n<div class=\"mod-indent-outer w-100\">\n<div class=\"activityinstance\"><span class=\"instancename\"><a href=\"https:\/\/drive.google.com\/file\/d\/1Uda6fKJZNYHzpAzXds5KXvO-wNUv4SAG\/view\" target=\"_blank\" rel=\"noopener noreferrer\">C\u00f3mo redactar un texto expositivo<\/a>. <\/span><\/div>\n<\/div>\n<\/div>\n<\/li>\n<li id=\"module-195193\" class=\"activity url modtype_url \">\n<div>\n<div class=\"mod-indent-outer w-100\">\n<div class=\"activityinstance\"><span class=\"instancename\"><a href=\"https:\/\/drive.google.com\/file\/d\/1wzyiQ6BKZM2gFoXwc-LPDxbzejwmQNAg\/view\" target=\"_blank\" rel=\"noopener noreferrer\">C\u00f3mo hacer una buena redacci\u00f3n<\/a>. <\/span><\/div>\n<\/div>\n<\/div>\n<\/li>\n<li id=\"module-195196\" class=\"activity url modtype_url \">\n<div>\n<div class=\"mod-indent-outer w-100\">\n<div class=\"activityinstance\"><span class=\"instancename\"><a href=\"https:\/\/drive.google.com\/file\/d\/10QtFPV_M5IiHUcdaWpYyWnyuSGD4-MU8\/view?usp=sharing\" target=\"_blank\" rel=\"noopener noreferrer\">Tareas<\/a>. <\/span><\/div>\n<\/div>\n<\/div>\n<\/li>\n<li id=\"module-195197\" class=\"activity url modtype_url \">\n<div>\n<div class=\"mod-indent-outer w-100\">\n<div class=\"activityinstance\"><span class=\"instancename\"><a href=\"https:\/\/drive.google.com\/file\/d\/1lqVoY-ipupYur_ScIp4rjKWXjGuc-eBE\/view?usp=sharing\" target=\"_blank\" rel=\"noopener noreferrer\">Texto de la Tarea 1<\/a>. <\/span><\/div>\n<\/div>\n<\/div>\n<\/li>\n<li id=\"module-195199\" class=\"activity url modtype_url \">\n<div>\n<div class=\"mod-indent-outer w-100\">\n<div class=\"activityinstance\"><span class=\"instancename\"><a href=\"https:\/\/drive.google.com\/file\/d\/11-_rYGAq5DrxcdRFtzcgDiodbdXd9xxK\/view?usp=sharing\" target=\"_blank\" rel=\"noopener noreferrer\">Formulario de evaluaci\u00f3n de la secuencia<\/a>. <\/span><\/div>\n<\/div>\n<\/div>\n<\/li>\n<\/ul>\n<p>&nbsp;<\/p>\n","protected":false},"excerpt":{"rendered":"<p>Secuencia 1. Nos comunicamos. En esta secuencia did\u00e1ctica comenzaremos a practicar con lo que ser\u00e1n nuestras principales herramientas de trabajo durante el curso, fundamentalmente herramientas de comunicaci\u00f3n: entender lo que leemos, escribir lo que pensamos, trabajar en equipo y utilizar las TIC con fines educativos. Para ello, realizaremos tres tareas: Una lectura de de un &hellip; <a href=\"https:\/\/blogsaverroes.juntadeandalucia.es\/abelam\/curso-2021-2022\/comunicacion-y-sociedad-i\/sc1\/\" class=\"more-link\">Seguir leyendo <span class=\"screen-reader-text\">SC1. Nos comunicamos<\/span> <span class=\"meta-nav\">&rarr;<\/span><\/a><\/p>\n","protected":false},"author":12632,"featured_media":0,"parent":152,"menu_order":0,"comment_status":"closed","ping_status":"closed","template":"","meta":{"ngg_post_thumbnail":0,"footnotes":""},"aioseo_notices":[],"_links":{"self":[{"href":"https:\/\/blogsaverroes.juntadeandalucia.es\/abelam\/wp-json\/wp\/v2\/pages\/249"}],"collection":[{"href":"https:\/\/blogsaverroes.juntadeandalucia.es\/abelam\/wp-json\/wp\/v2\/pages"}],"about":[{"href":"https:\/\/blogsaverroes.juntadeandalucia.es\/abelam\/wp-json\/wp\/v2\/types\/page"}],"author":[{"embeddable":true,"href":"https:\/\/blogsaverroes.juntadeandalucia.es\/abelam\/wp-json\/wp\/v2\/users\/12632"}],"replies":[{"embeddable":true,"href":"https:\/\/blogsaverroes.juntadeandalucia.es\/abelam\/wp-json\/wp\/v2\/comments?post=249"}],"version-history":[{"count":6,"href":"https:\/\/blogsaverroes.juntadeandalucia.es\/abelam\/wp-json\/wp\/v2\/pages\/249\/revisions"}],"predecessor-version":[{"id":436,"href":"https:\/\/blogsaverroes.juntadeandalucia.es\/abelam\/wp-json\/wp\/v2\/pages\/249\/revisions\/436"}],"up":[{"embeddable":true,"href":"https:\/\/blogsaverroes.juntadeandalucia.es\/abelam\/wp-json\/wp\/v2\/pages\/152"}],"wp:attachment":[{"href":"https:\/\/blogsaverroes.juntadeandalucia.es\/abelam\/wp-json\/wp\/v2\/media?parent=249"}],"curies":[{"name":"wp","href":"https:\/\/api.w.org\/{rel}","templated":true}]}}