{"id":324,"date":"2021-10-11T11:01:04","date_gmt":"2021-10-11T09:01:04","guid":{"rendered":"https:\/\/blogsaverroes.juntadeandalucia.es\/abelam\/?page_id=324"},"modified":"2024-09-10T08:00:27","modified_gmt":"2024-09-10T06:00:27","slug":"sc2","status":"publish","type":"page","link":"https:\/\/blogsaverroes.juntadeandalucia.es\/abelam\/curso-2021-2022\/comunicacion-y-sociedad-i\/sc2\/","title":{"rendered":"SC2. Prehistoria"},"content":{"rendered":"<p><strong>SC2. Prehistoria.<\/strong><\/p>\n<figure id=\"attachment_325\" aria-describedby=\"caption-attachment-325\" style=\"width: 300px\" class=\"wp-caption alignleft\"><img loading=\"lazy\" decoding=\"async\" class=\"wp-image-325 size-medium\" title=\"Imagen tomada de https:\/\/image.over-blog.com\/ZFbS1\" src=\"https:\/\/blogsaverroes.juntadeandalucia.es\/abelam\/files\/2021\/10\/image_0994617_20210422_ob_c134e3_rtc-211-fiche-lm-ok-300x202.jpg\" alt=\"\" width=\"300\" height=\"202\" srcset=\"https:\/\/blogsaverroes.juntadeandalucia.es\/abelam\/files\/2021\/10\/image_0994617_20210422_ob_c134e3_rtc-211-fiche-lm-ok-300x202.jpg 300w, https:\/\/blogsaverroes.juntadeandalucia.es\/abelam\/files\/2021\/10\/image_0994617_20210422_ob_c134e3_rtc-211-fiche-lm-ok.jpg 662w\" sizes=\"(max-width: 300px) 100vw, 300px\" \/><figcaption id=\"caption-attachment-325\" class=\"wp-caption-text\">&nbsp;En busca del fuego, de Jean-Jaques Annaud, 1981.<\/figcaption><\/figure>\n<p>En esta segunda secuencia del curso continuaremos ejercit\u00e1ndonos en destrezas comunicativas fundamentales mientras nos aproximamos al conocimiento b\u00e1sico de las sociedades prehist\u00f3ricas. Para ello veremos y discutiremos en grupo materiales audiovisuales sobre las diferentes etapas prehist\u00f3ricas, para luego tratar de sistematizar el conocimiento adquirido a trav\u00e9s de dos herramientas b\u00e1sicas para el estudio de la historia: El eje cronol\u00f3gico, tambi\u00e9n conocido como l\u00ednea de tiempo, y el cuadro sint\u00e9tico o resumen. Posteriormente vincularemos lo estudiado con nuestro mundo actual, abordando la lectura y discusi\u00f3n de diferentes textos en lo que lo \u201cprimitivo\u201d se relaciona con las sociedades actuales.<\/p>\n<p>A continuaci\u00f3n se facilitan los documentos y materiales con los que trabajaremos en la secuencia:<\/p>\n<div id=\"yui_3_17_2_1_1633942468988_678\">\n<div id=\"yui_3_17_2_1_1633942468988_677\" class=\"mod-indent-outer w-100\">\n<div class=\"dropdown\"><span id=\"yui_3_17_2_1_1633942468988_674\" class=\"inplaceeditable inplaceeditable-text\" data-inplaceeditable=\"1\" data-component=\"core_course\" data-itemtype=\"activityname\" data-itemid=\"281600\" data-value=\"Textos b\u00e1sicos sobre Prehistoria.\" data-editlabel=\"Nuevo nombre para actividad Textos b\u00e1sicos sobre Prehistoria.\" data-type=\"text\" data-options=\"\"><a id=\"yui_3_17_2_1_1633942468988_673\" class=\"aalink dimmed\" href=\"https:\/\/drive.google.com\/file\/d\/1DjNjiaJtY1shO8mWvBdvCs4u83oFwnHw\/view\" target=\"_blank\" rel=\"noopener noreferrer\"><span id=\"yui_3_17_2_1_1633942468988_672\" class=\"instancename\">Textos b\u00e1sicos sobre Prehistoria.<span class=\"accesshide \">&nbsp;<\/span><\/span><\/a><\/span><a id=\"action-menu-toggle-4\" class=\"d-inline-block dropdown-toggle icon-no-margin\" role=\"button\" href=\"https:\/\/educacionadistancia.juntadeandalucia.es\/centros\/cadiz\/course\/view.php?id=3795&amp;section=3#\" aria-label=\"Editar\" data-toggle=\"dropdown\"> <\/a><\/div>\n<div id=\"yui_3_17_2_1_1633942468988_676\">\n<div>\n<div id=\"action-menu-4\" class=\"action-menu moodle-actionmenu section-cm-edit-actions commands d-inline\" data-enhance=\"moodle-core-actionmenu\" data-owner=\"#module-281600\">\n<div id=\"action-menu-4-menubar\" class=\"menubar d-flex \" role=\"menubar\">\n<div class=\"action-menu-item\"><span class=\"filler\">&nbsp;<\/span><\/div>\n<div class=\"dropdown\"><span class=\"inplaceeditable inplaceeditable-text\" data-inplaceeditable=\"1\" data-component=\"core_course\" data-itemtype=\"activityname\" data-itemid=\"281601\" data-value=\"Tareas de la secuencia \" data-editlabel=\"Nuevo nombre para actividad Tareas de la secuencia \" data-type=\"text\" data-options=\"\"><a class=\"aalink dimmed\" href=\"https:\/\/drive.google.com\/file\/d\/1pmfIiGn3vGXE1P-FttCjWZtjmbrda0J3\/view\" target=\"_blank\" rel=\"noopener noreferrer\"><span class=\"instancename\">Tareas de la secuencia .<\/span><\/a><\/span><\/div>\n<\/div>\n<\/div>\n<div class=\"mod-indent-outer w-100\">\n<div>\n<div class=\"actions\">\n<div id=\"action-menu-5\" class=\"action-menu moodle-actionmenu section-cm-edit-actions commands d-inline\" data-enhance=\"moodle-core-actionmenu\" data-owner=\"#module-281601\">\n<div id=\"action-menu-5-menubar\" class=\"menubar d-flex \" role=\"menubar\">\n<div class=\"activityinstance\">&nbsp;<\/div>\n<div class=\"dropdown\"><span class=\"inplaceeditable inplaceeditable-text\" data-inplaceeditable=\"1\" data-component=\"core_course\" data-itemtype=\"activityname\" data-itemid=\"281603\" data-value=\"Formulario de evaluaci\u00f3n de la secuencia\" data-editlabel=\"Nuevo nombre para actividad Formulario de evaluaci\u00f3n de la secuencia\" data-type=\"text\" data-options=\"\"><a class=\"aalink dimmed\" href=\"https:\/\/drive.google.com\/file\/d\/1bexJNl6OiWlIZRnhLQy_F5qH-waT88em\/view\" target=\"_blank\" rel=\"noopener noreferrer\"><span class=\"instancename\">Formulario de evaluaci\u00f3n de la secuencia.<\/span><\/a><\/span><\/div>\n<\/div>\n<\/div>\n<\/div>\n<\/div>\n<\/div>\n<\/div>\n<\/div>\n<\/div>\n<\/div>\n<div>\n<div class=\"mod-indent-outer w-100\">\n<div>\n<div class=\"actions\">\n<div id=\"action-menu-6\" class=\"action-menu moodle-actionmenu section-cm-edit-actions commands d-inline\" data-enhance=\"moodle-core-actionmenu\" data-owner=\"#module-281603\">\n<div id=\"action-menu-6-menubar\" class=\"menubar d-flex \" role=\"menubar\">\n<div>&nbsp;<\/div>\n<div class=\"action-menu-item\"><span class=\"inplaceeditable inplaceeditable-text\" data-inplaceeditable=\"1\" data-component=\"core_course\" data-itemtype=\"activityname\" data-itemid=\"281606\" data-value=\"Pel\u00edcula &quot;En busca del fuego&quot;\" data-editlabel=\"Nuevo nombre para actividad Pel\u00edcula &quot;En busca del fuego&quot;\" data-type=\"text\" data-options=\"\"><a class=\"aalink dimmed\" href=\"https:\/\/www.youtube.com\/watch?v=lHZW2OTNaS4\" target=\"_blank\" rel=\"noopener noreferrer\"><span class=\"instancename\">Pel\u00edcula \u00abEn busca del fuego.<\/span><\/a> <\/span><\/div>\n<\/div>\n<\/div>\n<\/div>\n<\/div>\n<\/div>\n<div class=\"mod-indent-outer w-100\">\n<div>\n<div>\n<div id=\"action-menu-7\" class=\"action-menu moodle-actionmenu section-cm-edit-actions commands d-inline\" data-enhance=\"moodle-core-actionmenu\" data-owner=\"#module-281606\">\n<div id=\"action-menu-7-menubar\" class=\"menubar d-flex \" role=\"menubar\">\n<div class=\"action-menu-item\"><span class=\"filler\">&nbsp;<\/span><\/div>\n<\/div>\n<\/div>\n<p><span class=\"inplaceeditable inplaceeditable-text\" data-inplaceeditable=\"1\" data-component=\"core_course\" data-itemtype=\"activityname\" data-itemid=\"281609\" data-value=\"Texto para la tarea 3. Reivindicaciones ind\u00edgenas.\" data-editlabel=\"Nuevo nombre para actividad Texto para la tarea 3. Reivindicaciones ind\u00edgenas.\" data-type=\"text\" data-options=\"\"><a class=\"aalink dimmed\" href=\"https:\/\/drive.google.com\/file\/d\/1Ssb200PZpVXgulSr8t_kQHJ85baNFNBb\/view\" target=\"_blank\" rel=\"noopener noreferrer\"><span class=\"instancename\">Texto para la tarea 3. Reivindicaciones ind\u00edgenas.<\/span><\/a><\/span><a id=\"action-menu-toggle-8\" class=\"d-inline-block dropdown-toggle icon-no-margin\" role=\"button\" href=\"https:\/\/educacionadistancia.juntadeandalucia.es\/centros\/cadiz\/course\/view.php?id=3795&amp;section=3#\" aria-label=\"Editar\" data-toggle=\"dropdown\"> <\/a><\/p>\n<div class=\"mod-indent-outer w-100\">\n<div>\n<div>\n<p><span class=\"inplaceeditable inplaceeditable-text\" data-inplaceeditable=\"1\" data-component=\"core_course\" data-itemtype=\"activityname\" data-itemid=\"281612\" data-value=\"Texto para la tarea 3. Carta del jefe indio Seattle.\" data-editlabel=\"Nuevo nombre para actividad Texto para la tarea 3. Carta del jefe indio Seattle.\" data-type=\"text\" data-options=\"\"><a class=\"aalink dimmed\" href=\"https:\/\/drive.google.com\/file\/d\/1y1DSGxaOilDWVL-WLzvYBI0rTig2fVQP\/view\" target=\"_blank\" rel=\"noopener noreferrer\"><span class=\"instancename\">Texto para la tarea 3. Carta del jefe indio Seattle. <\/span><\/a><\/span><a id=\"action-menu-toggle-9\" class=\"d-inline-block dropdown-toggle icon-no-margin\" role=\"button\" href=\"https:\/\/educacionadistancia.juntadeandalucia.es\/centros\/cadiz\/course\/view.php?id=3795&amp;section=3#\" aria-label=\"Editar\" data-toggle=\"dropdown\"> <\/a><\/p>\n<div class=\"mod-indent-outer w-100\">\n<div>\n<div class=\"activityinstance\"><span class=\"inplaceeditable inplaceeditable-text\" data-inplaceeditable=\"1\" data-component=\"core_course\" data-itemtype=\"activityname\" data-itemid=\"281615\" data-value=\"Texto para la tarea 3. En Sentinel no quieren ser contactados\" data-editlabel=\"Nuevo nombre para actividad Texto para la tarea 3. En Sentinel no quieren ser contactados\" data-type=\"text\" data-options=\"\"><a class=\"aalink dimmed\" href=\"https:\/\/drive.google.com\/file\/d\/1pCVQp2W-F0-w5LFD3-Gt1g3MWf4lcLmz\/view\" target=\"_blank\" rel=\"noopener noreferrer\"><span class=\"instancename\">Texto para la tarea 3. En Sentinel no quieren ser contactados.<\/span><\/a><\/span><\/div>\n<\/div>\n<\/div>\n<\/div>\n<\/div>\n<\/div>\n<\/div>\n<\/div>\n<\/div>\n<\/div>\n<div>\n<div class=\"mod-indent-outer w-100\">\n<div>\n<div id=\"yui_3_17_2_1_1633942468988_654\" class=\"activityinstance\"><span class=\"filler\">&nbsp;<\/span><\/div>\n<div class=\"activityinstance\"><span class=\"inplaceeditable inplaceeditable-text\" data-inplaceeditable=\"1\" data-component=\"core_course\" data-itemtype=\"activityname\" data-itemid=\"281617\" data-value=\"Texto para la tarea 3. Primitivistas hoy\" data-editlabel=\"Nuevo nombre para actividad Texto para la tarea 3. Primitivistas hoy\" data-type=\"text\" data-options=\"\"><a class=\"aalink dimmed\" href=\"https:\/\/drive.google.com\/file\/d\/1n0Jx-_pZ48ixFTDt1qjWnxRaucUUwLxE\/view\" target=\"_blank\" rel=\"noopener noreferrer\"><span class=\"instancename\">Texto para la tarea 3. Primitivistas.<\/span><\/a> <\/span><\/div>\n<\/div>\n<\/div>\n<\/div>\n<p>&nbsp;<\/p>\n<p>&nbsp;<\/p>\n","protected":false},"excerpt":{"rendered":"<p>SC2. Prehistoria. En esta segunda secuencia del curso continuaremos ejercit\u00e1ndonos en destrezas comunicativas fundamentales mientras nos aproximamos al conocimiento b\u00e1sico de las sociedades prehist\u00f3ricas. Para ello veremos y discutiremos en grupo materiales audiovisuales sobre las diferentes etapas prehist\u00f3ricas, para luego tratar de sistematizar el conocimiento adquirido a trav\u00e9s de dos herramientas b\u00e1sicas para el estudio &hellip; <a href=\"https:\/\/blogsaverroes.juntadeandalucia.es\/abelam\/curso-2021-2022\/comunicacion-y-sociedad-i\/sc2\/\" class=\"more-link\">Seguir leyendo <span class=\"screen-reader-text\">SC2. Prehistoria<\/span> <span class=\"meta-nav\">&rarr;<\/span><\/a><\/p>\n","protected":false},"author":12632,"featured_media":0,"parent":152,"menu_order":0,"comment_status":"closed","ping_status":"closed","template":"","meta":{"ngg_post_thumbnail":0,"footnotes":""},"aioseo_notices":[],"_links":{"self":[{"href":"https:\/\/blogsaverroes.juntadeandalucia.es\/abelam\/wp-json\/wp\/v2\/pages\/324"}],"collection":[{"href":"https:\/\/blogsaverroes.juntadeandalucia.es\/abelam\/wp-json\/wp\/v2\/pages"}],"about":[{"href":"https:\/\/blogsaverroes.juntadeandalucia.es\/abelam\/wp-json\/wp\/v2\/types\/page"}],"author":[{"embeddable":true,"href":"https:\/\/blogsaverroes.juntadeandalucia.es\/abelam\/wp-json\/wp\/v2\/users\/12632"}],"replies":[{"embeddable":true,"href":"https:\/\/blogsaverroes.juntadeandalucia.es\/abelam\/wp-json\/wp\/v2\/comments?post=324"}],"version-history":[{"count":8,"href":"https:\/\/blogsaverroes.juntadeandalucia.es\/abelam\/wp-json\/wp\/v2\/pages\/324\/revisions"}],"predecessor-version":[{"id":437,"href":"https:\/\/blogsaverroes.juntadeandalucia.es\/abelam\/wp-json\/wp\/v2\/pages\/324\/revisions\/437"}],"up":[{"embeddable":true,"href":"https:\/\/blogsaverroes.juntadeandalucia.es\/abelam\/wp-json\/wp\/v2\/pages\/152"}],"wp:attachment":[{"href":"https:\/\/blogsaverroes.juntadeandalucia.es\/abelam\/wp-json\/wp\/v2\/media?parent=324"}],"curies":[{"name":"wp","href":"https:\/\/api.w.org\/{rel}","templated":true}]}}