{"id":379,"date":"2021-11-09T13:40:11","date_gmt":"2021-11-09T11:40:11","guid":{"rendered":"https:\/\/blogsaverroes.juntadeandalucia.es\/abelam\/?page_id=379"},"modified":"2021-12-02T18:41:25","modified_gmt":"2021-12-02T16:41:25","slug":"sc3","status":"publish","type":"page","link":"https:\/\/blogsaverroes.juntadeandalucia.es\/abelam\/sc3\/","title":{"rendered":"SC3. Primeras civilizaciones"},"content":{"rendered":"<div id=\"yui_3_17_2_1_1636457805442_468\" class=\"summary\">\n<div id=\"yui_3_17_2_1_1636457805442_467\" class=\"no-overflow\">\n<p id=\"yui_3_17_2_1_1636457805442_466\" dir=\"ltr\">En la presente secuencia llevaremos a cabo un trabajo individualizado para la mejora de la comprensi\u00f3n lectora y la expresi\u00f3n escrita. LA tarea consistir\u00e1 en la realizaci\u00f3n de cada alumn@ de la lectura y actividades del cuadernillo sobre las primeras civilizaciones que se adjunta y la entrega, a l@s profesor@s, el viernes 3 de diciembre.<\/p>\n<\/div>\n<p dir=\"ltr\"><span id=\"yui_3_17_2_1_1636457805442_437\" class=\"inplaceeditable inplaceeditable-text\" data-inplaceeditable=\"1\" data-component=\"core_course\" data-itemtype=\"activityname\" data-itemid=\"348859\" data-value=\"Cuadernillo de lectura y actividades: Primeras civilizaciones. \" data-editlabel=\"Nuevo nombre para actividad Cuadernillo de lectura y actividades: Primeras civilizaciones. \" data-type=\"text\" data-options=\"\"><a id=\"yui_3_17_2_1_1636457805442_436\" class=\"aalink\" href=\"https:\/\/drive.google.com\/file\/d\/1gj0_GEzMoQe9Ac7hFAddSFiQnmdrt6M2\/view\" target=\"_blank\" rel=\"noopener noreferrer\"><span id=\"yui_3_17_2_1_1636457805442_435\" class=\"instancename\">Cuadernillo de lectura y actividades: Primeras civilizaciones. <\/span><\/a><\/span><\/p>\n<\/div>\n","protected":false},"excerpt":{"rendered":"<p>En la presente secuencia llevaremos a cabo un trabajo individualizado para la mejora de la comprensi\u00f3n lectora y la expresi\u00f3n escrita. LA tarea consistir\u00e1 en la realizaci\u00f3n de cada alumn@ de la lectura y actividades del cuadernillo sobre las primeras civilizaciones que se adjunta y la entrega, a l@s profesor@s, el viernes 3 de diciembre. &hellip; <a href=\"https:\/\/blogsaverroes.juntadeandalucia.es\/abelam\/sc3\/\" class=\"more-link\">Seguir leyendo <span class=\"screen-reader-text\">SC3. Primeras civilizaciones<\/span> <span class=\"meta-nav\">&rarr;<\/span><\/a><\/p>\n","protected":false},"author":12632,"featured_media":0,"parent":0,"menu_order":0,"comment_status":"closed","ping_status":"closed","template":"","meta":{"ngg_post_thumbnail":0,"footnotes":""},"aioseo_notices":[],"_links":{"self":[{"href":"https:\/\/blogsaverroes.juntadeandalucia.es\/abelam\/wp-json\/wp\/v2\/pages\/379"}],"collection":[{"href":"https:\/\/blogsaverroes.juntadeandalucia.es\/abelam\/wp-json\/wp\/v2\/pages"}],"about":[{"href":"https:\/\/blogsaverroes.juntadeandalucia.es\/abelam\/wp-json\/wp\/v2\/types\/page"}],"author":[{"embeddable":true,"href":"https:\/\/blogsaverroes.juntadeandalucia.es\/abelam\/wp-json\/wp\/v2\/users\/12632"}],"replies":[{"embeddable":true,"href":"https:\/\/blogsaverroes.juntadeandalucia.es\/abelam\/wp-json\/wp\/v2\/comments?post=379"}],"version-history":[{"count":2,"href":"https:\/\/blogsaverroes.juntadeandalucia.es\/abelam\/wp-json\/wp\/v2\/pages\/379\/revisions"}],"predecessor-version":[{"id":438,"href":"https:\/\/blogsaverroes.juntadeandalucia.es\/abelam\/wp-json\/wp\/v2\/pages\/379\/revisions\/438"}],"wp:attachment":[{"href":"https:\/\/blogsaverroes.juntadeandalucia.es\/abelam\/wp-json\/wp\/v2\/media?parent=379"}],"curies":[{"name":"wp","href":"https:\/\/api.w.org\/{rel}","templated":true}]}}