{"id":581,"date":"2022-09-12T08:59:52","date_gmt":"2022-09-12T06:59:52","guid":{"rendered":"https:\/\/blogsaverroes.juntadeandalucia.es\/abelam\/?page_id=581"},"modified":"2022-09-12T08:59:52","modified_gmt":"2022-09-12T06:59:52","slug":"curso-2021-2022","status":"publish","type":"page","link":"https:\/\/blogsaverroes.juntadeandalucia.es\/abelam\/curso-2021-2022\/","title":{"rendered":"Curso 2021-2022"},"content":{"rendered":"<p>Aqu\u00ed puedes acceder a los materiales y herramientas empleadas en las materias que impart\u00ed en el curso 2021-2022 en el I.E.S. Tejada de El Puerto de Santa Mar\u00eda:<\/p>\n<p><a href=\"https:\/\/blogsaverroes.juntadeandalucia.es\/abelam\/comunicacion-y-sociedad-i\/\" target=\"_blank\" rel=\"noopener noreferrer\">Comunicaci\u00f3n y Sociedad I<\/a><\/p>\n<p><a href=\"https:\/\/blogsaverroes.juntadeandalucia.es\/abelam\/historia-del-arte\/\" target=\"_blank\" rel=\"noopener noreferrer\">Historia del Arte<\/a><\/p>\n<p><a href=\"https:\/\/blogsaverroes.juntadeandalucia.es\/abelam\/geografia-e-historia-1o-eso\/\" target=\"_blank\" rel=\"noopener noreferrer\">Geograf\u00eda e Historia (1\u00ba ESO)<\/a><\/p>\n","protected":false},"excerpt":{"rendered":"<p>Aqu\u00ed puedes acceder a los materiales y herramientas empleadas en las materias que impart\u00ed en el curso 2021-2022 en el I.E.S. Tejada de El Puerto de Santa Mar\u00eda: Comunicaci\u00f3n y Sociedad I Historia del Arte Geograf\u00eda e Historia (1\u00ba ESO)<\/p>\n","protected":false},"author":12632,"featured_media":0,"parent":0,"menu_order":0,"comment_status":"closed","ping_status":"closed","template":"","meta":{"ngg_post_thumbnail":0,"footnotes":""},"aioseo_notices":[],"_links":{"self":[{"href":"https:\/\/blogsaverroes.juntadeandalucia.es\/abelam\/wp-json\/wp\/v2\/pages\/581"}],"collection":[{"href":"https:\/\/blogsaverroes.juntadeandalucia.es\/abelam\/wp-json\/wp\/v2\/pages"}],"about":[{"href":"https:\/\/blogsaverroes.juntadeandalucia.es\/abelam\/wp-json\/wp\/v2\/types\/page"}],"author":[{"embeddable":true,"href":"https:\/\/blogsaverroes.juntadeandalucia.es\/abelam\/wp-json\/wp\/v2\/users\/12632"}],"replies":[{"embeddable":true,"href":"https:\/\/blogsaverroes.juntadeandalucia.es\/abelam\/wp-json\/wp\/v2\/comments?post=581"}],"version-history":[{"count":1,"href":"https:\/\/blogsaverroes.juntadeandalucia.es\/abelam\/wp-json\/wp\/v2\/pages\/581\/revisions"}],"predecessor-version":[{"id":582,"href":"https:\/\/blogsaverroes.juntadeandalucia.es\/abelam\/wp-json\/wp\/v2\/pages\/581\/revisions\/582"}],"wp:attachment":[{"href":"https:\/\/blogsaverroes.juntadeandalucia.es\/abelam\/wp-json\/wp\/v2\/media?parent=581"}],"curies":[{"name":"wp","href":"https:\/\/api.w.org\/{rel}","templated":true}]}}