{"id":596,"date":"2022-09-18T04:27:50","date_gmt":"2022-09-18T02:27:50","guid":{"rendered":"https:\/\/blogsaverroes.juntadeandalucia.es\/abelam\/?page_id=596"},"modified":"2024-09-10T08:07:22","modified_gmt":"2024-09-10T06:07:22","slug":"geografia-e-historia-2o-eso","status":"publish","type":"page","link":"https:\/\/blogsaverroes.juntadeandalucia.es\/abelam\/curso-2022-2023\/geografia-e-historia-2o-eso\/","title":{"rendered":"Geograf\u00eda e Historia 2\u00ba ESO"},"content":{"rendered":"<figure id=\"attachment_597\" aria-describedby=\"caption-attachment-597\" style=\"width: 420px\" class=\"wp-caption alignnone\"><img loading=\"lazy\" decoding=\"async\" class=\"wp-image-597\" src=\"https:\/\/blogsaverroes.juntadeandalucia.es\/abelam\/files\/2022\/09\/Los-visitantes.jpg\" alt=\"\" width=\"420\" height=\"140\" srcset=\"https:\/\/blogsaverroes.juntadeandalucia.es\/abelam\/files\/2022\/09\/Los-visitantes.jpg 1050w, https:\/\/blogsaverroes.juntadeandalucia.es\/abelam\/files\/2022\/09\/Los-visitantes-300x100.jpg 300w, https:\/\/blogsaverroes.juntadeandalucia.es\/abelam\/files\/2022\/09\/Los-visitantes-1024x341.jpg 1024w, https:\/\/blogsaverroes.juntadeandalucia.es\/abelam\/files\/2022\/09\/Los-visitantes-768x256.jpg 768w\" sizes=\"(max-width: 420px) 100vw, 420px\" \/><figcaption id=\"caption-attachment-597\" class=\"wp-caption-text\">Fotograma de la pel\u00edcula \u00abLes visiteurs\u00bb de Jean Marie Poir\u00e9 (1993).<\/figcaption><\/figure>\n<p><a title=\"Geograf\u00eda e Historia 2\u00ba de ESO. Metodolog\u00eda\" href=\"https:\/\/blogsaverroes.juntadeandalucia.es\/abelam\/geografia-e-historia-2o-de-eso-metodologia\/\" target=\"_blank\" rel=\"noopener noreferrer\">Metodolog\u00eda<\/a><\/p>\n<p><a href=\"https:\/\/drive.google.com\/file\/d\/1I94XRxmOShWWrb5D8odKLNxXdVJz-4e9\/view?usp=sharing\" target=\"_blank\" rel=\"noopener noreferrer\">Evaluaci\u00f3n inicial<\/a><\/p>\n<p><a title=\"Secuencia 1. Demograf\u00eda\" href=\"https:\/\/blogsaverroes.juntadeandalucia.es\/abelam\/secuencia-1-demografia\/\">Secuencia 1. Demograf\u00eda<\/a><\/p>\n<p><a title=\"SC2. Geograf\u00eda urbana\" href=\"https:\/\/blogsaverroes.juntadeandalucia.es\/abelam\/geografia-e-historia-2o-eso\/sc2-geografia-urbana\/\">Secuencia 2. Geograf\u00eda urbana<\/a><\/p>\n<p><a href=\"https:\/\/blogsaverroes.juntadeandalucia.es\/abelam\/geografia-e-historia-2o-eso\/sc3-la-edad-media\/\" target=\"_blank\" rel=\"noopener noreferrer\">Secuencia 3. La Edad Media<\/a><\/p>\n<p><a href=\"https:\/\/blogsaverroes.juntadeandalucia.es\/abelam\/geografia-e-historia-2o-eso\/sc4-el-renacimiento\/\" target=\"_blank\" rel=\"noopener noreferrer\">Secuencia 4. El Renacimiento<\/a><\/p>\n","protected":false},"excerpt":{"rendered":"<p>Metodolog\u00eda Evaluaci\u00f3n inicial Secuencia 1. Demograf\u00eda Secuencia 2. Geograf\u00eda urbana Secuencia 3. La Edad Media Secuencia 4. El Renacimiento<\/p>\n","protected":false},"author":12632,"featured_media":0,"parent":951,"menu_order":0,"comment_status":"closed","ping_status":"closed","template":"","meta":{"ngg_post_thumbnail":0,"footnotes":""},"aioseo_notices":[],"_links":{"self":[{"href":"https:\/\/blogsaverroes.juntadeandalucia.es\/abelam\/wp-json\/wp\/v2\/pages\/596"}],"collection":[{"href":"https:\/\/blogsaverroes.juntadeandalucia.es\/abelam\/wp-json\/wp\/v2\/pages"}],"about":[{"href":"https:\/\/blogsaverroes.juntadeandalucia.es\/abelam\/wp-json\/wp\/v2\/types\/page"}],"author":[{"embeddable":true,"href":"https:\/\/blogsaverroes.juntadeandalucia.es\/abelam\/wp-json\/wp\/v2\/users\/12632"}],"replies":[{"embeddable":true,"href":"https:\/\/blogsaverroes.juntadeandalucia.es\/abelam\/wp-json\/wp\/v2\/comments?post=596"}],"version-history":[{"count":11,"href":"https:\/\/blogsaverroes.juntadeandalucia.es\/abelam\/wp-json\/wp\/v2\/pages\/596\/revisions"}],"predecessor-version":[{"id":838,"href":"https:\/\/blogsaverroes.juntadeandalucia.es\/abelam\/wp-json\/wp\/v2\/pages\/596\/revisions\/838"}],"up":[{"embeddable":true,"href":"https:\/\/blogsaverroes.juntadeandalucia.es\/abelam\/wp-json\/wp\/v2\/pages\/951"}],"wp:attachment":[{"href":"https:\/\/blogsaverroes.juntadeandalucia.es\/abelam\/wp-json\/wp\/v2\/media?parent=596"}],"curies":[{"name":"wp","href":"https:\/\/api.w.org\/{rel}","templated":true}]}}