{"id":604,"date":"2022-09-18T04:40:14","date_gmt":"2022-09-18T02:40:14","guid":{"rendered":"https:\/\/blogsaverroes.juntadeandalucia.es\/abelam\/?page_id=604"},"modified":"2022-10-02T17:49:43","modified_gmt":"2022-10-02T15:49:43","slug":"ecdh","status":"publish","type":"page","link":"https:\/\/blogsaverroes.juntadeandalucia.es\/abelam\/ecdh\/","title":{"rendered":"ECDH"},"content":{"rendered":"<figure id=\"attachment_605\" aria-describedby=\"caption-attachment-605\" style=\"width: 330px\" class=\"wp-caption alignleft\"><img loading=\"lazy\" decoding=\"async\" class=\" wp-image-605\" src=\"https:\/\/blogsaverroes.juntadeandalucia.es\/abelam\/files\/2022\/09\/brieva.jpg\" alt=\"\" width=\"330\" height=\"167\" srcset=\"https:\/\/blogsaverroes.juntadeandalucia.es\/abelam\/files\/2022\/09\/brieva.jpg 1021w, https:\/\/blogsaverroes.juntadeandalucia.es\/abelam\/files\/2022\/09\/brieva-300x152.jpg 300w, https:\/\/blogsaverroes.juntadeandalucia.es\/abelam\/files\/2022\/09\/brieva-768x389.jpg 768w\" sizes=\"(max-width: 330px) 100vw, 330px\" \/><figcaption id=\"caption-attachment-605\" class=\"wp-caption-text\">Ilustraci\u00f3n de Miguel Brieva<\/figcaption><\/figure>\n<p id=\"yui_3_17_2_1_1664725769661_444\" dir=\"ltr\">Bienvenid@s al curso de Educaci\u00f3n para la Ciudadan\u00eda y los Derechos Humanos. Este curso ser\u00e1 un espacio de reflexi\u00f3n y di\u00e1logo sobre los grandes temas y conclictos de nuestro tiempo. Lo haremos sobre la diversidad (cultural, sexual, funcional, etc.), el feminismo, la crisis medioambiental, el consumo o la pol\u00edtica.<\/p>\n<p dir=\"ltr\">El m\u00e9todo de trabajo consistir\u00e1, fundamentalmente, en la organizaci\u00f3n de debates y la participaci\u00f3n activa en ellos, tanto en el aula como en el entorno digital. A\u00fan as\u00ed, queda abierta la opci\u00f3n de tratar estos temas con cualquier otra metodolog\u00eda que pueda proponer tanto el profesor como el alumnado: Aprendizaje Servicio, trabajos monogr\u00e1ficos, podcasts, etc. &nbsp;<\/p>\n<p><a href=\"https:\/\/drive.google.com\/file\/d\/1YVPGZZ-aW0PEYCyVVjf88WYVVtVIC-NS\/view?usp=sharing\" target=\"_blank\" rel=\"noopener noreferrer\">Evaluaci\u00f3n inicial<\/a><\/p>\n<p><a href=\"https:\/\/blogsaverroes.juntadeandalucia.es\/abelam\/ecdh\/sc1-la-diversidad\/\" target=\"_blank\" rel=\"noopener noreferrer\">Secuencia 1. La diversidad<\/a><\/p>\n","protected":false},"excerpt":{"rendered":"<p>Bienvenid@s al curso de Educaci\u00f3n para la Ciudadan\u00eda y los Derechos Humanos. Este curso ser\u00e1 un espacio de reflexi\u00f3n y di\u00e1logo sobre los grandes temas y conclictos de nuestro tiempo. Lo haremos sobre la diversidad (cultural, sexual, funcional, etc.), el feminismo, la crisis medioambiental, el consumo o la pol\u00edtica. El m\u00e9todo de trabajo consistir\u00e1, fundamentalmente, &hellip; <a href=\"https:\/\/blogsaverroes.juntadeandalucia.es\/abelam\/ecdh\/\" class=\"more-link\">Seguir leyendo <span class=\"screen-reader-text\">ECDH<\/span> <span class=\"meta-nav\">&rarr;<\/span><\/a><\/p>\n","protected":false},"author":12632,"featured_media":0,"parent":0,"menu_order":0,"comment_status":"closed","ping_status":"closed","template":"","meta":{"ngg_post_thumbnail":0,"footnotes":""},"aioseo_notices":[],"_links":{"self":[{"href":"https:\/\/blogsaverroes.juntadeandalucia.es\/abelam\/wp-json\/wp\/v2\/pages\/604"}],"collection":[{"href":"https:\/\/blogsaverroes.juntadeandalucia.es\/abelam\/wp-json\/wp\/v2\/pages"}],"about":[{"href":"https:\/\/blogsaverroes.juntadeandalucia.es\/abelam\/wp-json\/wp\/v2\/types\/page"}],"author":[{"embeddable":true,"href":"https:\/\/blogsaverroes.juntadeandalucia.es\/abelam\/wp-json\/wp\/v2\/users\/12632"}],"replies":[{"embeddable":true,"href":"https:\/\/blogsaverroes.juntadeandalucia.es\/abelam\/wp-json\/wp\/v2\/comments?post=604"}],"version-history":[{"count":2,"href":"https:\/\/blogsaverroes.juntadeandalucia.es\/abelam\/wp-json\/wp\/v2\/pages\/604\/revisions"}],"predecessor-version":[{"id":697,"href":"https:\/\/blogsaverroes.juntadeandalucia.es\/abelam\/wp-json\/wp\/v2\/pages\/604\/revisions\/697"}],"wp:attachment":[{"href":"https:\/\/blogsaverroes.juntadeandalucia.es\/abelam\/wp-json\/wp\/v2\/media?parent=604"}],"curies":[{"name":"wp","href":"https:\/\/api.w.org\/{rel}","templated":true}]}}