{"id":620,"date":"2022-09-18T05:19:20","date_gmt":"2022-09-18T03:19:20","guid":{"rendered":"https:\/\/blogsaverroes.juntadeandalucia.es\/abelam\/?page_id=620"},"modified":"2024-09-10T08:08:47","modified_gmt":"2024-09-10T06:08:47","slug":"valores-eticos","status":"publish","type":"page","link":"https:\/\/blogsaverroes.juntadeandalucia.es\/abelam\/curso-2022-2023\/valores-eticos\/","title":{"rendered":"Valores \u00e9ticos"},"content":{"rendered":"<figure id=\"attachment_613\" aria-describedby=\"caption-attachment-613\" style=\"width: 150px\" class=\"wp-caption alignleft\"><img loading=\"lazy\" decoding=\"async\" class=\"wp-image-613 size-thumbnail\" src=\"https:\/\/blogsaverroes.juntadeandalucia.es\/abelam\/files\/2022\/09\/El-Roto-02-150x150.jpg\" alt=\"Vi\u00f1eta de El Roto\" width=\"150\" height=\"150\"><figcaption id=\"caption-attachment-613\" class=\"wp-caption-text\">Vi\u00f1eta de El Roto<\/figcaption><\/figure>\n<p>Bienvenidas al curso de Valores \u00e9ticos de 4\u00ba de la ESO. Esta materia se plantea como un espacio de reflexi\u00f3n y crecimiento personal que nos ayude a entender mejor el mundo en el que vivimos y c\u00f3mo podemos contribuir a que sea m\u00e1s habitable y amable para todas las personas. Para ello, exploraremos cuestiones del mundo actual relacionadas con la Dignidad, los Derechos Humanos, las relaciones personales y sociales, las instituciones y organizaciones pol\u00edticas y el desarrollo de la ciencia y la tecnolog\u00eda. La forma de hacerlo ser\u00e1, fundamentalmente, participativa, a trav\u00e9s de coloquios, tertulias dial\u00f3gicas y debates. Si, una vez avanzado el curso, nos vemos suficientemente motivadas, emprenderemos alg\u00fan proyecto de Aprendizaje Servicio mediante el cual desarrollaremos nuestras competencias al tiempo que mejoramos nuestro entorno.<\/p>\n<p><a href=\"https:\/\/drive.google.com\/file\/d\/1wcQ0QMQXbaUtJlOgCACBqbQYx6DnWN8E\/view?usp=sharing\" target=\"_blank\" rel=\"noopener noreferrer\">Evaluaci\u00f3n inicial<\/a><\/p>\n<p><a href=\"https:\/\/drive.google.com\/file\/d\/15Ah3JgtXTw_WbBnspaIM84ts9WxnFhEE\/view?usp=sharing\" target=\"_blank\" rel=\"noopener noreferrer\">Pautas para organizar un debate<\/a><\/p>\n<p><a href=\"https:\/\/blogsaverroes.juntadeandalucia.es\/abelam\/valores-eticos\/sc1-la-dignidad\/\" target=\"_blank\" rel=\"noopener noreferrer\">Secuencia 1: La dignidad<\/a><\/p>\n","protected":false},"excerpt":{"rendered":"<p>Bienvenidas al curso de Valores \u00e9ticos de 4\u00ba de la ESO. Esta materia se plantea como un espacio de reflexi\u00f3n y crecimiento personal que nos ayude a entender mejor el mundo en el que vivimos y c\u00f3mo podemos contribuir a que sea m\u00e1s habitable y amable para todas las personas. Para ello, exploraremos cuestiones del &hellip; <a href=\"https:\/\/blogsaverroes.juntadeandalucia.es\/abelam\/curso-2022-2023\/valores-eticos\/\" class=\"more-link\">Seguir leyendo <span class=\"screen-reader-text\">Valores \u00e9ticos<\/span> <span class=\"meta-nav\">&rarr;<\/span><\/a><\/p>\n","protected":false},"author":12632,"featured_media":0,"parent":951,"menu_order":0,"comment_status":"closed","ping_status":"closed","template":"","meta":{"ngg_post_thumbnail":0,"footnotes":""},"aioseo_notices":[],"_links":{"self":[{"href":"https:\/\/blogsaverroes.juntadeandalucia.es\/abelam\/wp-json\/wp\/v2\/pages\/620"}],"collection":[{"href":"https:\/\/blogsaverroes.juntadeandalucia.es\/abelam\/wp-json\/wp\/v2\/pages"}],"about":[{"href":"https:\/\/blogsaverroes.juntadeandalucia.es\/abelam\/wp-json\/wp\/v2\/types\/page"}],"author":[{"embeddable":true,"href":"https:\/\/blogsaverroes.juntadeandalucia.es\/abelam\/wp-json\/wp\/v2\/users\/12632"}],"replies":[{"embeddable":true,"href":"https:\/\/blogsaverroes.juntadeandalucia.es\/abelam\/wp-json\/wp\/v2\/comments?post=620"}],"version-history":[{"count":3,"href":"https:\/\/blogsaverroes.juntadeandalucia.es\/abelam\/wp-json\/wp\/v2\/pages\/620\/revisions"}],"predecessor-version":[{"id":688,"href":"https:\/\/blogsaverroes.juntadeandalucia.es\/abelam\/wp-json\/wp\/v2\/pages\/620\/revisions\/688"}],"up":[{"embeddable":true,"href":"https:\/\/blogsaverroes.juntadeandalucia.es\/abelam\/wp-json\/wp\/v2\/pages\/951"}],"wp:attachment":[{"href":"https:\/\/blogsaverroes.juntadeandalucia.es\/abelam\/wp-json\/wp\/v2\/media?parent=620"}],"curies":[{"name":"wp","href":"https:\/\/api.w.org\/{rel}","templated":true}]}}