{"id":636,"date":"2022-09-24T08:44:12","date_gmt":"2022-09-24T06:44:12","guid":{"rendered":"https:\/\/blogsaverroes.juntadeandalucia.es\/abelam\/?page_id=636"},"modified":"2024-09-10T08:08:20","modified_gmt":"2024-09-10T06:08:20","slug":"secuencia-1-demografia","status":"publish","type":"page","link":"https:\/\/blogsaverroes.juntadeandalucia.es\/abelam\/curso-2023-2024\/gh3\/secuencia-1-demografia\/","title":{"rendered":"SC 1. Demograf\u00eda"},"content":{"rendered":"<figure id=\"attachment_637\" aria-describedby=\"caption-attachment-637\" style=\"width: 300px\" class=\"wp-caption alignleft\"><img loading=\"lazy\" decoding=\"async\" class=\"size-medium wp-image-637\" src=\"https:\/\/blogsaverroes.juntadeandalucia.es\/abelam\/files\/2022\/09\/Baraka.-Ron-Fricke-1992-300x133.png\" alt=\"\" width=\"300\" height=\"133\" srcset=\"https:\/\/blogsaverroes.juntadeandalucia.es\/abelam\/files\/2022\/09\/Baraka.-Ron-Fricke-1992-300x133.png 300w, https:\/\/blogsaverroes.juntadeandalucia.es\/abelam\/files\/2022\/09\/Baraka.-Ron-Fricke-1992.png 720w\" sizes=\"(max-width: 300px) 100vw, 300px\" \/><figcaption id=\"caption-attachment-637\" class=\"wp-caption-text\">Fotograma de la pel\u00edcula \u00abBaraka\u00bb de Ron Fricke (1992).<\/figcaption><\/figure>\n<p id=\"yui_3_17_2_1_1664001742508_637\" dir=\"ltr\">Comenzamos el bloque de Geograf\u00eda humana del curso con un primer tema de Demograf\u00eda, la disciplina que estudia a la poblaci\u00f3n. As\u00ed, nos familiarizaremos con terminos como natalidad, mortalidad, crecimiento natural de la poblaci\u00f3n, densidad o migraci\u00f3n. Tambi\u00e9n aprenderemos a usar algunas herramientas b\u00e1sicas de esta rama de la Geograf\u00eda como son los gr\u00e1ficos llamados Pir\u00e1mides de poblaci\u00f3n y el an\u00e1lisis de mapas tem\u00e1ticos.<\/p>\n<p dir=\"ltr\">Todo esto lo realizaremos a trav\u00e9s de dos tareas: la realizaci\u00f3n de informes demogr\u00e1ficos por pa\u00eds y el an\u00e1lisis cartogr\u00e1fico de una ruta migratoria actual. Tambi\u00e9n abriremos, para quien quiera participar, un foro debate sobre la actualidad demogr\u00e1fica.<\/p>\n<p>Aqu\u00ed puedes encontrar todas las actividades y materiales de la secuencia:<\/p>\n<p><a href=\"https:\/\/drive.google.com\/file\/d\/1mIOS0IL5ZLmEIaLHV38l8AW9Y4yO9P9i\/view?usp=sharing\" target=\"_blank\" rel=\"noopener noreferrer\">Dossier de textos en franc\u00e9s<\/a><\/p>\n<p><a href=\"https:\/\/drive.google.com\/drive\/folders\/16Yc7Hj6rAEDSMwVt4dhCLQgOES4sdq-m?usp=sharing\" target=\"_blank\" rel=\"noopener noreferrer\">Carpeta de mapas<\/a><\/p>\n<p><a href=\"https:\/\/drive.google.com\/file\/d\/1mC40-QuIv_sc1ZAISoqnMrAiitkxwBpw\/view?usp=sharing\" target=\"_blank\" rel=\"noopener noreferrer\">Tarea 1. Informes demogr\u00e1ficos.<\/a><\/p>\n<p><a href=\"https:\/\/drive.google.com\/file\/d\/1H92OBRZF1o1oc18BeYUOu5lR_TlHk2ys\/view?usp=sharing\" target=\"_blank\" rel=\"noopener noreferrer\">Tarea 1. Informe ejemplo.<\/a><\/p>\n<p><a href=\"https:\/\/drive.google.com\/file\/d\/1GFRyle5Hc7oqH_agsZtrTLyptFNZMJaG\/view?usp=sharing\" target=\"_blank\" rel=\"noopener noreferrer\">Tarea 1. Plantilla de Informe.<\/a><\/p>\n<p><a href=\"https:\/\/drive.google.com\/file\/d\/1UsbxT8ms8_xwdhCZxgmtA4U3IbXsGdg6\/view?usp=sharing\" target=\"_blank\" rel=\"noopener noreferrer\">Tarea 2. Mapa de una migraci\u00f3n.<\/a><\/p>\n<p><a href=\"https:\/\/docs.google.com\/document\/d\/1v7_LfELKQB-RFIxG-j2EtPcflP7XahYa1_Aj1btXZc0\/edit?usp=sharing\" target=\"_blank\" rel=\"noopener noreferrer\">Tarea 2. Equipos<\/a>.<\/p>\n<p><a href=\"https:\/\/drive.google.com\/file\/d\/1qgXzbPeHMDBU3iRni_2LoHqHzc_Kj4hD\/view?usp=sharing\" target=\"_blank\" rel=\"noopener noreferrer\">Tarea 2. Dossier con casos para estudio.<\/a><\/p>\n<p><a href=\"https:\/\/drive.google.com\/file\/d\/16Uxz9tEeffbsviNyI1tddBcU7cNF9rFx\/view?usp=sharing\" target=\"_blank\" rel=\"noopener noreferrer\">Tarea voluntaria 1. Elaboraci\u00f3n de una gu\u00eda de recursos<\/a>.<\/p>\n<p><a href=\"https:\/\/drive.google.com\/file\/d\/1Jzeoob6-M7ktl0y0U7_npRZ_nP9VqFcL\/view?usp=sharing\" target=\"_blank\" rel=\"noopener noreferrer\">Tarea voluntaria 2. Participaci\u00f3n en un foro.<\/a><\/p>\n<p><a href=\"https:\/\/drive.google.com\/file\/d\/1vFAPRLYUk7tm1QSfMMDKwCV8n9wwHLT7\/view?usp=sharing\" target=\"_blank\" rel=\"noopener noreferrer\">Formulario de Evaluaci\u00f3n.<\/a><\/p>\n<p>&nbsp;<\/p>\n","protected":false},"excerpt":{"rendered":"<p>Comenzamos el bloque de Geograf\u00eda humana del curso con un primer tema de Demograf\u00eda, la disciplina que estudia a la poblaci\u00f3n. As\u00ed, nos familiarizaremos con terminos como natalidad, mortalidad, crecimiento natural de la poblaci\u00f3n, densidad o migraci\u00f3n. Tambi\u00e9n aprenderemos a usar algunas herramientas b\u00e1sicas de esta rama de la Geograf\u00eda como son los gr\u00e1ficos llamados &hellip; <a href=\"https:\/\/blogsaverroes.juntadeandalucia.es\/abelam\/curso-2023-2024\/gh3\/secuencia-1-demografia\/\" class=\"more-link\">Seguir leyendo <span class=\"screen-reader-text\">SC 1. Demograf\u00eda<\/span> <span class=\"meta-nav\">&rarr;<\/span><\/a><\/p>\n","protected":false},"author":12632,"featured_media":0,"parent":962,"menu_order":0,"comment_status":"closed","ping_status":"closed","template":"","meta":{"ngg_post_thumbnail":0,"footnotes":""},"aioseo_notices":[],"_links":{"self":[{"href":"https:\/\/blogsaverroes.juntadeandalucia.es\/abelam\/wp-json\/wp\/v2\/pages\/636"}],"collection":[{"href":"https:\/\/blogsaverroes.juntadeandalucia.es\/abelam\/wp-json\/wp\/v2\/pages"}],"about":[{"href":"https:\/\/blogsaverroes.juntadeandalucia.es\/abelam\/wp-json\/wp\/v2\/types\/page"}],"author":[{"embeddable":true,"href":"https:\/\/blogsaverroes.juntadeandalucia.es\/abelam\/wp-json\/wp\/v2\/users\/12632"}],"replies":[{"embeddable":true,"href":"https:\/\/blogsaverroes.juntadeandalucia.es\/abelam\/wp-json\/wp\/v2\/comments?post=636"}],"version-history":[{"count":5,"href":"https:\/\/blogsaverroes.juntadeandalucia.es\/abelam\/wp-json\/wp\/v2\/pages\/636\/revisions"}],"predecessor-version":[{"id":712,"href":"https:\/\/blogsaverroes.juntadeandalucia.es\/abelam\/wp-json\/wp\/v2\/pages\/636\/revisions\/712"}],"up":[{"embeddable":true,"href":"https:\/\/blogsaverroes.juntadeandalucia.es\/abelam\/wp-json\/wp\/v2\/pages\/962"}],"wp:attachment":[{"href":"https:\/\/blogsaverroes.juntadeandalucia.es\/abelam\/wp-json\/wp\/v2\/media?parent=636"}],"curies":[{"name":"wp","href":"https:\/\/api.w.org\/{rel}","templated":true}]}}