{"id":925,"date":"2023-06-16T12:31:25","date_gmt":"2023-06-16T10:31:25","guid":{"rendered":"https:\/\/blogsaverroes.juntadeandalucia.es\/abelam\/?page_id=925"},"modified":"2023-06-16T12:49:17","modified_gmt":"2023-06-16T10:49:17","slug":"la-mision","status":"publish","type":"page","link":"https:\/\/blogsaverroes.juntadeandalucia.es\/abelam\/autor-del-sitio\/la-mision\/","title":{"rendered":"La misi\u00f3n"},"content":{"rendered":"<p><img loading=\"lazy\" decoding=\"async\" class=\"alignleft wp-image-928 size-medium\" title=\"Imagen tomada de lavozdelsur.es\" src=\"https:\/\/blogsaverroes.juntadeandalucia.es\/abelam\/files\/2023\/06\/Patera-300x172.jpeg\" alt=\"\" width=\"300\" height=\"172\" srcset=\"https:\/\/blogsaverroes.juntadeandalucia.es\/abelam\/files\/2023\/06\/Patera-300x172.jpeg 300w, https:\/\/blogsaverroes.juntadeandalucia.es\/abelam\/files\/2023\/06\/Patera-768x441.jpeg 768w, https:\/\/blogsaverroes.juntadeandalucia.es\/abelam\/files\/2023\/06\/Patera.jpeg 1000w\" sizes=\"(max-width: 300px) 100vw, 300px\" \/>La joven mujer mira al horizonte que tiene ante ella desde la proa. Respira profundamente, tratando de aclarar lo que siente en su pecho: miedo, determinaci\u00f3n, le late fuerte el coraz\u00f3n, calor, cosquilleos\u2026.&nbsp;<\/p>\n<p>-Hola, \u00bferes t\u00fa Danielle?&nbsp;<\/p>\n<p>Mira hacia donde proviene la voz y ve un hombre fornido, de mediana edad, que se le acerca a zancadas, contrarrestando el empuje hacia atr\u00e1s del movimiento de la embarcaci\u00f3n.<\/p>\n<p>-Soy Marcel, estoy en tu equipo, encantado- le dice alarg\u00e1ndole la mano.&nbsp;<\/p>\n<p>-Hola Marcel, igualmente.<\/p>\n<p>\u00c9l consigue situarse junto a ella, agarr\u00e1ndose tambi\u00e9n a la borda:<\/p>\n<p>-\u00bfEstren\u00e1ndote en misi\u00f3n de ayuda?<\/p>\n<p>-Bueno, no exactamente\u2026 en mi investigaci\u00f3n sobre los Tontines ya colabor\u00e9 en algunas misiones. Pero s\u00ed es la primera vez que salgo del continente. \u00a1Y no s\u00e9 nadar! -exclama Danielle al notar una sacudida de la nave.<\/p>\n<p>-\u00a1Pues ag\u00e1rrate bien! -responde Marcel sin parecer muy preocupado- y no te preocupes, este viejo Towt es viejo, pero seguro y eficaz. Es peque\u00f1o y se mueve mucho, pero no temas -insiste mientras le salpica el agua salada.&nbsp;<\/p>\n<p>Danielle no abandona su posici\u00f3n en la proa. Agarrada con fuerza, mira ahora a su compa\u00f1ero:<\/p>\n<p>&#8211; Desde luego parece una misi\u00f3n dif\u00edcil \u00bfno es verdad? He le\u00eddo el informe previo y lo que se ve es un escenario catastr\u00f3fico, como en las series de los a\u00f1os veinte\u2026<\/p>\n<p>-S\u00ed -responde Marcel-, el desarrollo y el bienestar que les prometieron apenas lo olieron y en pocos a\u00f1os todo se les ha venido abajo\u2026 Ahora son m\u00e1s pobres que la gente que ve\u00edan huir de la guerra en sus pantallas, o que las de las historias de <i>los a\u00f1os del hambre<\/i> de sus tatarabuelos.<\/p>\n<p>-Me han encantado los talleres que propone el proyecto: -contin\u00faa ella- recuperaci\u00f3n de aparatos, miner\u00eda de reciclaje, rehabilitaci\u00f3n de solares, conservaci\u00f3n de alimentos\u2026<\/p>\n<p>-Ya, bueno, poco a poco -dice Marcel con gesto esc\u00e9ptico-. La ruina que tienen no es s\u00f3lo material. Tambi\u00e9n es cultural. Han perdido las capacidades b\u00e1sicas de una sociedad para la supervivencia. Les cuesta imaginar soluciones propias para la alimentaci\u00f3n, las sequ\u00edas, la salud, la vivienda\u2026&nbsp;<\/p>\n<p>-Entiendo. El informe tambi\u00e9n habla de poca cohesi\u00f3n en la comunidad\u2026<\/p>\n<p>-Si es que a eso se le puede llamar \u201ccomunidad\u201d&#8230; -responde Marcel con voz ronca-. Apenas tienen noci\u00f3n de lo com\u00fan, de la ayuda mutua. Su forma de vida les ha convertido en seres muy aislados.&nbsp;&nbsp;<\/p>\n<p>&#8211; Ya, justo lo contrario que en los sitios donde funcionan los Tontines que yo estudi\u00e9\u2026<\/p>\n<p>&#8211; Claro, en los pa\u00edses que conoces la gente lleva siglos enfrent\u00e1ndose en com\u00fan a las cat\u00e1strofes que les suceden y generando sus propios recursos, a veces de los propios desperdicios -sigue Marcel en tono explicativo-. Pero donde vamos no saben organizarse \u00a1Ni siquiera saben tratarse entre s\u00ed!, \u00a1Se pasan todo el tiempo peleando!. Cre\u00edan que eran libres y result\u00f3 que s\u00f3lo eran individualistas, y ahora que necesitan al resto\u2026no hay, no saben c\u00f3mo.<\/p>\n<p>-Es curioso -responde la muchacha fijando su mirada en las ondas que va abriendo el barco sobre el mar- una gente tan desamparada y la arrogancia con que nos trataban\u2026 -En el tono de su voz resuena un viejo rencor.<\/p>\n<p>-S\u00ed, han acabado encerrados por los muros que levantaron sus abuelos, y con toda la basura con la que cre\u00edan que iban a ser felices\u2026<\/p>\n<p>Creo que en el fondo han sido v\u00edctimas de sus gobernantes -matiza Marcel en un tono compasivo, encogiendo los hombros y mirando tambi\u00e9n al agua-. Lo fueron convirtiendo todo en mercanc\u00eda y, claro, su forma de vida acab\u00f3 totalmente desconectada de la propia tierra, de sus propios cuerpos, incluso de sus propios sentimientos.<\/p>\n<p>La embarcaci\u00f3n gana velocidad y Danielle trata de no parecer demasiado asustada. Marcel sigue habl\u00e1ndole de la misi\u00f3n, encajando con naturalidad las sacudidas de la nave-. &#8230;Entonces, no es s\u00f3lo ayudarles a que aprendan a ver sus necesidades reales sino que, adem\u00e1s, respondan a ellas de forma justa, y tambi\u00e9n cuidadosa con el entorno.&nbsp;<\/p>\n<p>&#8211; \u00bfPor d\u00f3nde vamos a comenzar, entonces?<\/p>\n<p>&#8211; Ahora estamos sondeando espacios donde se crean v\u00ednculos. La comunidad empieza a reconstruirse en actividades sociales, cuando la gente participa en buscar soluci\u00f3n a sus problemas comunes. Compartiendo ese intento\u2026 \u00a1Vamos a comer algo a la bodega! -invita Marcel repentino mientras aprovecha el impulso del barco para llegar en tres \u00e1giles zancadas a la escotilla que da a la bodega. Danielle trata de seguirlo sin perder el equilibrio sobre la cubierta tambaleante.&nbsp;<\/p>\n<p>Una vez dentro se sientan en una de las mesas fijas que conforman el peque\u00f1o comedor de la bodega. Los vaivenes de la navegaci\u00f3n se notan algo menos aqu\u00ed abajo, aunque la espuma salpica el exterior de los ojos de buey. Marcel come \u00e1vidamente un pan de pita con frijoles y lechuga mientras Danielle sorbe un t\u00e9 de jengibre y mordisquea una galleta. \u00c9l, sentado a horcajadas en el banco, contin\u00faa con la conversaci\u00f3n:<\/p>\n<p>-Creo que la clave para tener esperanza es que deseen tener una vida sencilla. Que le den m\u00e1s valor a las relaciones entre las personas y menos importancia a las cosas.<\/p>\n<p>-Tenemos diferentes culturas -dice Danielle- pero las necesidades son las mismas para todos los seres humanos. En cada sitio se resuelve de una manera, pero la necesidad es igual: alimento, refugio, que te cuiden cuando no puedas valerte por ti misma, tambi\u00e9n sentirte t\u00fa \u00fatil al resto, tener amor&#8230; Estoy segura de que, por mucho que hayan perdido sus ra\u00edces, a\u00fan pueden reconectar. Recuperar\u00e1n cosas del pasado y saldr\u00e1n otras nuevas.<\/p>\n<p>&#8211; Bueno.- Responde Marcel con tono informativo- algo hay, seguro\u2026 \u00a1Mira! \u00a1la costa!&nbsp;<\/p>\n<p>*********************************************************************<\/p>\n<p>La patera avanza hacia la orilla a una considerable velocidad. La fuerte inercia de las olas y el viento hace que sea dif\u00edcil controlar su rumbo. Es un momento de riesgo y tensi\u00f3n. Finalmente, la proa se clava en la arena de la orilla con relativa facilidad.<\/p>\n<p>Pies africanos comienzan a bajar por la borda a la orilla de la playa de Santa Mar\u00eda del Mar.<\/p>\n<p>Tres figuras observan inm\u00f3viles desde el viejo y desvencijado paseo mar\u00edtimo. Saludan con la mano abierta a las personas que avanzan desde la orilla hacia ellas. Les gritan:<\/p>\n<p>-\u00a1Bienvenidos!&nbsp;<\/p>\n","protected":false},"excerpt":{"rendered":"<p>La joven mujer mira al horizonte que tiene ante ella desde la proa. Respira profundamente, tratando de aclarar lo que siente en su pecho: miedo, determinaci\u00f3n, le late fuerte el coraz\u00f3n, calor, cosquilleos\u2026.&nbsp; -Hola, \u00bferes t\u00fa Danielle?&nbsp; Mira hacia donde proviene la voz y ve un hombre fornido, de mediana edad, que se le acerca &hellip; <a href=\"https:\/\/blogsaverroes.juntadeandalucia.es\/abelam\/autor-del-sitio\/la-mision\/\" class=\"more-link\">Seguir leyendo <span class=\"screen-reader-text\">La misi\u00f3n<\/span> <span class=\"meta-nav\">&rarr;<\/span><\/a><\/p>\n","protected":false},"author":12632,"featured_media":0,"parent":140,"menu_order":0,"comment_status":"closed","ping_status":"closed","template":"","meta":{"ngg_post_thumbnail":0,"footnotes":""},"aioseo_notices":[],"_links":{"self":[{"href":"https:\/\/blogsaverroes.juntadeandalucia.es\/abelam\/wp-json\/wp\/v2\/pages\/925"}],"collection":[{"href":"https:\/\/blogsaverroes.juntadeandalucia.es\/abelam\/wp-json\/wp\/v2\/pages"}],"about":[{"href":"https:\/\/blogsaverroes.juntadeandalucia.es\/abelam\/wp-json\/wp\/v2\/types\/page"}],"author":[{"embeddable":true,"href":"https:\/\/blogsaverroes.juntadeandalucia.es\/abelam\/wp-json\/wp\/v2\/users\/12632"}],"replies":[{"embeddable":true,"href":"https:\/\/blogsaverroes.juntadeandalucia.es\/abelam\/wp-json\/wp\/v2\/comments?post=925"}],"version-history":[{"count":3,"href":"https:\/\/blogsaverroes.juntadeandalucia.es\/abelam\/wp-json\/wp\/v2\/pages\/925\/revisions"}],"predecessor-version":[{"id":929,"href":"https:\/\/blogsaverroes.juntadeandalucia.es\/abelam\/wp-json\/wp\/v2\/pages\/925\/revisions\/929"}],"up":[{"embeddable":true,"href":"https:\/\/blogsaverroes.juntadeandalucia.es\/abelam\/wp-json\/wp\/v2\/pages\/140"}],"wp:attachment":[{"href":"https:\/\/blogsaverroes.juntadeandalucia.es\/abelam\/wp-json\/wp\/v2\/media?parent=925"}],"curies":[{"name":"wp","href":"https:\/\/api.w.org\/{rel}","templated":true}]}}