{"id":951,"date":"2023-09-08T18:16:23","date_gmt":"2023-09-08T16:16:23","guid":{"rendered":"https:\/\/blogsaverroes.juntadeandalucia.es\/abelam\/?page_id=951"},"modified":"2023-09-08T18:16:53","modified_gmt":"2023-09-08T16:16:53","slug":"curso-2022-2023","status":"publish","type":"page","link":"https:\/\/blogsaverroes.juntadeandalucia.es\/abelam\/curso-2022-2023\/","title":{"rendered":"Curso 2022-2023"},"content":{"rendered":"<p>Aqu\u00ed puedes acceder a los materiales y herramientas empleadas en las materias que impart\u00ed en el curso 2023-2023 en el I.E.S. Tejada de El Puerto de Santa Mar\u00eda:<\/p>\n<p><a href=\"https:\/\/blogsaverroes.juntadeandalucia.es\/abelam\/geografia-e-historia-2o-eso\/\" target=\"_blank\" rel=\"noopener noreferrer\">Geograf\u00eda e Historia, de 2\u00ba de ESO<\/a>.<\/p>\n<p><a href=\"https:\/\/blogsaverroes.juntadeandalucia.es\/abelam\/historia-del-arte\/\" target=\"_blank\" rel=\"noopener noreferrer\">Historia del Arte, de 2\u00ba de Bachillerato<\/a>.<\/p>\n<p><a href=\"https:\/\/blogsaverroes.juntadeandalucia.es\/abelam\/ecdh\/\" target=\"_blank\" rel=\"noopener noreferrer\">Educaci\u00f3n para la Ciudadan\u00eda y los Derechos Humanos, de 2\u00ba de Bachillerato.<\/a><\/p>\n<p><a href=\"https:\/\/blogsaverroes.juntadeandalucia.es\/abelam\/valores-eticos\/\" target=\"_blank\" rel=\"noopener noreferrer\">Valores \u00c9ticos, de 4\u00ba de la ESO<\/a>.<\/p>\n","protected":false},"excerpt":{"rendered":"<p>Aqu\u00ed puedes acceder a los materiales y herramientas empleadas en las materias que impart\u00ed en el curso 2023-2023 en el I.E.S. Tejada de El Puerto de Santa Mar\u00eda: Geograf\u00eda e Historia, de 2\u00ba de ESO. Historia del Arte, de 2\u00ba de Bachillerato. Educaci\u00f3n para la Ciudadan\u00eda y los Derechos Humanos, de 2\u00ba de Bachillerato. Valores &hellip; <a href=\"https:\/\/blogsaverroes.juntadeandalucia.es\/abelam\/curso-2022-2023\/\" class=\"more-link\">Seguir leyendo <span class=\"screen-reader-text\">Curso 2022-2023<\/span> <span class=\"meta-nav\">&rarr;<\/span><\/a><\/p>\n","protected":false},"author":12632,"featured_media":0,"parent":0,"menu_order":0,"comment_status":"closed","ping_status":"closed","template":"","meta":{"ngg_post_thumbnail":0,"footnotes":""},"aioseo_notices":[],"_links":{"self":[{"href":"https:\/\/blogsaverroes.juntadeandalucia.es\/abelam\/wp-json\/wp\/v2\/pages\/951"}],"collection":[{"href":"https:\/\/blogsaverroes.juntadeandalucia.es\/abelam\/wp-json\/wp\/v2\/pages"}],"about":[{"href":"https:\/\/blogsaverroes.juntadeandalucia.es\/abelam\/wp-json\/wp\/v2\/types\/page"}],"author":[{"embeddable":true,"href":"https:\/\/blogsaverroes.juntadeandalucia.es\/abelam\/wp-json\/wp\/v2\/users\/12632"}],"replies":[{"embeddable":true,"href":"https:\/\/blogsaverroes.juntadeandalucia.es\/abelam\/wp-json\/wp\/v2\/comments?post=951"}],"version-history":[{"count":1,"href":"https:\/\/blogsaverroes.juntadeandalucia.es\/abelam\/wp-json\/wp\/v2\/pages\/951\/revisions"}],"predecessor-version":[{"id":952,"href":"https:\/\/blogsaverroes.juntadeandalucia.es\/abelam\/wp-json\/wp\/v2\/pages\/951\/revisions\/952"}],"wp:attachment":[{"href":"https:\/\/blogsaverroes.juntadeandalucia.es\/abelam\/wp-json\/wp\/v2\/media?parent=951"}],"curies":[{"name":"wp","href":"https:\/\/api.w.org\/{rel}","templated":true}]}}