{"id":966,"date":"2023-09-16T08:39:43","date_gmt":"2023-09-16T06:39:43","guid":{"rendered":"https:\/\/blogsaverroes.juntadeandalucia.es\/abelam\/?page_id=966"},"modified":"2024-09-10T08:04:11","modified_gmt":"2024-09-10T06:04:11","slug":"gh3-sc0","status":"publish","type":"page","link":"https:\/\/blogsaverroes.juntadeandalucia.es\/abelam\/curso-2023-2024\/gh3\/gh3-sc0\/","title":{"rendered":"GH3.SC0"},"content":{"rendered":"<p>EVALUACI\u00d3N INICIAL Y PRESENTACI\u00d3N<\/p>\n<p><img loading=\"lazy\" decoding=\"async\" class=\"alignleft size-medium wp-image-426\" src=\"https:\/\/blogsaverroes.juntadeandalucia.es\/abelam\/files\/2021\/12\/startup-gdd22007ea_640-300x198.jpg\" alt=\"\" width=\"300\" height=\"198\">Comenzamos el curso con una secuencia did\u00e1ctica de Evaluaci\u00f3n inicial y presentaci\u00f3n. Durante algo m\u00e1s de dos semanas nos conoceremos como grupo y evaluaremos nuestro nivel en las competencias b\u00e1sicas. Por \u00faltimo, echaremos un vistazo a los contenidos del curso, la metodolog\u00eda con la que lo abordaremos y las principales herramientas que utilizaremos.<\/p>\n<p><a href=\"https:\/\/drive.google.com\/file\/d\/1pYp6t-HLShJbGmMjcIhJgs-G7YTPvP8H\/view?usp=sharing\" target=\"_blank\" rel=\"noopener noreferrer\">Tarea 1. Me presento.<\/a><\/p>\n<p><a href=\"https:\/\/drive.google.com\/file\/d\/1c8ilPIZC8ZG_yx10u3r0Ob426nVU6GQI\/view?usp=sharing\" target=\"_blank\" rel=\"noopener noreferrer\">Tarea 2. Exposici\u00f3n de un trabajo en equipo.<\/a><\/p>\n<p><a href=\"https:\/\/drive.google.com\/file\/d\/1Xt55tEWrJ2hjYX1JtMAHNRrKbIJ5B4Ge\/view?usp=sharing\" target=\"_blank\" rel=\"noopener noreferrer\">Tarea voluntaria. Debate.<\/a><\/p>\n<p><a href=\"https:\/\/drive.google.com\/file\/d\/1J8Kt1myID-e_WmxJemA_eWvcqwQ4zXRK\/view?usp=sharing\" target=\"_blank\" rel=\"noopener noreferrer\">Cuestionario de Evaluaci\u00f3n.<\/a><\/p>\n","protected":false},"excerpt":{"rendered":"<p>EVALUACI\u00d3N INICIAL Y PRESENTACI\u00d3N Comenzamos el curso con una secuencia did\u00e1ctica de Evaluaci\u00f3n inicial y presentaci\u00f3n. Durante algo m\u00e1s de dos semanas nos conoceremos como grupo y evaluaremos nuestro nivel en las competencias b\u00e1sicas. Por \u00faltimo, echaremos un vistazo a los contenidos del curso, la metodolog\u00eda con la que lo abordaremos y las principales herramientas &hellip; <a href=\"https:\/\/blogsaverroes.juntadeandalucia.es\/abelam\/curso-2023-2024\/gh3\/gh3-sc0\/\" class=\"more-link\">Seguir leyendo <span class=\"screen-reader-text\">GH3.SC0<\/span> <span class=\"meta-nav\">&rarr;<\/span><\/a><\/p>\n","protected":false},"author":12632,"featured_media":0,"parent":962,"menu_order":0,"comment_status":"closed","ping_status":"closed","template":"","meta":{"ngg_post_thumbnail":0,"footnotes":""},"aioseo_notices":[],"_links":{"self":[{"href":"https:\/\/blogsaverroes.juntadeandalucia.es\/abelam\/wp-json\/wp\/v2\/pages\/966"}],"collection":[{"href":"https:\/\/blogsaverroes.juntadeandalucia.es\/abelam\/wp-json\/wp\/v2\/pages"}],"about":[{"href":"https:\/\/blogsaverroes.juntadeandalucia.es\/abelam\/wp-json\/wp\/v2\/types\/page"}],"author":[{"embeddable":true,"href":"https:\/\/blogsaverroes.juntadeandalucia.es\/abelam\/wp-json\/wp\/v2\/users\/12632"}],"replies":[{"embeddable":true,"href":"https:\/\/blogsaverroes.juntadeandalucia.es\/abelam\/wp-json\/wp\/v2\/comments?post=966"}],"version-history":[{"count":1,"href":"https:\/\/blogsaverroes.juntadeandalucia.es\/abelam\/wp-json\/wp\/v2\/pages\/966\/revisions"}],"predecessor-version":[{"id":967,"href":"https:\/\/blogsaverroes.juntadeandalucia.es\/abelam\/wp-json\/wp\/v2\/pages\/966\/revisions\/967"}],"up":[{"embeddable":true,"href":"https:\/\/blogsaverroes.juntadeandalucia.es\/abelam\/wp-json\/wp\/v2\/pages\/962"}],"wp:attachment":[{"href":"https:\/\/blogsaverroes.juntadeandalucia.es\/abelam\/wp-json\/wp\/v2\/media?parent=966"}],"curies":[{"name":"wp","href":"https:\/\/api.w.org\/{rel}","templated":true}]}}