{"id":977,"date":"2023-09-16T09:05:17","date_gmt":"2023-09-16T07:05:17","guid":{"rendered":"https:\/\/blogsaverroes.juntadeandalucia.es\/abelam\/?page_id=977"},"modified":"2024-09-10T08:07:50","modified_gmt":"2024-09-10T06:07:50","slug":"hmc-sc0","status":"publish","type":"page","link":"https:\/\/blogsaverroes.juntadeandalucia.es\/abelam\/curso-2023-2024\/hmc\/hmc-sc0\/","title":{"rendered":"HMC.SC0"},"content":{"rendered":"<p><strong>SC0. EVALUACI\u00d3N INICIAL Y PRESENTACI\u00d3N<\/strong><\/p>\n<p><img loading=\"lazy\" decoding=\"async\" class=\"alignleft size-medium wp-image-418\" src=\"https:\/\/blogsaverroes.juntadeandalucia.es\/abelam\/files\/2021\/11\/pexels-cottonbro-8369520-300x200.jpg\" alt=\"\" width=\"300\" height=\"200\">Comenzamos el curso con una secuencia did\u00e1ctica de Evaluaci\u00f3n inicial y presentaci\u00f3n. Durante algo m\u00e1s de dos semanas nos conoceremos como grupo y evaluaremos nuestro nivel en las competencias b\u00e1sicas. Por \u00faltimo, echaremos un vistazo a los contenidos del curso, la metodolog\u00eda con la que lo abordaremos y las principales herramientas que utilizaremos.<\/p>\n<p><a href=\"https:\/\/drive.google.com\/file\/d\/15qUFyEMYx-rb2M--UBvxUwSV8ITuSiTj\/view?usp=sharing\" target=\"_blank\" rel=\"noopener noreferrer\">Tarea 1. Me presento.<\/a><\/p>\n<p><a href=\"https:\/\/drive.google.com\/file\/d\/1c8ilPIZC8ZG_yx10u3r0Ob426nVU6GQI\/view?usp=sharing\" target=\"_blank\" rel=\"noopener noreferrer\">Tarea 2. Exposici\u00f3n de un trabajo en equipo.<\/a><\/p>\n<p><a href=\"https:\/\/drive.google.com\/file\/d\/16tIpJUeA3jWlysUSgBK9lYc9NAbnwcit\/view?usp=sharing\" target=\"_blank\" rel=\"noopener noreferrer\">Tarea voluntaria. Debate.<\/a><\/p>\n<p><a href=\"https:\/\/drive.google.com\/file\/d\/1EFhD3TodYf9cuKgEzxEwtk_Qz0dbqhHN\/view?usp=sharing\" target=\"_blank\" rel=\"noopener noreferrer\">Cuestionario de Evaluaci\u00f3n.<\/a><\/p>\n<p><a href=\"https:\/\/drive.google.com\/file\/d\/1Z2lM5WLOHM2uNbeTyqA64Xiaq1EbZEGB\/view?usp=sharing\" target=\"_blank\" rel=\"noopener noreferrer\">Apuntes<\/a><\/p>\n","protected":false},"excerpt":{"rendered":"<p>SC0. EVALUACI\u00d3N INICIAL Y PRESENTACI\u00d3N Comenzamos el curso con una secuencia did\u00e1ctica de Evaluaci\u00f3n inicial y presentaci\u00f3n. Durante algo m\u00e1s de dos semanas nos conoceremos como grupo y evaluaremos nuestro nivel en las competencias b\u00e1sicas. Por \u00faltimo, echaremos un vistazo a los contenidos del curso, la metodolog\u00eda con la que lo abordaremos y las principales &hellip; <a href=\"https:\/\/blogsaverroes.juntadeandalucia.es\/abelam\/curso-2023-2024\/hmc\/hmc-sc0\/\" class=\"more-link\">Seguir leyendo <span class=\"screen-reader-text\">HMC.SC0<\/span> <span class=\"meta-nav\">&rarr;<\/span><\/a><\/p>\n","protected":false},"author":12632,"featured_media":0,"parent":980,"menu_order":0,"comment_status":"closed","ping_status":"closed","template":"","meta":{"ngg_post_thumbnail":0,"footnotes":""},"aioseo_notices":[],"_links":{"self":[{"href":"https:\/\/blogsaverroes.juntadeandalucia.es\/abelam\/wp-json\/wp\/v2\/pages\/977"}],"collection":[{"href":"https:\/\/blogsaverroes.juntadeandalucia.es\/abelam\/wp-json\/wp\/v2\/pages"}],"about":[{"href":"https:\/\/blogsaverroes.juntadeandalucia.es\/abelam\/wp-json\/wp\/v2\/types\/page"}],"author":[{"embeddable":true,"href":"https:\/\/blogsaverroes.juntadeandalucia.es\/abelam\/wp-json\/wp\/v2\/users\/12632"}],"replies":[{"embeddable":true,"href":"https:\/\/blogsaverroes.juntadeandalucia.es\/abelam\/wp-json\/wp\/v2\/comments?post=977"}],"version-history":[{"count":2,"href":"https:\/\/blogsaverroes.juntadeandalucia.es\/abelam\/wp-json\/wp\/v2\/pages\/977\/revisions"}],"predecessor-version":[{"id":983,"href":"https:\/\/blogsaverroes.juntadeandalucia.es\/abelam\/wp-json\/wp\/v2\/pages\/977\/revisions\/983"}],"up":[{"embeddable":true,"href":"https:\/\/blogsaverroes.juntadeandalucia.es\/abelam\/wp-json\/wp\/v2\/pages\/980"}],"wp:attachment":[{"href":"https:\/\/blogsaverroes.juntadeandalucia.es\/abelam\/wp-json\/wp\/v2\/media?parent=977"}],"curies":[{"name":"wp","href":"https:\/\/api.w.org\/{rel}","templated":true}]}}