{"id":980,"date":"2023-09-16T09:21:01","date_gmt":"2023-09-16T07:21:01","guid":{"rendered":"https:\/\/blogsaverroes.juntadeandalucia.es\/abelam\/?page_id=980"},"modified":"2024-10-01T07:59:32","modified_gmt":"2024-10-01T05:59:32","slug":"hmc","status":"publish","type":"page","link":"https:\/\/blogsaverroes.juntadeandalucia.es\/abelam\/curso-2023-2024\/hmc\/","title":{"rendered":"HMC 2023-2024"},"content":{"rendered":"<p><strong>HISTORIA DEL MUNDO CONTEMPOR\u00c1NEO. 1\u00ba DE BACHILLERATO<\/strong><\/p>\n<figure id=\"attachment_984\" aria-describedby=\"caption-attachment-984\" style=\"width: 300px\" class=\"wp-caption alignleft\"><img loading=\"lazy\" decoding=\"async\" class=\"size-medium wp-image-984\" src=\"https:\/\/blogsaverroes.juntadeandalucia.es\/abelam\/files\/2023\/09\/168794-1-300x226.jpg\" alt=\"\" width=\"300\" height=\"226\" srcset=\"https:\/\/blogsaverroes.juntadeandalucia.es\/abelam\/files\/2023\/09\/168794-1-300x226.jpg 300w, https:\/\/blogsaverroes.juntadeandalucia.es\/abelam\/files\/2023\/09\/168794-1-768x578.jpg 768w, https:\/\/blogsaverroes.juntadeandalucia.es\/abelam\/files\/2023\/09\/168794-1.jpg 800w\" sizes=\"(max-width: 300px) 100vw, 300px\" \/><figcaption id=\"caption-attachment-984\" class=\"wp-caption-text\">Estaci\u00f3n de St Lazaire, Claude Monet.<\/figcaption><\/figure>\n<p dir=\"ltr\">El curso de Historia del Mundo Contempor\u00e1neo de 1\u00ba de Bachillerato es una profundizaci\u00f3n en la Historia contempor\u00e1nea, En el primer trimestre estudiaremos el gran salto hist\u00f3rico del Antiguo R\u00e9gimen a la sociedad de clases del siglo XIX a trav\u00e9s de las revoluciones liberales y la revoluci\u00f3n industrial. En el segundo veremos como los excesos de la nueva sociedad capitalista llevaron al planeta entero a dos guerras mundiales y un mundo bipolar tras \u00e9stas. En el \u00faltimo trimestre repasaremos los procesos y hechos m\u00e1s relevantes de las \u00faltimas d\u00e9cadas y trataremos de identificar los principales retos del mundo de hoy.<\/p>\n<p dir=\"ltr\">La metodolog\u00eda del curso ser\u00e1, eminentemente, pr\u00e1ctica. Si bien todas las secuencias contar\u00e1n con sesiones te\u00f3ricas dedicadas al estudio de conceptos y t\u00e9cnicas de trabajo, la mayor parte del tiempo estar\u00e1 protagonizada por la realizaci\u00f3n de tareas, tanto individuales como en equipo, con las que movilizar esos aprendizajes: exposiciones orales, composici\u00f3n de textos y estudios de caso ser\u00e1n algunas de estas tareas.<\/p>\n<p><a href=\"https:\/\/drive.google.com\/file\/d\/1EfqLaVVNdgYgXMHvU_13t_OiRB-w49WH\/view\" target=\"_blank\" rel=\"noopener noreferrer\">Normativa<\/a><\/p>\n<p><a href=\"https:\/\/drive.google.com\/file\/d\/1vO1zIg-Z-CcnUW_UQU95B25q5xOmj8JN\/view\" target=\"_blank\" rel=\"noopener noreferrer\">Metodolog\u00eda<\/a><\/p>\n<p><a href=\"https:\/\/blogsaverroes.juntadeandalucia.es\/abelam\/hmc-sc0\/\" target=\"_blank\" rel=\"noopener noreferrer\">Secuencia 0. Evaluaci\u00f3n inicial y presentaci\u00f3n<\/a><\/p>\n<p><a href=\"https:\/\/blogsaverroes.juntadeandalucia.es\/abelam\/curso-2023-2024\/hmc\/sc1\/\">Secuencia 1. El gran cambio<\/a><\/p>\n<p><a href=\"https:\/\/blogsaverroes.juntadeandalucia.es\/abelam\/curso-2023-2024\/hmc\/sc2\/\">Secuencia 2. La sociedad del siglo XIX<\/a><\/p>\n<p><a href=\"https:\/\/blogsaverroes.juntadeandalucia.es\/abelam\/hmc\/1hmcsc3\/\" target=\"_blank\" rel=\"noopener noreferrer\">Secuencia 3. Imperialismo y Primera Guerra Mundial<\/a><\/p>\n<p><a href=\"https:\/\/blogsaverroes.juntadeandalucia.es\/abelam\/hmc\/sc4-entreguerras-y-segunda-guerra-mundial\/\" target=\"_blank\" rel=\"noopener noreferrer\">Secuencia 4. Entreguerras y Segunda Guerra Mundial<\/a><\/p>\n<p><a href=\"https:\/\/blogsaverroes.juntadeandalucia.es\/abelam\/hmc\/sc5\/\" target=\"_blank\" rel=\"noopener noreferrer\">Secuencia 5. Guerra fr\u00eda y Descolonizaci\u00f3n hasta el mundo actual.<\/a><\/p>\n","protected":false},"excerpt":{"rendered":"<p>HISTORIA DEL MUNDO CONTEMPOR\u00c1NEO. 1\u00ba DE BACHILLERATO El curso de Historia del Mundo Contempor\u00e1neo de 1\u00ba de Bachillerato es una profundizaci\u00f3n en la Historia contempor\u00e1nea, En el primer trimestre estudiaremos el gran salto hist\u00f3rico del Antiguo R\u00e9gimen a la sociedad de clases del siglo XIX a trav\u00e9s de las revoluciones liberales y la revoluci\u00f3n industrial. &hellip; <a href=\"https:\/\/blogsaverroes.juntadeandalucia.es\/abelam\/curso-2023-2024\/hmc\/\" class=\"more-link\">Seguir leyendo <span class=\"screen-reader-text\">HMC 2023-2024<\/span> <span class=\"meta-nav\">&rarr;<\/span><\/a><\/p>\n","protected":false},"author":12632,"featured_media":0,"parent":1334,"menu_order":0,"comment_status":"closed","ping_status":"closed","template":"","meta":{"ngg_post_thumbnail":0,"footnotes":""},"aioseo_notices":[],"_links":{"self":[{"href":"https:\/\/blogsaverroes.juntadeandalucia.es\/abelam\/wp-json\/wp\/v2\/pages\/980"}],"collection":[{"href":"https:\/\/blogsaverroes.juntadeandalucia.es\/abelam\/wp-json\/wp\/v2\/pages"}],"about":[{"href":"https:\/\/blogsaverroes.juntadeandalucia.es\/abelam\/wp-json\/wp\/v2\/types\/page"}],"author":[{"embeddable":true,"href":"https:\/\/blogsaverroes.juntadeandalucia.es\/abelam\/wp-json\/wp\/v2\/users\/12632"}],"replies":[{"embeddable":true,"href":"https:\/\/blogsaverroes.juntadeandalucia.es\/abelam\/wp-json\/wp\/v2\/comments?post=980"}],"version-history":[{"count":11,"href":"https:\/\/blogsaverroes.juntadeandalucia.es\/abelam\/wp-json\/wp\/v2\/pages\/980\/revisions"}],"predecessor-version":[{"id":1426,"href":"https:\/\/blogsaverroes.juntadeandalucia.es\/abelam\/wp-json\/wp\/v2\/pages\/980\/revisions\/1426"}],"up":[{"embeddable":true,"href":"https:\/\/blogsaverroes.juntadeandalucia.es\/abelam\/wp-json\/wp\/v2\/pages\/1334"}],"wp:attachment":[{"href":"https:\/\/blogsaverroes.juntadeandalucia.es\/abelam\/wp-json\/wp\/v2\/media?parent=980"}],"curies":[{"name":"wp","href":"https:\/\/api.w.org\/{rel}","templated":true}]}}