{"id":400,"date":"2022-10-27T21:43:26","date_gmt":"2022-10-27T19:43:26","guid":{"rendered":"https:\/\/blogsaverroes.juntadeandalucia.es\/accitec\/?page_id=400"},"modified":"2024-07-03T21:05:15","modified_gmt":"2024-07-03T19:05:15","slug":"tde","status":"publish","type":"page","link":"https:\/\/blogsaverroes.juntadeandalucia.es\/accitec\/tde\/","title":{"rendered":"TRANSFORMACI\u00d3N  DIGITAL  EDUCATIVA"},"content":{"rendered":"<p><img loading=\"lazy\" decoding=\"async\" class=\"size-full wp-image-404 alignleft\" src=\"https:\/\/blogsaverroes.juntadeandalucia.es\/accitec\/files\/2022\/10\/tde.png\" alt=\"\" width=\"223\" height=\"226\" srcset=\"https:\/\/blogsaverroes.juntadeandalucia.es\/accitec\/files\/2022\/10\/tde.png 223w, https:\/\/blogsaverroes.juntadeandalucia.es\/accitec\/files\/2022\/10\/tde-24x24.png 24w, https:\/\/blogsaverroes.juntadeandalucia.es\/accitec\/files\/2022\/10\/tde-36x36.png 36w, https:\/\/blogsaverroes.juntadeandalucia.es\/accitec\/files\/2022\/10\/tde-48x48.png 48w\" sizes=\"(max-width: 223px) 100vw, 223px\" \/><\/p>\n<p>&nbsp;<\/p>\n<p>&nbsp;<\/p>\n<p>&nbsp;<\/p>\n<p>&nbsp;<\/p>\n<p style=\"text-align: justify\">La innovaci\u00f3n en educaci\u00f3n es un proceso <em><strong>permanente, original e intencional<\/strong><\/em> de b\u00fasqueda de mejora de la calidad educativa y de los aprendizajes del alumnado; su relaci\u00f3n con el uso de las tecnolog\u00eda est\u00e1 supeditada a esa mejora e incluye aspectos estructurales que incumben a la <strong>organizaci\u00f3n<\/strong> de los centros, la din\u00e1mica de <strong>informaci\u00f3n y comunicaci\u00f3n<\/strong> y, sobre todo, los procesos de <strong>ense\u00f1anza-aprendizaje<\/strong>.<\/p>\n<p style=\"text-align: justify\">En cualquiera de estos tres \u00e1mbitos, las iniciativas de innovaci\u00f3n pedag\u00f3gica y de investigaci\u00f3n que desarrolla el profesorado en los centros docentes son fundamentales, as\u00ed como la formaci\u00f3n.<\/p>\n<p style=\"text-align: justify\">La&nbsp; Consejer\u00eda de Educaci\u00f3n y Deporte pone a disposici\u00f3n de los centros educativos una serie de recursos destinados a apoyar la labor del profesorado, de forma que las ideas innovadoras y las actuaciones creativas en cualquiera de estos tres \u00e1mbitos contribuyan a afrontar los retos derivados de los cambios que nuestra sociedad requiere.<\/p>\n<div class=\"inner_cuerpo\" style=\"text-align: justify\"><strong>El Servicio de Innovaci\u00f3n Educativa se articula en torno a tres objetivos fundamentales:<\/strong><\/div>\n<div class=\"inner_cuerpo\">\n<ul style=\"text-align: justify\">\n<li><strong>Mejorar el uso de la tecnolog\u00eda digital en los procesos de ense\u00f1anza-aprendizaje.<\/strong><\/li>\n<\/ul>\n<ul>\n<li style=\"text-align: justify\"><strong>Reducir la Brecha Digital&nbsp; desarrollando competencias y habilidades digitales de relevancia para la comunidad educativa.<\/strong><\/li>\n<li style=\"text-align: justify\"><strong>Impulsar la investigaci\u00f3n e innovaci\u00f3n educativa a trav\u00e9s de la inteligencia artificial, an\u00e1lisis de datos y&nbsp; procesos de previsi\u00f3n para la mejora de las experiencias de aprendizaje y&nbsp; la reducci\u00f3n del abandono escolar.<\/strong>&nbsp;&nbsp;&nbsp;&nbsp;&nbsp;&nbsp;&nbsp;&nbsp;&nbsp;&nbsp;&nbsp;&nbsp;&nbsp;<\/li>\n<\/ul>\n<p>&nbsp;<\/p>\n<p><a href=\"mailto:incidenciastde@iesacci.org\"><img loading=\"lazy\" decoding=\"async\" class=\"aligncenter wp-image-424\" src=\"https:\/\/blogsaverroes.juntadeandalucia.es\/accitec\/files\/2022\/10\/correo-1.png\" alt=\"\" width=\"186\" height=\"82\"><\/a><\/p>\n<table style=\"width: 100%;border-collapse: collapse;background-color: #68cc83;border-style: hidden\">\n<tbody>\n<tr>\n<td style=\"width: 100%\"><a href=\"https:\/\/blogsaverroes.juntadeandalucia.es\/accitec\/files\/2024\/04\/PAD_Acci_23_24.pdf\"><strong>&nbsp;PAD&nbsp;&nbsp; (Plan Actuaci\u00f3n Digital)&nbsp; 2023\/24<\/strong><\/a><\/td>\n<\/tr>\n<\/tbody>\n<\/table>\n<table style=\"width: 100%;border-collapse: collapse;background-color: #e31ba7\">\n<tbody>\n<tr>\n<td style=\"width: 100%\"><a href=\"https:\/\/blogsaverroes.juntadeandalucia.es\/accitec\/files\/2022\/11\/tareas.pdf\"><strong>Tareas emprendidas en relaci\u00f3n con el plan TDE<\/strong><\/a><\/td>\n<\/tr>\n<\/tbody>\n<\/table>\n<table style=\"width: 100%;border-collapse: collapse;background-color: #679fdb\">\n<tbody>\n<tr>\n<td style=\"width: 100%\"><a title=\"Normas_usos_instalaciones_TIC\" href=\"https:\/\/blogsaverroes.juntadeandalucia.es\/accitec\/normas_usos_instalaciones_tic\/\"><strong>Normas y consejos para el&nbsp; uso de equipos TIC del centro<\/strong><\/a><\/td>\n<\/tr>\n<\/tbody>\n<\/table>\n<table style=\"width: 100%;border-collapse: collapse;background-color: #ebe981\">\n<tbody>\n<tr>\n<td style=\"width: 100%\"><strong>Digitalizaci\u00f3n de documentos del centro<\/strong><\/td>\n<\/tr>\n<\/tbody>\n<\/table>\n<table style=\"width: 100%;border-collapse: collapse;background-color: #eb0e3e\">\n<tbody>\n<tr>\n<td style=\"width: 100%\"><strong>Presencia en las redes sociales<\/strong><\/td>\n<\/tr>\n<\/tbody>\n<\/table>\n<table style=\"width: 100%;border-collapse: collapse;background-color: #855d5d\">\n<tbody>\n<tr>\n<td style=\"width: 100%\"><a href=\"https:\/\/blogsaverroes.juntadeandalucia.es\/accitec\/files\/2022\/11\/ENLACES.pdf\"><span style=\"color: #ffffff\"><strong>Enlaces<\/strong><\/span><\/a><\/td>\n<\/tr>\n<\/tbody>\n<\/table>\n<p><a href=\"https:\/\/www.juntadeandalucia.es\/educacion\/eaprendizaje\/wp-content\/uploads\/2022\/07\/GUIA_DE_CONEXI%C3%93N_DE_USUARIOS_AL_SERVICIO_WIFI_CORPORATIVO_DE_LOS_CENTROS_EDUCATIVOS_v5.pdf\" data-wp-editing=\"1\"><img loading=\"lazy\" decoding=\"async\" class=\"alignnone wp-image-643\" src=\"https:\/\/blogsaverroes.juntadeandalucia.es\/accitec\/files\/2023\/02\/conectar_Andared.png\" alt=\"\" width=\"380\" height=\"380\"><\/a><\/p>\n<p><a href=\"mailto:incidenciastde@iesacci.org\" data-wp-editing=\"1\"><img loading=\"lazy\" decoding=\"async\" class=\"aligncenter wp-image-514 size-full\" src=\"https:\/\/blogsaverroes.juntadeandalucia.es\/accitec\/files\/2022\/11\/ti2acci2022.png\" alt=\"\" width=\"184\" height=\"73\" srcset=\"https:\/\/blogsaverroes.juntadeandalucia.es\/accitec\/files\/2022\/11\/ti2acci2022.png 184w, https:\/\/blogsaverroes.juntadeandalucia.es\/accitec\/files\/2022\/11\/ti2acci2022-24x10.png 24w, https:\/\/blogsaverroes.juntadeandalucia.es\/accitec\/files\/2022\/11\/ti2acci2022-36x14.png 36w, https:\/\/blogsaverroes.juntadeandalucia.es\/accitec\/files\/2022\/11\/ti2acci2022-48x19.png 48w\" sizes=\"(max-width: 184px) 100vw, 184px\" \/><\/a>&nbsp;&nbsp;&nbsp;&nbsp;&nbsp;&nbsp;&nbsp;&nbsp;<\/p>\n<\/div>\n","protected":false},"excerpt":{"rendered":"<p>&nbsp; &nbsp; &nbsp; &nbsp; La innovaci\u00f3n en educaci\u00f3n es un proceso permanente, original e intencional de b\u00fasqueda de mejora de la calidad educativa y de&hellip;<\/p>\n","protected":false},"author":3271,"featured_media":0,"parent":0,"menu_order":0,"comment_status":"closed","ping_status":"closed","template":"","meta":{"ngg_post_thumbnail":0,"footnotes":""},"aioseo_notices":[],"_links":{"self":[{"href":"https:\/\/blogsaverroes.juntadeandalucia.es\/accitec\/wp-json\/wp\/v2\/pages\/400"}],"collection":[{"href":"https:\/\/blogsaverroes.juntadeandalucia.es\/accitec\/wp-json\/wp\/v2\/pages"}],"about":[{"href":"https:\/\/blogsaverroes.juntadeandalucia.es\/accitec\/wp-json\/wp\/v2\/types\/page"}],"author":[{"embeddable":true,"href":"https:\/\/blogsaverroes.juntadeandalucia.es\/accitec\/wp-json\/wp\/v2\/users\/3271"}],"replies":[{"embeddable":true,"href":"https:\/\/blogsaverroes.juntadeandalucia.es\/accitec\/wp-json\/wp\/v2\/comments?post=400"}],"version-history":[{"count":43,"href":"https:\/\/blogsaverroes.juntadeandalucia.es\/accitec\/wp-json\/wp\/v2\/pages\/400\/revisions"}],"predecessor-version":[{"id":716,"href":"https:\/\/blogsaverroes.juntadeandalucia.es\/accitec\/wp-json\/wp\/v2\/pages\/400\/revisions\/716"}],"wp:attachment":[{"href":"https:\/\/blogsaverroes.juntadeandalucia.es\/accitec\/wp-json\/wp\/v2\/media?parent=400"}],"curies":[{"name":"wp","href":"https:\/\/api.w.org\/{rel}","templated":true}]}}