{"id":1807,"date":"2015-03-18T07:11:43","date_gmt":"2015-03-18T07:11:43","guid":{"rendered":"http:\/\/blogsaverroes.juntadeandalucia.es\/pre\/ceip\/?page_id=330"},"modified":"2016-11-29T13:12:40","modified_gmt":"2016-11-29T12:12:40","slug":"bibliop-2","status":"publish","type":"page","link":"https:\/\/blogsaverroes.juntadeandalucia.es\/acebuchemprende\/biblioteca\/bibliop-2\/","title":{"rendered":"Recursos constituci\u00f3n Espa\u00f1ola"},"content":{"rendered":"<p align=\"JUSTIFY\"><span style=\"font-family: 'Times New Roman', serif\"><span style=\"font-size: medium\"><span style=\"font-size: medium\"><u>NOTA INFORMATIVA<\/u><\/span><span style=\"font-size: medium\">.<\/span><\/span><\/span><\/p>\n<p align=\"JUSTIFY\"><span style=\"font-family: 'Times New Roman', serif\"><span style=\"font-size: medium\">El pr\u00f3ximo d\u00eda 6 de diciembre se conmemora el trig\u00e9simo octavo aniversario de la aprobaci\u00f3n en refer\u00e9ndum por el pueblo espa\u00f1ol de la Constituci\u00f3n Espa\u00f1ola. Dada la relevancia que la carta magna represent\u00f3 para la consolidaci\u00f3n de un marco de convivencia c\u00edvica asentada en el Estado de Derecho y en las libertades individuales, as\u00ed como para la conversi\u00f3n de Andaluc\u00eda en comunidad aut\u00f3noma, se hace conveniente conmemorar en los centros docentes andaluces, sostenidos con fondos p\u00fablicos, este evento con la importancia que merece. <\/span><\/span><\/p>\n<p align=\"JUSTIFY\"><span style=\"font-family: 'Times New Roman', serif\"><span style=\"font-size: medium\"><span style=\"font-size: medium\">Durante las \u00faltimas 3 horas del viernes d\u00eda 2 de diciembre los profesores\/as, acceder\u00e1n en sus respectivas clases a los contenidos de las siguientes actividades para desarrollar con los alumnos.<\/span>\u00a0<\/span><\/span><\/p>\n<p align=\"JUSTIFY\"><span style=\"font-family: 'Times New Roman', serif\"><span style=\"font-size: medium\">Desde la p\u00e1gina web del centro existen diversos enlaces que desarrollan contenidos sobre la Constituci\u00f3n Espa\u00f1ola.<\/span><\/span><\/p>\n<p align=\"JUSTIFY\"><span style=\"font-family: 'Times New Roman', serif\"><span style=\"font-size: medium\"><a href=\"http:\/\/www.juntadeandalucia.es\/averroes\/acebuche\">www.juntadeandalucia.es\/averroes\/acebuche<\/a><\/span><\/span><\/p>\n<p><span style=\"font-family: 'Times New Roman', serif\"><span style=\"font-size: medium\"><a href=\"http:\/\/averroes.ced.junta-andalucia.es\/acebuche\/menu.html\">http:\/\/averroes.ced.junta-andalucia.es\/acebuche\/menu.html<\/a><\/span><\/span><\/p>\n<p><span style=\"font-family: 'Times New Roman', serif\"><span style=\"font-size: medium\"><a href=\"http:\/\/averroes.ced.junta-andalucia.es\/sanwalabonso\/constitucion\/constitucion.htm\"><span style=\"font-family: Arial, serif\"><span style=\"font-size: small\">http:\/\/averroes.ced.junta-andalucia.es\/sanwalabonso\/constitucion\/constitucion.htm<\/span><\/span><\/a><\/span><\/span><\/p>\n<p>&nbsp;<\/p>\n<p><span style=\"font-family: 'Times New Roman', serif\"><span style=\"font-size: medium\"><a href=\"http:\/\/averroes.ced.junta-andalucia.es\/ceip_san_tesifon\/recursos\/curso5\/CONSTITUCION\/constitucion.html\"><span style=\"font-family: Arial, serif\"><span style=\"font-size: small\">http:\/\/averroes.ced.junta-andalucia.es\/ceip_san_tesifon\/recursos\/curso5\/CONSTITUCION\/constitucion.html<\/span><\/span><\/a><\/span><\/span><\/p>\n<p>&nbsp;<\/p>\n<p><span style=\"font-family: 'Times New Roman', serif\"><span style=\"font-size: medium\"><a href=\"http:\/\/lourdesgiraldovargas2.blogspot.com\/2009\/11\/actividades-dia-de-las-constitucion.html\"><span style=\"font-family: Arial, serif\"><span style=\"font-size: small\">http:\/\/lourdesgiraldovargas2.blogspot.com\/2009\/11\/actividades-dia-de-las-constitucion.html<\/span><\/span><\/a><\/span><\/span><\/p>\n<p><span style=\"font-family: 'Times New Roman', serif\"><span style=\"font-size: medium\"><a href=\"http:\/\/colaboraeducacion.juntadeandalucia.es\/educacion\/colabora\/web\/la-constitucion-a-la-pizarra\" target=\"_blank\"><span style=\"color: #3333ff\"><span style=\"font-family: Arial, sans-serif\"><span style=\"font-size: small\"><u>http:\/\/colaboraeducacion.juntadeandalucia.es\/educacion\/colabora\/web\/la-constitucion-a-la-pizarra<\/u><\/span><\/span><\/span><\/a><u> <\/u><\/span><\/span><\/p>\n<p><span style=\"font-family: 'Times New Roman', serif\"><span style=\"font-size: medium\"><a href=\"http:\/\/www.juntadeandalucia.es\/educacion\/vscripts\/w_cea\/\"><span style=\"color: #3333ff\"><span style=\"font-family: Arial, sans-serif\"><span style=\"font-size: small\"><u>http:\/\/www.juntadeandalucia.es\/educacion\/vscripts\/w_cea\/<\/u><\/span><\/span><\/span><\/a><\/span><\/span><\/p>\n<p><span style=\"color: #3333ff\"><span style=\"font-family: Arial, sans-serif\"><span style=\"font-size: small\"><u>http:\/\/www.juntadeandalucia.es\/educacion\/vscripts\/w_cea\/publi-mat.htm<\/u><\/span><\/span><\/span><\/p>\n<p><span style=\"font-family: 'Times New Roman', serif\"><span style=\"font-size: medium\"><a href=\"http:\/\/averroes.ced.junta-andalucia.es\/ceip_san_tesifon\/recursos\/curso5\/CONSTITUCION\/constitucion.html\"><span style=\"font-family: Arial, serif\"><span style=\"font-size: small\">http:\/\/averroes.ced.junta-andalucia.es\/ceip_san_tesifon\/recursos\/curso5\/CONSTITUCION\/constitucion.html<\/span><\/span><\/a><\/span><\/span><\/p>\n<p>&nbsp;<\/p>\n<p><span style=\"font-family: 'Times New Roman', serif\"><span style=\"font-size: medium\"><a href=\"http:\/\/lourdesgiraldovargas2.blogspot.com\/2009\/11\/actividades-dia-de-las-constitucion.html\"><span style=\"font-family: Arial, serif\"><span style=\"font-size: small\">http:\/\/lourdesgiraldovargas2.blogspot.com\/2009\/11\/actividades-dia-de-las-constitucion.html<\/span><\/span><\/a><\/span><\/span><\/p>\n<p><span style=\"font-family: Arial, serif\"><span style=\"font-size: small\">Al t\u00e9rmino de las actividades se desarrollar\u00e1 un debate sobre la constituci\u00f3n entre los alumnos.<\/span><\/span><\/p>\n","protected":false},"excerpt":{"rendered":"<p>NOTA INFORMATIVA. El pr\u00f3ximo d\u00eda 6 de diciembre se conmemora el trig\u00e9simo octavo aniversario de la aprobaci\u00f3n en refer\u00e9ndum por el pueblo espa\u00f1ol de la Constituci\u00f3n Espa\u00f1ola. Dada la relevancia que la carta magna&#46;&#46;&#46;<\/p>\n","protected":false},"author":1,"featured_media":0,"parent":113,"menu_order":0,"comment_status":"closed","ping_status":"open","template":"template-full-width.php","meta":{"ngg_post_thumbnail":0,"footnotes":"","_mc_calendar":[]},"aioseo_notices":[],"_links":{"self":[{"href":"https:\/\/blogsaverroes.juntadeandalucia.es\/acebuchemprende\/wp-json\/wp\/v2\/pages\/1807"}],"collection":[{"href":"https:\/\/blogsaverroes.juntadeandalucia.es\/acebuchemprende\/wp-json\/wp\/v2\/pages"}],"about":[{"href":"https:\/\/blogsaverroes.juntadeandalucia.es\/acebuchemprende\/wp-json\/wp\/v2\/types\/page"}],"author":[{"embeddable":true,"href":"https:\/\/blogsaverroes.juntadeandalucia.es\/acebuchemprende\/wp-json\/wp\/v2\/users\/1"}],"replies":[{"embeddable":true,"href":"https:\/\/blogsaverroes.juntadeandalucia.es\/acebuchemprende\/wp-json\/wp\/v2\/comments?post=1807"}],"version-history":[{"count":5,"href":"https:\/\/blogsaverroes.juntadeandalucia.es\/acebuchemprende\/wp-json\/wp\/v2\/pages\/1807\/revisions"}],"predecessor-version":[{"id":2402,"href":"https:\/\/blogsaverroes.juntadeandalucia.es\/acebuchemprende\/wp-json\/wp\/v2\/pages\/1807\/revisions\/2402"}],"up":[{"embeddable":true,"href":"https:\/\/blogsaverroes.juntadeandalucia.es\/acebuchemprende\/wp-json\/wp\/v2\/pages\/113"}],"wp:attachment":[{"href":"https:\/\/blogsaverroes.juntadeandalucia.es\/acebuchemprende\/wp-json\/wp\/v2\/media?parent=1807"}],"curies":[{"name":"wp","href":"https:\/\/api.w.org\/{rel}","templated":true}]}}