{"id":2343,"date":"2016-04-25T12:22:15","date_gmt":"2016-04-25T11:22:15","guid":{"rendered":"http:\/\/blogsaverroes.juntadeandalucia.es\/acebuchemprende\/?page_id=2343"},"modified":"2019-06-11T08:49:55","modified_gmt":"2019-06-11T07:49:55","slug":"galeria","status":"publish","type":"page","link":"https:\/\/blogsaverroes.juntadeandalucia.es\/acebuchemprende\/galeria\/","title":{"rendered":"Galer\u00eda de fotos"},"content":{"rendered":"<p><a href=\"https:\/\/photos.app.goo.gl\/TUto8xtFrZ8cXhxPA\">Fiesta fin de curso 2019. Graduaci\u00f3n 4\u00ba E.S.O.<\/a><\/p>\n<p><a href=\"https:\/\/photos.app.goo.gl\/DtViSdZKzVVmKeBLA\">Graduaci\u00f3n 2019 Bachillerato y Ciclos<\/a><\/p>\n<p><a href=\"https:\/\/photos.app.goo.gl\/EMGR6nBA3nMvrXmA7\">Graduaci\u00f3n 2018 Bachillerato y Ciclos<\/a><\/p>\n<p><a href=\"https:\/\/photos.app.goo.gl\/27EoMqVbK5yPZ8ZT6\">Fiesta Fin de Curso 2018<\/a><\/p>\n<p><a href=\"https:\/\/get.google.com\/albumarchive\/104886076527986973431\/album\/AF1QipO-poOx9Fm3z6t4nhodKMXXOB34n-M7GGZQARBY\">Graduaci\u00f3n 2017<\/a><\/p>\n<p><a href=\"https:\/\/get.google.com\/albumarchive\/104886076527986973431\/album\/AF1QipP5IYNZ4gLM1zuROkvfZdMueMC-D64MHhwHZqV3\">Fiesta Fin de Curso 2017<\/a><\/p>\n<p><a href=\"https:\/\/picasaweb.google.com\/104886076527986973431\/FinDeCurso2015\">Fiesta Fin de curso&nbsp;2015<\/a><\/p>\n<p><a href=\"https:\/\/get.google.com\/u\/1\/albumarchive\/110448918589139713538\/album\/AF1QipO1HbekdNQTzuncmmX630EIransRvlAp1Col9Hj\">Graduaci\u00f3n 2008<\/a><\/p>\n<p><a href=\"https:\/\/get.google.com\/u\/1\/albumarchive\/104886076527986973431\/album\/AF1QipPZvMQAgGPDsl1-OhUfLKv5C03kwypXoP4KSMLo\">Graduaci\u00f3n 2005<\/a><\/p>\n<p>&nbsp;<\/p>\n","protected":false},"excerpt":{"rendered":"<p>Fiesta fin de curso 2019. Graduaci\u00f3n 4\u00ba E.S.O. Graduaci\u00f3n 2019 Bachillerato y Ciclos Graduaci\u00f3n 2018 Bachillerato y Ciclos Fiesta Fin de Curso 2018 Graduaci\u00f3n 2017 Fiesta Fin de Curso 2017 Fiesta Fin de curso&nbsp;2015&#46;&#46;&#46;<\/p>\n","protected":false},"author":2652,"featured_media":0,"parent":0,"menu_order":0,"comment_status":"open","ping_status":"open","template":"","meta":{"ngg_post_thumbnail":0,"footnotes":"","_mc_calendar":[]},"aioseo_notices":[],"_links":{"self":[{"href":"https:\/\/blogsaverroes.juntadeandalucia.es\/acebuchemprende\/wp-json\/wp\/v2\/pages\/2343"}],"collection":[{"href":"https:\/\/blogsaverroes.juntadeandalucia.es\/acebuchemprende\/wp-json\/wp\/v2\/pages"}],"about":[{"href":"https:\/\/blogsaverroes.juntadeandalucia.es\/acebuchemprende\/wp-json\/wp\/v2\/types\/page"}],"author":[{"embeddable":true,"href":"https:\/\/blogsaverroes.juntadeandalucia.es\/acebuchemprende\/wp-json\/wp\/v2\/users\/2652"}],"replies":[{"embeddable":true,"href":"https:\/\/blogsaverroes.juntadeandalucia.es\/acebuchemprende\/wp-json\/wp\/v2\/comments?post=2343"}],"version-history":[{"count":15,"href":"https:\/\/blogsaverroes.juntadeandalucia.es\/acebuchemprende\/wp-json\/wp\/v2\/pages\/2343\/revisions"}],"predecessor-version":[{"id":2542,"href":"https:\/\/blogsaverroes.juntadeandalucia.es\/acebuchemprende\/wp-json\/wp\/v2\/pages\/2343\/revisions\/2542"}],"wp:attachment":[{"href":"https:\/\/blogsaverroes.juntadeandalucia.es\/acebuchemprende\/wp-json\/wp\/v2\/media?parent=2343"}],"curies":[{"name":"wp","href":"https:\/\/api.w.org\/{rel}","templated":true}]}}