{"id":2476,"date":"2017-11-08T13:21:47","date_gmt":"2017-11-08T12:21:47","guid":{"rendered":"http:\/\/blogsaverroes.juntadeandalucia.es\/acebuchemprende\/?page_id=2476"},"modified":"2017-11-08T14:06:52","modified_gmt":"2017-11-08T13:06:52","slug":"saludo-del-director","status":"publish","type":"page","link":"https:\/\/blogsaverroes.juntadeandalucia.es\/acebuchemprende\/saludo-del-director\/","title":{"rendered":"Saludo del Director"},"content":{"rendered":"<p style=\"text-align: justify\">&nbsp; &nbsp; <a class=\"ngg-fancybox\" title=\" \" href=\"https:\/\/blogsaverroes.juntadeandalucia.es\/acebuchemprende\/wp-content\/uploads\/sites\/1412\/nggallery\/centro\/director.jpg\" rel=\"\"><img loading=\"lazy\" decoding=\"async\" class=\"ngg-singlepic ngg-none aligncenter\" src=\"https:\/\/blogsaverroes.juntadeandalucia.es\/acebuchemprende\/wp-content\/uploads\/sites\/1412\/nggallery\/centro\/thumbs\/thumbs_director.jpg\" alt=\"director\" width=\"144\" height=\"111\"><\/a>&nbsp;Esta p\u00e1gina supone un paso adelante en el esfuerzo continuado de actualizaci\u00f3n y mejora del proceso formativo que en nuestras aulas se desarrolla, donde la unicidad de objetivos, la participaci\u00f3n activa de todos y cada uno de sus miembros y el trabajo colaborativo de los sectores implicados vienen desembocado en propuestas de actuaci\u00f3n diversificadas y completas que, ateni\u00e9ndose a lo legalmente establecido, se caracterizan por su novedad y atrevimiento en pos del logro del desarrollo integral de nuestros alumnos y alumnas y que, lejos de quedar dentro de los l\u00edmites f\u00edsicos del edificio, pretenden trascender en un intento permanente de mejora social y cultural del entorno pr\u00f3ximo.<\/p>\n<p style=\"text-align: justify\">&nbsp;&nbsp;&nbsp;&nbsp; A nuestros alumnos me gustar\u00eda decirles que nunca deber\u00edais considerar el estudio como un sacrificio, sino como la fant\u00e1stica oportunidad de abrir la puerta al maravilloso mundo del conocimiento. Esto requiere esfuerzo, es evidente, pero \u00bfacaso hay algo en la vida que de verdad valga la pena y que se consiga f\u00e1cilmente? Por eso, todos debemos trabajar con ilusi\u00f3n para conseguir siempre que el Instituto sea una prolongaci\u00f3n de vuestra casa, un lugar donde adem\u00e1s de trabajar disfrutamos, tanto de lo que aprendemos cada d\u00eda como de las relaciones con nuestros compa\u00f1eros, amigos y profesores.<\/p>\n<p style=\"text-align: justify\">&nbsp;&nbsp;&nbsp;&nbsp; En cuanto a los padres y madres, debemos siempre recordar que la formaci\u00f3n de vuestros hijos\/as es un trabajo compartido entre el Centro y las familias. No podemos descargar toda la responsabilidad de la educaci\u00f3n en los profesores, porque vosotros sois al menos tan importantes como ellos; para la educaci\u00f3n propiamente dicha mucho m\u00e1s que ellos. Cada una de las dos partes debe cumplir su cometido si queremos conseguir lo que nos proponemos, que vuestros hijos y alumnos nuestros se preparen bien para su futuro, que sean felices, \u00fatiles a la sociedad y satisfechos de serlo.<\/p>\n<p style=\"text-align: justify\">&nbsp;&nbsp;&nbsp;&nbsp; Nuestro objetivo ser\u00e1 siempre lo mejor para nuestros alumnos y la mejor informaci\u00f3n para las familias.<\/p>\n<p style=\"text-align: justify\">Espero y deseo que esta nueva v\u00eda que ahora comienza sea, con el paso del tiempo, un lugar m\u00e1s de encuentro y un motivo para compartir experiencias y, por tanto, de enriquecimiento personal y colectivo.<\/p>\n<div class=\"Parrafos\">\n<p>Torredonjimeno, octubre de 2017<\/p>\n<p>EL DIRECTOR&nbsp;<\/p>\n<\/div>\n<div class=\"Parrafos\">\n<p>Francisco Jes\u00fas Zafra Chica<\/p>\n<p>&nbsp;<\/p>\n<\/div>\n","protected":false},"excerpt":{"rendered":"<p>&nbsp; &nbsp; &nbsp;Esta p\u00e1gina supone un paso adelante en el esfuerzo continuado de actualizaci\u00f3n y mejora del proceso formativo que en nuestras aulas se desarrolla, donde la unicidad de objetivos, la participaci\u00f3n activa de&#46;&#46;&#46;<\/p>\n","protected":false},"author":2652,"featured_media":0,"parent":0,"menu_order":0,"comment_status":"closed","ping_status":"closed","template":"","meta":{"ngg_post_thumbnail":0,"footnotes":"","_mc_calendar":[]},"aioseo_notices":[],"_links":{"self":[{"href":"https:\/\/blogsaverroes.juntadeandalucia.es\/acebuchemprende\/wp-json\/wp\/v2\/pages\/2476"}],"collection":[{"href":"https:\/\/blogsaverroes.juntadeandalucia.es\/acebuchemprende\/wp-json\/wp\/v2\/pages"}],"about":[{"href":"https:\/\/blogsaverroes.juntadeandalucia.es\/acebuchemprende\/wp-json\/wp\/v2\/types\/page"}],"author":[{"embeddable":true,"href":"https:\/\/blogsaverroes.juntadeandalucia.es\/acebuchemprende\/wp-json\/wp\/v2\/users\/2652"}],"replies":[{"embeddable":true,"href":"https:\/\/blogsaverroes.juntadeandalucia.es\/acebuchemprende\/wp-json\/wp\/v2\/comments?post=2476"}],"version-history":[{"count":3,"href":"https:\/\/blogsaverroes.juntadeandalucia.es\/acebuchemprende\/wp-json\/wp\/v2\/pages\/2476\/revisions"}],"predecessor-version":[{"id":2482,"href":"https:\/\/blogsaverroes.juntadeandalucia.es\/acebuchemprende\/wp-json\/wp\/v2\/pages\/2476\/revisions\/2482"}],"wp:attachment":[{"href":"https:\/\/blogsaverroes.juntadeandalucia.es\/acebuchemprende\/wp-json\/wp\/v2\/media?parent=2476"}],"curies":[{"name":"wp","href":"https:\/\/api.w.org\/{rel}","templated":true}]}}