{"id":35,"date":"2015-03-13T08:21:43","date_gmt":"2015-03-13T08:21:43","guid":{"rendered":"http:\/\/blogsaverroes.juntadeandalucia.es\/pre\/ceip\/?page_id=35"},"modified":"2019-11-11T12:26:37","modified_gmt":"2019-11-11T11:26:37","slug":"el-centro-2","status":"publish","type":"page","link":"https:\/\/blogsaverroes.juntadeandalucia.es\/acebuchemprende\/el-centro-2\/","title":{"rendered":"Datos del centro"},"content":{"rendered":"<p>[googlemaps https:\/\/www.google.com\/maps\/embed?pb=!1m18!1m12!1m3!1d3750.830635253396!2d-3.952301481067658!3d37.76519047219536!2m3!1f0!2f0!3f0!3m2!1i1024!2i768!4f13.1!3m3!1m2!1s0xd6dcf0b05037f19%3A0x7d9efc7d5ab6fd9a!2sInstituto+de+Educaci%C3%B3n+Secundaria+IES+Acebuche!5e0!3m2!1ses!2ses!4v1508931792275&amp;w=600&amp;h=450]<\/p>\n<h4>Datos de contacto<\/h4>\n<p>Instituto de Ense\u00f1anza Secundaria Acebuche<\/p>\n<p><strong>Direcci\u00f3n:<\/strong> &nbsp;Calle Antonio Machado n\u00ba 4&nbsp; , 23650 Torredonjimeno (Ja\u00e9n)<br \/>\n<strong>Tel\u00e9fonos:<\/strong><\/p>\n<table>\n<tbody>\n<tr style=\"height: 24px\">\n<td style=\"height: 24px\"><strong>DEPENDENCIA<\/strong><\/td>\n<td style=\"height: 24px\"><strong>N\u00daMERO CORPORATIVO<\/strong><\/td>\n<td style=\"height: 24px\"><strong>N\u00daMERO GENERAL<\/strong><\/td>\n<\/tr>\n<tr style=\"height: 24px\">\n<td style=\"height: 24px\"><em><strong>Direcci\u00f3n<\/strong><\/em><\/td>\n<td style=\"height: 24px\"><strong>638000<\/strong><\/td>\n<td style=\"height: 24px\"><strong>671538000<\/strong><\/td>\n<\/tr>\n<tr style=\"height: 24px\">\n<td style=\"height: 24px\"><em><strong>Jefatura de Estudios<\/strong><\/em><\/td>\n<td style=\"height: 24px\"><strong>637999<\/strong><\/td>\n<td style=\"height: 24px\"><strong>671537999<\/strong><\/td>\n<\/tr>\n<tr style=\"height: 24px\">\n<td style=\"height: 24px\"><em><strong>Orientaci\u00f3n<\/strong><\/em><\/td>\n<td style=\"height: 24px\"><strong>637998<\/strong><\/td>\n<td style=\"height: 24px\"><strong>671537998<\/strong><\/td>\n<\/tr>\n<tr style=\"height: 24px\">\n<td style=\"height: 24px\"><em><strong>Secretar\u00eda<\/strong><\/em><\/td>\n<td style=\"height: 24px\"><strong>637997<\/strong><\/td>\n<td style=\"height: 24px\"><strong>671537997<\/strong><\/td>\n<\/tr>\n<tr style=\"height: 24px\">\n<td style=\"height: 24px\"><em><strong>Consejer\u00eda<\/strong><\/em><\/td>\n<td style=\"height: 24px\"><strong>637996<\/strong><\/td>\n<td style=\"height: 24px\"><strong>671537996<\/strong><\/td>\n<\/tr>\n<tr style=\"height: 24px\">\n<td style=\"height: 24px\"><em><strong>Sala de Profesoras\/es<\/strong><\/em><\/td>\n<td style=\"height: 24px\">&nbsp;<\/td>\n<td style=\"height: 24px\"><strong>661521319<\/strong><\/td>\n<\/tr>\n<tr style=\"height: 24px\">\n<td style=\"height: 24px\"><em><strong>FAX<\/strong><\/em><\/td>\n<td style=\"height: 24px\" colspan=\"2\"><strong>953366925<\/strong><\/td>\n<\/tr>\n<\/tbody>\n<\/table>\n<p><strong>Email:<\/strong>&nbsp;23700335.edu@juntadeandalucia.es<\/p>\n<h4><strong>Horarios<\/strong><\/h4>\n<p>Clases Ordinarias de 8:00 h hasta las 14:30 h.<\/p>\n<p>Programa de Acompa\u00f1amiento Escolar de Lunes a Jueves de 16:00 h hasta las&nbsp;18:00 h.<\/p>\n<p>Programa de Escuelas Deportivas de Lunes a Jueves de 16:00 h a 18:00 h<\/p>\n<p>Programa de Apoyo a las Familias Andaluzas de Lunes a Jueves de 16:00 h a 18:00 h.<\/p>\n<p><strong>Oferta educativa<\/strong><\/p>\n<ul style=\"list-style-type: circle\">\n<li>Ense\u00f1anza Secundaria Obligatoria.<\/li>\n<li>Bachillerato de Ciencias y de Ciencias Sociales<\/li>\n<li>Formaci\u00f3n Profesional Inicial Grado Medio Gesti\u00f3n Administrativa<\/li>\n<li>Formaci\u00f3n Profesional Inicial Grado Superior Educaci\u00f3n Infantil<\/li>\n<li>Formaci\u00f3n Profesional de Base Servicios Administrativos<\/li>\n<\/ul>\n<p>&nbsp;<\/p>\n<h4>Instalaciones<\/h4>\n<p><a class=\"ngg-fancybox\" title=\" \" href=\"https:\/\/blogsaverroes.juntadeandalucia.es\/acebuchemprende\/wp-content\/uploads\/sites\/1412\/nggallery\/centro\/nuestroCentro.jpg\" rel=\"\"><img decoding=\"async\" class=\"ngg-singlepic ngg-none\" src=\"https:\/\/blogsaverroes.juntadeandalucia.es\/acebuchemprende\/wp-content\/uploads\/sites\/1412\/nggallery\/centro\/thumbs\/thumbs_nuestroCentro.jpg\" alt=\"nuestroCentro\"><\/a>&nbsp; &nbsp; &nbsp; &nbsp; &nbsp; &nbsp; &nbsp; &nbsp;&nbsp;<a class=\"ngg-fancybox\" title=\" \" href=\"https:\/\/blogsaverroes.juntadeandalucia.es\/acebuchemprende\/wp-content\/uploads\/sites\/1412\/nggallery\/centro\/ofertaEducativa.jpg\" rel=\"\"><img decoding=\"async\" class=\"ngg-singlepic ngg-none\" src=\"https:\/\/blogsaverroes.juntadeandalucia.es\/acebuchemprende\/wp-content\/uploads\/sites\/1412\/nggallery\/centro\/thumbs\/thumbs_ofertaEducativa.jpg\" alt=\"ofertaEducativa\"><\/a><\/p>\n<p>&nbsp;<\/p>\n","protected":false},"excerpt":{"rendered":"<p>[googlemaps https:\/\/www.google.com\/maps\/embed?pb=!1m18!1m12!1m3!1d3750.830635253396!2d-3.952301481067658!3d37.76519047219536!2m3!1f0!2f0!3f0!3m2!1i1024!2i768!4f13.1!3m3!1m2!1s0xd6dcf0b05037f19%3A0x7d9efc7d5ab6fd9a!2sInstituto+de+Educaci%C3%B3n+Secundaria+IES+Acebuche!5e0!3m2!1ses!2ses!4v1508931792275&amp;w=600&amp;h=450] Datos de contacto Instituto de Ense\u00f1anza Secundaria Acebuche Direcci\u00f3n: &nbsp;Calle Antonio Machado n\u00ba 4&nbsp; , 23650 Torredonjimeno (Ja\u00e9n) Tel\u00e9fonos: DEPENDENCIA N\u00daMERO CORPORATIVO N\u00daMERO GENERAL Direcci\u00f3n 638000 671538000 Jefatura de Estudios 637999 671537999&#46;&#46;&#46;<\/p>\n","protected":false},"author":1,"featured_media":0,"parent":0,"menu_order":0,"comment_status":"closed","ping_status":"open","template":"template-full-width.php","meta":{"ngg_post_thumbnail":0,"footnotes":"","_mc_calendar":[]},"aioseo_notices":[],"_links":{"self":[{"href":"https:\/\/blogsaverroes.juntadeandalucia.es\/acebuchemprende\/wp-json\/wp\/v2\/pages\/35"}],"collection":[{"href":"https:\/\/blogsaverroes.juntadeandalucia.es\/acebuchemprende\/wp-json\/wp\/v2\/pages"}],"about":[{"href":"https:\/\/blogsaverroes.juntadeandalucia.es\/acebuchemprende\/wp-json\/wp\/v2\/types\/page"}],"author":[{"embeddable":true,"href":"https:\/\/blogsaverroes.juntadeandalucia.es\/acebuchemprende\/wp-json\/wp\/v2\/users\/1"}],"replies":[{"embeddable":true,"href":"https:\/\/blogsaverroes.juntadeandalucia.es\/acebuchemprende\/wp-json\/wp\/v2\/comments?post=35"}],"version-history":[{"count":32,"href":"https:\/\/blogsaverroes.juntadeandalucia.es\/acebuchemprende\/wp-json\/wp\/v2\/pages\/35\/revisions"}],"predecessor-version":[{"id":2553,"href":"https:\/\/blogsaverroes.juntadeandalucia.es\/acebuchemprende\/wp-json\/wp\/v2\/pages\/35\/revisions\/2553"}],"wp:attachment":[{"href":"https:\/\/blogsaverroes.juntadeandalucia.es\/acebuchemprende\/wp-json\/wp\/v2\/media?parent=35"}],"curies":[{"name":"wp","href":"https:\/\/api.w.org\/{rel}","templated":true}]}}