{"id":361,"date":"2015-03-18T10:23:27","date_gmt":"2015-03-18T10:23:27","guid":{"rendered":"http:\/\/blogsaverroes.juntadeandalucia.es\/pre\/ceip\/?page_id=361"},"modified":"2015-09-02T12:16:02","modified_gmt":"2015-09-02T12:16:02","slug":"361-2","status":"publish","type":"page","link":"https:\/\/blogsaverroes.juntadeandalucia.es\/acebuchemprende\/geografia-e-historia\/361-2\/","title":{"rendered":"Materiales, recursos&#8230;"},"content":{"rendered":"<h4><a href=\"http:\/\/agrega.juntadeandalucia.es\/visualizar\/es\/es-an_2012090511_9114117\/true\" target=\"_blank\">El mundo actual. Poblaci\u00f3n y recursos. La poblaci\u00f3n en el mundo actual<\/a><\/h4>\n<p><a href=\"http:\/\/agrega.juntadeandalucia.es\/visualizar\/es\/es-an_2012090511_9114117\/true\" target=\"_blank\"><img loading=\"lazy\" decoding=\"async\" class=\" size-medium wp-image-2111 alignleft\" src=\"http:\/\/blogsaverroes.juntadeandalucia.es\/acebuchemprende\/files\/2015\/03\/geografia_historia01-300x230.jpg\" alt=\"geografia_historia01\" width=\"300\" height=\"230\" srcset=\"https:\/\/blogsaverroes.juntadeandalucia.es\/acebuchemprende\/files\/2015\/03\/geografia_historia01-300x230.jpg 300w, https:\/\/blogsaverroes.juntadeandalucia.es\/acebuchemprende\/files\/2015\/03\/geografia_historia01.jpg 781w\" sizes=\"(max-width: 300px) 100vw, 300px\" \/><\/a><\/p>\n<p>Mira cu\u00e1nta gente hay en esta imagen. A primera vista cualquiera dir\u00eda que ve gente sin m\u00e1s. Pero si te parece bien vamos a fijarnos con detenimiento \u00bfCu\u00e1ntos grupos componen la poblaci\u00f3n representada? \u00bfTienen todas estas personas la misma edad? \u00bfSon del mismo sexo? \u00bfTienen el mismo color de piel?<\/p>\n<p align=\"justify\">Vamos a abordar el estudio de la poblaci\u00f3n en el mundo actual a trav\u00e9s de una ciencia que es la Geograf\u00eda. Esta disciplina cient\u00edfica intenta comprender las relaciones entre los seres humanos y el territorio en el que desarrollan su vida.<\/p>\n<p align=\"justify\">\n<h4><a href=\"http:\/\/agrega.juntadeandalucia.es\/visualizar\/es\/es-an_2013091011_9122052\/true\" target=\"_blank\">El mundo actual. Poblaci\u00f3n y recursos: Los desaf\u00edos del nuevo milenio<\/a><\/h4>\n<p style=\"text-align: left;\"><a href=\"http:\/\/agrega.juntadeandalucia.es\/visualizar\/es\/es-an_2013091011_9122052\/true\" target=\"_blank\"><img loading=\"lazy\" decoding=\"async\" class=\" size-full wp-image-2114 alignleft\" src=\"http:\/\/blogsaverroes.juntadeandalucia.es\/acebuchemprende\/files\/2015\/03\/geografia_historia02.jpg\" alt=\"geografia_historia02\" width=\"250\" height=\"250\" srcset=\"https:\/\/blogsaverroes.juntadeandalucia.es\/acebuchemprende\/files\/2015\/03\/geografia_historia02.jpg 250w, https:\/\/blogsaverroes.juntadeandalucia.es\/acebuchemprende\/files\/2015\/03\/geografia_historia02-150x150.jpg 150w, https:\/\/blogsaverroes.juntadeandalucia.es\/acebuchemprende\/files\/2015\/03\/geografia_historia02-160x160.jpg 160w\" sizes=\"(max-width: 250px) 100vw, 250px\" \/><\/a><\/p>\n<div class=\"iDevice_inner\">\n<div id=\"ta41_22_2\" class=\"block\">\n<div align=\"justify\"><\/div>\n<div align=\"justify\">Si tuvieras que explicar a un amigo las caracter\u00edsticas del mundo en que vives, seguro que le contar\u00edas muchas cosas de las que hemos abordado en los temas anteriores. Pero la imagen de ese mundo no estar\u00eda completa si no le hablases de Internet, de la innovaci\u00f3n tecnol\u00f3gica y de algo de lo que se habla mucho \u00faltimamente, la globalizaci\u00f3n.<\/div>\n<\/div>\n<\/div>\n","protected":false},"excerpt":{"rendered":"<p>El mundo actual. Poblaci\u00f3n y recursos. La poblaci\u00f3n en el mundo actual Mira cu\u00e1nta gente hay en esta imagen. A primera vista cualquiera dir\u00eda que ve gente sin m\u00e1s. Pero si te parece bien&#46;&#46;&#46;<\/p>\n","protected":false},"author":1,"featured_media":0,"parent":153,"menu_order":0,"comment_status":"closed","ping_status":"open","template":"template-full-width.php","meta":{"ngg_post_thumbnail":0,"footnotes":"","_mc_calendar":[]},"aioseo_notices":[],"_links":{"self":[{"href":"https:\/\/blogsaverroes.juntadeandalucia.es\/acebuchemprende\/wp-json\/wp\/v2\/pages\/361"}],"collection":[{"href":"https:\/\/blogsaverroes.juntadeandalucia.es\/acebuchemprende\/wp-json\/wp\/v2\/pages"}],"about":[{"href":"https:\/\/blogsaverroes.juntadeandalucia.es\/acebuchemprende\/wp-json\/wp\/v2\/types\/page"}],"author":[{"embeddable":true,"href":"https:\/\/blogsaverroes.juntadeandalucia.es\/acebuchemprende\/wp-json\/wp\/v2\/users\/1"}],"replies":[{"embeddable":true,"href":"https:\/\/blogsaverroes.juntadeandalucia.es\/acebuchemprende\/wp-json\/wp\/v2\/comments?post=361"}],"version-history":[{"count":3,"href":"https:\/\/blogsaverroes.juntadeandalucia.es\/acebuchemprende\/wp-json\/wp\/v2\/pages\/361\/revisions"}],"predecessor-version":[{"id":2115,"href":"https:\/\/blogsaverroes.juntadeandalucia.es\/acebuchemprende\/wp-json\/wp\/v2\/pages\/361\/revisions\/2115"}],"up":[{"embeddable":true,"href":"https:\/\/blogsaverroes.juntadeandalucia.es\/acebuchemprende\/wp-json\/wp\/v2\/pages\/153"}],"wp:attachment":[{"href":"https:\/\/blogsaverroes.juntadeandalucia.es\/acebuchemprende\/wp-json\/wp\/v2\/media?parent=361"}],"curies":[{"name":"wp","href":"https:\/\/api.w.org\/{rel}","templated":true}]}}