{"id":42,"date":"2015-03-13T08:40:47","date_gmt":"2015-03-13T08:40:47","guid":{"rendered":"http:\/\/blogsaverroes.juntadeandalucia.es\/pre\/ceip\/?page_id=42"},"modified":"2017-11-08T13:32:28","modified_gmt":"2017-11-08T12:32:28","slug":"equipo-directivo","status":"publish","type":"page","link":"https:\/\/blogsaverroes.juntadeandalucia.es\/acebuchemprende\/equipo-directivo\/","title":{"rendered":"Equipo directivo"},"content":{"rendered":"<p><strong>Direcci\u00f3n: D. Francisco Jes\u00fas Zafra Chica Tfno: 671568000 <a href=\"http:\/\/blogsaverroes.juntadeandalucia.es\/acebuchemprende\/saludo-del-director\/\">Saludo del Director<\/a><\/strong><\/p>\n<p><strong>Vicedirectora: D\u00aa. &nbsp;Celia Cantos Garc\u00eda Tfno: 671537999<\/strong><\/p>\n<p><strong>Jefatura de estudios: D. Jos\u00e9 Mar\u00eda Beltr\u00e1n G\u00f3mez&nbsp;Tfno: 671537999<\/strong><\/p>\n<p><a href=\"https:\/\/sites.google.com\/site\/iesacebuchejestudios\/\"><strong>&nbsp;JEFATURA DE ESTUDIOS I.E.S. ACEBUCHE<\/strong><\/a><\/p>\n<p><strong>Secretar\u00eda: D\u00aa. Encarnaci\u00f3n Fern\u00e1ndez Moral&nbsp;Tfno: 671537999<\/strong><\/p>\n","protected":false},"excerpt":{"rendered":"<p>Direcci\u00f3n: D. Francisco Jes\u00fas Zafra Chica Tfno: 671568000 Saludo del Director Vicedirectora: D\u00aa. &nbsp;Celia Cantos Garc\u00eda Tfno: 671537999 Jefatura de estudios: D. Jos\u00e9 Mar\u00eda Beltr\u00e1n G\u00f3mez&nbsp;Tfno: 671537999 &nbsp;JEFATURA DE ESTUDIOS I.E.S. ACEBUCHE Secretar\u00eda: D\u00aa.&#46;&#46;&#46;<\/p>\n","protected":false},"author":1,"featured_media":0,"parent":0,"menu_order":0,"comment_status":"closed","ping_status":"open","template":"template-full-width.php","meta":{"ngg_post_thumbnail":0,"footnotes":"","_mc_calendar":[]},"aioseo_notices":[],"_links":{"self":[{"href":"https:\/\/blogsaverroes.juntadeandalucia.es\/acebuchemprende\/wp-json\/wp\/v2\/pages\/42"}],"collection":[{"href":"https:\/\/blogsaverroes.juntadeandalucia.es\/acebuchemprende\/wp-json\/wp\/v2\/pages"}],"about":[{"href":"https:\/\/blogsaverroes.juntadeandalucia.es\/acebuchemprende\/wp-json\/wp\/v2\/types\/page"}],"author":[{"embeddable":true,"href":"https:\/\/blogsaverroes.juntadeandalucia.es\/acebuchemprende\/wp-json\/wp\/v2\/users\/1"}],"replies":[{"embeddable":true,"href":"https:\/\/blogsaverroes.juntadeandalucia.es\/acebuchemprende\/wp-json\/wp\/v2\/comments?post=42"}],"version-history":[{"count":8,"href":"https:\/\/blogsaverroes.juntadeandalucia.es\/acebuchemprende\/wp-json\/wp\/v2\/pages\/42\/revisions"}],"predecessor-version":[{"id":2481,"href":"https:\/\/blogsaverroes.juntadeandalucia.es\/acebuchemprende\/wp-json\/wp\/v2\/pages\/42\/revisions\/2481"}],"wp:attachment":[{"href":"https:\/\/blogsaverroes.juntadeandalucia.es\/acebuchemprende\/wp-json\/wp\/v2\/media?parent=42"}],"curies":[{"name":"wp","href":"https:\/\/api.w.org\/{rel}","templated":true}]}}