{"id":44,"date":"2015-03-13T08:42:15","date_gmt":"2015-03-13T08:42:15","guid":{"rendered":"http:\/\/blogsaverroes.juntadeandalucia.es\/pre\/ceip\/?page_id=44"},"modified":"2021-10-26T12:41:28","modified_gmt":"2021-10-26T11:41:28","slug":"planes-y-proyectos","status":"publish","type":"page","link":"https:\/\/blogsaverroes.juntadeandalucia.es\/acebuchemprende\/planes-y-proyectos\/","title":{"rendered":"Planes y Programas"},"content":{"rendered":"<p><img loading=\"lazy\" decoding=\"async\" class=\"alignnone size-medium wp-image-1667\" src=\"http:\/\/blogsaverroes.juntadeandalucia.es\/acebuchemprende\/files\/2015\/03\/planes-300x150.png\" alt=\"planes\" width=\"300\" height=\"150\" srcset=\"https:\/\/blogsaverroes.juntadeandalucia.es\/acebuchemprende\/files\/2015\/03\/planes-300x150.png 300w, https:\/\/blogsaverroes.juntadeandalucia.es\/acebuchemprende\/files\/2015\/03\/planes.png 640w\" sizes=\"(max-width: 300px) 100vw, 300px\" \/><\/p>\n<h4>Durante el curso 2021-22 desarrollamos en el Centro los siguientes Planes y Proyectos Educativos:<\/h4>\n<p>&nbsp;<\/p>\n<ul>\n<li><strong>Plan de igualdad. Coordinador Francisco Alc\u00e1ntara Blanca<\/strong><\/li>\n<li><strong>Plan de apertura. Coordinadora Celia&nbsp; Cantos Garc\u00eda<\/strong><\/li>\n<li><strong>Plan Vivir y sentir el patrimonio. Coordinadora Lola Alc\u00e1ntara Damas<\/strong><\/li>\n<li><strong>Programa Escuelas Deportivas. Coordinador \u00c1lvaro Bors Molina<\/strong><\/li>\n<li><strong>Red Andaluza Escuela \u00abEspacio de Paz\u00bb.&nbsp; Coordinadora Eva Pareja Araque<\/strong><\/li>\n<li><strong>Programa Investigaci\u00f3n Aeroespacial. Coordinadora Esther Aceituno Arjona<\/strong><\/li>\n<li><strong>Proyectos Centros&nbsp; TIC. Coordinador Jos\u00e9 Mar\u00eda Beltr\u00e1n G\u00f3mez<\/strong><\/li>\n<li><strong>Programa Pr\u00e1cticum M\u00e1ster Secundaria. Coordinador Francisco J. Zafra Chica<\/strong><\/li>\n<li><strong>Plan de Salud Laboral y P.R.L. Coordinador Jos\u00e9 Mar\u00eda Beltr\u00e1n G\u00f3mez<\/strong><\/li>\n<li><strong>Plan de Convivencia Escolar. Coordinador Jos\u00e9 Mar\u00eda Beltr\u00e1n G\u00f3mez<\/strong><\/li>\n<li><strong>Programa Forma Joven en el \u00e1mbito educativo. Coordinador Mauricio Moya Gonz\u00e1lez&nbsp;<\/strong><\/li>\n<li><strong>Programa Innicia.Coordinadora Ana Carrasco Rosa<\/strong><\/li>\n<li><strong>Programa Aldea, Educaci\u00f3n Ambiental. Coordinador Cristina Valverde Horno<\/strong><\/li>\n<li><strong>Programa Centro Biling\u00fce Ram\u00f3n Mesa Carmona<\/strong><\/li>\n<li><strong>Programa Steam de Rob\u00f3tica Jos\u00e9 Mar\u00eda Beltr\u00e1n G\u00f3mez<\/strong><\/li>\n<\/ul>\n<p>&nbsp;<\/p>\n","protected":false},"excerpt":{"rendered":"<p>Durante el curso 2021-22 desarrollamos en el Centro los siguientes Planes y Proyectos Educativos: &nbsp; Plan de igualdad. Coordinador Francisco Alc\u00e1ntara Blanca Plan de apertura. Coordinadora Celia&nbsp; Cantos Garc\u00eda Plan Vivir y sentir el&#46;&#46;&#46;<\/p>\n","protected":false},"author":1,"featured_media":0,"parent":0,"menu_order":0,"comment_status":"closed","ping_status":"closed","template":"template-full-width.php","meta":{"ngg_post_thumbnail":0,"footnotes":"","_mc_calendar":[]},"aioseo_notices":[],"_links":{"self":[{"href":"https:\/\/blogsaverroes.juntadeandalucia.es\/acebuchemprende\/wp-json\/wp\/v2\/pages\/44"}],"collection":[{"href":"https:\/\/blogsaverroes.juntadeandalucia.es\/acebuchemprende\/wp-json\/wp\/v2\/pages"}],"about":[{"href":"https:\/\/blogsaverroes.juntadeandalucia.es\/acebuchemprende\/wp-json\/wp\/v2\/types\/page"}],"author":[{"embeddable":true,"href":"https:\/\/blogsaverroes.juntadeandalucia.es\/acebuchemprende\/wp-json\/wp\/v2\/users\/1"}],"replies":[{"embeddable":true,"href":"https:\/\/blogsaverroes.juntadeandalucia.es\/acebuchemprende\/wp-json\/wp\/v2\/comments?post=44"}],"version-history":[{"count":8,"href":"https:\/\/blogsaverroes.juntadeandalucia.es\/acebuchemprende\/wp-json\/wp\/v2\/pages\/44\/revisions"}],"predecessor-version":[{"id":2581,"href":"https:\/\/blogsaverroes.juntadeandalucia.es\/acebuchemprende\/wp-json\/wp\/v2\/pages\/44\/revisions\/2581"}],"wp:attachment":[{"href":"https:\/\/blogsaverroes.juntadeandalucia.es\/acebuchemprende\/wp-json\/wp\/v2\/media?parent=44"}],"curies":[{"name":"wp","href":"https:\/\/api.w.org\/{rel}","templated":true}]}}