{"id":154,"date":"2024-09-14T22:34:31","date_gmt":"2024-09-14T20:34:31","guid":{"rendered":"https:\/\/blogsaverroes.juntadeandalucia.es\/acigr\/?page_id=154"},"modified":"2024-10-22T17:07:46","modified_gmt":"2024-10-22T15:07:46","slug":"profundizacion-enriquecimiento","status":"publish","type":"page","link":"https:\/\/blogsaverroes.juntadeandalucia.es\/acigr\/profundizacion-enriquecimiento\/","title":{"rendered":"Profundizaci\u00f3n-enriquecimiento"},"content":{"rendered":"<p><em><strong>Concepto de enriquecimiento curricular<\/strong><\/em>:<\/p>\n<p><a href=\"https:\/\/drive.google.com\/file\/d\/1qPVyZ51pTolBI0Wl5R5YT3BnfTGZEGVV\/view?usp=sharing\">https:\/\/drive.google.com\/file\/d\/1qPVyZ51pTolBI0Wl5R5YT3BnfTGZEGVV\/view?usp=sharing<\/a><\/p>\n<p><em><strong><span style=\"color: #ff0000\">Programas Profundizaci\u00f3n Andaluc\u00eda EOEEs:<\/span><\/strong><\/em><\/p>\n<p><a href=\"https:\/\/drive.google.com\/file\/d\/1nOzpna7gtBrkCw_kdtl15O-iltlHfJ6T\/view?usp=sharing\">https:\/\/drive.google.com\/file\/d\/1nOzpna7gtBrkCw_kdtl15O-iltlHfJ6T\/view?usp=sharing<\/a><\/p>\n<p><em><strong><span style=\"color: #ff0000\">Programa de profundizaci\u00f3n EOEE C\u00e1diz<\/span>:<\/strong><\/em><\/p>\n<p><a href=\"https:\/\/drive.google.com\/file\/d\/1XRSLHOCsbtK4yVTSTV8_0q-C0KrE4kL7\/view?usp=sharing\">https:\/\/drive.google.com\/file\/d\/1XRSLHOCsbtK4yVTSTV8_0q-C0KrE4kL7\/view?usp=sharing<\/a><\/p>\n<p><em><strong>Enlaces profundizaci\u00f3n:<\/strong><\/em><\/p>\n<p><a href=\"https:\/\/drive.google.com\/file\/d\/11WHGGpVJPAxmHTsGEyBsJyhaEA6t4MUf\/view?usp=sharing\">https:\/\/drive.google.com\/file\/d\/11WHGGpVJPAxmHTsGEyBsJyhaEA6t4MUf\/view?usp=sharing<\/a><\/p>\n<p><em><strong>S\u00e9neca: dise\u00f1o del programa de profundizaci\u00f3n<\/strong><\/em> (Francisco Rivera):<\/p>\n<p><a href=\"https:\/\/www.youtube.com\/watch?v=mXC73uBfdUA\">https:\/\/www.youtube.com\/watch?v=mXC73uBfdUA<\/a><\/p>\n<p>&nbsp;<\/p>\n","protected":false},"excerpt":{"rendered":"<p>Concepto de enriquecimiento curricular: https:\/\/drive.google.com\/file\/d\/1qPVyZ51pTolBI0Wl5R5YT3BnfTGZEGVV\/view?usp=sharing Programas Profundizaci\u00f3n Andaluc\u00eda EOEEs: https:\/\/drive.google.com\/file\/d\/1nOzpna7gtBrkCw_kdtl15O-iltlHfJ6T\/view?usp=sharing Programa de profundizaci\u00f3n EOEE C\u00e1diz: https:\/\/drive.google.com\/file\/d\/1XRSLHOCsbtK4yVTSTV8_0q-C0KrE4kL7\/view?usp=sharing Enlaces profundizaci\u00f3n: https:\/\/drive.google.com\/file\/d\/11WHGGpVJPAxmHTsGEyBsJyhaEA6t4MUf\/view?usp=sharing S\u00e9neca: dise\u00f1o del programa de profundizaci\u00f3n (Francisco Rivera): https:\/\/www.youtube.com\/watch?v=mXC73uBfdUA &nbsp;<\/p>\n","protected":false},"author":19844,"featured_media":0,"parent":0,"menu_order":0,"comment_status":"closed","ping_status":"closed","template":"","meta":{"_exactmetrics_skip_tracking":false,"_exactmetrics_sitenote_active":false,"_exactmetrics_sitenote_note":"","_exactmetrics_sitenote_category":0,"footnotes":""},"aioseo_notices":[],"_links":{"self":[{"href":"https:\/\/blogsaverroes.juntadeandalucia.es\/acigr\/wp-json\/wp\/v2\/pages\/154"}],"collection":[{"href":"https:\/\/blogsaverroes.juntadeandalucia.es\/acigr\/wp-json\/wp\/v2\/pages"}],"about":[{"href":"https:\/\/blogsaverroes.juntadeandalucia.es\/acigr\/wp-json\/wp\/v2\/types\/page"}],"author":[{"embeddable":true,"href":"https:\/\/blogsaverroes.juntadeandalucia.es\/acigr\/wp-json\/wp\/v2\/users\/19844"}],"replies":[{"embeddable":true,"href":"https:\/\/blogsaverroes.juntadeandalucia.es\/acigr\/wp-json\/wp\/v2\/comments?post=154"}],"version-history":[{"count":8,"href":"https:\/\/blogsaverroes.juntadeandalucia.es\/acigr\/wp-json\/wp\/v2\/pages\/154\/revisions"}],"predecessor-version":[{"id":307,"href":"https:\/\/blogsaverroes.juntadeandalucia.es\/acigr\/wp-json\/wp\/v2\/pages\/154\/revisions\/307"}],"wp:attachment":[{"href":"https:\/\/blogsaverroes.juntadeandalucia.es\/acigr\/wp-json\/wp\/v2\/media?parent=154"}],"curies":[{"name":"wp","href":"https:\/\/api.w.org\/{rel}","templated":true}]}}