{"id":219,"date":"2024-09-15T15:33:04","date_gmt":"2024-09-15T13:33:04","guid":{"rendered":"https:\/\/blogsaverroes.juntadeandalucia.es\/acigr\/?page_id=219"},"modified":"2024-12-17T03:09:38","modified_gmt":"2024-12-17T02:09:38","slug":"orientaciones-profesorado","status":"publish","type":"page","link":"https:\/\/blogsaverroes.juntadeandalucia.es\/acigr\/orientaciones-profesorado\/","title":{"rendered":"Orientaciones profesorado"},"content":{"rendered":"<p>&nbsp;<\/p>\n<ul>\n<li><em><strong>Orientaciones educativas Gobierno Vasco<\/strong><\/em>:<\/li>\n<\/ul>\n<p><a href=\"https:\/\/drive.google.com\/file\/d\/1G2AQWi1_am6jYeF0N4QjDKYP3ksFeH80\/view?usp=drive_link\">https:\/\/drive.google.com\/file\/d\/1G2AQWi1_am6jYeF0N4QjDKYP3ksFeH80\/view?usp=drive_link<\/a><\/p>\n<ul>\n<li><em><strong>Pautas metodol\u00f3gicas de Jes\u00fas Garc\u00eda Gallardo<\/strong><\/em>:<\/li>\n<\/ul>\n<p><a href=\"https:\/\/drive.google.com\/file\/d\/1amC04dKSx_XsoHIeokgXZFWXGIYtUfbi\/view?usp=sharing\">https:\/\/drive.google.com\/file\/d\/1amC04dKSx_XsoHIeokgXZFWXGIYtUfbi\/view?usp=sharing<\/a><\/p>\n<ul>\n<li><em><strong>Pautas educativas altas capacidades (Asturias):<\/strong><\/em><\/li>\n<\/ul>\n<p><a href=\"https:\/\/drive.google.com\/file\/d\/1FRv6DMoMoVCHHJeOgBMpj_OMGMYDBPdE\/view?usp=sharing\">https:\/\/drive.google.com\/file\/d\/1FRv6DMoMoVCHHJeOgBMpj_OMGMYDBPdE\/view?usp=sharing<\/a><\/p>\n<p>&nbsp;<\/p>\n","protected":false},"excerpt":{"rendered":"<p>&nbsp; Orientaciones educativas Gobierno Vasco: https:\/\/drive.google.com\/file\/d\/1G2AQWi1_am6jYeF0N4QjDKYP3ksFeH80\/view?usp=drive_link Pautas metodol\u00f3gicas de Jes\u00fas Garc\u00eda Gallardo: https:\/\/drive.google.com\/file\/d\/1amC04dKSx_XsoHIeokgXZFWXGIYtUfbi\/view?usp=sharing Pautas educativas altas capacidades (Asturias): https:\/\/drive.google.com\/file\/d\/1FRv6DMoMoVCHHJeOgBMpj_OMGMYDBPdE\/view?usp=sharing &nbsp;<\/p>\n","protected":false},"author":19844,"featured_media":0,"parent":0,"menu_order":0,"comment_status":"closed","ping_status":"closed","template":"","meta":{"_exactmetrics_skip_tracking":false,"_exactmetrics_sitenote_active":false,"_exactmetrics_sitenote_note":"","_exactmetrics_sitenote_category":0,"footnotes":""},"aioseo_notices":[],"_links":{"self":[{"href":"https:\/\/blogsaverroes.juntadeandalucia.es\/acigr\/wp-json\/wp\/v2\/pages\/219"}],"collection":[{"href":"https:\/\/blogsaverroes.juntadeandalucia.es\/acigr\/wp-json\/wp\/v2\/pages"}],"about":[{"href":"https:\/\/blogsaverroes.juntadeandalucia.es\/acigr\/wp-json\/wp\/v2\/types\/page"}],"author":[{"embeddable":true,"href":"https:\/\/blogsaverroes.juntadeandalucia.es\/acigr\/wp-json\/wp\/v2\/users\/19844"}],"replies":[{"embeddable":true,"href":"https:\/\/blogsaverroes.juntadeandalucia.es\/acigr\/wp-json\/wp\/v2\/comments?post=219"}],"version-history":[{"count":4,"href":"https:\/\/blogsaverroes.juntadeandalucia.es\/acigr\/wp-json\/wp\/v2\/pages\/219\/revisions"}],"predecessor-version":[{"id":336,"href":"https:\/\/blogsaverroes.juntadeandalucia.es\/acigr\/wp-json\/wp\/v2\/pages\/219\/revisions\/336"}],"wp:attachment":[{"href":"https:\/\/blogsaverroes.juntadeandalucia.es\/acigr\/wp-json\/wp\/v2\/media?parent=219"}],"curies":[{"name":"wp","href":"https:\/\/api.w.org\/{rel}","templated":true}]}}