{"id":343,"date":"2025-02-10T10:53:45","date_gmt":"2025-02-10T09:53:45","guid":{"rendered":"https:\/\/blogsaverroes.juntadeandalucia.es\/acigr\/?page_id=343"},"modified":"2025-02-11T10:20:49","modified_gmt":"2025-02-11T09:20:49","slug":"formacion-universidad","status":"publish","type":"page","link":"https:\/\/blogsaverroes.juntadeandalucia.es\/acigr\/formacion-universidad\/","title":{"rendered":"Formaci\u00f3n Universidad"},"content":{"rendered":"<p>&nbsp;<\/p>\n<p><img loading=\"lazy\" decoding=\"async\" class=\"size-medium wp-image-353 alignleft\" src=\"https:\/\/blogsaverroes.juntadeandalucia.es\/acigr\/files\/2025\/02\/captura-micro1-300x282.png\" alt=\"\" width=\"300\" height=\"282\" srcset=\"https:\/\/blogsaverroes.juntadeandalucia.es\/acigr\/files\/2025\/02\/captura-micro1-300x282.png 300w, https:\/\/blogsaverroes.juntadeandalucia.es\/acigr\/files\/2025\/02\/captura-micro1-1024x963.png 1024w, https:\/\/blogsaverroes.juntadeandalucia.es\/acigr\/files\/2025\/02\/captura-micro1-768x722.png 768w, https:\/\/blogsaverroes.juntadeandalucia.es\/acigr\/files\/2025\/02\/captura-micro1.png 1095w\" sizes=\"(max-width: 300px) 100vw, 300px\" \/><\/p>\n<p>&nbsp;<\/p>\n<p><strong><span style=\"color: #333399\">Respuesta educativa inclusiva a las NEAE<\/span> <\/strong><span style=\"color: #0000ff\">(200 horas\/ 8 Cr\u00e9ditos ECTS).<\/span><\/p>\n<p>M\u00f3dulo 1.1. Inclusi\u00f3n Educativa. Centros y Aulas Inclusivas.<\/p>\n<p>M\u00f3dulo 7. Proyecto.<\/p>\n<p><a href=\"https:\/\/titulospropios.ugr.es\/estudiantes\/oferta-formativa\/microcredenciales\/microcredencial-respuesta-educativa-inclusiva-las-necesidades\">Enlace UGR.ES<\/a><\/p>\n<p>&nbsp;<\/p>\n<p>Dr. Jos\u00e9 Rodr\u00edguez Ruiz\u00a0 \u00a0 \u00a0 \u00a0 \u00a0 \u00a0 \u00a0 \u00a0 \u00a0 \u00a0 \u00a0 \u00a0 \u00a0 \u00a0 \u00a0 \u00a0 \u00a0 \u00a0 \u00a0 \u00a0 \u00a0 \u00a0 \u00a0 \u00a0 \u00a0 \u00a0 \u00a0 \u00a0 \u00a0 \u00a0 \u00a0 \u00a0 \u00a0 \u00a0 \u00a0 \u00a0 \u00a0 \u00a0 \u00a0 \u00a0 \u00a0 \u00a0 \u00a0 \u00a0 \u00a0 \u00a0 \u00a0 \u00a0 \u00a0 \u00a0 \u00a0 Coordinador del EOEE de Granada\u00a0 \u00a0 \u00a0 \u00a0 \u00a0 \u00a0 \u00a0 \u00a0 \u00a0 \u00a0 \u00a0 \u00a0 \u00a0 \u00a0 \u00a0 \u00a0 \u00a0 \u00a0 \u00a0 \u00a0 \u00a0 \u00a0 \u00a0 \u00a0 \u00a0 \u00a0 \u00a0 \u00a0 \u00a0 \u00a0 \u00a0 \u00a0 \u00a0 \u00a0 \u00a0 \u00a0 \u00a0 \u00a0 \u00a0 \u00a0 \u00a0 \u00a0 \u00a0 \u00a0 \u00a0 \u00a0 \u00a0 Orientador especialista en AACCII\u00a0 \u00a0 \u00a0 \u00a0 \u00a0 \u00a0 \u00a0 \u00a0 \u00a0 \u00a0 \u00a0 \u00a0 \u00a0 \u00a0 \u00a0 \u00a0 \u00a0 \u00a0 \u00a0 \u00a0 \u00a0 \u00a0 \u00a0 \u00a0 \u00a0 \u00a0 \u00a0 \u00a0 \u00a0 \u00a0 \u00a0 \u00a0 \u00a0 \u00a0 \u00a0 \u00a0 \u00a0 \u00a0 \u00a0 \u00a0 \u00a0 \u00a0 \u00a0 \u00a0 \u00a0 Profesor asociado Departamento de Did\u00e1ctica y Organizaci\u00f3n Escolar<\/p>\n<p>&nbsp;<\/p>\n","protected":false},"excerpt":{"rendered":"<p>&nbsp; &nbsp; Respuesta educativa inclusiva a las NEAE (200 horas\/ 8 Cr\u00e9ditos ECTS). M\u00f3dulo 1.1. Inclusi\u00f3n Educativa. Centros y Aulas Inclusivas. M\u00f3dulo 7. Proyecto. Enlace UGR.ES &nbsp; Dr. Jos\u00e9 Rodr\u00edguez Ruiz\u00a0 \u00a0 \u00a0 \u00a0 \u00a0 \u00a0 \u00a0 \u00a0 \u00a0 \u00a0 \u00a0 \u00a0 \u00a0 \u00a0 \u00a0 \u00a0 \u00a0 \u00a0 \u00a0 \u00a0 \u00a0 \u00a0 \u00a0 \u00a0 \u00a0 &hellip; <\/p>\n<p class=\"link-more\"><a href=\"https:\/\/blogsaverroes.juntadeandalucia.es\/acigr\/formacion-universidad\/\" class=\"more-link\">Continuar leyendo<span class=\"screen-reader-text\"> \u00abFormaci\u00f3n Universidad\u00bb<\/span><\/a><\/p>\n","protected":false},"author":19844,"featured_media":0,"parent":0,"menu_order":0,"comment_status":"closed","ping_status":"closed","template":"","meta":{"_exactmetrics_skip_tracking":false,"_exactmetrics_sitenote_active":false,"_exactmetrics_sitenote_note":"","_exactmetrics_sitenote_category":0,"footnotes":""},"aioseo_notices":[],"_links":{"self":[{"href":"https:\/\/blogsaverroes.juntadeandalucia.es\/acigr\/wp-json\/wp\/v2\/pages\/343"}],"collection":[{"href":"https:\/\/blogsaverroes.juntadeandalucia.es\/acigr\/wp-json\/wp\/v2\/pages"}],"about":[{"href":"https:\/\/blogsaverroes.juntadeandalucia.es\/acigr\/wp-json\/wp\/v2\/types\/page"}],"author":[{"embeddable":true,"href":"https:\/\/blogsaverroes.juntadeandalucia.es\/acigr\/wp-json\/wp\/v2\/users\/19844"}],"replies":[{"embeddable":true,"href":"https:\/\/blogsaverroes.juntadeandalucia.es\/acigr\/wp-json\/wp\/v2\/comments?post=343"}],"version-history":[{"count":4,"href":"https:\/\/blogsaverroes.juntadeandalucia.es\/acigr\/wp-json\/wp\/v2\/pages\/343\/revisions"}],"predecessor-version":[{"id":355,"href":"https:\/\/blogsaverroes.juntadeandalucia.es\/acigr\/wp-json\/wp\/v2\/pages\/343\/revisions\/355"}],"wp:attachment":[{"href":"https:\/\/blogsaverroes.juntadeandalucia.es\/acigr\/wp-json\/wp\/v2\/media?parent=343"}],"curies":[{"name":"wp","href":"https:\/\/api.w.org\/{rel}","templated":true}]}}