{"id":375,"date":"2025-06-04T01:27:52","date_gmt":"2025-06-03T23:27:52","guid":{"rendered":"https:\/\/blogsaverroes.juntadeandalucia.es\/acigr\/?page_id=375"},"modified":"2025-06-04T01:31:00","modified_gmt":"2025-06-03T23:31:00","slug":"directorio-etpoep","status":"publish","type":"page","link":"https:\/\/blogsaverroes.juntadeandalucia.es\/acigr\/directorio-etpoep\/","title":{"rendered":"Directorio ETPOEP"},"content":{"rendered":"<p>&nbsp;<\/p>\n<table class=\" alignleft\" style=\"width: 160.001%;border-collapse: collapse;border-color: #150736;height: 204px\">\n<tbody>\n<tr style=\"height: 22px\">\n<td style=\"width: 17.4902%;border-color: #000000;height: 48px;border-style: solid;text-align: center\" rowspan=\"2\"><strong>\u00c1REA<\/strong><\/td>\n<td style=\"width: 134.003%;border-color: #000000;height: 22px;border-style: solid;text-align: center\" colspan=\"3\"><strong>CONTACTOS<\/strong><\/td>\n<\/tr>\n<tr style=\"height: 26px\">\n<td style=\"width: 18.6508%;border-color: #000000;height: 26px;border-style: solid;text-align: center\"><strong>Nombre<\/strong><\/td>\n<td style=\"width: 47.6637%;border-color: #000000;height: 26px;border-style: solid;text-align: center\"><strong>Mail<\/strong><\/td>\n<td style=\"width: 67.689%;border-color: #000000;height: 26px;border-style: solid;text-align: center\"><strong>Tel\u00e9fonos<\/strong><\/td>\n<\/tr>\n<tr style=\"height: 26px\">\n<td style=\"width: 17.4902%;border-color: #000000;border-style: solid;height: 26px\"><span style=\"font-size: 10pt\">Coordinador<\/span><\/td>\n<td style=\"width: 18.6508%;border-color: #000000;border-style: solid;height: 26px\"><span style=\"font-size: 10pt\">Jos\u00e9\u00a0 Rodr\u00edguez Ruiz<\/span><\/td>\n<td style=\"width: 47.6637%;border-color: #000000;border-style: solid;height: 26px\"><a href=\"mailto:equipotecnicoprovincialdegranada.dpgr.ced@juntadeandalucia.es\"><span style=\"font-size: 10pt\">equipotecnicoprovincialdegranada.dpgr.ced@juntadeandalucia.es<\/span><\/a><\/td>\n<td style=\"width: 67.689%;border-color: #000000;border-style: solid;height: 26px\"><span style=\"font-size: 10pt\">958029114 -129114<\/span><\/td>\n<\/tr>\n<tr style=\"height: 26px\">\n<td style=\"width: 17.4902%;border-color: #000000;height: 26px;border-style: solid\"><span style=\"font-size: 10pt\">NEE<\/span><\/td>\n<td style=\"width: 18.6508%;border-color: #000000;height: 26px;border-style: solid\"><span style=\"font-size: 10pt\">Regina Fern\u00e1ndez Mir\u00f3n <\/span><\/td>\n<td style=\"width: 47.6637%;border-color: #000000;height: 26px;border-style: solid\"><a href=\"mailto:necesidadeseducativas.dpgr.ced@juntadeandalucia.es\"><span style=\"font-size: 10pt\">necesidadeseducativas.dpgr.ced@juntadeandalucia.es<\/span><\/a><\/td>\n<td style=\"width: 67.689%;border-color: #000000;height: 26px;border-style: solid\"><span style=\"font-size: 10pt\">958024481-124481<\/span><\/td>\n<\/tr>\n<tr style=\"height: 26px\">\n<td style=\"width: 17.4902%;border-color: #000000;height: 26px;border-style: solid\"><span style=\"font-size: 10pt\">COMPENSATORIA<\/span><\/td>\n<td style=\"width: 18.6508%;border-color: #000000;height: 26px;border-style: solid\"><span style=\"font-size: 10pt\">Juan Higueras Torres<\/span><\/td>\n<td style=\"width: 47.6637%;border-color: #000000;height: 26px;border-style: solid\"><a href=\"mailto:recursostecnicos.dpgr.ced@juntadeandalucia.es\"><span style=\"font-size: 10pt\">recursostecnicos.dpgr.ced@juntadeandalucia.es<\/span><\/a><\/td>\n<td style=\"width: 67.689%;border-color: #000000;height: 26px;border-style: solid\"><span style=\"font-size: 10pt\">958029120-129120<\/span><\/td>\n<\/tr>\n<tr style=\"height: 26px\">\n<td style=\"width: 17.4902%;border-color: #000000;height: 26px;border-style: solid\"><span style=\"font-size: 10pt\">ACCI\u00d3N TUTORIAL Y CONVIVENCIA<\/span><\/td>\n<td style=\"width: 18.6508%;border-color: #000000;height: 26px;border-style: solid\"><span style=\"font-size: 10pt\">Modesto Jes\u00fas\u00a0 \u00a0 \u00a0 Garrido\u00a0 Ruiz<\/span><\/td>\n<td style=\"width: 47.6637%;border-color: #000000;height: 26px;border-style: solid\"><a href=\"mailto:compensacioneducativa.dpgr.ced@juntadeandalucia.es\"><span style=\"font-size: 10pt\">compensacioneducativa.dpgr.ced@juntadeandalucia.es<\/span><\/a><\/td>\n<td style=\"width: 67.689%;border-color: #000000;height: 26px;border-style: solid\"><span style=\"font-size: 10pt\">958029417-129417<\/span><\/td>\n<\/tr>\n<tr style=\"height: 26px\">\n<td style=\"width: 17.4902%;border-color: #000000;height: 26px;border-style: solid\"><span style=\"font-size: 10pt\">ORIENTACI\u00d3N VOCACIONAL<\/span><\/td>\n<td style=\"width: 18.6508%;border-color: #000000;height: 26px;border-style: solid\"><span style=\"font-size: 10pt\">Gema Morago And\u00fajar<\/span><\/td>\n<td style=\"width: 47.6637%;border-color: #000000;height: 26px;border-style: solid\"><a href=\"mailto:orientacionvocacional.dpgr.ced@juntadeandalucia.es\"><span style=\"font-size: 10pt\">orientacionvocacional.dpgr.ced@juntadeandalucia.es<\/span><\/a><\/td>\n<td style=\"width: 67.689%;border-color: #000000;height: 26px;border-style: solid\"><span style=\"font-size: 10pt\">958029129 -129129<\/span><\/td>\n<\/tr>\n<tr style=\"height: 26px\">\n<td style=\"width: 17.4902%;border-color: #000000;height: 26px;border-style: solid\"><span style=\"font-size: 10pt\">RECURSOS T\u00c9CNICOS<\/span><\/td>\n<td style=\"width: 18.6508%;border-color: #000000;height: 26px;border-style: solid\"><span style=\"font-size: 10pt\">Ana Palomino Navarrete<\/span><\/td>\n<td style=\"width: 47.6637%;border-color: #000000;height: 26px;border-style: solid\"><a href=\"mailto:recursostecnicos.dpgr.ced@juntadeandalucia.es\"><span style=\"font-size: 10pt\">recursostecnicos.dpgr.ced@juntadeandalucia.es<\/span><\/a><\/td>\n<td style=\"width: 67.689%;border-color: #000000;height: 26px;border-style: solid\"><span style=\"font-size: 10pt\">958029172-129172<\/span><\/td>\n<\/tr>\n<\/tbody>\n<\/table>\n","protected":false},"excerpt":{"rendered":"<p>&nbsp; \u00c1REA CONTACTOS Nombre Mail Tel\u00e9fonos Coordinador Jos\u00e9\u00a0 Rodr\u00edguez Ruiz equipotecnicoprovincialdegranada.dpgr.ced@juntadeandalucia.es 958029114 -129114 NEE Regina Fern\u00e1ndez Mir\u00f3n necesidadeseducativas.dpgr.ced@juntadeandalucia.es 958024481-124481 COMPENSATORIA Juan Higueras Torres recursostecnicos.dpgr.ced@juntadeandalucia.es 958029120-129120 ACCI\u00d3N TUTORIAL Y CONVIVENCIA Modesto Jes\u00fas\u00a0 \u00a0 \u00a0 Garrido\u00a0 Ruiz compensacioneducativa.dpgr.ced@juntadeandalucia.es 958029417-129417 ORIENTACI\u00d3N VOCACIONAL Gema Morago And\u00fajar orientacionvocacional.dpgr.ced@juntadeandalucia.es 958029129 -129129 RECURSOS T\u00c9CNICOS Ana Palomino Navarrete recursostecnicos.dpgr.ced@juntadeandalucia.es 958029172-129172<\/p>\n","protected":false},"author":19844,"featured_media":0,"parent":0,"menu_order":0,"comment_status":"closed","ping_status":"closed","template":"","meta":{"_exactmetrics_skip_tracking":false,"_exactmetrics_sitenote_active":false,"_exactmetrics_sitenote_note":"","_exactmetrics_sitenote_category":0,"footnotes":""},"aioseo_notices":[],"_links":{"self":[{"href":"https:\/\/blogsaverroes.juntadeandalucia.es\/acigr\/wp-json\/wp\/v2\/pages\/375"}],"collection":[{"href":"https:\/\/blogsaverroes.juntadeandalucia.es\/acigr\/wp-json\/wp\/v2\/pages"}],"about":[{"href":"https:\/\/blogsaverroes.juntadeandalucia.es\/acigr\/wp-json\/wp\/v2\/types\/page"}],"author":[{"embeddable":true,"href":"https:\/\/blogsaverroes.juntadeandalucia.es\/acigr\/wp-json\/wp\/v2\/users\/19844"}],"replies":[{"embeddable":true,"href":"https:\/\/blogsaverroes.juntadeandalucia.es\/acigr\/wp-json\/wp\/v2\/comments?post=375"}],"version-history":[{"count":3,"href":"https:\/\/blogsaverroes.juntadeandalucia.es\/acigr\/wp-json\/wp\/v2\/pages\/375\/revisions"}],"predecessor-version":[{"id":380,"href":"https:\/\/blogsaverroes.juntadeandalucia.es\/acigr\/wp-json\/wp\/v2\/pages\/375\/revisions\/380"}],"wp:attachment":[{"href":"https:\/\/blogsaverroes.juntadeandalucia.es\/acigr\/wp-json\/wp\/v2\/media?parent=375"}],"curies":[{"name":"wp","href":"https:\/\/api.w.org\/{rel}","templated":true}]}}