{"id":160,"date":"2022-09-20T18:12:16","date_gmt":"2022-09-20T18:12:16","guid":{"rendered":"https:\/\/blogsaverroes.juntadeandalucia.es\/actieslapaz\/?page_id=160"},"modified":"2023-04-10T09:40:37","modified_gmt":"2023-04-10T09:40:37","slug":"computacion-y-robotica","status":"publish","type":"page","link":"https:\/\/blogsaverroes.juntadeandalucia.es\/actieslapaz\/computacion-y-robotica\/","title":{"rendered":"COMPUTACI\u00d3N Y ROB\u00d3TICA"},"content":{"rendered":"<p style=\"text-align: center\"><span style=\"font-size: 36pt;color: #ff6600\"><strong>CURSO 2022 \/ 2023<\/strong><\/span><\/p>\n<p>&nbsp;<\/p>\n<p style=\"text-align: center\"><span style=\"font-size: 18pt\"><a href=\"https:\/\/blogsaverroes.juntadeandalucia.es\/actieslapaz\/files\/2022\/09\/Presentaci\u00f3n-de-la-materia-Computaci\u00f3n-y-Rob\u00f3tica.pdf\"><strong><span style=\"color: #008000\">Presentaci\u00f3n de la materia Computaci\u00f3n y Rob\u00f3tica<\/span><\/strong><\/a><\/span><\/p>\n<p style=\"text-align: center\"><span style=\"font-size: 18pt;color: #008000\"><strong>RECURSOS<\/strong><\/span><\/p>\n<p><a href=\"https:\/\/sites.google.com\/site\/migueltecnologia\/1%C2%BA-eso\/computaci%C3%B3n-y-rob%C3%B3tica-1?authuser=0\">https:\/\/sites.google.com\/site\/migueltecnologia\/1%C2%BA-eso\/computaci%C3%B3n-y-rob%C3%B3tica-1?authuser=0<\/a><\/p>\n<p>&nbsp;<\/p>\n<p><a href=\"https:\/\/lawebdeedu.esy.es\/computacion-y-robotica\/\">https:\/\/lawebdeedu.esy.es\/computacion-y-robotica\/<\/a><\/p>\n<p>&nbsp;<\/p>\n<hr>\n<p><span style=\"color: #333399\"><span style=\"font-size: 24px\"><b><u>A VER QU\u00c9 SABES&#8230;<\/u><\/b><\/span><\/span><\/p>\n<ol>\n<li><a href=\"https:\/\/es.liveworksheets.com\/zy1282391os\" target=\"_blank\" rel=\"noopener noreferrer\">https:\/\/es.liveworksheets.com\/zy1282391os<\/a><\/li>\n<li><a href=\"https:\/\/es.liveworksheets.com\/ah2945340dy\" target=\"_blank\" rel=\"noopener noreferrer\">https:\/\/es.liveworksheets.com\/ah2945340dy<\/a><\/li>\n<li><a href=\"https:\/\/es.liveworksheets.com\/ck612480tc\" target=\"_blank\" rel=\"noopener noreferrer\">https:\/\/es.liveworksheets.com\/ck612480tc<\/a><\/li>\n<li><a href=\"https:\/\/es.liveworksheets.com\/nn2358327fp\" target=\"_blank\" rel=\"noopener noreferrer\">https:\/\/es.liveworksheets.com\/nn2358327fp<\/a><\/li>\n<li><a href=\"https:\/\/es.liveworksheets.com\/as2249035qc\" target=\"_blank\" rel=\"noopener noreferrer\">https:\/\/es.liveworksheets.com\/as2249035qc<\/a><\/li>\n<li><a href=\"https:\/\/es.liveworksheets.com\/ku2106939ic\" target=\"_blank\" rel=\"noopener noreferrer\">https:\/\/es.liveworksheets.com\/ku2106939ic<\/a><\/li>\n<li><a href=\"https:\/\/es.liveworksheets.com\/ov1257647vt\" target=\"_blank\" rel=\"noopener noreferrer\">https:\/\/es.liveworksheets.com\/ov1257647vt<\/a><\/li>\n<li><a href=\"https:\/\/es.liveworksheets.com\/ap1875770hh\" target=\"_blank\" rel=\"noopener noreferrer\">https:\/\/es.liveworksheets.com\/ap1875770hh<\/a><\/li>\n<li><a href=\"https:\/\/es.liveworksheets.com\/ug2709628gm\" target=\"_blank\" rel=\"noopener noreferrer\">https:\/\/es.liveworksheets.com\/ug2709628gm<\/a><\/li>\n<\/ol>\n<hr>\n<p style=\"text-align: center\"><span style=\"font-size: 18pt;color: #0000ff\"><strong>INTRODUCCI\u00d3N A LA COMPUTACI\u00d3N Y ROB\u00d3TICA<\/strong><\/span><\/p>\n<p class=\"cdt4ke\" style=\"text-align: justify;margin: 9.0pt 0cm .0001pt 0cm\"><span style=\"font-size: 11.0pt;color: #212121\">Vivimos rodeados de m\u00e1quinas electr\u00f3nicas que realizan distintas tareas de forma autom\u00e1tica y que han sido dise\u00f1adas y construidas para facilitarnos la vida, como la lavadora, el microondas, los sem\u00e1foros, las m\u00e1quinas expendedoras. Dichas m\u00e1quinas disponen de un&nbsp;<\/span><strong>programa&nbsp;<\/strong>interno que les marca c\u00f3mo tienen que funcionar en cada momento.<\/p>\n<p class=\"cdt4ke\" style=\"text-align: justify;margin: 9.0pt 0cm .0001pt 0cm\"><span style=\"font-size: 11.0pt;color: #212121\">F\u00edjate en tu tel\u00e9fono m\u00f3vil o tablet; tiene varias&nbsp;<\/span><strong>aplicaciones&nbsp;<\/strong>que sirven para distintos prop\u00f3sitos, como comunicarnos, jugar, consultar el tiempo, etc. Dichas aplicaciones son&nbsp;<strong>programas&nbsp;<\/strong>que alguien ha elaborado&nbsp;mediante un lenguaje de programaci\u00f3n.<\/p>\n<p class=\"cdt4ke\" style=\"text-align: justify;margin: 9.0pt 0cm .0001pt 0cm\"><span style=\"font-size: 11.0pt;color: #212121\">\u00bfCrees que t\u00fa serias capaz de realizar un programa para controlar el funcionamiento de una m\u00e1quina o realizar una aplicaci\u00f3n para m\u00f3viles?<\/span><\/p>\n<p class=\"cdt4ke\" style=\"text-align: justify;margin: 9.0pt 0cm .0001pt 0cm\"><span style=\"font-size: 11.0pt;color: #212121\">Esta asignatura consiste en aprender a realizar programas que realicen alg\u00fan prop\u00f3sito concreto o que controlen el funcionamiento de un robot.<\/span><\/p>\n<p class=\"cdt4ke\" style=\"text-align: justify;margin: 9.0pt 0cm .0001pt 0cm\"><span style=\"font-size: 11.0pt;color: #212121\">Actualmente, los empleos relacionados con la programaci\u00f3n y la rob\u00f3tica son los m\u00e1s demandados, por lo que puedes plantearte realizar&nbsp;este tipo de&nbsp;estudios en el futuro.<\/span><\/p>\n<hr>\n<p style=\"text-align: center\"><span style=\"font-size: 18pt\"><strong><span style=\"color: #0000ff\"><a style=\"color: #0000ff\" href=\"https:\/\/sites.google.com\/site\/migueltecnologia\/1%C2%BA-eso\/computaci%C3%B3n-y-rob%C3%B3tica-1\/tema-1-introducci%C3%B3n-a-la-programaci%C3%B3n\">TEMA1: INTRODUCCI\u00d3N A LA PROGRAMACI\u00d3N<\/a><\/span><\/strong><\/span><\/p>\n<hr>\n<p style=\"text-align: center\"><a title=\"TEMA 2: PROGRAMACI\u00d3N EN SCRATCH\" href=\"https:\/\/sites.google.com\/site\/migueltecnologia\/1%C2%BA-eso\/computaci%C3%B3n-y-rob%C3%B3tica-1\/tema-2-programaci%C3%B3n-con-scratch\" target=\"_blank\" rel=\"noopener noreferrer\"><span style=\"color: #0000ff\"><strong><span style=\"font-size: 18pt\">TEMA 2: PROGRAMACI\u00d3N EN SCRATCH<\/span><\/strong><\/span><\/a><\/p>\n<hr>\n<p style=\"text-align: center\"><span style=\"text-decoration: underline\"><span style=\"color: #0000ff\"><strong><span style=\"font-size: 18pt\">TEMA 3: EL INTERNET DE LAS COSAS<\/span><\/strong><\/span><\/span><\/p>\n<div class=\"post-video\"><iframe loading=\"lazy\" title=\"Internet de las cosas. Una perspectiva del aprendizaje para ni\u00f1os y jovenes\" width=\"1165\" height=\"655\" src=\"https:\/\/www.youtube.com\/embed\/72_Y42j6gAY?feature=oembed\" frameborder=\"0\" allow=\"accelerometer; autoplay; clipboard-write; encrypted-media; gyroscope; picture-in-picture; web-share\" allowfullscreen><\/iframe><\/div>\n<p>&nbsp;<\/p>\n<p><a href=\"https:\/\/lawebdeedu.esy.es\/bloque-2-internet-de-las-cosas-iot\/\">https:\/\/lawebdeedu.esy.es\/bloque-2-internet-de-las-cosas-iot\/<\/a><\/p>\n<p style=\"text-align: center\"><span style=\"text-decoration: underline\"><span style=\"color: #0000ff\"><strong><span style=\"font-size: 18pt\">TEMA 4: ROB\u00d3TICA<\/span><\/strong><\/span><\/span><\/p>\n<p><a href=\"https:\/\/sites.google.com\/site\/migueltecnologia\/1%C2%BA-eso\/computaci%C3%B3n-y-rob%C3%B3tica-1\/tema-3-introducci%C3%B3n-a-la-rob%C3%B3tica\" target=\"_blank\" rel=\"noopener noreferrer\">Apuntes &#8211; Rob\u00f3tica<\/a><\/p>\n<p><a href=\"https:\/\/youtu.be\/VntjTr_fC2I\" target=\"_blank\" rel=\"noopener noreferrer\">Animales robot<\/a><\/p>\n<hr>\n<p style=\"text-align: center\"><span style=\"color: #ff0000\"><strong><span style=\"font-size: 24pt\">TERCER TRIMESTRE<\/span><\/strong><\/span><\/p>\n<hr>\n<p style=\"text-align: left\"><span style=\"font-size: 18pt;color: #0000ff\"><strong><span style=\"text-decoration: underline\">DESARROLLO M\u00d3VIL<\/span><br \/>\n<\/strong><\/span><\/p>\n<p><a title=\"Ni\u00f1o inventor de videojuegos\" href=\"https:\/\/youtu.be\/a7SsRuA1KDU\" target=\"_blank\" rel=\"noopener noreferrer\">Ni\u00f1o inventor de videojuegos<\/a><\/p>\n<p>Contesta las siguientes preguntas en tu libreta:<\/p>\n<ol>\n<li>\u00bfQu\u00e9 es el desarrollo de una aplicaci\u00f3n m\u00f3vil?<\/li>\n<li>Enumera al menos 5 programas o herramientas para crear aplicaciones m\u00f3viles.<\/li>\n<li>Realiza un esquema indicando las caracter\u00edsticas que debe tener una aplicaci\u00f3n m\u00f3vil de \u00e9xito. Una vez corregido por tu profesor, real\u00edzalo con el programa IMPRESS y entrega la tarea en Moodle Centros.<\/li>\n<\/ol>\n<p>&nbsp;<\/p>\n<!--themify_builder_content-->\n<div id=\"themify_builder_content-160\" data-postid=\"160\" class=\"themify_builder_content themify_builder_content-160 themify_builder tf_clear\">\n    <\/div>\n<!--\/themify_builder_content-->\n","protected":false},"excerpt":{"rendered":"<p>CURSO 2022 \/ 2023 &nbsp; Presentaci\u00f3n de la materia Computaci\u00f3n y Rob\u00f3tica RECURSOS https:\/\/sites.google.com\/site\/migueltecnologia\/1%C2%BA-eso\/computaci%C3%B3n-y-rob%C3%B3tica-1?authuser=0 &nbsp; https:\/\/lawebdeedu.esy.es\/computacion-y-robotica\/ &nbsp; A VER QU\u00c9 SABES&#8230; https:\/\/es.liveworksheets.com\/zy1282391os https:\/\/es.liveworksheets.com\/ah2945340dy https:\/\/es.liveworksheets.com\/ck612480tc https:\/\/es.liveworksheets.com\/nn2358327fp https:\/\/es.liveworksheets.com\/as2249035qc https:\/\/es.liveworksheets.com\/ku2106939ic https:\/\/es.liveworksheets.com\/ov1257647vt https:\/\/es.liveworksheets.com\/ap1875770hh https:\/\/es.liveworksheets.com\/ug2709628gm INTRODUCCI\u00d3N A LA COMPUTACI\u00d3N Y ROB\u00d3TICA Vivimos rodeados de m\u00e1quinas electr\u00f3nicas que realizan distintas tareas de forma autom\u00e1tica y que han sido dise\u00f1adas y construidas [&hellip;]<\/p>\n","protected":false},"author":5084,"featured_media":0,"parent":0,"menu_order":0,"comment_status":"closed","ping_status":"closed","template":"","meta":{"ngg_post_thumbnail":0,"footnotes":""},"aioseo_notices":[],"_links":{"self":[{"href":"https:\/\/blogsaverroes.juntadeandalucia.es\/actieslapaz\/wp-json\/wp\/v2\/pages\/160"}],"collection":[{"href":"https:\/\/blogsaverroes.juntadeandalucia.es\/actieslapaz\/wp-json\/wp\/v2\/pages"}],"about":[{"href":"https:\/\/blogsaverroes.juntadeandalucia.es\/actieslapaz\/wp-json\/wp\/v2\/types\/page"}],"author":[{"embeddable":true,"href":"https:\/\/blogsaverroes.juntadeandalucia.es\/actieslapaz\/wp-json\/wp\/v2\/users\/5084"}],"replies":[{"embeddable":true,"href":"https:\/\/blogsaverroes.juntadeandalucia.es\/actieslapaz\/wp-json\/wp\/v2\/comments?post=160"}],"version-history":[{"count":45,"href":"https:\/\/blogsaverroes.juntadeandalucia.es\/actieslapaz\/wp-json\/wp\/v2\/pages\/160\/revisions"}],"predecessor-version":[{"id":314,"href":"https:\/\/blogsaverroes.juntadeandalucia.es\/actieslapaz\/wp-json\/wp\/v2\/pages\/160\/revisions\/314"}],"wp:attachment":[{"href":"https:\/\/blogsaverroes.juntadeandalucia.es\/actieslapaz\/wp-json\/wp\/v2\/media?parent=160"}],"curies":[{"name":"wp","href":"https:\/\/api.w.org\/{rel}","templated":true}]}}