{"id":1671,"date":"2023-10-23T17:18:01","date_gmt":"2023-10-23T15:18:01","guid":{"rendered":"https:\/\/blogsaverroes.juntadeandalucia.es\/adeladiaz2016\/?page_id=1671"},"modified":"2026-01-26T18:24:31","modified_gmt":"2026-01-26T17:24:31","slug":"documentos","status":"publish","type":"page","link":"https:\/\/blogsaverroes.juntadeandalucia.es\/adeladiaz2016\/documentos\/","title":{"rendered":"DOCUMENTOS"},"content":{"rendered":"<h3 style=\"text-align: center\"><span style=\"text-decoration: underline\"><em><strong><span style=\"color: #339966;text-decoration: underline\">DOCUMENTOS DE SECRETAR\u00cdA<\/span><\/strong><\/em><\/span><\/h3>\n<p>A continuaci\u00f3n os dejamos el enlace a algunos documentos de Secretar\u00eda que os pueden ser de utilidad y que pod\u00e9is imprimir para llevar al Centro ya cumplimentados o enviar a trav\u00e9s de email.<\/p>\n<p>Pinch\u00e1is en el enlace de vuestro inter\u00e9s y se os abrir\u00e1 una pesta\u00f1a con dicho documento para su descarga;<\/p>\n<p style=\"text-align: center\"><strong><span style=\"color: #3366ff\"><a style=\"color: #3366ff\" href=\"https:\/\/blogsaverroes.juntadeandalucia.es\/adeladiaz2016\/files\/2025\/04\/ANEXO-III-ADMISION.pdf\" target=\"_blank\" rel=\"noopener\">ANEXO III ADMISI\u00d3N<\/a><\/span><\/strong><\/p>\n<p style=\"text-align: center\"><strong><span style=\"color: #3366ff\"><a style=\"color: #3366ff\" href=\"https:\/\/blogsaverroes.juntadeandalucia.es\/adeladiaz2016\/files\/2025\/04\/ANEXO-IV-MATRICULA-INFANTIL.pdf\" target=\"_blank\" rel=\"noopener\">ANEXO IV &#8211; MATR\u00cdCULA ED. INFANTIL<\/a><\/span><\/strong><\/p>\n<p style=\"text-align: center\"><strong><span style=\"color: #3366ff\"><a style=\"color: #3366ff\" href=\"https:\/\/blogsaverroes.juntadeandalucia.es\/adeladiaz2016\/files\/2025\/04\/ANEXO-V-MATRICULA-PRIMARIA.pdf\" target=\"_blank\" rel=\"noopener\">ANEXO V &#8211; MATR\u00cdCULA ED. PRIMARIA<\/a><\/span><\/strong><\/p>\n<p style=\"text-align: center\"><strong><span style=\"color: #3366ff\"><a style=\"color: #3366ff\" href=\"https:\/\/blogsaverroes.juntadeandalucia.es\/adeladiaz2016\/files\/2025\/04\/ANEXO-VI-MATRICULA-E.-ESPECIAL.pdf\" target=\"_blank\" rel=\"noopener\">ANEXO VI &#8211; MATR\u00cdCULA ED. ESPECIAL<\/a><\/span><\/strong><\/p>\n<p style=\"text-align: center\"><strong><span style=\"color: #3366ff\"><a style=\"color: #3366ff\" href=\"https:\/\/blogsaverroes.juntadeandalucia.es\/adeladiaz2016\/files\/2025\/04\/ANEXO-IX-PROCESO-EXTRAORDINARIO-MATRICULA.pdf\" target=\"_blank\" rel=\"noopener\">ANEXO IX &#8211; PROCESO EXTRAORDINARIO MATR\u00cdCULA<\/a><\/span><\/strong><\/p>\n<p style=\"text-align: center\"><strong><span style=\"color: #3366ff\"><a style=\"color: #3366ff\" href=\"https:\/\/blogsaverroes.juntadeandalucia.es\/adeladiaz2016\/files\/2025\/04\/ANEXO-RELIGION.pdf\" target=\"_blank\" rel=\"noopener\">ANEXO RELIGI\u00d3N<\/a><\/span><\/strong><\/p>\n<p style=\"text-align: center\"><strong><span style=\"color: #3366ff\"><a style=\"color: #3366ff\" href=\"https:\/\/blogsaverroes.juntadeandalucia.es\/adeladiaz2016\/files\/2025\/04\/ANEXO-CONSENTIMIENTOS-DE-DATOS.pdf\" target=\"_blank\" rel=\"noopener\">ANEXO CONSENTIMIENTO DE DATOS<\/a><\/span><\/strong><\/p>\n<p style=\"text-align: center\"><span style=\"color: #3366ff\"><strong><a style=\"color: #3366ff\" title=\"ANEXO DE SOLICITUD DE DOCUMENTACI\u00d3N\" href=\"https:\/\/blogsaverroes.juntadeandalucia.es\/adeladiaz2016\/files\/2025\/11\/Solicitar-documentacion.pdf\" target=\"_blank\" rel=\"noopener\">ANEXO DE SOLICITUD DE DOCUMENTACI\u00d3N<\/a><\/strong><\/span><\/p>\n<p style=\"text-align: center\"><strong><span style=\"color: #3366ff\"><a style=\"color: #3366ff\" href=\"https:\/\/blogsaverroes.juntadeandalucia.es\/adeladiaz2016\/files\/2023\/10\/AUSENCIA-PROLONGADA-DE-ESCOLARIZACION.pdf\">AUSENCIA PROLONGADA DE ESCOLARIZACION<\/a><\/span><\/strong><\/p>\n<p style=\"text-align: center\"><strong><span style=\"color: #3366ff\"> <a style=\"color: #3366ff\" href=\"https:\/\/blogsaverroes.juntadeandalucia.es\/adeladiaz2016\/files\/2023\/10\/AUTORIZACION-ADMINISTRACION-DE-MEDICAMENTOS.pdf\">AUTORIZACION ADMINISTRACION DE MEDICAMENTOS<\/a><\/span><\/strong><\/p>\n<p style=\"text-align: center\"><strong><span style=\"color: #3366ff\"> <a style=\"color: #3366ff\" href=\"https:\/\/blogsaverroes.juntadeandalucia.es\/adeladiaz2016\/files\/2023\/10\/AUTORIZACION-RECOGIDA-ALUMNADO.pdf\">AUTORIZACION RECOGIDA ALUMNADO<\/a><\/span><\/strong><\/p>\n<p style=\"text-align: center\"><strong><span style=\"color: #3366ff\"> <a style=\"color: #3366ff\" href=\"https:\/\/blogsaverroes.juntadeandalucia.es\/adeladiaz2016\/files\/2023\/10\/AUTORIZACION-SALIDA-ALUMNOS-EXCURSION.pdf\">AUTORIZACION SALIDA ALUMNOS EXCURSION<\/a><\/span><\/strong><\/p>\n<p style=\"text-align: center\"><strong><span style=\"color: #3366ff\"> <a style=\"color: #3366ff\" href=\"https:\/\/blogsaverroes.juntadeandalucia.es\/adeladiaz2016\/files\/2023\/10\/EXPONE-SOLICITA-PARA-FAMILIAS.pdf\">EXPONE-SOLICITA PARA FAMILIAS<\/a><\/span><\/strong><\/p>\n<p style=\"text-align: center\"><strong><span style=\"color: #3366ff\"><a style=\"color: #3366ff\" title=\"Anexo de Solicitud de Aula Matinal, Comedor y\/o Act. Extraescolares\" href=\"https:\/\/blogsaverroes.juntadeandalucia.es\/adeladiaz2016\/files\/2024\/10\/Anexo_II_Inscripcion_en_los_Servicios_de_AM_CE_y_AAEX.pdf\" target=\"_blank\" rel=\"noopener\">ANEXO DE SOLICITUD DE ALTA AULA MATINAL, COMEDOR Y\/O ACT. EXTRAESCOLARES<\/a><\/span><\/strong><\/p>\n<p style=\"text-align: center\"><strong><span style=\"color: #3366ff\"><a style=\"color: #3366ff\" title=\"ANEXO SOLICITUD BAJA AULA MATINAL, COMEDOR Y\/O ACT. EXTRAESCOLARES\" href=\"https:\/\/blogsaverroes.juntadeandalucia.es\/adeladiaz2016\/files\/2025\/11\/solicitud_baja-25-26.pdf\" target=\"_blank\" rel=\"noopener\">ANEXO DE SOLICITUD DE BAJA AULA MATINAL, COMEDOR Y\/O ACT. EXTRAESCOLARES<\/a><\/span><\/strong><\/p>\n<p style=\"text-align: center\"><strong><span style=\"color: #3366ff\"><a style=\"color: #3366ff\" href=\"https:\/\/blogsaverroes.juntadeandalucia.es\/adeladiaz2016\/files\/2025\/04\/ADAMPA-INSCRIPCION.docx\" target=\"_blank\" rel=\"noopener\">SOLICITUD INSCRIPCI\u00d3N ADAMPA<\/a><\/span><\/strong><\/p>\n<p style=\"text-align: center\"><strong><span style=\"color: #3366ff\"><a style=\"color: #3366ff\" href=\"https:\/\/blogsaverroes.juntadeandalucia.es\/adeladiaz2016\/files\/2025\/04\/CUESTIONARIO-FONDO-EUROPEO.pdf\" target=\"_blank\" rel=\"noopener\">CUESTIONARIO FONDO EUROPEO<\/a><\/span><\/strong><\/p>\n<p>&nbsp;<\/p>\n<h3 style=\"text-align: center\"><span style=\"text-decoration: underline\"><em><strong><span style=\"color: #339966;text-decoration: underline\">TUTORIALES<\/span><\/strong><\/em><\/span><\/h3>\n<p>Os facilitamos algunos tutoriales sobre PASEN \/ iPASEN para resolver vuestras dudas, s\u00f3lo ten\u00e9is que pinchar en el enlace y se abrir\u00e1 el tutorial que os interese:<\/p>\n<p style=\"text-align: center\"><strong><span style=\"color: #3366ff\"><a style=\"color: #3366ff\" href=\"https:\/\/www.youtube.com\/watch?v=TBImswAkI4c\" target=\"_blank\" rel=\"noopener\">INTRODUCCI\u00d3N A IPASEN<\/a><\/span><\/strong><\/p>\n<p style=\"text-align: center\"><strong><span style=\"color: #3366ff\"><a style=\"color: #3366ff\" href=\"https:\/\/www.youtube.com\/watch?v=33A9Mwfead8\" target=\"_blank\" rel=\"noopener\">COMUNICACI\u00d3N CON EL CENTRO Y EL PROFESORADO<\/a><\/span><\/strong><\/p>\n<p style=\"text-align: center\"><strong><span style=\"color: #3366ff\"><a style=\"color: #3366ff\" href=\"https:\/\/www.youtube.com\/watch?v=lvz23_lRJG4\" target=\"_blank\" rel=\"noopener\">TR\u00c1MITES Y GESTIONES<\/a><\/span><\/strong><\/p>\n<p style=\"text-align: center\"><strong><span style=\"color: #3366ff\"><a style=\"color: #3366ff\" href=\"https:\/\/www.youtube.com\/watch?v=6k1zUEQolh4\" target=\"_blank\" rel=\"noopener\">WEB DE PASEN<\/a><\/span><\/strong><\/p>\n<p style=\"text-align: center\"><span style=\"color: #3366ff\"><a style=\"color: #3366ff\" href=\"https:\/\/www.youtube.com\/watch?v=3D1UBSi-dmo\" target=\"_blank\" rel=\"noopener\"><strong>CONSULTAR CALIFICACIONES Y DESCARGAR BOLET\u00cdN EN IPASEN Y PUNTO DE RECOGIDA<\/strong><\/a><\/span><\/p>\n<p>&nbsp;<\/p>\n","protected":false},"excerpt":{"rendered":"<p>DOCUMENTOS DE SECRETAR\u00cdA A continuaci\u00f3n os dejamos el enlace a algunos documentos de Secretar\u00eda que os pueden ser de utilidad y que pod\u00e9is imprimir para llevar al Centro ya cumplimentados o enviar a trav\u00e9s de email. Pinch\u00e1is en el enlace de vuestro inter\u00e9s y se os abrir\u00e1 una pesta\u00f1a con dicho documento para su descarga; [&hellip;]<\/p>\n","protected":false},"author":2654,"featured_media":0,"parent":0,"menu_order":0,"comment_status":"closed","ping_status":"closed","template":"","meta":{"ngg_post_thumbnail":0,"footnotes":""},"aioseo_notices":[],"_links":{"self":[{"href":"https:\/\/blogsaverroes.juntadeandalucia.es\/adeladiaz2016\/wp-json\/wp\/v2\/pages\/1671"}],"collection":[{"href":"https:\/\/blogsaverroes.juntadeandalucia.es\/adeladiaz2016\/wp-json\/wp\/v2\/pages"}],"about":[{"href":"https:\/\/blogsaverroes.juntadeandalucia.es\/adeladiaz2016\/wp-json\/wp\/v2\/types\/page"}],"author":[{"embeddable":true,"href":"https:\/\/blogsaverroes.juntadeandalucia.es\/adeladiaz2016\/wp-json\/wp\/v2\/users\/2654"}],"replies":[{"embeddable":true,"href":"https:\/\/blogsaverroes.juntadeandalucia.es\/adeladiaz2016\/wp-json\/wp\/v2\/comments?post=1671"}],"version-history":[{"count":21,"href":"https:\/\/blogsaverroes.juntadeandalucia.es\/adeladiaz2016\/wp-json\/wp\/v2\/pages\/1671\/revisions"}],"predecessor-version":[{"id":1915,"href":"https:\/\/blogsaverroes.juntadeandalucia.es\/adeladiaz2016\/wp-json\/wp\/v2\/pages\/1671\/revisions\/1915"}],"wp:attachment":[{"href":"https:\/\/blogsaverroes.juntadeandalucia.es\/adeladiaz2016\/wp-json\/wp\/v2\/media?parent=1671"}],"curies":[{"name":"wp","href":"https:\/\/api.w.org\/{rel}","templated":true}]}}