{"id":1944,"date":"2026-01-26T18:53:13","date_gmt":"2026-01-26T17:53:13","guid":{"rendered":"https:\/\/blogsaverroes.juntadeandalucia.es\/adeladiaz2016\/?page_id=1944"},"modified":"2026-03-25T09:58:14","modified_gmt":"2026-03-25T08:58:14","slug":"podcasts-quinto","status":"publish","type":"page","link":"https:\/\/blogsaverroes.juntadeandalucia.es\/adeladiaz2016\/podcasts\/podcasts-quinto\/","title":{"rendered":"PODCASTS QUINTO"},"content":{"rendered":"<h4 style=\"text-align: center\"><span style=\"color: #0000ff\">PODCASTS DE 5\u00ba PRIMARIA<\/span><\/h4>\n<p style=\"text-align: center\">Pincha sobre el podcast que quieras escuchar para que se reproduzca\u2026<\/p>\n<p>&nbsp;<\/p>\n<h6 style=\"text-align: center\"><span style=\"color: #3366ff\"><a style=\"color: #3366ff\" title=\"D\u00cdA DE LA PAZ \u2013 Podcast de Manuel\" href=\"https:\/\/blogsaverroes.juntadeandalucia.es\/adeladiaz2016\/files\/2026\/02\/Podcast-onda-de-paz-el-camino-de-la-paz-Manuel-Rojas.mp4\" target=\"_blank\" rel=\"noopener\">D\u00cdA DE LA PAZ \u2013 Podcast de Manuel<\/a><\/span><\/h6>\n<h6 style=\"text-align: center\"><span style=\"color: #3366ff\"><a style=\"color: #3366ff\" title=\"D\u00cdA DE LA PAZ \u2013 Podcast de \u00c1lvaro\" href=\"https:\/\/blogsaverroes.juntadeandalucia.es\/adeladiaz2016\/files\/2026\/02\/Podcast-Onda-de-Paz-el-altavoz-de-justicia-Alvaro-Perez-Garcia.mp3\" target=\"_blank\" rel=\"noopener\">D\u00cdA DE LA PAZ \u2013 Podcast de \u00c1lvaro<\/a><\/span><\/h6>\n<h6 style=\"text-align: center\"><span style=\"color: #3366ff\"><a style=\"color: #3366ff\" title=\"EXPO Ma Maison -\u00c1LVARO\" href=\"https:\/\/blogsaverroes.juntadeandalucia.es\/adeladiaz2016\/files\/2026\/03\/EXPO-Ma-maison-ALVARO.mp4\" target=\"_blank\" rel=\"noopener\">EXPO Ma Maison -\u00c1LVARO<\/a><\/span><\/h6>\n<h6 style=\"text-align: center\"><span style=\"color: #3366ff\"><a style=\"color: #3366ff\" title=\"ATRAPALENGUAS - Agnija Euskera\" href=\"https:\/\/blogsaverroes.juntadeandalucia.es\/adeladiaz2016\/files\/2026\/03\/Agnija-euskera.mp3\" target=\"_blank\" rel=\"noopener\">ATRAPALENGUAS &#8211; Agnija Euskera<\/a><\/span><\/h6>\n<h6 style=\"text-align: center\"><span style=\"color: #3366ff\"><a style=\"color: #3366ff\" title=\"ATRAPALENGUAS - Adriel - Aran\u00e9s\" href=\"https:\/\/blogsaverroes.juntadeandalucia.es\/adeladiaz2016\/files\/2026\/03\/Podcast-Adriel-ARANES.m4a\" target=\"_blank\" rel=\"noopener\">ATRAPALENGUAS &#8211; Adriel &#8211; Aran\u00e9s<\/a><\/span><\/h6>\n<p>&nbsp;<\/p>\n<p style=\"text-align: center\">&nbsp;<\/p>\n","protected":false},"excerpt":{"rendered":"<p>PODCASTS DE 5\u00ba PRIMARIA Pincha sobre el podcast que quieras escuchar para que se reproduzca\u2026 &nbsp; D\u00cdA DE LA PAZ \u2013 Podcast de Manuel D\u00cdA DE LA PAZ \u2013 Podcast de \u00c1lvaro EXPO Ma Maison -\u00c1LVARO ATRAPALENGUAS &#8211; Agnija Euskera ATRAPALENGUAS &#8211; Adriel &#8211; Aran\u00e9s &nbsp; &nbsp;<\/p>\n","protected":false},"author":2654,"featured_media":0,"parent":1904,"menu_order":0,"comment_status":"closed","ping_status":"closed","template":"","meta":{"ngg_post_thumbnail":0,"footnotes":""},"aioseo_notices":[],"_links":{"self":[{"href":"https:\/\/blogsaverroes.juntadeandalucia.es\/adeladiaz2016\/wp-json\/wp\/v2\/pages\/1944"}],"collection":[{"href":"https:\/\/blogsaverroes.juntadeandalucia.es\/adeladiaz2016\/wp-json\/wp\/v2\/pages"}],"about":[{"href":"https:\/\/blogsaverroes.juntadeandalucia.es\/adeladiaz2016\/wp-json\/wp\/v2\/types\/page"}],"author":[{"embeddable":true,"href":"https:\/\/blogsaverroes.juntadeandalucia.es\/adeladiaz2016\/wp-json\/wp\/v2\/users\/2654"}],"replies":[{"embeddable":true,"href":"https:\/\/blogsaverroes.juntadeandalucia.es\/adeladiaz2016\/wp-json\/wp\/v2\/comments?post=1944"}],"version-history":[{"count":8,"href":"https:\/\/blogsaverroes.juntadeandalucia.es\/adeladiaz2016\/wp-json\/wp\/v2\/pages\/1944\/revisions"}],"predecessor-version":[{"id":2029,"href":"https:\/\/blogsaverroes.juntadeandalucia.es\/adeladiaz2016\/wp-json\/wp\/v2\/pages\/1944\/revisions\/2029"}],"up":[{"embeddable":true,"href":"https:\/\/blogsaverroes.juntadeandalucia.es\/adeladiaz2016\/wp-json\/wp\/v2\/pages\/1904"}],"wp:attachment":[{"href":"https:\/\/blogsaverroes.juntadeandalucia.es\/adeladiaz2016\/wp-json\/wp\/v2\/media?parent=1944"}],"curies":[{"name":"wp","href":"https:\/\/api.w.org\/{rel}","templated":true}]}}